{"id":32526,"date":"2023-05-21T18:39:34","date_gmt":"2023-05-21T16:39:34","guid":{"rendered":"https:\/\/www.riyadelcadi.com\/?page_id=32526"},"modified":"2023-05-23T16:05:38","modified_gmt":"2023-05-23T14:05:38","slug":"parler-comme-les-marocains-notre-cours-de-darija","status":"publish","type":"page","link":"https:\/\/www.riyadelcadi.com\/fr\/parler-comme-les-marocains-notre-cours-de-darija\/","title":{"rendered":"Parler comme les Marocains : notre cours de darija"},"content":{"rendered":"<div class=\"wpb-content-wrapper\"><p>[vc_section][vc_row][vc_column width=\u00a0\u00bb1\/4&Prime;][vc_column_text]<strong>D\u00e9tails:<\/strong><\/p>\n<ul>\n<li>Cours de langue Darija pour 1-4 participants<\/li>\n<li>Langue d&rsquo;enseignement : anglais \/ fran\u00e7ais<\/li>\n<li>Sur rendez-vous, entre 09:00 et 13:00 heures<\/li>\n<li>min. 1 heure<\/li>\n<li>Enfants bienvenus<\/li>\n<li>Cours virtuels \u00e9galement possibles<\/li>\n<\/ul>\n<p>[\/vc_column_text]<div  class=\"wpb_content_element   clearfix\"><style type=\"text\/css\">#ut_am_69e543f057140 { opacity: 1; }#ut_am_wrap_69e543f057143 .ut-image-gallery-item.ut-animation-done:hover .ut-image-gallery-image-caption, #ut_am_wrap_69e543f057143 .ut-image-gallery-item.ut-element-is-animating:hover .ut-image-gallery-image-caption { background: rgba(66, 66, 66, 0.28); }#ut_am_wrap_69e543f057143 .ut-image-gallery-item .ut-image-gallery-image-caption-style-2 { background: rgba(66, 66, 66, 0.28); }#ut_am_wrap_69e543f057143 .ut-image-gallery-item-caption-title h3 { letter-spacing: 0em; }#ut_am_wrap_69e543f057143 .ut-gallery-slider-caption { font-weight: bold; }#ut_am_wrap_69e543f057143 { text-align: left; }@media (min-width: 768px) and (max-width: 1024px) { #ut_am_wrap_69e543f057143 { text-align: left !important; } }@media (max-width: 767px) { #ut_am_wrap_69e543f057143 { text-align: center !important; } }<\/style><div id=\"ut_am_wrap_69e543f057143\" class=\"ut-image-gallery-image \"><div id=\"ut_reveal_69e543f057145\"  data-appear-top-offset=\"auto\" class=\"ut-animated-image-item ut-image-gallery-item ut-animation-done \"><a class=\"ut-deactivated-link\" href=\"#\"><div class=\"ut-animated-image-zoom\"><img decoding=\"async\" class=\"ut-lazy skip-lazy ut-animated-image \"  id=\"ut_am_69e543f057140\" src=\"data:image\/svg+xml;charset=utf-8,%3Csvg xmlns%3D'http%3A%2F%2Fwww.w3.org%2F2000%2Fsvg' viewBox%3D'0 0 650 433'%2F%3E\" data-src=\"https:\/\/www.riyadelcadi.com\/wp-content\/uploads\/2023\/05\/Sara-Mouhy-650x433.jpeg\" width=\"650\" height=\"433\" alt=\"Language Teacher Sara - Darija\"\/><\/div><div data-image-caption class=\"ut-image-gallery-image-caption\"><div class=\"ut-image-gallery-item-caption-title\"><h3>Sara Mouhy<\/h3><\/div><\/div><\/a><\/div><\/div><\/div><style type=\"text\/css\">#bklyn_btn_69e543f05730c .bklyn-btn { color:#ffffff !important; background-color:#193d38 !important; }#bklyn_btn_69e543f05730c .bklyn-btn:hover{ color:#ffffff !important; background-color:#46635f !important; }#bklyn_btn_69e543f05730c .bklyn-btn:focus{ color:#ffffff !important; background-color:#46635f !important; }#bklyn_btn_69e543f05730c .bklyn-btn:active { color:#ffffff !important; background-color:#46635f !important; }<\/style><div id=\"bklyn_btn_69e543f05730c\" class=\"bklyn-btn-holder  bklyn-btn-center bklyn-btn-tablet-center bklyn-btn-mobile-center\"><a title=\"\"   href=\"mailto:info@riyadelcadi.com?subject=Cours%20Darija%20-%20Demande%20d&#039;informations&#038;body=Je%20suis%20int\u00e9ress\u00e9(e)%20par%20des%20cours%20de%20Darija%20pour%20les%20dates%20suivantes%20:%20\" target=\"_self\" class=\"bklyn-btn  bklyn-btn-icon-left bklyn-btn-normal\" ><i class=\"fa fa-envelope\"><\/i><span class=\"ut-btn-text\">Contactez-nous pour des informations<\/span><\/a><\/div>[\/vc_column][vc_column width=\u00a0\u00bb3\/4&Prime; css=\u00a0\u00bb.vc_custom_1684834580906{border-left-width: 1px !important;border-left-color: #b7b7b7 !important;border-left-style: solid !important;}\u00a0\u00bb][vc_column_text]<\/p>\n<h2>Cours de langue darija au Riyad El Cadi<\/h2>\n<p>Comprenez les gens que vous rencontrez : Les Marocains sont chaleureux, aiment communiquer et sont toujours pr\u00eats \u00e0 s&rsquo;amuser. La plupart d&rsquo;entre eux parlent fran\u00e7ais. La langue la plus courante est toutefois la darija &#8211; le dialecte local. Le brise-glace id\u00e9al, et donc le d\u00e9but d&rsquo;une bonne rencontre, est de conna\u00eetre au moins quelques phrases du dialecte local, la darija. Vous apprendrez \u00e0 conna\u00eetre la culture et la mentalit\u00e9 marocaines si vous savez comment les Marocains se saluent (ils passent beaucoup de temps \u00e0 se saluer&#8230;), comment ils se font des compliments et ce qu&rsquo;ils consid\u00e8rent comme important. Si vous parlez quelques bribes de darija, vous vous sentirez encore plus \u00e0 l&rsquo;aise \u00e0 Marrakech.<\/p>\n<p><strong>Nous proposons des cours de langue priv\u00e9s :<\/strong><\/p>\n<p>Sara, notre professeur exp\u00e9riment\u00e9e, vous initiera avec beaucoup d&rsquo;enthousiasme au dialecte local de la darija. Vous aurez l&rsquo;occasion d&rsquo;apprendre des <strong>salutations<\/strong>, quelques <strong>questions de base<\/strong>, des <strong>chiffres<\/strong> et des <strong>expressions g\u00e9n\u00e9rales<\/strong>. Vous apprendrez des phrases pour r\u00e9ussir vos transactions dans le souk ou comment remercier quelqu&rsquo;un qui vous a invit\u00e9 au couscous du vendredi. Dans son cours de darija, Zahra vous guide \u00e0 travers la <strong>prononciation<\/strong> et le <strong>contexte culturel<\/strong> de la langue et vous permet de mieux comprendre les interactions marocaines.<\/p>\n<p>La darija marocaine est la langue la plus r\u00e9pandue au Maroc et est utilis\u00e9e dans les conversations de tous les jours (avec les nombreux dialectes berb\u00e8res). La darija n&rsquo;est pas un arabe standard moderne, mais un dialecte sp\u00e9cifique de l&rsquo;arabe au Maroc. Ceux qui parlent l&rsquo;arabe du Moyen-Orient ne comprennent g\u00e9n\u00e9ralement pas la darija marocaine. Nos cours sont dispens\u00e9s dans le dialecte local, le darija. Si vous pr\u00e9f\u00e9rez prendre des cours en <strong>arabe standard classique<\/strong> ou <strong>moderne<\/strong>, nous vous le proposons \u00e9galement.<\/p>\n<p>Votre professeur se rendra dans votre riad et adaptera les cours priv\u00e9s \u00e0 vos besoins et \u00e0 vos connaissances. Les enfants sont les bienvenus.[\/vc_column_text][\/vc_column][\/vc_row][\/vc_section]<\/p>\n<\/div>","protected":false},"excerpt":{"rendered":"<p>[vc_section][vc_row][vc_column width=\u00a0\u00bb1\/4&Prime;][vc_column_text]D\u00e9tails: Cours de langue Darija pour 1-4 participants Langue d&rsquo;enseignement : anglais \/ fran\u00e7ais Sur rendez-vous, entre 09:00 et 13:00 heures min. 1 heure Enfants bienvenus Cours virtuels \u00e9galement possibles [\/vc_column_text][\/vc_column][vc_column width=\u00a0\u00bb3\/4&Prime; css=\u00a0\u00bb.vc_custom_1684834580906{border-left-width: 1px !important;border-left-color: #b7b7b7 !important;border-left-style: solid !important;}\u00a0\u00bb][vc_column_text] Cours de langue darija au Riyad El Cadi Comprenez les gens que vous rencontrez : [&hellip;]<\/p>\n","protected":false},"author":4,"featured_media":19274,"parent":0,"menu_order":0,"comment_status":"closed","ping_status":"closed","template":"","meta":{"footnotes":""},"yoast_head":"<!-- This site is optimized with the Yoast SEO plugin v24.5 - https:\/\/yoast.com\/wordpress\/plugins\/seo\/ -->\n<title>Parler comme les Marocains : notre cours de darija - Riyad El Cadi<\/title>\n<meta name=\"description\" content=\"Cours de darija: Apprenez le dialecte marocain darija dans l&#039;un de nos cours de langue - Cours priv\u00e9 - Riyad El Cadi\" \/>\n<meta name=\"robots\" content=\"index, follow, max-snippet:-1, max-image-preview:large, max-video-preview:-1\" \/>\n<link rel=\"canonical\" href=\"https:\/\/www.riyadelcadi.com\/fr\/parler-comme-les-marocains-notre-cours-de-darija\/\" \/>\n<meta property=\"og:locale\" content=\"fr_FR\" \/>\n<meta property=\"og:type\" content=\"article\" \/>\n<meta property=\"og:title\" content=\"Parler comme les Marocains : notre cours de darija - Riyad El Cadi\" \/>\n<meta property=\"og:description\" content=\"Cours de darija: Apprenez le dialecte marocain darija dans l&#039;un de nos cours de langue - Cours priv\u00e9 - Riyad El Cadi\" \/>\n<meta property=\"og:url\" content=\"https:\/\/www.riyadelcadi.com\/fr\/parler-comme-les-marocains-notre-cours-de-darija\/\" \/>\n<meta property=\"og:site_name\" content=\"Riyad El Cadi\" \/>\n<meta property=\"article:publisher\" content=\"https:\/\/www.facebook.com\/RiyadElCadi\/\" \/>\n<meta property=\"article:modified_time\" content=\"2023-05-23T14:05:38+00:00\" \/>\n<meta property=\"og:image\" content=\"https:\/\/www.riyadelcadi.com\/wp-content\/uploads\/2016\/03\/Marrakech-2011_Spice-Market-_-Niels-Bitsch.jpg\" \/>\n\t<meta property=\"og:image:width\" content=\"1639\" \/>\n\t<meta property=\"og:image:height\" content=\"960\" \/>\n\t<meta property=\"og:image:type\" content=\"image\/jpeg\" \/>\n<meta name=\"twitter:card\" content=\"summary_large_image\" \/>\n<meta name=\"twitter:label1\" content=\"Dur\u00e9e de lecture estim\u00e9e\" \/>\n\t<meta name=\"twitter:data1\" content=\"3 minutes\" \/>\n<script type=\"application\/ld+json\" class=\"yoast-schema-graph\">{\"@context\":\"https:\/\/schema.org\",\"@graph\":[{\"@type\":\"WebPage\",\"@id\":\"https:\/\/www.riyadelcadi.com\/fr\/parler-comme-les-marocains-notre-cours-de-darija\/\",\"url\":\"https:\/\/www.riyadelcadi.com\/fr\/parler-comme-les-marocains-notre-cours-de-darija\/\",\"name\":\"Parler comme les Marocains : notre cours de darija - Riyad El Cadi\",\"isPartOf\":{\"@id\":\"https:\/\/www.riyadelcadi.com\/fr\/#website\"},\"primaryImageOfPage\":{\"@id\":\"https:\/\/www.riyadelcadi.com\/fr\/parler-comme-les-marocains-notre-cours-de-darija\/#primaryimage\"},\"image\":{\"@id\":\"https:\/\/www.riyadelcadi.com\/fr\/parler-comme-les-marocains-notre-cours-de-darija\/#primaryimage\"},\"thumbnailUrl\":\"https:\/\/www.riyadelcadi.com\/wp-content\/uploads\/2016\/03\/Marrakech-2011_Spice-Market-_-Niels-Bitsch.jpg\",\"datePublished\":\"2023-05-21T16:39:34+00:00\",\"dateModified\":\"2023-05-23T14:05:38+00:00\",\"description\":\"Cours de darija: Apprenez le dialecte marocain darija dans l'un de nos cours de langue - Cours priv\u00e9 - Riyad El Cadi\",\"breadcrumb\":{\"@id\":\"https:\/\/www.riyadelcadi.com\/fr\/parler-comme-les-marocains-notre-cours-de-darija\/#breadcrumb\"},\"inLanguage\":\"fr-FR\",\"potentialAction\":[{\"@type\":\"ReadAction\",\"target\":[\"https:\/\/www.riyadelcadi.com\/fr\/parler-comme-les-marocains-notre-cours-de-darija\/\"]}]},{\"@type\":\"ImageObject\",\"inLanguage\":\"fr-FR\",\"@id\":\"https:\/\/www.riyadelcadi.com\/fr\/parler-comme-les-marocains-notre-cours-de-darija\/#primaryimage\",\"url\":\"https:\/\/www.riyadelcadi.com\/wp-content\/uploads\/2016\/03\/Marrakech-2011_Spice-Market-_-Niels-Bitsch.jpg\",\"contentUrl\":\"https:\/\/www.riyadelcadi.com\/wp-content\/uploads\/2016\/03\/Marrakech-2011_Spice-Market-_-Niels-Bitsch.jpg\",\"width\":1639,\"height\":960},{\"@type\":\"BreadcrumbList\",\"@id\":\"https:\/\/www.riyadelcadi.com\/fr\/parler-comme-les-marocains-notre-cours-de-darija\/#breadcrumb\",\"itemListElement\":[{\"@type\":\"ListItem\",\"position\":1,\"name\":\"Accueil\",\"item\":\"https:\/\/www.riyadelcadi.com\/fr\/\"},{\"@type\":\"ListItem\",\"position\":2,\"name\":\"Parler comme les Marocains : notre cours de darija\"}]},{\"@type\":\"WebSite\",\"@id\":\"https:\/\/www.riyadelcadi.com\/fr\/#website\",\"url\":\"https:\/\/www.riyadelcadi.com\/fr\/\",\"name\":\"Riyad El Cadi\",\"description\":\"Riad avec du style in Marrakech\",\"potentialAction\":[{\"@type\":\"SearchAction\",\"target\":{\"@type\":\"EntryPoint\",\"urlTemplate\":\"https:\/\/www.riyadelcadi.com\/fr\/?s={search_term_string}\"},\"query-input\":{\"@type\":\"PropertyValueSpecification\",\"valueRequired\":true,\"valueName\":\"search_term_string\"}}],\"inLanguage\":\"fr-FR\"}]}<\/script>\n<!-- \/ Yoast SEO plugin. -->","yoast_head_json":{"title":"Parler comme les Marocains : notre cours de darija - Riyad El Cadi","description":"Cours de darija: Apprenez le dialecte marocain darija dans l'un de nos cours de langue - Cours priv\u00e9 - Riyad El Cadi","robots":{"index":"index","follow":"follow","max-snippet":"max-snippet:-1","max-image-preview":"max-image-preview:large","max-video-preview":"max-video-preview:-1"},"canonical":"https:\/\/www.riyadelcadi.com\/fr\/parler-comme-les-marocains-notre-cours-de-darija\/","og_locale":"fr_FR","og_type":"article","og_title":"Parler comme les Marocains : notre cours de darija - Riyad El Cadi","og_description":"Cours de darija: Apprenez le dialecte marocain darija dans l'un de nos cours de langue - Cours priv\u00e9 - Riyad El Cadi","og_url":"https:\/\/www.riyadelcadi.com\/fr\/parler-comme-les-marocains-notre-cours-de-darija\/","og_site_name":"Riyad El Cadi","article_publisher":"https:\/\/www.facebook.com\/RiyadElCadi\/","article_modified_time":"2023-05-23T14:05:38+00:00","og_image":[{"width":1639,"height":960,"url":"https:\/\/www.riyadelcadi.com\/wp-content\/uploads\/2016\/03\/Marrakech-2011_Spice-Market-_-Niels-Bitsch.jpg","type":"image\/jpeg"}],"twitter_card":"summary_large_image","twitter_misc":{"Dur\u00e9e de lecture estim\u00e9e":"3 minutes"},"schema":{"@context":"https:\/\/schema.org","@graph":[{"@type":"WebPage","@id":"https:\/\/www.riyadelcadi.com\/fr\/parler-comme-les-marocains-notre-cours-de-darija\/","url":"https:\/\/www.riyadelcadi.com\/fr\/parler-comme-les-marocains-notre-cours-de-darija\/","name":"Parler comme les Marocains : notre cours de darija - Riyad El Cadi","isPartOf":{"@id":"https:\/\/www.riyadelcadi.com\/fr\/#website"},"primaryImageOfPage":{"@id":"https:\/\/www.riyadelcadi.com\/fr\/parler-comme-les-marocains-notre-cours-de-darija\/#primaryimage"},"image":{"@id":"https:\/\/www.riyadelcadi.com\/fr\/parler-comme-les-marocains-notre-cours-de-darija\/#primaryimage"},"thumbnailUrl":"https:\/\/www.riyadelcadi.com\/wp-content\/uploads\/2016\/03\/Marrakech-2011_Spice-Market-_-Niels-Bitsch.jpg","datePublished":"2023-05-21T16:39:34+00:00","dateModified":"2023-05-23T14:05:38+00:00","description":"Cours de darija: Apprenez le dialecte marocain darija dans l'un de nos cours de langue - Cours priv\u00e9 - Riyad El Cadi","breadcrumb":{"@id":"https:\/\/www.riyadelcadi.com\/fr\/parler-comme-les-marocains-notre-cours-de-darija\/#breadcrumb"},"inLanguage":"fr-FR","potentialAction":[{"@type":"ReadAction","target":["https:\/\/www.riyadelcadi.com\/fr\/parler-comme-les-marocains-notre-cours-de-darija\/"]}]},{"@type":"ImageObject","inLanguage":"fr-FR","@id":"https:\/\/www.riyadelcadi.com\/fr\/parler-comme-les-marocains-notre-cours-de-darija\/#primaryimage","url":"https:\/\/www.riyadelcadi.com\/wp-content\/uploads\/2016\/03\/Marrakech-2011_Spice-Market-_-Niels-Bitsch.jpg","contentUrl":"https:\/\/www.riyadelcadi.com\/wp-content\/uploads\/2016\/03\/Marrakech-2011_Spice-Market-_-Niels-Bitsch.jpg","width":1639,"height":960},{"@type":"BreadcrumbList","@id":"https:\/\/www.riyadelcadi.com\/fr\/parler-comme-les-marocains-notre-cours-de-darija\/#breadcrumb","itemListElement":[{"@type":"ListItem","position":1,"name":"Accueil","item":"https:\/\/www.riyadelcadi.com\/fr\/"},{"@type":"ListItem","position":2,"name":"Parler comme les Marocains : notre cours de darija"}]},{"@type":"WebSite","@id":"https:\/\/www.riyadelcadi.com\/fr\/#website","url":"https:\/\/www.riyadelcadi.com\/fr\/","name":"Riyad El Cadi","description":"Riad avec du style in Marrakech","potentialAction":[{"@type":"SearchAction","target":{"@type":"EntryPoint","urlTemplate":"https:\/\/www.riyadelcadi.com\/fr\/?s={search_term_string}"},"query-input":{"@type":"PropertyValueSpecification","valueRequired":true,"valueName":"search_term_string"}}],"inLanguage":"fr-FR"}]}},"_links":{"self":[{"href":"https:\/\/www.riyadelcadi.com\/fr\/wp-json\/wp\/v2\/pages\/32526"}],"collection":[{"href":"https:\/\/www.riyadelcadi.com\/fr\/wp-json\/wp\/v2\/pages"}],"about":[{"href":"https:\/\/www.riyadelcadi.com\/fr\/wp-json\/wp\/v2\/types\/page"}],"author":[{"embeddable":true,"href":"https:\/\/www.riyadelcadi.com\/fr\/wp-json\/wp\/v2\/users\/4"}],"replies":[{"embeddable":true,"href":"https:\/\/www.riyadelcadi.com\/fr\/wp-json\/wp\/v2\/comments?post=32526"}],"version-history":[{"count":2,"href":"https:\/\/www.riyadelcadi.com\/fr\/wp-json\/wp\/v2\/pages\/32526\/revisions"}],"predecessor-version":[{"id":32529,"href":"https:\/\/www.riyadelcadi.com\/fr\/wp-json\/wp\/v2\/pages\/32526\/revisions\/32529"}],"wp:featuredmedia":[{"embeddable":true,"href":"https:\/\/www.riyadelcadi.com\/fr\/wp-json\/wp\/v2\/media\/19274"}],"wp:attachment":[{"href":"https:\/\/www.riyadelcadi.com\/fr\/wp-json\/wp\/v2\/media?parent=32526"}],"curies":[{"name":"wp","href":"https:\/\/api.w.org\/{rel}","templated":true}]}}