{"id":28713,"date":"2020-05-01T14:58:33","date_gmt":"2020-05-01T12:58:33","guid":{"rendered":"https:\/\/www.riyadelcadi.com\/?page_id=28713"},"modified":"2023-01-26T15:07:49","modified_gmt":"2023-01-26T14:07:49","slug":"suites-senior","status":"publish","type":"page","link":"https:\/\/www.riyadelcadi.com\/fr\/toutes-les-chambres\/suites-senior\/","title":{"rendered":"Suites Senior"},"content":{"rendered":"<div class=\"wpb-content-wrapper\"><p>[vc_section][vc_row][vc_column css=\u00a0\u00bb.vc_custom_1588335465436{background-color: #faf8f4 !important;}\u00a0\u00bb][vc_column_text]<\/p>\n<ul>\n<li>Toutes <strong><span style=\"color: #336666;\">les suites<\/span><\/strong> sont situ\u00e9es au 1er ou au 2e \u00e9tage et sont <strong>climatis\u00e9es<\/strong>. Les salles de bain ont une <strong>baignoire<\/strong> (exception : Master Suite)<\/li>\n<li>Toutes les suites disposent soit d&rsquo;un salon et d&rsquo;une chambre suppl\u00e9mentaire, soit d&rsquo;un balcon\/terrasse.<\/li>\n<li>Toutes <strong><span style=\"color: #336666;\">les chambres<\/span><\/strong> ont une salle de bain priv\u00e9e avec des articles de toilette \u00e0 base d&rsquo;<strong>huile d&rsquo;argan<\/strong> <strong>biologique<\/strong>, des peignoirs, des pantoufles et un s\u00e8che-cheveux.<\/li>\n<\/ul>\n<p>[\/vc_column_text][\/vc_column][\/vc_row][vc_row][vc_column][vc_empty_space height=\u00a0\u00bb5px\u00a0\u00bb][\/vc_column][\/vc_row][vc_row equal_height=\u00a0\u00bbyes\u00a0\u00bb content_placement=\u00a0\u00bbmiddle\u00a0\u00bb css=\u00a0\u00bb.vc_custom_1588333492680{margin-bottom: 40px !important;border-radius: 1px !important;}\u00a0\u00bb][vc_column width=\u00a0\u00bb2\/3&Prime; css=\u00a0\u00bb.vc_custom_1588338086794{padding-top: 160px !important;padding-bottom: 160px !important;background-image: url(https:\/\/www.riyadelcadi.com\/wp-content\/uploads\/2015\/10\/Suite-Ottomane-Salon_-Ottoman-Suite-Living-room.jpg?id=26792) !important;background-position: center !important;background-repeat: no-repeat !important;background-size: cover !important;}\u00a0\u00bb][\/vc_column][vc_column width=\u00a0\u00bb1\/3&Prime; css=\u00a0\u00bb.vc_custom_1553275641280{background-color: #faf8f4 !important;}\u00a0\u00bb][vc_column_text]<\/p>\n<h2><a href=\"https:\/\/www.riyadelcadi.com\/fr\/rooms-chambres\/suite-ottomane\/\">SUITE OTTOMANE<\/a><\/h2>\n<p style=\"text-align: left;\"><span style=\"color: #193d38;\">Suite Senior<\/span><\/p>\n<ul>\n<li style=\"text-align: left;\">1er \u00e9tage<\/li>\n<li>Climatis\u00e9e<\/li>\n<li>Salon, gal\u00e9rie<\/li>\n<li style=\"text-align: left;\">max 3 personnes<\/li>\n<\/ul>\n<p>[\/vc_column_text]<div class=\"ut-btn-group  ut-btn-group-center ut-btn-group-tablet-center ut-btn-group-mobile-center clearfix\"><style type=\"text\/css\">#bklyn_btn_69ef7418958b4 .bklyn-btn { color:#ffffff !important; background-color:#193d38 !important; }#bklyn_btn_69ef7418958b4 .bklyn-btn:hover{ color:#ffffff !important; background-color:#46635f !important; }#bklyn_btn_69ef7418958b4 .bklyn-btn:focus{ color:#ffffff !important; background-color:#46635f !important; }#bklyn_btn_69ef7418958b4 .bklyn-btn:active { color:#ffffff !important; background-color:#46635f !important; }#bklyn_btn_69ef7418958b4 a.bklyn-btn { font-weight:500 !important; }#bklyn_btn_69ef7418958b4.bklyn-btn-header a.bklyn-btn { font-weight:500 !important; }#bklyn_btn_69ef7418958b4.bklyn-btn-header a.bklyn-btn span { font-weight:500 !important; }#bklyn_btn_69ef7418958b4 a.bklyn-btn { font-family:inherit !important; }<\/style><div id=\"bklyn_btn_69ef7418958b4\" class=\"bklyn-btn-holder  bklyn-btn-first bklyn-btn-center bklyn-btn-tablet-center bklyn-btn-mobile-center\"><a title=\"Suite Ottomane\"   href=\"https:\/\/www.riyadelcadi.com\/fr\/rooms-chambres\/suite-ottomane\/\" target=\"_self\" class=\"bklyn-btn  bklyn-btn-small\" ><span class=\"ut-btn-text\">VOIR LA CHAMBRE<\/span><\/a><\/div><style type=\"text\/css\">#bklyn_btn_69ef74189595b .bklyn-btn { color:#ffffff !important; background-color:#eca65c !important; }#bklyn_btn_69ef74189595b .bklyn-btn:hover{ color:#ffffff !important; background-color:#efb273 !important; }#bklyn_btn_69ef74189595b .bklyn-btn:focus{ color:#ffffff !important; background-color:#efb273 !important; }#bklyn_btn_69ef74189595b .bklyn-btn:active { color:#ffffff !important; background-color:#efb273 !important; }#bklyn_btn_69ef74189595b a.bklyn-btn { font-weight:500 !important; }#bklyn_btn_69ef74189595b.bklyn-btn-header a.bklyn-btn { font-weight:500 !important; }#bklyn_btn_69ef74189595b.bklyn-btn-header a.bklyn-btn span { font-weight:500 !important; }#bklyn_btn_69ef74189595b a.bklyn-btn { text-transform:uppercase !important; }<\/style><div id=\"bklyn_btn_69ef74189595b\" class=\"bklyn-btn-holder  bklyn-btn-last bklyn-btn-center bklyn-btn-tablet-center bklyn-btn-mobile-center\"><a title=\"\"   href=\"https:\/\/direct-book.com\/properties\/riyadelcadidirect?number_nights=3&#038;number_adults=2&#038;promotion_code=Special\" target=\"_self\" class=\"bklyn-btn  bklyn-btn-small\" ><span class=\"ut-btn-text\">R\u00e9servation<\/span><\/a><\/div><\/div>[\/vc_column][\/vc_row][vc_row equal_height=\u00a0\u00bbyes\u00a0\u00bb content_placement=\u00a0\u00bbmiddle\u00a0\u00bb css=\u00a0\u00bb.vc_custom_1588291984842{margin-bottom: 40px !important;border-radius: 1px !important;}\u00a0\u00bb][vc_column width=\u00a0\u00bb2\/3&Prime; css=\u00a0\u00bb.vc_custom_1588338276591{padding-top: 160px !important;padding-bottom: 160px !important;background-image: url(https:\/\/www.riyadelcadi.com\/wp-content\/uploads\/2015\/10\/Suite-Palmier-03-by-Lydia-Toll-1.jpg?id=23511) !important;background-position: center !important;background-repeat: no-repeat !important;background-size: cover !important;}\u00a0\u00bb][\/vc_column][vc_column width=\u00a0\u00bb1\/3&Prime; css=\u00a0\u00bb.vc_custom_1553275628359{background-color: #faf8f4 !important;}\u00a0\u00bb][vc_column_text]<\/p>\n<h2><a href=\"https:\/\/www.riyadelcadi.com\/de\/rooms-chambres\/palmen-suite\/\">SUITE PALMIER<\/a><\/h2>\n<p style=\"text-align: left;\"><span style=\"color: #193d38;\">Suite Senior<\/span><\/p>\n<ul>\n<li style=\"text-align: left;\">1er \u00e9tage<\/li>\n<li>Climatis\u00e9e<\/li>\n<li>Salon, balcon<\/li>\n<li style=\"text-align: left;\">max 3 personnes<\/li>\n<\/ul>\n<p>[\/vc_column_text]<div class=\"ut-btn-group  ut-btn-group-center ut-btn-group-tablet-center ut-btn-group-mobile-center clearfix\"><style type=\"text\/css\">#bklyn_btn_69ef741895a0c .bklyn-btn { color:#ffffff !important; background-color:#193d38 !important; }#bklyn_btn_69ef741895a0c .bklyn-btn:hover{ color:#ffffff !important; background-color:#46635f !important; }#bklyn_btn_69ef741895a0c .bklyn-btn:focus{ color:#ffffff !important; background-color:#46635f !important; }#bklyn_btn_69ef741895a0c .bklyn-btn:active { color:#ffffff !important; background-color:#46635f !important; }#bklyn_btn_69ef741895a0c a.bklyn-btn { font-weight:500 !important; }#bklyn_btn_69ef741895a0c.bklyn-btn-header a.bklyn-btn { font-weight:500 !important; }#bklyn_btn_69ef741895a0c.bklyn-btn-header a.bklyn-btn span { font-weight:500 !important; }#bklyn_btn_69ef741895a0c a.bklyn-btn { font-family:inherit !important; }<\/style><div id=\"bklyn_btn_69ef741895a0c\" class=\"bklyn-btn-holder  bklyn-btn-first bklyn-btn-center bklyn-btn-tablet-center bklyn-btn-mobile-center\"><a title=\"Suite Palmier\"   href=\"https:\/\/www.riyadelcadi.com\/fr\/rooms-chambres\/suite-palmier\/\" target=\"_self\" class=\"bklyn-btn  bklyn-btn-small\" ><span class=\"ut-btn-text\">VOIR LA CHAMBRE<\/span><\/a><\/div><style type=\"text\/css\">#bklyn_btn_69ef741895a5e .bklyn-btn { color:#ffffff !important; background-color:#eca65c !important; }#bklyn_btn_69ef741895a5e .bklyn-btn:hover{ color:#ffffff !important; background-color:#efb273 !important; }#bklyn_btn_69ef741895a5e .bklyn-btn:focus{ color:#ffffff !important; background-color:#efb273 !important; }#bklyn_btn_69ef741895a5e .bklyn-btn:active { color:#ffffff !important; background-color:#efb273 !important; }#bklyn_btn_69ef741895a5e a.bklyn-btn { font-weight:500 !important; }#bklyn_btn_69ef741895a5e.bklyn-btn-header a.bklyn-btn { font-weight:500 !important; }#bklyn_btn_69ef741895a5e.bklyn-btn-header a.bklyn-btn span { font-weight:500 !important; }#bklyn_btn_69ef741895a5e a.bklyn-btn { text-transform:uppercase !important; }<\/style><div id=\"bklyn_btn_69ef741895a5e\" class=\"bklyn-btn-holder  bklyn-btn-last bklyn-btn-center bklyn-btn-tablet-center bklyn-btn-mobile-center\"><a title=\"\"   href=\"https:\/\/direct-book.com\/properties\/riyadelcadidirect?number_nights=3&#038;number_adults=2&#038;promotion_code=Special\" target=\"_self\" class=\"bklyn-btn  bklyn-btn-small\" ><span class=\"ut-btn-text\">R\u00e9servation<\/span><\/a><\/div><\/div>[\/vc_column][\/vc_row][vc_row equal_height=\u00a0\u00bbyes\u00a0\u00bb content_placement=\u00a0\u00bbmiddle\u00a0\u00bb css=\u00a0\u00bb.vc_custom_1588291984842{margin-bottom: 40px !important;border-radius: 1px !important;}\u00a0\u00bb][vc_column width=\u00a0\u00bb2\/3&Prime; css=\u00a0\u00bb.vc_custom_1588338377404{padding-top: 160px !important;padding-bottom: 160px !important;background-image: url(https:\/\/www.riyadelcadi.com\/wp-content\/uploads\/2015\/11\/Master-Suite-Patio-4-c-Keohane-e1448641461436.jpg?id=17601) !important;background-position: center !important;background-repeat: no-repeat !important;background-size: cover !important;}\u00a0\u00bb][\/vc_column][vc_column width=\u00a0\u00bb1\/3&Prime; css=\u00a0\u00bb.vc_custom_1553275628359{background-color: #faf8f4 !important;}\u00a0\u00bb][vc_column_text]<\/p>\n<h2><a href=\"https:\/\/www.riyadelcadi.com\/de\/rooms-chambres\/master-suite\/\">MASTER SUITE<\/a><\/h2>\n<p style=\"text-align: left;\"><span style=\"color: #193d38;\">Suite Senior<\/span><\/p>\n<ul>\n<li style=\"text-align: left;\">1er\/2eme \u00e9tage<\/li>\n<li>Climatis\u00e9e<\/li>\n<li>Salon, patio, terrasses<\/li>\n<li style=\"text-align: left;\">max 3 personnes<\/li>\n<\/ul>\n<p>[\/vc_column_text]<div class=\"ut-btn-group  ut-btn-group-center ut-btn-group-tablet-center ut-btn-group-mobile-center clearfix\"><style type=\"text\/css\">#bklyn_btn_69ef741895b09 .bklyn-btn { color:#ffffff !important; background-color:#193d38 !important; }#bklyn_btn_69ef741895b09 .bklyn-btn:hover{ color:#ffffff !important; background-color:#46635f !important; }#bklyn_btn_69ef741895b09 .bklyn-btn:focus{ color:#ffffff !important; background-color:#46635f !important; }#bklyn_btn_69ef741895b09 .bklyn-btn:active { color:#ffffff !important; background-color:#46635f !important; }#bklyn_btn_69ef741895b09 a.bklyn-btn { font-weight:500 !important; }#bklyn_btn_69ef741895b09.bklyn-btn-header a.bklyn-btn { font-weight:500 !important; }#bklyn_btn_69ef741895b09.bklyn-btn-header a.bklyn-btn span { font-weight:500 !important; }#bklyn_btn_69ef741895b09 a.bklyn-btn { font-family:inherit !important; }<\/style><div id=\"bklyn_btn_69ef741895b09\" class=\"bklyn-btn-holder  bklyn-btn-first bklyn-btn-center bklyn-btn-tablet-center bklyn-btn-mobile-center\"><a title=\"Master Suite\"   href=\"https:\/\/www.riyadelcadi.com\/fr\/rooms-chambres\/master-suite\/\" target=\"_self\" class=\"bklyn-btn  bklyn-btn-small\" ><span class=\"ut-btn-text\">VOIR LA CHAMBRE<\/span><\/a><\/div><style type=\"text\/css\">#bklyn_btn_69ef741895b58 .bklyn-btn { color:#ffffff !important; background-color:#eca65c !important; }#bklyn_btn_69ef741895b58 .bklyn-btn:hover{ color:#ffffff !important; background-color:#efb273 !important; }#bklyn_btn_69ef741895b58 .bklyn-btn:focus{ color:#ffffff !important; background-color:#efb273 !important; }#bklyn_btn_69ef741895b58 .bklyn-btn:active { color:#ffffff !important; background-color:#efb273 !important; }#bklyn_btn_69ef741895b58 a.bklyn-btn { font-weight:500 !important; }#bklyn_btn_69ef741895b58.bklyn-btn-header a.bklyn-btn { font-weight:500 !important; }#bklyn_btn_69ef741895b58.bklyn-btn-header a.bklyn-btn span { font-weight:500 !important; }#bklyn_btn_69ef741895b58 a.bklyn-btn { text-transform:uppercase !important; }<\/style><div id=\"bklyn_btn_69ef741895b58\" class=\"bklyn-btn-holder  bklyn-btn-last bklyn-btn-center bklyn-btn-tablet-center bklyn-btn-mobile-center\"><a title=\"\"   href=\"https:\/\/direct-book.com\/properties\/riyadelcadidirect?number_nights=3&#038;number_adults=2&#038;promotion_code=Special\" target=\"_self\" class=\"bklyn-btn  bklyn-btn-small\" ><span class=\"ut-btn-text\">R\u00e9servation<\/span><\/a><\/div><\/div>[\/vc_column][\/vc_row][\/vc_section]<\/p>\n<\/div>","protected":false},"excerpt":{"rendered":"<p>[vc_section][vc_row][vc_column css=\u00a0\u00bb.vc_custom_1588335465436{background-color: #faf8f4 !important;}\u00a0\u00bb][vc_column_text] Toutes les suites sont situ\u00e9es au 1er ou au 2e \u00e9tage et sont climatis\u00e9es. Les salles de bain ont une baignoire (exception : Master Suite) Toutes les suites disposent soit d&rsquo;un salon et d&rsquo;une chambre suppl\u00e9mentaire, soit d&rsquo;un balcon\/terrasse. Toutes les chambres ont une salle de bain priv\u00e9e avec des articles [&hellip;]<\/p>\n","protected":false},"author":4,"featured_media":23610,"parent":18515,"menu_order":0,"comment_status":"closed","ping_status":"closed","template":"","meta":{"footnotes":""},"yoast_head":"<!-- This site is optimized with the Yoast SEO plugin v24.5 - https:\/\/yoast.com\/wordpress\/plugins\/seo\/ -->\n<title>Suites Senior - Riyad El Cadi<\/title>\n<meta name=\"robots\" content=\"index, follow, max-snippet:-1, max-image-preview:large, max-video-preview:-1\" \/>\n<link rel=\"canonical\" href=\"https:\/\/www.riyadelcadi.com\/fr\/toutes-les-chambres\/suites-senior\/\" \/>\n<meta property=\"og:locale\" content=\"fr_FR\" \/>\n<meta property=\"og:type\" content=\"article\" \/>\n<meta property=\"og:title\" content=\"Suites Senior - Riyad El Cadi\" \/>\n<meta property=\"og:description\" content=\"[vc_section][vc_row][vc_column css=\u00a0\u00bb.vc_custom_1588335465436{background-color: #faf8f4 !important;}\u00a0\u00bb][vc_column_text] Toutes les suites sont situ\u00e9es au 1er ou au 2e \u00e9tage et sont climatis\u00e9es. Les salles de bain ont une baignoire (exception : Master Suite) Toutes les suites disposent soit d&rsquo;un salon et d&rsquo;une chambre suppl\u00e9mentaire, soit d&rsquo;un balcon\/terrasse. Toutes les chambres ont une salle de bain priv\u00e9e avec des articles [&hellip;]\" \/>\n<meta property=\"og:url\" content=\"https:\/\/www.riyadelcadi.com\/fr\/toutes-les-chambres\/suites-senior\/\" \/>\n<meta property=\"og:site_name\" content=\"Riyad El Cadi\" \/>\n<meta property=\"article:publisher\" content=\"https:\/\/www.facebook.com\/RiyadElCadi\/\" \/>\n<meta property=\"article:modified_time\" content=\"2023-01-26T14:07:49+00:00\" \/>\n<meta property=\"og:image\" content=\"https:\/\/www.riyadelcadi.com\/wp-content\/uploads\/2019\/02\/Curtain-Pattern_jed.kaoru_.share_.jpg\" \/>\n\t<meta property=\"og:image:width\" content=\"1280\" \/>\n\t<meta property=\"og:image:height\" content=\"853\" \/>\n\t<meta property=\"og:image:type\" content=\"image\/jpeg\" \/>\n<meta name=\"twitter:card\" content=\"summary_large_image\" \/>\n<meta name=\"twitter:label1\" content=\"Dur\u00e9e de lecture estim\u00e9e\" \/>\n\t<meta name=\"twitter:data1\" content=\"2 minutes\" \/>\n<script type=\"application\/ld+json\" class=\"yoast-schema-graph\">{\"@context\":\"https:\/\/schema.org\",\"@graph\":[{\"@type\":\"WebPage\",\"@id\":\"https:\/\/www.riyadelcadi.com\/fr\/toutes-les-chambres\/suites-senior\/\",\"url\":\"https:\/\/www.riyadelcadi.com\/fr\/toutes-les-chambres\/suites-senior\/\",\"name\":\"Suites Senior - Riyad El Cadi\",\"isPartOf\":{\"@id\":\"https:\/\/www.riyadelcadi.com\/fr\/#website\"},\"primaryImageOfPage\":{\"@id\":\"https:\/\/www.riyadelcadi.com\/fr\/toutes-les-chambres\/suites-senior\/#primaryimage\"},\"image\":{\"@id\":\"https:\/\/www.riyadelcadi.com\/fr\/toutes-les-chambres\/suites-senior\/#primaryimage\"},\"thumbnailUrl\":\"https:\/\/www.riyadelcadi.com\/wp-content\/uploads\/2019\/02\/Curtain-Pattern_jed.kaoru_.share_.jpg\",\"datePublished\":\"2020-05-01T12:58:33+00:00\",\"dateModified\":\"2023-01-26T14:07:49+00:00\",\"breadcrumb\":{\"@id\":\"https:\/\/www.riyadelcadi.com\/fr\/toutes-les-chambres\/suites-senior\/#breadcrumb\"},\"inLanguage\":\"fr-FR\",\"potentialAction\":[{\"@type\":\"ReadAction\",\"target\":[\"https:\/\/www.riyadelcadi.com\/fr\/toutes-les-chambres\/suites-senior\/\"]}]},{\"@type\":\"ImageObject\",\"inLanguage\":\"fr-FR\",\"@id\":\"https:\/\/www.riyadelcadi.com\/fr\/toutes-les-chambres\/suites-senior\/#primaryimage\",\"url\":\"https:\/\/www.riyadelcadi.com\/wp-content\/uploads\/2019\/02\/Curtain-Pattern_jed.kaoru_.share_.jpg\",\"contentUrl\":\"https:\/\/www.riyadelcadi.com\/wp-content\/uploads\/2019\/02\/Curtain-Pattern_jed.kaoru_.share_.jpg\",\"width\":1280,\"height\":853},{\"@type\":\"BreadcrumbList\",\"@id\":\"https:\/\/www.riyadelcadi.com\/fr\/toutes-les-chambres\/suites-senior\/#breadcrumb\",\"itemListElement\":[{\"@type\":\"ListItem\",\"position\":1,\"name\":\"Accueil\",\"item\":\"https:\/\/www.riyadelcadi.com\/fr\/\"},{\"@type\":\"ListItem\",\"position\":2,\"name\":\"Nos Chambres\",\"item\":\"https:\/\/www.riyadelcadi.com\/fr\/toutes-les-chambres\/\"},{\"@type\":\"ListItem\",\"position\":3,\"name\":\"Suites Senior\"}]},{\"@type\":\"WebSite\",\"@id\":\"https:\/\/www.riyadelcadi.com\/fr\/#website\",\"url\":\"https:\/\/www.riyadelcadi.com\/fr\/\",\"name\":\"Riyad El Cadi\",\"description\":\"Riad avec du style in Marrakech\",\"potentialAction\":[{\"@type\":\"SearchAction\",\"target\":{\"@type\":\"EntryPoint\",\"urlTemplate\":\"https:\/\/www.riyadelcadi.com\/fr\/?s={search_term_string}\"},\"query-input\":{\"@type\":\"PropertyValueSpecification\",\"valueRequired\":true,\"valueName\":\"search_term_string\"}}],\"inLanguage\":\"fr-FR\"}]}<\/script>\n<!-- \/ Yoast SEO plugin. -->","yoast_head_json":{"title":"Suites Senior - Riyad El Cadi","robots":{"index":"index","follow":"follow","max-snippet":"max-snippet:-1","max-image-preview":"max-image-preview:large","max-video-preview":"max-video-preview:-1"},"canonical":"https:\/\/www.riyadelcadi.com\/fr\/toutes-les-chambres\/suites-senior\/","og_locale":"fr_FR","og_type":"article","og_title":"Suites Senior - Riyad El Cadi","og_description":"[vc_section][vc_row][vc_column css=\u00a0\u00bb.vc_custom_1588335465436{background-color: #faf8f4 !important;}\u00a0\u00bb][vc_column_text] Toutes les suites sont situ\u00e9es au 1er ou au 2e \u00e9tage et sont climatis\u00e9es. Les salles de bain ont une baignoire (exception : Master Suite) Toutes les suites disposent soit d&rsquo;un salon et d&rsquo;une chambre suppl\u00e9mentaire, soit d&rsquo;un balcon\/terrasse. Toutes les chambres ont une salle de bain priv\u00e9e avec des articles [&hellip;]","og_url":"https:\/\/www.riyadelcadi.com\/fr\/toutes-les-chambres\/suites-senior\/","og_site_name":"Riyad El Cadi","article_publisher":"https:\/\/www.facebook.com\/RiyadElCadi\/","article_modified_time":"2023-01-26T14:07:49+00:00","og_image":[{"width":1280,"height":853,"url":"https:\/\/www.riyadelcadi.com\/wp-content\/uploads\/2019\/02\/Curtain-Pattern_jed.kaoru_.share_.jpg","type":"image\/jpeg"}],"twitter_card":"summary_large_image","twitter_misc":{"Dur\u00e9e de lecture estim\u00e9e":"2 minutes"},"schema":{"@context":"https:\/\/schema.org","@graph":[{"@type":"WebPage","@id":"https:\/\/www.riyadelcadi.com\/fr\/toutes-les-chambres\/suites-senior\/","url":"https:\/\/www.riyadelcadi.com\/fr\/toutes-les-chambres\/suites-senior\/","name":"Suites Senior - Riyad El Cadi","isPartOf":{"@id":"https:\/\/www.riyadelcadi.com\/fr\/#website"},"primaryImageOfPage":{"@id":"https:\/\/www.riyadelcadi.com\/fr\/toutes-les-chambres\/suites-senior\/#primaryimage"},"image":{"@id":"https:\/\/www.riyadelcadi.com\/fr\/toutes-les-chambres\/suites-senior\/#primaryimage"},"thumbnailUrl":"https:\/\/www.riyadelcadi.com\/wp-content\/uploads\/2019\/02\/Curtain-Pattern_jed.kaoru_.share_.jpg","datePublished":"2020-05-01T12:58:33+00:00","dateModified":"2023-01-26T14:07:49+00:00","breadcrumb":{"@id":"https:\/\/www.riyadelcadi.com\/fr\/toutes-les-chambres\/suites-senior\/#breadcrumb"},"inLanguage":"fr-FR","potentialAction":[{"@type":"ReadAction","target":["https:\/\/www.riyadelcadi.com\/fr\/toutes-les-chambres\/suites-senior\/"]}]},{"@type":"ImageObject","inLanguage":"fr-FR","@id":"https:\/\/www.riyadelcadi.com\/fr\/toutes-les-chambres\/suites-senior\/#primaryimage","url":"https:\/\/www.riyadelcadi.com\/wp-content\/uploads\/2019\/02\/Curtain-Pattern_jed.kaoru_.share_.jpg","contentUrl":"https:\/\/www.riyadelcadi.com\/wp-content\/uploads\/2019\/02\/Curtain-Pattern_jed.kaoru_.share_.jpg","width":1280,"height":853},{"@type":"BreadcrumbList","@id":"https:\/\/www.riyadelcadi.com\/fr\/toutes-les-chambres\/suites-senior\/#breadcrumb","itemListElement":[{"@type":"ListItem","position":1,"name":"Accueil","item":"https:\/\/www.riyadelcadi.com\/fr\/"},{"@type":"ListItem","position":2,"name":"Nos Chambres","item":"https:\/\/www.riyadelcadi.com\/fr\/toutes-les-chambres\/"},{"@type":"ListItem","position":3,"name":"Suites Senior"}]},{"@type":"WebSite","@id":"https:\/\/www.riyadelcadi.com\/fr\/#website","url":"https:\/\/www.riyadelcadi.com\/fr\/","name":"Riyad El Cadi","description":"Riad avec du style in Marrakech","potentialAction":[{"@type":"SearchAction","target":{"@type":"EntryPoint","urlTemplate":"https:\/\/www.riyadelcadi.com\/fr\/?s={search_term_string}"},"query-input":{"@type":"PropertyValueSpecification","valueRequired":true,"valueName":"search_term_string"}}],"inLanguage":"fr-FR"}]}},"_links":{"self":[{"href":"https:\/\/www.riyadelcadi.com\/fr\/wp-json\/wp\/v2\/pages\/28713"}],"collection":[{"href":"https:\/\/www.riyadelcadi.com\/fr\/wp-json\/wp\/v2\/pages"}],"about":[{"href":"https:\/\/www.riyadelcadi.com\/fr\/wp-json\/wp\/v2\/types\/page"}],"author":[{"embeddable":true,"href":"https:\/\/www.riyadelcadi.com\/fr\/wp-json\/wp\/v2\/users\/4"}],"replies":[{"embeddable":true,"href":"https:\/\/www.riyadelcadi.com\/fr\/wp-json\/wp\/v2\/comments?post=28713"}],"version-history":[{"count":0,"href":"https:\/\/www.riyadelcadi.com\/fr\/wp-json\/wp\/v2\/pages\/28713\/revisions"}],"up":[{"embeddable":true,"href":"https:\/\/www.riyadelcadi.com\/fr\/wp-json\/wp\/v2\/pages\/18515"}],"wp:featuredmedia":[{"embeddable":true,"href":"https:\/\/www.riyadelcadi.com\/fr\/wp-json\/wp\/v2\/media\/23610"}],"wp:attachment":[{"href":"https:\/\/www.riyadelcadi.com\/fr\/wp-json\/wp\/v2\/media?parent=28713"}],"curies":[{"name":"wp","href":"https:\/\/api.w.org\/{rel}","templated":true}]}}