{"id":21236,"date":"2017-12-20T19:32:06","date_gmt":"2017-12-20T18:32:06","guid":{"rendered":"http:\/\/www.riyadelcadi.com\/fr\/reservation\/new-years-eve-dinner\/"},"modified":"2024-01-30T16:18:06","modified_gmt":"2024-01-30T15:18:06","slug":"new-years-eve-dinner","status":"publish","type":"page","link":"https:\/\/www.riyadelcadi.com\/fr\/restaurant-cuisine-m\/new-years-eve-dinner\/","title":{"rendered":"New Years Eve Dinner"},"content":{"rendered":"<h2><strong>We would love to celebrate New Years Eve 2017 with you and have prepared a wonderful menu for you<\/strong><\/h2>\n<p>Please join us for our gala dinner!<\/p>\n<p style=\"text-align: left;\"><a class=\"ghost-button-rounded-corners\" href=\"https:\/\/www.riyadelcadi.com\/contact\/\">Reservation New Years Eve Dinner<\/a><\/p>\n<p>&nbsp;<\/p>\n<p><strong>5 Courses\u00a0(1.500 DH per\u00a0Person) &#8211; with live music:<\/strong><\/p>\n<div class=\"ghost-button-offers\">\n<p style=\"text-align: center;\">[themecolor]Hu\u00eetres et\u00a0Champagne[\/themecolor]<br \/>\n<em>Oyster and Champagne<\/em><\/p>\n<p style=\"text-align: center;\">****************<\/p>\n<p style=\"text-align: center;\">[themecolor]Cr\u00e8me d\u2019or de potiron et safran[\/themecolor]<br \/>\n<em>Golden cream of pumpkin with saffron<\/em><\/p>\n<p style=\"text-align: center;\">[themecolor]Velout\u00e9 de l\u00e9gumes au roquefort et romarin[\/themecolor]<br \/>\n<em>Soup of vegetables seasoned with roquefort and rosemary.<\/em><\/p>\n<p style=\"text-align: center;\">[themecolor]Minestrone de lentille au ravioli, ricotta et \u00e9pinard[\/themecolor]<br \/>\n<em>Lentils minestrone with ravioli of ricotta and spinach<\/em><\/p>\n<p style=\"text-align: center;\">*****************<\/p>\n<p style=\"text-align: center;\">[themecolor]Mosa\u00efque de salade marocaine (Zaalouk, tomate et poivron, potiron caram\u00e9lis\u00e9, pois chiche et les deux choux)[\/themecolor]<br \/>\n<em>Selection of Moroccan salads<\/em><em> (Zaalouk, tomatoes and peppers, caramelised pumpkin, chickpeas, two cabbage)<\/em><\/p>\n<p style=\"text-align: center;\">[themecolor]Assortiment croustillant (Briwate et cigare de poulet, fruits de mer, fromage et l\u00e9gume)[\/themecolor]<br \/>\n<em>Panach\u00e9 of briouates and pastry cigars<\/em><em> (Briouates and pastry cigars with chicken, seafood, cheese and vegetables)<\/em><\/p>\n<p style=\"text-align: center;\">[themecolor]Mille feuille d\u2019avocat et de tomate au crabe[\/themecolor]<br \/>\n<em>Mille feuille of avocado, tomatoes and shrimps<\/em><\/p>\n<p style=\"text-align: center;\">*****************<\/p>\n<p style=\"text-align: center;\">[themecolor]Tagine Souiri de lotte au citron confit et fenouil[\/themecolor]<br \/>\n<em>Souiri Tagine of Burbot with preserved lemon and fennel<\/em><\/p>\n<p style=\"text-align: center;\">[themecolor]Tangia d\u2019agneau aux herbes[\/themecolor]<br \/>\n<em>Slow-cooked lamb Tangia with herbs<\/em><\/p>\n<p style=\"text-align: center;\">[themecolor]Madfouna (Seffa) de poulet avec oignons caram\u00e9lis\u00e9s et raisins et amandes[\/themecolor]<br \/>\n<em>Madfouna (Seffa) of chicken with caramelised onions, grapes and almonds<\/em><\/p>\n<p style=\"text-align: center;\">[themecolor]Mrozzia de b\u0153uf aux \u00e9pices (Rass lhanoute) et fruits secs[\/themecolor]<br \/>\n<em>Beef Mrozzia \u00e0 la Rass lhanoute and dried fruits<\/em><\/p>\n<p style=\"text-align: center;\"><em>[themecolor]<\/em>Tagine Berb\u00e8re au safran et aux herbes suavages<em> (v\u00e9g\u00e9tarien)[\/themecolor]<br \/>\nBerber tagine with saffron and wild herbs (vegetarian)<\/em><\/p>\n<p style=\"text-align: center;\">******************<\/p>\n<p style=\"text-align: center;\">[themecolor]D\u00e9lice au chocolat\u00a0: Coulis de fruits rouges et glace de la vanille[\/themecolor]<br \/>\n<em>Dream of chocolat<\/em><em>:<\/em><em> Coulis of red fruits and vanilla ice cream<\/em><\/p>\n<p style=\"text-align: center;\">[themecolor]Pochette croustillante avec pommes poires et raisins[\/themecolor]<br \/>\n<em>Crunchy pastry bag with apples, pears and raisins<\/em><\/p>\n<p style=\"text-align: center;\">[themecolor]Cascade fruit exotique \u00e0 la sauce de caramel[\/themecolor]<br \/>\n<em>Exotic fruits with caramel sauce<\/em><\/p>\n<p style=\"text-align: center;\">[themecolor]Tiramisu aux \u00e9pices orientales[\/themecolor]<br \/>\n<em>Tiramisu with oriental spices<\/em><\/p>\n<\/div>\n<p>&nbsp;<\/p>\n","protected":false},"excerpt":{"rendered":"<p>We would love to celebrate New Years Eve 2017 with you and have prepared a wonderful menu for you Please join us for our gala dinner! Reservation New Years Eve Dinner &nbsp; 5 Courses\u00a0(1.500 DH per\u00a0Person) &#8211; with live music: [themecolor]Hu\u00eetres et\u00a0Champagne[\/themecolor] Oyster and Champagne **************** [themecolor]Cr\u00e8me d\u2019or de potiron et safran[\/themecolor] Golden cream of [&hellip;]<\/p>\n","protected":false},"author":4,"featured_media":0,"parent":17081,"menu_order":0,"comment_status":"closed","ping_status":"closed","template":"","meta":{"footnotes":""},"yoast_head":"<!-- This site is optimized with the Yoast SEO plugin v24.5 - https:\/\/yoast.com\/wordpress\/plugins\/seo\/ -->\n<title>New Years Eve Dinner - Riyad El Cadi<\/title>\n<meta name=\"robots\" content=\"index, follow, max-snippet:-1, max-image-preview:large, max-video-preview:-1\" \/>\n<link rel=\"canonical\" href=\"https:\/\/www.riyadelcadi.com\/fr\/restaurant-cuisine-m\/new-years-eve-dinner\/\" \/>\n<meta property=\"og:locale\" content=\"fr_FR\" \/>\n<meta property=\"og:type\" content=\"article\" \/>\n<meta property=\"og:title\" content=\"New Years Eve Dinner - Riyad El Cadi\" \/>\n<meta property=\"og:description\" content=\"We would love to celebrate New Years Eve 2017 with you and have prepared a wonderful menu for you Please join us for our gala dinner! Reservation New Years Eve Dinner &nbsp; 5 Courses\u00a0(1.500 DH per\u00a0Person) &#8211; with live music: [themecolor]Hu\u00eetres et\u00a0Champagne[\/themecolor] Oyster and Champagne **************** [themecolor]Cr\u00e8me d\u2019or de potiron et safran[\/themecolor] Golden cream of [&hellip;]\" \/>\n<meta property=\"og:url\" content=\"https:\/\/www.riyadelcadi.com\/fr\/restaurant-cuisine-m\/new-years-eve-dinner\/\" \/>\n<meta property=\"og:site_name\" content=\"Riyad El Cadi\" \/>\n<meta property=\"article:publisher\" content=\"https:\/\/www.facebook.com\/RiyadElCadi\/\" \/>\n<meta property=\"article:modified_time\" content=\"2024-01-30T15:18:06+00:00\" \/>\n<meta property=\"og:image\" content=\"https:\/\/www.riyadelcadi.com\/wp-content\/uploads\/2019\/02\/MG_4738-1.jpg\" \/>\n\t<meta property=\"og:image:width\" content=\"683\" \/>\n\t<meta property=\"og:image:height\" content=\"1024\" \/>\n\t<meta property=\"og:image:type\" content=\"image\/jpeg\" \/>\n<meta name=\"twitter:card\" content=\"summary_large_image\" \/>\n<meta name=\"twitter:label1\" content=\"Dur\u00e9e de lecture estim\u00e9e\" \/>\n\t<meta name=\"twitter:data1\" content=\"2 minutes\" \/>\n<script type=\"application\/ld+json\" class=\"yoast-schema-graph\">{\"@context\":\"https:\/\/schema.org\",\"@graph\":[{\"@type\":\"WebPage\",\"@id\":\"https:\/\/www.riyadelcadi.com\/fr\/restaurant-cuisine-m\/new-years-eve-dinner\/\",\"url\":\"https:\/\/www.riyadelcadi.com\/fr\/restaurant-cuisine-m\/new-years-eve-dinner\/\",\"name\":\"New Years Eve Dinner - Riyad El Cadi\",\"isPartOf\":{\"@id\":\"https:\/\/www.riyadelcadi.com\/fr\/#website\"},\"datePublished\":\"2017-12-20T18:32:06+00:00\",\"dateModified\":\"2024-01-30T15:18:06+00:00\",\"breadcrumb\":{\"@id\":\"https:\/\/www.riyadelcadi.com\/fr\/restaurant-cuisine-m\/new-years-eve-dinner\/#breadcrumb\"},\"inLanguage\":\"fr-FR\",\"potentialAction\":[{\"@type\":\"ReadAction\",\"target\":[\"https:\/\/www.riyadelcadi.com\/fr\/restaurant-cuisine-m\/new-years-eve-dinner\/\"]}]},{\"@type\":\"BreadcrumbList\",\"@id\":\"https:\/\/www.riyadelcadi.com\/fr\/restaurant-cuisine-m\/new-years-eve-dinner\/#breadcrumb\",\"itemListElement\":[{\"@type\":\"ListItem\",\"position\":1,\"name\":\"Accueil\",\"item\":\"https:\/\/www.riyadelcadi.com\/fr\/\"},{\"@type\":\"ListItem\",\"position\":2,\"name\":\"Restaurant: la bonne cuisine marocaine\",\"item\":\"https:\/\/www.riyadelcadi.com\/fr\/restaurant-cuisine-m\/\"},{\"@type\":\"ListItem\",\"position\":3,\"name\":\"New Years Eve Dinner\"}]},{\"@type\":\"WebSite\",\"@id\":\"https:\/\/www.riyadelcadi.com\/fr\/#website\",\"url\":\"https:\/\/www.riyadelcadi.com\/fr\/\",\"name\":\"Riyad El Cadi\",\"description\":\"Riad avec du style in Marrakech\",\"potentialAction\":[{\"@type\":\"SearchAction\",\"target\":{\"@type\":\"EntryPoint\",\"urlTemplate\":\"https:\/\/www.riyadelcadi.com\/fr\/?s={search_term_string}\"},\"query-input\":{\"@type\":\"PropertyValueSpecification\",\"valueRequired\":true,\"valueName\":\"search_term_string\"}}],\"inLanguage\":\"fr-FR\"}]}<\/script>\n<!-- \/ Yoast SEO plugin. -->","yoast_head_json":{"title":"New Years Eve Dinner - Riyad El Cadi","robots":{"index":"index","follow":"follow","max-snippet":"max-snippet:-1","max-image-preview":"max-image-preview:large","max-video-preview":"max-video-preview:-1"},"canonical":"https:\/\/www.riyadelcadi.com\/fr\/restaurant-cuisine-m\/new-years-eve-dinner\/","og_locale":"fr_FR","og_type":"article","og_title":"New Years Eve Dinner - Riyad El Cadi","og_description":"We would love to celebrate New Years Eve 2017 with you and have prepared a wonderful menu for you Please join us for our gala dinner! Reservation New Years Eve Dinner &nbsp; 5 Courses\u00a0(1.500 DH per\u00a0Person) &#8211; with live music: [themecolor]Hu\u00eetres et\u00a0Champagne[\/themecolor] Oyster and Champagne **************** [themecolor]Cr\u00e8me d\u2019or de potiron et safran[\/themecolor] Golden cream of [&hellip;]","og_url":"https:\/\/www.riyadelcadi.com\/fr\/restaurant-cuisine-m\/new-years-eve-dinner\/","og_site_name":"Riyad El Cadi","article_publisher":"https:\/\/www.facebook.com\/RiyadElCadi\/","article_modified_time":"2024-01-30T15:18:06+00:00","og_image":[{"width":683,"height":1024,"url":"https:\/\/www.riyadelcadi.com\/wp-content\/uploads\/2019\/02\/MG_4738-1.jpg","type":"image\/jpeg"}],"twitter_card":"summary_large_image","twitter_misc":{"Dur\u00e9e de lecture estim\u00e9e":"2 minutes"},"schema":{"@context":"https:\/\/schema.org","@graph":[{"@type":"WebPage","@id":"https:\/\/www.riyadelcadi.com\/fr\/restaurant-cuisine-m\/new-years-eve-dinner\/","url":"https:\/\/www.riyadelcadi.com\/fr\/restaurant-cuisine-m\/new-years-eve-dinner\/","name":"New Years Eve Dinner - Riyad El Cadi","isPartOf":{"@id":"https:\/\/www.riyadelcadi.com\/fr\/#website"},"datePublished":"2017-12-20T18:32:06+00:00","dateModified":"2024-01-30T15:18:06+00:00","breadcrumb":{"@id":"https:\/\/www.riyadelcadi.com\/fr\/restaurant-cuisine-m\/new-years-eve-dinner\/#breadcrumb"},"inLanguage":"fr-FR","potentialAction":[{"@type":"ReadAction","target":["https:\/\/www.riyadelcadi.com\/fr\/restaurant-cuisine-m\/new-years-eve-dinner\/"]}]},{"@type":"BreadcrumbList","@id":"https:\/\/www.riyadelcadi.com\/fr\/restaurant-cuisine-m\/new-years-eve-dinner\/#breadcrumb","itemListElement":[{"@type":"ListItem","position":1,"name":"Accueil","item":"https:\/\/www.riyadelcadi.com\/fr\/"},{"@type":"ListItem","position":2,"name":"Restaurant: la bonne cuisine marocaine","item":"https:\/\/www.riyadelcadi.com\/fr\/restaurant-cuisine-m\/"},{"@type":"ListItem","position":3,"name":"New Years Eve Dinner"}]},{"@type":"WebSite","@id":"https:\/\/www.riyadelcadi.com\/fr\/#website","url":"https:\/\/www.riyadelcadi.com\/fr\/","name":"Riyad El Cadi","description":"Riad avec du style in Marrakech","potentialAction":[{"@type":"SearchAction","target":{"@type":"EntryPoint","urlTemplate":"https:\/\/www.riyadelcadi.com\/fr\/?s={search_term_string}"},"query-input":{"@type":"PropertyValueSpecification","valueRequired":true,"valueName":"search_term_string"}}],"inLanguage":"fr-FR"}]}},"_links":{"self":[{"href":"https:\/\/www.riyadelcadi.com\/fr\/wp-json\/wp\/v2\/pages\/21236"}],"collection":[{"href":"https:\/\/www.riyadelcadi.com\/fr\/wp-json\/wp\/v2\/pages"}],"about":[{"href":"https:\/\/www.riyadelcadi.com\/fr\/wp-json\/wp\/v2\/types\/page"}],"author":[{"embeddable":true,"href":"https:\/\/www.riyadelcadi.com\/fr\/wp-json\/wp\/v2\/users\/4"}],"replies":[{"embeddable":true,"href":"https:\/\/www.riyadelcadi.com\/fr\/wp-json\/wp\/v2\/comments?post=21236"}],"version-history":[{"count":1,"href":"https:\/\/www.riyadelcadi.com\/fr\/wp-json\/wp\/v2\/pages\/21236\/revisions"}],"predecessor-version":[{"id":33578,"href":"https:\/\/www.riyadelcadi.com\/fr\/wp-json\/wp\/v2\/pages\/21236\/revisions\/33578"}],"up":[{"embeddable":true,"href":"https:\/\/www.riyadelcadi.com\/fr\/wp-json\/wp\/v2\/pages\/17081"}],"wp:attachment":[{"href":"https:\/\/www.riyadelcadi.com\/fr\/wp-json\/wp\/v2\/media?parent=21236"}],"curies":[{"name":"wp","href":"https:\/\/api.w.org\/{rel}","templated":true}]}}