{"id":17235,"date":"2011-08-09T19:02:28","date_gmt":"2011-08-09T17:02:28","guid":{"rendered":"http:\/\/www.riyadelcadi.com\/?page_id=17235&#038;lang=fr"},"modified":"2022-12-04T15:53:55","modified_gmt":"2022-12-04T14:53:55","slug":"vip-package","status":"publish","type":"page","link":"https:\/\/www.riyadelcadi.com\/fr\/offres\/vip-package\/","title":{"rendered":"VIP Package: Marrakech de luxe"},"content":{"rendered":"<div class=\"wpb-content-wrapper\"><p>[vc_section][vc_row][vc_column][vc_column_text]<\/p>\n<h2 style=\"text-align: center;\"><strong>Laisser le Riyad El Cadi vous bichonner<\/strong><\/h2>\n<p>[\/vc_column_text][\/vc_column][\/vc_row][vc_row][vc_column width=\u00a0\u00bb1\/2&Prime;][vc_column_text]<\/p>\n<h2><strong>INCLUS DANS LE LUXURY-VIP-PACAKGE:<\/strong><\/h2>\n<ul>\n<li><strong>3\u00a0nuits<\/strong> dans une <strong>suite<\/strong><\/li>\n<li><strong>Transfert<\/strong> de\/\u00e0 l\u2019a\u00e9roport Marrakech Menara avec limousine et chauffeur priv\u00e9s<\/li>\n<li>R\u00e9ception VIP avec jus d\u2019orange frais et des petits g\u00e2teaux Marocains<\/li>\n<li><strong>Tour de ville<\/strong> (3 heures) avec guide certifi\u00e9<\/li>\n<li><strong>Hammam<\/strong> pour 2 personnes incluant un gommage et un <strong>massage<\/strong> relaxant (pour 2 personnes).<\/li>\n<li>Eau min\u00e9rale pendant tout le s\u00e9jour.<\/li>\n<li>Th\u00e9 ou caf\u00e9 les apr\u00e8s midis.<\/li>\n<li>Bouquet de roses et corbeille de fruits dans la chambre pour vous souhaiter le bien venu.<\/li>\n<li>Notre chef Hassan est honor\u00e9 de vous offrir dans le patio ou dans une de nos salles \u00e0 manger <strong>un diner aux chandelles<\/strong>, de l\u2019eau min\u00e9rale et du caf\u00e9 ou th\u00e9 inclus.<\/li>\n<\/ul>\n<p>[\/vc_column_text]<div class=\"ut-btn-group  ut-btn-group-center ut-btn-group-tablet-center ut-btn-group-mobile-center clearfix\"><style type=\"text\/css\">#bklyn_btn_69ef70aec0c0d .bklyn-btn { color:#ffffff !important; background-color:#193d38 !important; }#bklyn_btn_69ef70aec0c0d .bklyn-btn:hover{ color:#ffffff !important; background-color:#46635f !important; }#bklyn_btn_69ef70aec0c0d .bklyn-btn:focus{ color:#ffffff !important; background-color:#46635f !important; }#bklyn_btn_69ef70aec0c0d .bklyn-btn:active { color:#ffffff !important; background-color:#46635f !important; }<\/style><div id=\"bklyn_btn_69ef70aec0c0d\" class=\"bklyn-btn-holder btn-green bklyn-btn-first bklyn-btn-center bklyn-btn-tablet-center bklyn-btn-mobile-center\"><a title=\"\"   href=\"mailto:info@riyadelcadi.com\" target=\"_self\" class=\"bklyn-btn  bklyn-btn-small\" ><span class=\"ut-btn-text\">Contact Us<\/span><\/a><\/div><style type=\"text\/css\">#bklyn_btn_69ef70aec0cef .bklyn-btn { color:#ffffff !important; background-color:#eca65c !important; }#bklyn_btn_69ef70aec0cef .bklyn-btn:hover{ color:#ffffff !important; background-color:#efb273 !important; }#bklyn_btn_69ef70aec0cef .bklyn-btn:focus{ color:#ffffff !important; background-color:#efb273 !important; }#bklyn_btn_69ef70aec0cef .bklyn-btn:active { color:#ffffff !important; background-color:#efb273 !important; }<\/style><div id=\"bklyn_btn_69ef70aec0cef\" class=\"bklyn-btn-holder  bklyn-btn-last bklyn-btn-center bklyn-btn-tablet-center bklyn-btn-mobile-center\"><a title=\"\"   href=\"https:\/\/www.riyadelcadi.com\/reservation\/\" target=\"_self\" class=\"bklyn-btn  bklyn-btn-small\" ><span class=\"ut-btn-text\">Reservation<\/span><\/a><\/div><\/div>[\/vc_column][vc_column width=\u00a0\u00bb1\/2&Prime; css=\u00a0\u00bb.vc_custom_1549562713070{border-left-width: 1px !important;padding-left: 60px !important;border-left-color: #b7b7b7 !important;border-left-style: solid !important;border-radius: 2px !important;}\u00a0\u00bb][vc_column_text]<\/p>\n<h3><strong>VIP-Package Prix<br \/>\n<\/strong><\/h3>\n<ul>\n<li>Saison normal : Par couple dans une Suite Junior 1135 \u20ac, Suite Senior 1270 \u20ac<\/li>\n<li>Haute saison: Par couple dans une Suite Junior 1210 \u20ac, Suite Senior 1360 \u20ac.<\/li>\n<li>Basse saison: Par couple dans une Suite Junior 1055 \u20ac, Suite Senior 1180 \u20ac.<\/li>\n<\/ul>\n<p>Vous pr\u00e9f\u00e9rez un s\u00e9jour plus long, nous vous offrons des nuits de plus avec un prix sp\u00e9cial.<\/p>\n<p>Cette offre est valable toute l\u2019ann\u00e9e.[\/vc_column_text][\/vc_column][\/vc_row][vc_row][vc_column][vc_empty_space][\/vc_column][\/vc_row][\/vc_section]<\/p>\n<\/div>","protected":false},"excerpt":{"rendered":"<p>[vc_section][vc_row][vc_column][vc_column_text] Laisser le Riyad El Cadi vous bichonner [\/vc_column_text][\/vc_column][\/vc_row][vc_row][vc_column width=\u00a0\u00bb1\/2&Prime;][vc_column_text] INCLUS DANS LE LUXURY-VIP-PACAKGE: 3\u00a0nuits dans une suite Transfert de\/\u00e0 l\u2019a\u00e9roport Marrakech Menara avec limousine et chauffeur priv\u00e9s R\u00e9ception VIP avec jus d\u2019orange frais et des petits g\u00e2teaux Marocains Tour de ville (3 heures) avec guide certifi\u00e9 Hammam pour 2 personnes incluant un gommage et [&hellip;]<\/p>\n","protected":false},"author":4,"featured_media":23610,"parent":26045,"menu_order":5,"comment_status":"closed","ping_status":"closed","template":"","meta":{"footnotes":""},"yoast_head":"<!-- This site is optimized with the Yoast SEO plugin v24.5 - https:\/\/yoast.com\/wordpress\/plugins\/seo\/ -->\n<title>VIP Package: Marrakech de luxe - Riyad El Cadi<\/title>\n<meta name=\"robots\" content=\"index, follow, max-snippet:-1, max-image-preview:large, max-video-preview:-1\" \/>\n<link rel=\"canonical\" href=\"https:\/\/www.riyadelcadi.com\/fr\/offres\/vip-package\/\" \/>\n<meta property=\"og:locale\" content=\"fr_FR\" \/>\n<meta property=\"og:type\" content=\"article\" \/>\n<meta property=\"og:title\" content=\"VIP Package: Marrakech de luxe - Riyad El Cadi\" \/>\n<meta property=\"og:description\" content=\"[vc_section][vc_row][vc_column][vc_column_text] Laisser le Riyad El Cadi vous bichonner [\/vc_column_text][\/vc_column][\/vc_row][vc_row][vc_column width=\u00a0\u00bb1\/2&Prime;][vc_column_text] INCLUS DANS LE LUXURY-VIP-PACAKGE: 3\u00a0nuits dans une suite Transfert de\/\u00e0 l\u2019a\u00e9roport Marrakech Menara avec limousine et chauffeur priv\u00e9s R\u00e9ception VIP avec jus d\u2019orange frais et des petits g\u00e2teaux Marocains Tour de ville (3 heures) avec guide certifi\u00e9 Hammam pour 2 personnes incluant un gommage et [&hellip;]\" \/>\n<meta property=\"og:url\" content=\"https:\/\/www.riyadelcadi.com\/fr\/offres\/vip-package\/\" \/>\n<meta property=\"og:site_name\" content=\"Riyad El Cadi\" \/>\n<meta property=\"article:publisher\" content=\"https:\/\/www.facebook.com\/RiyadElCadi\/\" \/>\n<meta property=\"article:modified_time\" content=\"2022-12-04T14:53:55+00:00\" \/>\n<meta property=\"og:image\" content=\"https:\/\/www.riyadelcadi.com\/wp-content\/uploads\/2019\/02\/Curtain-Pattern_jed.kaoru_.share_.jpg\" \/>\n\t<meta property=\"og:image:width\" content=\"1280\" \/>\n\t<meta property=\"og:image:height\" content=\"853\" \/>\n\t<meta property=\"og:image:type\" content=\"image\/jpeg\" \/>\n<meta name=\"twitter:card\" content=\"summary_large_image\" \/>\n<meta name=\"twitter:label1\" content=\"Dur\u00e9e de lecture estim\u00e9e\" \/>\n\t<meta name=\"twitter:data1\" content=\"2 minutes\" \/>\n<script type=\"application\/ld+json\" class=\"yoast-schema-graph\">{\"@context\":\"https:\/\/schema.org\",\"@graph\":[{\"@type\":\"WebPage\",\"@id\":\"https:\/\/www.riyadelcadi.com\/fr\/offres\/vip-package\/\",\"url\":\"https:\/\/www.riyadelcadi.com\/fr\/offres\/vip-package\/\",\"name\":\"VIP Package: Marrakech de luxe - Riyad El Cadi\",\"isPartOf\":{\"@id\":\"https:\/\/www.riyadelcadi.com\/fr\/#website\"},\"primaryImageOfPage\":{\"@id\":\"https:\/\/www.riyadelcadi.com\/fr\/offres\/vip-package\/#primaryimage\"},\"image\":{\"@id\":\"https:\/\/www.riyadelcadi.com\/fr\/offres\/vip-package\/#primaryimage\"},\"thumbnailUrl\":\"https:\/\/www.riyadelcadi.com\/wp-content\/uploads\/2019\/02\/Curtain-Pattern_jed.kaoru_.share_.jpg\",\"datePublished\":\"2011-08-09T17:02:28+00:00\",\"dateModified\":\"2022-12-04T14:53:55+00:00\",\"breadcrumb\":{\"@id\":\"https:\/\/www.riyadelcadi.com\/fr\/offres\/vip-package\/#breadcrumb\"},\"inLanguage\":\"fr-FR\",\"potentialAction\":[{\"@type\":\"ReadAction\",\"target\":[\"https:\/\/www.riyadelcadi.com\/fr\/offres\/vip-package\/\"]}]},{\"@type\":\"ImageObject\",\"inLanguage\":\"fr-FR\",\"@id\":\"https:\/\/www.riyadelcadi.com\/fr\/offres\/vip-package\/#primaryimage\",\"url\":\"https:\/\/www.riyadelcadi.com\/wp-content\/uploads\/2019\/02\/Curtain-Pattern_jed.kaoru_.share_.jpg\",\"contentUrl\":\"https:\/\/www.riyadelcadi.com\/wp-content\/uploads\/2019\/02\/Curtain-Pattern_jed.kaoru_.share_.jpg\",\"width\":1280,\"height\":853},{\"@type\":\"BreadcrumbList\",\"@id\":\"https:\/\/www.riyadelcadi.com\/fr\/offres\/vip-package\/#breadcrumb\",\"itemListElement\":[{\"@type\":\"ListItem\",\"position\":1,\"name\":\"Accueil\",\"item\":\"https:\/\/www.riyadelcadi.com\/fr\/\"},{\"@type\":\"ListItem\",\"position\":2,\"name\":\"Offres\",\"item\":\"https:\/\/www.riyadelcadi.com\/fr\/offres\/\"},{\"@type\":\"ListItem\",\"position\":3,\"name\":\"VIP Package: Marrakech de luxe\"}]},{\"@type\":\"WebSite\",\"@id\":\"https:\/\/www.riyadelcadi.com\/fr\/#website\",\"url\":\"https:\/\/www.riyadelcadi.com\/fr\/\",\"name\":\"Riyad El Cadi\",\"description\":\"Riad avec du style in Marrakech\",\"potentialAction\":[{\"@type\":\"SearchAction\",\"target\":{\"@type\":\"EntryPoint\",\"urlTemplate\":\"https:\/\/www.riyadelcadi.com\/fr\/?s={search_term_string}\"},\"query-input\":{\"@type\":\"PropertyValueSpecification\",\"valueRequired\":true,\"valueName\":\"search_term_string\"}}],\"inLanguage\":\"fr-FR\"}]}<\/script>\n<!-- \/ Yoast SEO plugin. -->","yoast_head_json":{"title":"VIP Package: Marrakech de luxe - Riyad El Cadi","robots":{"index":"index","follow":"follow","max-snippet":"max-snippet:-1","max-image-preview":"max-image-preview:large","max-video-preview":"max-video-preview:-1"},"canonical":"https:\/\/www.riyadelcadi.com\/fr\/offres\/vip-package\/","og_locale":"fr_FR","og_type":"article","og_title":"VIP Package: Marrakech de luxe - Riyad El Cadi","og_description":"[vc_section][vc_row][vc_column][vc_column_text] Laisser le Riyad El Cadi vous bichonner [\/vc_column_text][\/vc_column][\/vc_row][vc_row][vc_column width=\u00a0\u00bb1\/2&Prime;][vc_column_text] INCLUS DANS LE LUXURY-VIP-PACAKGE: 3\u00a0nuits dans une suite Transfert de\/\u00e0 l\u2019a\u00e9roport Marrakech Menara avec limousine et chauffeur priv\u00e9s R\u00e9ception VIP avec jus d\u2019orange frais et des petits g\u00e2teaux Marocains Tour de ville (3 heures) avec guide certifi\u00e9 Hammam pour 2 personnes incluant un gommage et [&hellip;]","og_url":"https:\/\/www.riyadelcadi.com\/fr\/offres\/vip-package\/","og_site_name":"Riyad El Cadi","article_publisher":"https:\/\/www.facebook.com\/RiyadElCadi\/","article_modified_time":"2022-12-04T14:53:55+00:00","og_image":[{"width":1280,"height":853,"url":"https:\/\/www.riyadelcadi.com\/wp-content\/uploads\/2019\/02\/Curtain-Pattern_jed.kaoru_.share_.jpg","type":"image\/jpeg"}],"twitter_card":"summary_large_image","twitter_misc":{"Dur\u00e9e de lecture estim\u00e9e":"2 minutes"},"schema":{"@context":"https:\/\/schema.org","@graph":[{"@type":"WebPage","@id":"https:\/\/www.riyadelcadi.com\/fr\/offres\/vip-package\/","url":"https:\/\/www.riyadelcadi.com\/fr\/offres\/vip-package\/","name":"VIP Package: Marrakech de luxe - Riyad El Cadi","isPartOf":{"@id":"https:\/\/www.riyadelcadi.com\/fr\/#website"},"primaryImageOfPage":{"@id":"https:\/\/www.riyadelcadi.com\/fr\/offres\/vip-package\/#primaryimage"},"image":{"@id":"https:\/\/www.riyadelcadi.com\/fr\/offres\/vip-package\/#primaryimage"},"thumbnailUrl":"https:\/\/www.riyadelcadi.com\/wp-content\/uploads\/2019\/02\/Curtain-Pattern_jed.kaoru_.share_.jpg","datePublished":"2011-08-09T17:02:28+00:00","dateModified":"2022-12-04T14:53:55+00:00","breadcrumb":{"@id":"https:\/\/www.riyadelcadi.com\/fr\/offres\/vip-package\/#breadcrumb"},"inLanguage":"fr-FR","potentialAction":[{"@type":"ReadAction","target":["https:\/\/www.riyadelcadi.com\/fr\/offres\/vip-package\/"]}]},{"@type":"ImageObject","inLanguage":"fr-FR","@id":"https:\/\/www.riyadelcadi.com\/fr\/offres\/vip-package\/#primaryimage","url":"https:\/\/www.riyadelcadi.com\/wp-content\/uploads\/2019\/02\/Curtain-Pattern_jed.kaoru_.share_.jpg","contentUrl":"https:\/\/www.riyadelcadi.com\/wp-content\/uploads\/2019\/02\/Curtain-Pattern_jed.kaoru_.share_.jpg","width":1280,"height":853},{"@type":"BreadcrumbList","@id":"https:\/\/www.riyadelcadi.com\/fr\/offres\/vip-package\/#breadcrumb","itemListElement":[{"@type":"ListItem","position":1,"name":"Accueil","item":"https:\/\/www.riyadelcadi.com\/fr\/"},{"@type":"ListItem","position":2,"name":"Offres","item":"https:\/\/www.riyadelcadi.com\/fr\/offres\/"},{"@type":"ListItem","position":3,"name":"VIP Package: Marrakech de luxe"}]},{"@type":"WebSite","@id":"https:\/\/www.riyadelcadi.com\/fr\/#website","url":"https:\/\/www.riyadelcadi.com\/fr\/","name":"Riyad El Cadi","description":"Riad avec du style in Marrakech","potentialAction":[{"@type":"SearchAction","target":{"@type":"EntryPoint","urlTemplate":"https:\/\/www.riyadelcadi.com\/fr\/?s={search_term_string}"},"query-input":{"@type":"PropertyValueSpecification","valueRequired":true,"valueName":"search_term_string"}}],"inLanguage":"fr-FR"}]}},"_links":{"self":[{"href":"https:\/\/www.riyadelcadi.com\/fr\/wp-json\/wp\/v2\/pages\/17235"}],"collection":[{"href":"https:\/\/www.riyadelcadi.com\/fr\/wp-json\/wp\/v2\/pages"}],"about":[{"href":"https:\/\/www.riyadelcadi.com\/fr\/wp-json\/wp\/v2\/types\/page"}],"author":[{"embeddable":true,"href":"https:\/\/www.riyadelcadi.com\/fr\/wp-json\/wp\/v2\/users\/4"}],"replies":[{"embeddable":true,"href":"https:\/\/www.riyadelcadi.com\/fr\/wp-json\/wp\/v2\/comments?post=17235"}],"version-history":[{"count":0,"href":"https:\/\/www.riyadelcadi.com\/fr\/wp-json\/wp\/v2\/pages\/17235\/revisions"}],"up":[{"embeddable":true,"href":"https:\/\/www.riyadelcadi.com\/fr\/wp-json\/wp\/v2\/pages\/26045"}],"wp:featuredmedia":[{"embeddable":true,"href":"https:\/\/www.riyadelcadi.com\/fr\/wp-json\/wp\/v2\/media\/23610"}],"wp:attachment":[{"href":"https:\/\/www.riyadelcadi.com\/fr\/wp-json\/wp\/v2\/media?parent=17235"}],"curies":[{"name":"wp","href":"https:\/\/api.w.org\/{rel}","templated":true}]}}