{"id":17212,"date":"2011-08-09T18:56:34","date_gmt":"2011-08-09T16:56:34","guid":{"rendered":"http:\/\/www.riyadelcadi.com\/?page_id=17212&#038;lang=fr"},"modified":"2022-09-23T10:47:05","modified_gmt":"2022-09-23T08:47:05","slug":"early-bird","status":"publish","type":"page","link":"https:\/\/www.riyadelcadi.com\/fr\/offres\/early-bird\/","title":{"rendered":"Early Bird: jusqu&rsquo;au 20% pour des r\u00e9servations bien d&rsquo;avance"},"content":{"rendered":"<div class=\"wpb-content-wrapper\"><p>[vc_section][vc_row][vc_column][vc_column_text]<\/p>\n<h2 class=\"page-title\" style=\"text-align: center;\"><strong>Vous aimez planifier vos vacances assez t\u00f4t? Le Riyad El Cadi r\u00e9compense les \u201cearly birds\u201d! <\/strong>Si vous r\u00e9servez votre s\u00e9jour au moins 3 mois avant votre date d\u2019arriv\u00e9e, vous \u00e9pargnez 10-20% sur le tarif de chambre.<\/h2>\n<p>[\/vc_column_text][\/vc_column][\/vc_row][vc_row equal_height=\u00a0\u00bbyes\u00a0\u00bb content_placement=\u00a0\u00bbtop\u00a0\u00bb][vc_column width=\u00a0\u00bb1\/2&Prime;][vc_column_text]<\/p>\n<h3>Inclus dans l\u2019offre Early Bird:<\/h3>\n<ul>\n<li>jusqu&rsquo;au 20% r\u00e9duction sur les prix de chambre (sauf Maison Bleue)<\/li>\n<li>Accommodation pour 2 personnes<\/li>\n<li>Petit d\u00e9jeuner sur la terrasse avec vue sur l\u2019Atlas<\/li>\n<li>Boisson de bien venu<\/li>\n<li>Wifi<\/li>\n<li>Service porteur: la m\u00e9dina n\u2019est pas facile de traverser avec une valise. Notre porteur vous aide trouver le riad.<\/li>\n<\/ul>\n<p>[\/vc_column_text]<div class=\"ut-btn-group  ut-btn-group-center ut-btn-group-tablet-center ut-btn-group-mobile-center clearfix\"><style type=\"text\/css\">#bklyn_btn_69d013e7d02a0 .bklyn-btn { color:#ffffff !important; background-color:#193d38 !important; }#bklyn_btn_69d013e7d02a0 .bklyn-btn:hover{ color:#ffffff !important; background-color:#46635f !important; }#bklyn_btn_69d013e7d02a0 .bklyn-btn:focus{ color:#ffffff !important; background-color:#46635f !important; }#bklyn_btn_69d013e7d02a0 .bklyn-btn:active { color:#ffffff !important; background-color:#46635f !important; }<\/style><div id=\"bklyn_btn_69d013e7d02a0\" class=\"bklyn-btn-holder btn-green bklyn-btn-first bklyn-btn-center bklyn-btn-tablet-center bklyn-btn-mobile-center\"><a title=\"\"   href=\"mailto:info@riyadelcadi.com\" target=\"_self\" class=\"bklyn-btn  bklyn-btn-small\" ><span class=\"ut-btn-text\">Contact<\/span><\/a><\/div><style type=\"text\/css\">#bklyn_btn_69d013e7d03aa .bklyn-btn { color:#ffffff !important; background-color:#eca65c !important; }#bklyn_btn_69d013e7d03aa .bklyn-btn:hover{ color:#ffffff !important; background-color:#efb273 !important; }#bklyn_btn_69d013e7d03aa .bklyn-btn:focus{ color:#ffffff !important; background-color:#efb273 !important; }#bklyn_btn_69d013e7d03aa .bklyn-btn:active { color:#ffffff !important; background-color:#efb273 !important; }<\/style><div id=\"bklyn_btn_69d013e7d03aa\" class=\"bklyn-btn-holder  bklyn-btn-last bklyn-btn-center bklyn-btn-tablet-center bklyn-btn-mobile-center\"><a title=\"\"   href=\"https:\/\/direct-book.com\/properties\/riyadelcadidirect?number_nights=3&#038;number_adults=2&#038;promotion_code=Special\" target=\"_blank\" class=\"bklyn-btn  bklyn-btn-small\" ><span class=\"ut-btn-text\">R\u00e9servation<\/span><\/a><\/div><\/div>[\/vc_column][vc_column width=\u00a0\u00bb1\/2&Prime; css=\u00a0\u00bb.vc_custom_1549562713070{border-left-width: 1px !important;padding-left: 60px !important;border-left-color: #b7b7b7 !important;border-left-style: solid !important;border-radius: 2px !important;}\u00a0\u00bb][vc_column_text]<\/p>\n<h3>Conditions:<\/h3>\n<ul>\n<li>Il est imp\u00e9ratif de r\u00e9server la chambre au moins <strong>3 mois avant<\/strong> votre arriv\u00e9e.<\/li>\n<li><strong>Minimum s\u00e9jour<\/strong> de 3 nuits.<\/li>\n<li>Applicable sur nos chambres double, single et nos suites. <strong>Pas applicable<\/strong> sur le tarif de la <strong>Maison Bleue.<\/strong><\/li>\n<li>L\u2019offre n\u2019est pas valable pour des hautes saisons (Noel, nouvel an, p\u00e2ques). Il ne peut pas \u00eatre appliqu\u00e9 sur des r\u00e9servations d\u00e9j\u00e0 existantes ou bien des autre offres.<\/li>\n<li>Le prix du s\u00e9jour est pay\u00e9 par carte de cr\u00e9dit au moment de la r\u00e9servation.<\/li>\n<li>La r\u00e9servation <strong>ne peut pas \u00eatre modifi\u00e9e ni rembours\u00e9e<\/strong>.<\/li>\n<\/ul>\n<p>[\/vc_column_text][\/vc_column][\/vc_row][\/vc_section]<\/p>\n<\/div>","protected":false},"excerpt":{"rendered":"<p>[vc_section][vc_row][vc_column][vc_column_text] Vous aimez planifier vos vacances assez t\u00f4t? Le Riyad El Cadi r\u00e9compense les \u201cearly birds\u201d! Si vous r\u00e9servez votre s\u00e9jour au moins 3 mois avant votre date d\u2019arriv\u00e9e, vous \u00e9pargnez 10-20% sur le tarif de chambre. [\/vc_column_text][\/vc_column][\/vc_row][vc_row equal_height=\u00a0\u00bbyes\u00a0\u00bb content_placement=\u00a0\u00bbtop\u00a0\u00bb][vc_column width=\u00a0\u00bb1\/2&Prime;][vc_column_text] Inclus dans l\u2019offre Early Bird: jusqu&rsquo;au 20% r\u00e9duction sur les prix de chambre (sauf [&hellip;]<\/p>\n","protected":false},"author":4,"featured_media":19135,"parent":26045,"menu_order":3,"comment_status":"closed","ping_status":"closed","template":"","meta":{"footnotes":""},"yoast_head":"<!-- This site is optimized with the Yoast SEO plugin v24.5 - https:\/\/yoast.com\/wordpress\/plugins\/seo\/ -->\n<title>Early Bird: jusqu&#039;au 20% pour des r\u00e9servations bien d&#039;avance - Riyad El Cadi<\/title>\n<meta name=\"robots\" content=\"index, follow, max-snippet:-1, max-image-preview:large, max-video-preview:-1\" \/>\n<link rel=\"canonical\" href=\"https:\/\/www.riyadelcadi.com\/fr\/offres\/early-bird\/\" \/>\n<meta property=\"og:locale\" content=\"fr_FR\" \/>\n<meta property=\"og:type\" content=\"article\" \/>\n<meta property=\"og:title\" content=\"Early Bird: jusqu&#039;au 20% pour des r\u00e9servations bien d&#039;avance - Riyad El Cadi\" \/>\n<meta property=\"og:description\" content=\"[vc_section][vc_row][vc_column][vc_column_text] Vous aimez planifier vos vacances assez t\u00f4t? Le Riyad El Cadi r\u00e9compense les \u201cearly birds\u201d! Si vous r\u00e9servez votre s\u00e9jour au moins 3 mois avant votre date d\u2019arriv\u00e9e, vous \u00e9pargnez 10-20% sur le tarif de chambre. [\/vc_column_text][\/vc_column][\/vc_row][vc_row equal_height=\u00a0\u00bbyes\u00a0\u00bb content_placement=\u00a0\u00bbtop\u00a0\u00bb][vc_column width=\u00a0\u00bb1\/2&Prime;][vc_column_text] Inclus dans l\u2019offre Early Bird: jusqu&rsquo;au 20% r\u00e9duction sur les prix de chambre (sauf [&hellip;]\" \/>\n<meta property=\"og:url\" content=\"https:\/\/www.riyadelcadi.com\/fr\/offres\/early-bird\/\" \/>\n<meta property=\"og:site_name\" content=\"Riyad El Cadi\" \/>\n<meta property=\"article:publisher\" content=\"https:\/\/www.facebook.com\/RiyadElCadi\/\" \/>\n<meta property=\"article:modified_time\" content=\"2022-09-23T08:47:05+00:00\" \/>\n<meta property=\"og:image\" content=\"https:\/\/www.riyadelcadi.com\/wp-content\/uploads\/2016\/03\/Door-Pattern-2_jed.kaoru_.share_.jpg\" \/>\n\t<meta property=\"og:image:width\" content=\"1280\" \/>\n\t<meta property=\"og:image:height\" content=\"853\" \/>\n\t<meta property=\"og:image:type\" content=\"image\/jpeg\" \/>\n<meta name=\"twitter:card\" content=\"summary_large_image\" \/>\n<meta name=\"twitter:label1\" content=\"Dur\u00e9e de lecture estim\u00e9e\" \/>\n\t<meta name=\"twitter:data1\" content=\"2 minutes\" \/>\n<script type=\"application\/ld+json\" class=\"yoast-schema-graph\">{\"@context\":\"https:\/\/schema.org\",\"@graph\":[{\"@type\":\"WebPage\",\"@id\":\"https:\/\/www.riyadelcadi.com\/fr\/offres\/early-bird\/\",\"url\":\"https:\/\/www.riyadelcadi.com\/fr\/offres\/early-bird\/\",\"name\":\"Early Bird: jusqu'au 20% pour des r\u00e9servations bien d'avance - Riyad El Cadi\",\"isPartOf\":{\"@id\":\"https:\/\/www.riyadelcadi.com\/fr\/#website\"},\"primaryImageOfPage\":{\"@id\":\"https:\/\/www.riyadelcadi.com\/fr\/offres\/early-bird\/#primaryimage\"},\"image\":{\"@id\":\"https:\/\/www.riyadelcadi.com\/fr\/offres\/early-bird\/#primaryimage\"},\"thumbnailUrl\":\"https:\/\/www.riyadelcadi.com\/wp-content\/uploads\/2016\/03\/Door-Pattern-2_jed.kaoru_.share_.jpg\",\"datePublished\":\"2011-08-09T16:56:34+00:00\",\"dateModified\":\"2022-09-23T08:47:05+00:00\",\"breadcrumb\":{\"@id\":\"https:\/\/www.riyadelcadi.com\/fr\/offres\/early-bird\/#breadcrumb\"},\"inLanguage\":\"fr-FR\",\"potentialAction\":[{\"@type\":\"ReadAction\",\"target\":[\"https:\/\/www.riyadelcadi.com\/fr\/offres\/early-bird\/\"]}]},{\"@type\":\"ImageObject\",\"inLanguage\":\"fr-FR\",\"@id\":\"https:\/\/www.riyadelcadi.com\/fr\/offres\/early-bird\/#primaryimage\",\"url\":\"https:\/\/www.riyadelcadi.com\/wp-content\/uploads\/2016\/03\/Door-Pattern-2_jed.kaoru_.share_.jpg\",\"contentUrl\":\"https:\/\/www.riyadelcadi.com\/wp-content\/uploads\/2016\/03\/Door-Pattern-2_jed.kaoru_.share_.jpg\",\"width\":1280,\"height\":853,\"caption\":\"Detail\"},{\"@type\":\"BreadcrumbList\",\"@id\":\"https:\/\/www.riyadelcadi.com\/fr\/offres\/early-bird\/#breadcrumb\",\"itemListElement\":[{\"@type\":\"ListItem\",\"position\":1,\"name\":\"Accueil\",\"item\":\"https:\/\/www.riyadelcadi.com\/fr\/\"},{\"@type\":\"ListItem\",\"position\":2,\"name\":\"Offres\",\"item\":\"https:\/\/www.riyadelcadi.com\/fr\/offres\/\"},{\"@type\":\"ListItem\",\"position\":3,\"name\":\"Early Bird: jusqu&#8217;au 20% pour des r\u00e9servations bien d&#8217;avance\"}]},{\"@type\":\"WebSite\",\"@id\":\"https:\/\/www.riyadelcadi.com\/fr\/#website\",\"url\":\"https:\/\/www.riyadelcadi.com\/fr\/\",\"name\":\"Riyad El Cadi\",\"description\":\"Riad avec du style in Marrakech\",\"potentialAction\":[{\"@type\":\"SearchAction\",\"target\":{\"@type\":\"EntryPoint\",\"urlTemplate\":\"https:\/\/www.riyadelcadi.com\/fr\/?s={search_term_string}\"},\"query-input\":{\"@type\":\"PropertyValueSpecification\",\"valueRequired\":true,\"valueName\":\"search_term_string\"}}],\"inLanguage\":\"fr-FR\"}]}<\/script>\n<!-- \/ Yoast SEO plugin. -->","yoast_head_json":{"title":"Early Bird: jusqu'au 20% pour des r\u00e9servations bien d'avance - Riyad El Cadi","robots":{"index":"index","follow":"follow","max-snippet":"max-snippet:-1","max-image-preview":"max-image-preview:large","max-video-preview":"max-video-preview:-1"},"canonical":"https:\/\/www.riyadelcadi.com\/fr\/offres\/early-bird\/","og_locale":"fr_FR","og_type":"article","og_title":"Early Bird: jusqu'au 20% pour des r\u00e9servations bien d'avance - Riyad El Cadi","og_description":"[vc_section][vc_row][vc_column][vc_column_text] Vous aimez planifier vos vacances assez t\u00f4t? Le Riyad El Cadi r\u00e9compense les \u201cearly birds\u201d! Si vous r\u00e9servez votre s\u00e9jour au moins 3 mois avant votre date d\u2019arriv\u00e9e, vous \u00e9pargnez 10-20% sur le tarif de chambre. [\/vc_column_text][\/vc_column][\/vc_row][vc_row equal_height=\u00a0\u00bbyes\u00a0\u00bb content_placement=\u00a0\u00bbtop\u00a0\u00bb][vc_column width=\u00a0\u00bb1\/2&Prime;][vc_column_text] Inclus dans l\u2019offre Early Bird: jusqu&rsquo;au 20% r\u00e9duction sur les prix de chambre (sauf [&hellip;]","og_url":"https:\/\/www.riyadelcadi.com\/fr\/offres\/early-bird\/","og_site_name":"Riyad El Cadi","article_publisher":"https:\/\/www.facebook.com\/RiyadElCadi\/","article_modified_time":"2022-09-23T08:47:05+00:00","og_image":[{"width":1280,"height":853,"url":"https:\/\/www.riyadelcadi.com\/wp-content\/uploads\/2016\/03\/Door-Pattern-2_jed.kaoru_.share_.jpg","type":"image\/jpeg"}],"twitter_card":"summary_large_image","twitter_misc":{"Dur\u00e9e de lecture estim\u00e9e":"2 minutes"},"schema":{"@context":"https:\/\/schema.org","@graph":[{"@type":"WebPage","@id":"https:\/\/www.riyadelcadi.com\/fr\/offres\/early-bird\/","url":"https:\/\/www.riyadelcadi.com\/fr\/offres\/early-bird\/","name":"Early Bird: jusqu'au 20% pour des r\u00e9servations bien d'avance - Riyad El Cadi","isPartOf":{"@id":"https:\/\/www.riyadelcadi.com\/fr\/#website"},"primaryImageOfPage":{"@id":"https:\/\/www.riyadelcadi.com\/fr\/offres\/early-bird\/#primaryimage"},"image":{"@id":"https:\/\/www.riyadelcadi.com\/fr\/offres\/early-bird\/#primaryimage"},"thumbnailUrl":"https:\/\/www.riyadelcadi.com\/wp-content\/uploads\/2016\/03\/Door-Pattern-2_jed.kaoru_.share_.jpg","datePublished":"2011-08-09T16:56:34+00:00","dateModified":"2022-09-23T08:47:05+00:00","breadcrumb":{"@id":"https:\/\/www.riyadelcadi.com\/fr\/offres\/early-bird\/#breadcrumb"},"inLanguage":"fr-FR","potentialAction":[{"@type":"ReadAction","target":["https:\/\/www.riyadelcadi.com\/fr\/offres\/early-bird\/"]}]},{"@type":"ImageObject","inLanguage":"fr-FR","@id":"https:\/\/www.riyadelcadi.com\/fr\/offres\/early-bird\/#primaryimage","url":"https:\/\/www.riyadelcadi.com\/wp-content\/uploads\/2016\/03\/Door-Pattern-2_jed.kaoru_.share_.jpg","contentUrl":"https:\/\/www.riyadelcadi.com\/wp-content\/uploads\/2016\/03\/Door-Pattern-2_jed.kaoru_.share_.jpg","width":1280,"height":853,"caption":"Detail"},{"@type":"BreadcrumbList","@id":"https:\/\/www.riyadelcadi.com\/fr\/offres\/early-bird\/#breadcrumb","itemListElement":[{"@type":"ListItem","position":1,"name":"Accueil","item":"https:\/\/www.riyadelcadi.com\/fr\/"},{"@type":"ListItem","position":2,"name":"Offres","item":"https:\/\/www.riyadelcadi.com\/fr\/offres\/"},{"@type":"ListItem","position":3,"name":"Early Bird: jusqu&#8217;au 20% pour des r\u00e9servations bien d&#8217;avance"}]},{"@type":"WebSite","@id":"https:\/\/www.riyadelcadi.com\/fr\/#website","url":"https:\/\/www.riyadelcadi.com\/fr\/","name":"Riyad El Cadi","description":"Riad avec du style in Marrakech","potentialAction":[{"@type":"SearchAction","target":{"@type":"EntryPoint","urlTemplate":"https:\/\/www.riyadelcadi.com\/fr\/?s={search_term_string}"},"query-input":{"@type":"PropertyValueSpecification","valueRequired":true,"valueName":"search_term_string"}}],"inLanguage":"fr-FR"}]}},"_links":{"self":[{"href":"https:\/\/www.riyadelcadi.com\/fr\/wp-json\/wp\/v2\/pages\/17212"}],"collection":[{"href":"https:\/\/www.riyadelcadi.com\/fr\/wp-json\/wp\/v2\/pages"}],"about":[{"href":"https:\/\/www.riyadelcadi.com\/fr\/wp-json\/wp\/v2\/types\/page"}],"author":[{"embeddable":true,"href":"https:\/\/www.riyadelcadi.com\/fr\/wp-json\/wp\/v2\/users\/4"}],"replies":[{"embeddable":true,"href":"https:\/\/www.riyadelcadi.com\/fr\/wp-json\/wp\/v2\/comments?post=17212"}],"version-history":[{"count":0,"href":"https:\/\/www.riyadelcadi.com\/fr\/wp-json\/wp\/v2\/pages\/17212\/revisions"}],"up":[{"embeddable":true,"href":"https:\/\/www.riyadelcadi.com\/fr\/wp-json\/wp\/v2\/pages\/26045"}],"wp:featuredmedia":[{"embeddable":true,"href":"https:\/\/www.riyadelcadi.com\/fr\/wp-json\/wp\/v2\/media\/19135"}],"wp:attachment":[{"href":"https:\/\/www.riyadelcadi.com\/fr\/wp-json\/wp\/v2\/media?parent=17212"}],"curies":[{"name":"wp","href":"https:\/\/api.w.org\/{rel}","templated":true}]}}