{"id":17120,"date":"2011-07-30T22:48:44","date_gmt":"2011-07-30T20:48:44","guid":{"rendered":"http:\/\/www.riyadelcadi.com\/?page_id=17120&#038;lang=fr"},"modified":"2025-09-27T15:47:24","modified_gmt":"2025-09-27T13:47:24","slug":"situation-centre-medina","status":"publish","type":"page","link":"https:\/\/www.riyadelcadi.com\/fr\/riad-3\/situation-centre-medina\/","title":{"rendered":"Situation"},"content":{"rendered":"<div class=\"wpb-content-wrapper\"><p>[vc_section][vc_row][vc_column][vc_column_text]<\/p>\n<div id=\"midr\">\n<div>\n<div id=\"textr\">\n<h2><strong>Le Riyad El Cadi est situ\u00e9 en plein centre de la vieille ville de Marrakech, au fond de trois impasses, ce qui lui procure une tranquillit\u00e9 exceptionnelle.<\/strong><\/h2>\n<p>Pour aller aux restaurants ou au golf, vous regagnez la place Jemaa el-Fna et trouvez les petits taxis qui y passent jour et nuit.<\/p>\n<\/div>\n<div>Nos trois entr\u00e9es permettent de se rendre en tr\u00e8s peu de temps aux quatre coins de la m\u00e9dina.<\/div>\n<\/div>\n<\/div>\n<p>[\/vc_column_text][vc_row_inner content_placement=\u00a0\u00bbmiddle\u00a0\u00bb][vc_column_inner width=\u00a0\u00bb1\/2&Prime;][vc_column_text]<strong>Notre adresse:<\/strong><\/p>\n<p>Riyad El Cadi SARL<br \/>\n86\/87 Derb Moulay Abdelkader Dabachi<br \/>\nB.P. 101 40000 Marrakech-M\u00e9dina<\/p>\n<p><strong>Tel.: +212 524 378 478<\/strong><\/p>\n<div  class=\"wpb_content_element   vc_custom_1706624891090 clearfix\"><style type=\"text\/css\">#ut_am_69ef7293222c9 { opacity: 1; }#ut_am_wrap_69ef7293222ca .ut-animated-image-zoom::after { background: url(https:\/\/www.riyadelcadi.com\/wp-content\/uploads\/2024\/01\/Contact-2.png); }#ut_am_wrap_69ef7293222ca .ut-image-gallery-item-caption-title-style-2 h3 { letter-spacing: 0em; }#ut_am_wrap_69ef7293222ca .ut-gallery-slider-caption { font-weight: bold; }#ut_am_wrap_69ef7293222ca { text-align: left; }@media (min-width: 768px) and (max-width: 1024px) { #ut_am_wrap_69ef7293222ca { text-align: left !important; } }@media (max-width: 767px) { #ut_am_wrap_69ef7293222ca { text-align: center !important; } }<\/style><div id=\"ut_am_wrap_69ef7293222ca\" class=\"ut-image-gallery-image \"><div id=\"ut_reveal_69ef7293222cc\"  data-appear-top-offset=\"auto\" class=\"ut-animated-image-item ut-image-gallery-item ut-animation-done \"><a target=\"_self\" href=\"https:\/\/www.riyadelcadi.com\/contact\/\" ><div class=\"ut-animated-image-zoom\"><img decoding=\"async\" class=\"ut-lazy skip-lazy ut-animated-image \"  id=\"ut_am_69ef7293222c9\" src=\"data:image\/svg+xml;charset=utf-8,%3Csvg xmlns%3D'http%3A%2F%2Fwww.w3.org%2F2000%2Fsvg' viewBox%3D'0 0 250 600'%2F%3E\" data-src=\"https:\/\/www.riyadelcadi.com\/wp-content\/uploads\/2024\/01\/Contact-2.png\" width=\"250\" height=\"\" alt=\"\"\/><\/div><\/a><\/div><\/div><\/div>[\/vc_column_text][\/vc_column_inner][vc_column_inner width=\u00a0\u00bb1\/2&Prime;]<div class=\"ut-btn-group  ut-btn-group-center ut-btn-group-tablet-center ut-btn-group-mobile-center clearfix\"><style type=\"text\/css\">#bklyn_btn_69ef7293224dd .bklyn-btn { color:#ffffff !important; background-color:#193d38 !important; }#bklyn_btn_69ef7293224dd .bklyn-btn:hover{ color:#ffffff !important; background-color:#46635f !important; }#bklyn_btn_69ef7293224dd .bklyn-btn:focus{ color:#ffffff !important; background-color:#46635f !important; }#bklyn_btn_69ef7293224dd .bklyn-btn:active { color:#ffffff !important; background-color:#46635f !important; }#bklyn_btn_69ef7293224dd a.bklyn-btn { font-weight:500 !important; }#bklyn_btn_69ef7293224dd.bklyn-btn-header a.bklyn-btn { font-weight:500 !important; }#bklyn_btn_69ef7293224dd.bklyn-btn-header a.bklyn-btn span { font-weight:500 !important; }#bklyn_btn_69ef7293224dd a.bklyn-btn { font-family:inherit !important; }<\/style><div id=\"bklyn_btn_69ef7293224dd\" class=\"bklyn-btn-holder  bklyn-btn-first bklyn-btn-center bklyn-btn-tablet-center bklyn-btn-mobile-center\"><a title=\"\"   href=\"mailto:%20info@riyadelcadi.com\" target=\"_self\" class=\"bklyn-btn  bklyn-btn-normal\" ><span class=\"ut-btn-text\">CONTACT<\/span><\/a><\/div><style type=\"text\/css\">#bklyn_btn_69ef72932258f .bklyn-btn { color:#ffffff !important; background-color:#eca65c !important; }#bklyn_btn_69ef72932258f .bklyn-btn:hover{ color:#ffffff !important; background-color:#efb273 !important; }#bklyn_btn_69ef72932258f .bklyn-btn:focus{ color:#ffffff !important; background-color:#efb273 !important; }#bklyn_btn_69ef72932258f .bklyn-btn:active { color:#ffffff !important; background-color:#efb273 !important; }#bklyn_btn_69ef72932258f a.bklyn-btn { font-weight:500 !important; }#bklyn_btn_69ef72932258f.bklyn-btn-header a.bklyn-btn { font-weight:500 !important; }#bklyn_btn_69ef72932258f.bklyn-btn-header a.bklyn-btn span { font-weight:500 !important; }#bklyn_btn_69ef72932258f a.bklyn-btn { text-transform:uppercase !important; }<\/style><div id=\"bklyn_btn_69ef72932258f\" class=\"bklyn-btn-holder  bklyn-btn-last bklyn-btn-center bklyn-btn-tablet-center bklyn-btn-mobile-center\"><a title=\"\"   href=\"https:\/\/gc.synxis.com\/rez.aspx?Hotel=21826&#038;adult=2&#038;promo=DIRECT&#038;rate=EARLY&#038;rate=BEST\" target=\"_self\" class=\"bklyn-btn  bklyn-btn-normal\" ><span class=\"ut-btn-text\">R\u00e9servation<\/span><\/a><\/div><\/div>[\/vc_column_inner][\/vc_row_inner][\/vc_column][\/vc_row][vc_row][vc_column]<div  class=\"wpb_content_element   clearfix\"><style type=\"text\/css\">#ut_am_69ef729322fb2 { opacity: 1; }#ut_am_wrap_69ef729322fb3 { text-align: left; }@media (min-width: 768px) and (max-width: 1024px) { #ut_am_wrap_69ef729322fb3 { text-align: left !important; } }@media (max-width: 767px) { #ut_am_wrap_69ef729322fb3 { text-align: center !important; } }<\/style><div id=\"ut_am_wrap_69ef729322fb3\" class=\"ut-image-gallery-image \"><div id=\"ut_reveal_69ef729322fb4\"  data-appear-top-offset=\"auto\" class=\"ut-animated-image-item ut-image-gallery-item ut-animation-done \"><a class=\"ut-deactivated-link\" href=\"#\"><div class=\"ut-animated-image-zoom\">\r\n        <div class=\"ut-element-glitch-wrap\">\r\n\r\n            \r\n        <style type=\"text\/css\">\r\n\r\n                        \r\n        @media (min-width: 1025px) {\r\n\r\n        #ut-element-glitch-69ef729322fdc919928781-23216 .ut-glitch-single-element {\r\n                                            \r\n                }\r\n        }\r\n\r\n        @media (min-width: 768px) and (max-width: 1024px) {\r\n\r\n        #ut-element-glitch-69ef729322fdc919928781-23216 .ut-glitch-single-element {\r\n                                                \r\n                    }\r\n        }\r\n\r\n        @media (max-width: 767px) {\r\n\r\n        #ut-element-glitch-69ef729322fdc919928781-23216 .ut-glitch-single-element {\r\n                                                \r\n                    }\r\n        }\r\n\r\n        \r\n        <\/style>\r\n\r\n        \r\n            <div id=\"ut-element-glitch-69ef729322fdc919928781-23216\" class=\" ut-element-glitch ut-glitch-none ut-element-glitch-permanent\">\r\n                <div class=\"ut-glitch-single-element ut-lozad skip-lazy\" data-background-image=\"https:\/\/www.riyadelcadi.com\/wp-content\/uploads\/2019\/02\/Plan-Map-Karte-Riyad-El-Cadi.jpg\"><\/div>\r\n                <div class=\"ut-glitch-single-element ut-lozad skip-lazy\" data-background-image=\"https:\/\/www.riyadelcadi.com\/wp-content\/uploads\/2019\/02\/Plan-Map-Karte-Riyad-El-Cadi.jpg\"><\/div>\r\n                <div class=\"ut-glitch-single-element ut-lozad skip-lazy\" data-background-image=\"https:\/\/www.riyadelcadi.com\/wp-content\/uploads\/2019\/02\/Plan-Map-Karte-Riyad-El-Cadi.jpg\"><\/div>\r\n                <div class=\"ut-glitch-single-element ut-lozad skip-lazy\" data-background-image=\"https:\/\/www.riyadelcadi.com\/wp-content\/uploads\/2019\/02\/Plan-Map-Karte-Riyad-El-Cadi.jpg\"><\/div>\r\n                <div class=\"ut-glitch-single-element ut-lozad skip-lazy\" data-background-image=\"https:\/\/www.riyadelcadi.com\/wp-content\/uploads\/2019\/02\/Plan-Map-Karte-Riyad-El-Cadi.jpg\"><\/div>\r\n            <\/div>\r\n\r\n        <\/div>\r\n\r\n        <img decoding=\"async\" class=\"ut-lazy skip-lazy ut-animated-image \"  id=\"ut_am_69ef729322fb2\" src=\"data:image\/svg+xml;charset=utf-8,%3Csvg xmlns%3D'http%3A%2F%2Fwww.w3.org%2F2000%2Fsvg' viewBox%3D'0 0 1273 654'%2F%3E\" data-src=\"https:\/\/www.riyadelcadi.com\/wp-content\/uploads\/2019\/02\/Plan-Map-Karte-Riyad-El-Cadi.jpg\" width=\"1273\" height=\"654\" alt=\"\"\/><\/div><\/a><\/div><\/div><\/div>[\/vc_column][\/vc_row][\/vc_section]<\/p>\n<\/div>","protected":false},"excerpt":{"rendered":"<p>[vc_section][vc_row][vc_column][vc_column_text] Le Riyad El Cadi est situ\u00e9 en plein centre de la vieille ville de Marrakech, au fond de trois impasses, ce qui lui procure une tranquillit\u00e9 exceptionnelle. Pour aller aux restaurants ou au golf, vous regagnez la place Jemaa el-Fna et trouvez les petits taxis qui y passent jour et nuit. Nos trois entr\u00e9es [&hellip;]<\/p>\n","protected":false},"author":4,"featured_media":26222,"parent":17115,"menu_order":0,"comment_status":"closed","ping_status":"closed","template":"","meta":{"footnotes":""},"yoast_head":"<!-- This site is optimized with the Yoast SEO plugin v24.5 - https:\/\/yoast.com\/wordpress\/plugins\/seo\/ -->\n<title>Situation - Riyad El Cadi<\/title>\n<meta name=\"robots\" content=\"index, follow, max-snippet:-1, max-image-preview:large, max-video-preview:-1\" \/>\n<link rel=\"canonical\" href=\"https:\/\/www.riyadelcadi.com\/fr\/riad-3\/situation-centre-medina\/\" \/>\n<meta property=\"og:locale\" content=\"fr_FR\" \/>\n<meta property=\"og:type\" content=\"article\" \/>\n<meta property=\"og:title\" content=\"Situation - Riyad El Cadi\" \/>\n<meta property=\"og:description\" content=\"[vc_section][vc_row][vc_column][vc_column_text] Le Riyad El Cadi est situ\u00e9 en plein centre de la vieille ville de Marrakech, au fond de trois impasses, ce qui lui procure une tranquillit\u00e9 exceptionnelle. Pour aller aux restaurants ou au golf, vous regagnez la place Jemaa el-Fna et trouvez les petits taxis qui y passent jour et nuit. Nos trois entr\u00e9es [&hellip;]\" \/>\n<meta property=\"og:url\" content=\"https:\/\/www.riyadelcadi.com\/fr\/riad-3\/situation-centre-medina\/\" \/>\n<meta property=\"og:site_name\" content=\"Riyad El Cadi\" \/>\n<meta property=\"article:publisher\" content=\"https:\/\/www.facebook.com\/RiyadElCadi\/\" \/>\n<meta property=\"article:modified_time\" content=\"2025-09-27T13:47:24+00:00\" \/>\n<meta property=\"og:image\" content=\"https:\/\/www.riyadelcadi.com\/wp-content\/uploads\/2019\/03\/1-Luftbild_20081.jpg\" \/>\n\t<meta property=\"og:image:width\" content=\"1108\" \/>\n\t<meta property=\"og:image:height\" content=\"721\" \/>\n\t<meta property=\"og:image:type\" content=\"image\/jpeg\" \/>\n<meta name=\"twitter:card\" content=\"summary_large_image\" \/>\n<meta name=\"twitter:label1\" content=\"Dur\u00e9e de lecture estim\u00e9e\" \/>\n\t<meta name=\"twitter:data1\" content=\"2 minutes\" \/>\n<script type=\"application\/ld+json\" class=\"yoast-schema-graph\">{\"@context\":\"https:\/\/schema.org\",\"@graph\":[{\"@type\":\"WebPage\",\"@id\":\"https:\/\/www.riyadelcadi.com\/fr\/riad-3\/situation-centre-medina\/\",\"url\":\"https:\/\/www.riyadelcadi.com\/fr\/riad-3\/situation-centre-medina\/\",\"name\":\"Situation - Riyad El Cadi\",\"isPartOf\":{\"@id\":\"https:\/\/www.riyadelcadi.com\/fr\/#website\"},\"primaryImageOfPage\":{\"@id\":\"https:\/\/www.riyadelcadi.com\/fr\/riad-3\/situation-centre-medina\/#primaryimage\"},\"image\":{\"@id\":\"https:\/\/www.riyadelcadi.com\/fr\/riad-3\/situation-centre-medina\/#primaryimage\"},\"thumbnailUrl\":\"https:\/\/www.riyadelcadi.com\/wp-content\/uploads\/2019\/03\/1-Luftbild_20081.jpg\",\"datePublished\":\"2011-07-30T20:48:44+00:00\",\"dateModified\":\"2025-09-27T13:47:24+00:00\",\"breadcrumb\":{\"@id\":\"https:\/\/www.riyadelcadi.com\/fr\/riad-3\/situation-centre-medina\/#breadcrumb\"},\"inLanguage\":\"fr-FR\",\"potentialAction\":[{\"@type\":\"ReadAction\",\"target\":[\"https:\/\/www.riyadelcadi.com\/fr\/riad-3\/situation-centre-medina\/\"]}]},{\"@type\":\"ImageObject\",\"inLanguage\":\"fr-FR\",\"@id\":\"https:\/\/www.riyadelcadi.com\/fr\/riad-3\/situation-centre-medina\/#primaryimage\",\"url\":\"https:\/\/www.riyadelcadi.com\/wp-content\/uploads\/2019\/03\/1-Luftbild_20081.jpg\",\"contentUrl\":\"https:\/\/www.riyadelcadi.com\/wp-content\/uploads\/2019\/03\/1-Luftbild_20081.jpg\",\"width\":1108,\"height\":721},{\"@type\":\"BreadcrumbList\",\"@id\":\"https:\/\/www.riyadelcadi.com\/fr\/riad-3\/situation-centre-medina\/#breadcrumb\",\"itemListElement\":[{\"@type\":\"ListItem\",\"position\":1,\"name\":\"Accueil\",\"item\":\"https:\/\/www.riyadelcadi.com\/fr\/\"},{\"@type\":\"ListItem\",\"position\":2,\"name\":\"Riyad El Cadi \u2013 votre riad \u00e0 Marrakech\",\"item\":\"https:\/\/www.riyadelcadi.com\/fr\/riad-3\/\"},{\"@type\":\"ListItem\",\"position\":3,\"name\":\"Situation\"}]},{\"@type\":\"WebSite\",\"@id\":\"https:\/\/www.riyadelcadi.com\/fr\/#website\",\"url\":\"https:\/\/www.riyadelcadi.com\/fr\/\",\"name\":\"Riyad El Cadi\",\"description\":\"Riad avec du style in Marrakech\",\"potentialAction\":[{\"@type\":\"SearchAction\",\"target\":{\"@type\":\"EntryPoint\",\"urlTemplate\":\"https:\/\/www.riyadelcadi.com\/fr\/?s={search_term_string}\"},\"query-input\":{\"@type\":\"PropertyValueSpecification\",\"valueRequired\":true,\"valueName\":\"search_term_string\"}}],\"inLanguage\":\"fr-FR\"}]}<\/script>\n<!-- \/ Yoast SEO plugin. -->","yoast_head_json":{"title":"Situation - Riyad El Cadi","robots":{"index":"index","follow":"follow","max-snippet":"max-snippet:-1","max-image-preview":"max-image-preview:large","max-video-preview":"max-video-preview:-1"},"canonical":"https:\/\/www.riyadelcadi.com\/fr\/riad-3\/situation-centre-medina\/","og_locale":"fr_FR","og_type":"article","og_title":"Situation - Riyad El Cadi","og_description":"[vc_section][vc_row][vc_column][vc_column_text] Le Riyad El Cadi est situ\u00e9 en plein centre de la vieille ville de Marrakech, au fond de trois impasses, ce qui lui procure une tranquillit\u00e9 exceptionnelle. Pour aller aux restaurants ou au golf, vous regagnez la place Jemaa el-Fna et trouvez les petits taxis qui y passent jour et nuit. Nos trois entr\u00e9es [&hellip;]","og_url":"https:\/\/www.riyadelcadi.com\/fr\/riad-3\/situation-centre-medina\/","og_site_name":"Riyad El Cadi","article_publisher":"https:\/\/www.facebook.com\/RiyadElCadi\/","article_modified_time":"2025-09-27T13:47:24+00:00","og_image":[{"width":1108,"height":721,"url":"https:\/\/www.riyadelcadi.com\/wp-content\/uploads\/2019\/03\/1-Luftbild_20081.jpg","type":"image\/jpeg"}],"twitter_card":"summary_large_image","twitter_misc":{"Dur\u00e9e de lecture estim\u00e9e":"2 minutes"},"schema":{"@context":"https:\/\/schema.org","@graph":[{"@type":"WebPage","@id":"https:\/\/www.riyadelcadi.com\/fr\/riad-3\/situation-centre-medina\/","url":"https:\/\/www.riyadelcadi.com\/fr\/riad-3\/situation-centre-medina\/","name":"Situation - Riyad El Cadi","isPartOf":{"@id":"https:\/\/www.riyadelcadi.com\/fr\/#website"},"primaryImageOfPage":{"@id":"https:\/\/www.riyadelcadi.com\/fr\/riad-3\/situation-centre-medina\/#primaryimage"},"image":{"@id":"https:\/\/www.riyadelcadi.com\/fr\/riad-3\/situation-centre-medina\/#primaryimage"},"thumbnailUrl":"https:\/\/www.riyadelcadi.com\/wp-content\/uploads\/2019\/03\/1-Luftbild_20081.jpg","datePublished":"2011-07-30T20:48:44+00:00","dateModified":"2025-09-27T13:47:24+00:00","breadcrumb":{"@id":"https:\/\/www.riyadelcadi.com\/fr\/riad-3\/situation-centre-medina\/#breadcrumb"},"inLanguage":"fr-FR","potentialAction":[{"@type":"ReadAction","target":["https:\/\/www.riyadelcadi.com\/fr\/riad-3\/situation-centre-medina\/"]}]},{"@type":"ImageObject","inLanguage":"fr-FR","@id":"https:\/\/www.riyadelcadi.com\/fr\/riad-3\/situation-centre-medina\/#primaryimage","url":"https:\/\/www.riyadelcadi.com\/wp-content\/uploads\/2019\/03\/1-Luftbild_20081.jpg","contentUrl":"https:\/\/www.riyadelcadi.com\/wp-content\/uploads\/2019\/03\/1-Luftbild_20081.jpg","width":1108,"height":721},{"@type":"BreadcrumbList","@id":"https:\/\/www.riyadelcadi.com\/fr\/riad-3\/situation-centre-medina\/#breadcrumb","itemListElement":[{"@type":"ListItem","position":1,"name":"Accueil","item":"https:\/\/www.riyadelcadi.com\/fr\/"},{"@type":"ListItem","position":2,"name":"Riyad El Cadi \u2013 votre riad \u00e0 Marrakech","item":"https:\/\/www.riyadelcadi.com\/fr\/riad-3\/"},{"@type":"ListItem","position":3,"name":"Situation"}]},{"@type":"WebSite","@id":"https:\/\/www.riyadelcadi.com\/fr\/#website","url":"https:\/\/www.riyadelcadi.com\/fr\/","name":"Riyad El Cadi","description":"Riad avec du style in Marrakech","potentialAction":[{"@type":"SearchAction","target":{"@type":"EntryPoint","urlTemplate":"https:\/\/www.riyadelcadi.com\/fr\/?s={search_term_string}"},"query-input":{"@type":"PropertyValueSpecification","valueRequired":true,"valueName":"search_term_string"}}],"inLanguage":"fr-FR"}]}},"_links":{"self":[{"href":"https:\/\/www.riyadelcadi.com\/fr\/wp-json\/wp\/v2\/pages\/17120"}],"collection":[{"href":"https:\/\/www.riyadelcadi.com\/fr\/wp-json\/wp\/v2\/pages"}],"about":[{"href":"https:\/\/www.riyadelcadi.com\/fr\/wp-json\/wp\/v2\/types\/page"}],"author":[{"embeddable":true,"href":"https:\/\/www.riyadelcadi.com\/fr\/wp-json\/wp\/v2\/users\/4"}],"replies":[{"embeddable":true,"href":"https:\/\/www.riyadelcadi.com\/fr\/wp-json\/wp\/v2\/comments?post=17120"}],"version-history":[{"count":3,"href":"https:\/\/www.riyadelcadi.com\/fr\/wp-json\/wp\/v2\/pages\/17120\/revisions"}],"predecessor-version":[{"id":64098,"href":"https:\/\/www.riyadelcadi.com\/fr\/wp-json\/wp\/v2\/pages\/17120\/revisions\/64098"}],"up":[{"embeddable":true,"href":"https:\/\/www.riyadelcadi.com\/fr\/wp-json\/wp\/v2\/pages\/17115"}],"wp:featuredmedia":[{"embeddable":true,"href":"https:\/\/www.riyadelcadi.com\/fr\/wp-json\/wp\/v2\/media\/26222"}],"wp:attachment":[{"href":"https:\/\/www.riyadelcadi.com\/fr\/wp-json\/wp\/v2\/media?parent=17120"}],"curies":[{"name":"wp","href":"https:\/\/api.w.org\/{rel}","templated":true}]}}