{"id":17096,"date":"2011-08-09T19:07:10","date_gmt":"2011-08-09T17:07:10","guid":{"rendered":"http:\/\/www.riyadelcadi.com\/?page_id=17096&#038;lang=fr"},"modified":"2017-10-27T15:38:36","modified_gmt":"2017-10-27T13:38:36","slug":"sight-jogging","status":"publish","type":"page","link":"https:\/\/www.riyadelcadi.com\/fr\/vacances-a-marrakech\/sight-jogging\/","title":{"rendered":"Sight-Jogging"},"content":{"rendered":"<h2><img decoding=\"async\" class=\"alignright size-medium wp-image-1216\" style=\"border: 6px solid white;\" title=\"Marathon-Website\" src=\"https:\/\/www.riyadelcadi.com\/wp-content\/uploads\/2011\/08\/Marathon-Website-400x400.jpg\" alt=\"\" width=\"400\" height=\"400\" \/><\/h2>\n<p>Visite de ville en courant: nous vous offrons une visite de ville en faisant du sport.<\/p>\n<p>Les tours de 9.3 km peuvent \u00eatre <a title=\"R\u00e9servation\" href=\"https:\/\/www.riyadelcadi.com\/fr\/reservation\/reservation-request-for-staying-fit-in-marrakech-workout\/\">r\u00e9serv\u00e9s individuellement<\/a>. Le prix par pour une tour de 60 minutes sight-jogging sera 50 EUR pour 1-5 personnes.<\/p>\n","protected":false},"excerpt":{"rendered":"<p>Visite de ville en courant: nous vous offrons une visite de ville en faisant du sport. Les tours de 9.3 km peuvent \u00eatre r\u00e9serv\u00e9s individuellement. Le prix par pour une tour de 60 minutes sight-jogging sera 50 EUR pour 1-5 personnes.<\/p>\n","protected":false},"author":4,"featured_media":22480,"parent":17024,"menu_order":8,"comment_status":"closed","ping_status":"closed","template":"","meta":{"footnotes":""},"yoast_head":"<!-- This site is optimized with the Yoast SEO plugin v24.5 - https:\/\/yoast.com\/wordpress\/plugins\/seo\/ -->\n<title>Sight-Jogging - Riyad El Cadi<\/title>\n<meta name=\"robots\" content=\"index, follow, max-snippet:-1, max-image-preview:large, max-video-preview:-1\" \/>\n<link rel=\"canonical\" href=\"https:\/\/www.riyadelcadi.com\/fr\/vacances-a-marrakech\/sight-jogging\/\" \/>\n<meta property=\"og:locale\" content=\"fr_FR\" \/>\n<meta property=\"og:type\" content=\"article\" \/>\n<meta property=\"og:title\" content=\"Sight-Jogging - Riyad El Cadi\" \/>\n<meta property=\"og:description\" content=\"Visite de ville en courant: nous vous offrons une visite de ville en faisant du sport. Les tours de 9.3 km peuvent \u00eatre r\u00e9serv\u00e9s individuellement. Le prix par pour une tour de 60 minutes sight-jogging sera 50 EUR pour 1-5 personnes.\" \/>\n<meta property=\"og:url\" content=\"https:\/\/www.riyadelcadi.com\/fr\/vacances-a-marrakech\/sight-jogging\/\" \/>\n<meta property=\"og:site_name\" content=\"Riyad El Cadi\" \/>\n<meta property=\"article:publisher\" content=\"https:\/\/www.facebook.com\/RiyadElCadi\/\" \/>\n<meta property=\"article:modified_time\" content=\"2017-10-27T13:38:36+00:00\" \/>\n<meta property=\"og:image\" content=\"https:\/\/www.riyadelcadi.com\/wp-content\/uploads\/2011\/08\/Marathon-Website-400x400.jpg\" \/>\n<meta name=\"twitter:card\" content=\"summary_large_image\" \/>\n<script type=\"application\/ld+json\" class=\"yoast-schema-graph\">{\"@context\":\"https:\/\/schema.org\",\"@graph\":[{\"@type\":\"WebPage\",\"@id\":\"https:\/\/www.riyadelcadi.com\/fr\/vacances-a-marrakech\/sight-jogging\/\",\"url\":\"https:\/\/www.riyadelcadi.com\/fr\/vacances-a-marrakech\/sight-jogging\/\",\"name\":\"Sight-Jogging - Riyad El Cadi\",\"isPartOf\":{\"@id\":\"https:\/\/www.riyadelcadi.com\/fr\/#website\"},\"primaryImageOfPage\":{\"@id\":\"https:\/\/www.riyadelcadi.com\/fr\/vacances-a-marrakech\/sight-jogging\/#primaryimage\"},\"image\":{\"@id\":\"https:\/\/www.riyadelcadi.com\/fr\/vacances-a-marrakech\/sight-jogging\/#primaryimage\"},\"thumbnailUrl\":\"https:\/\/www.riyadelcadi.com\/wp-content\/uploads\/2019\/01\/jogging-marrakech.jpg\",\"datePublished\":\"2011-08-09T17:07:10+00:00\",\"dateModified\":\"2017-10-27T13:38:36+00:00\",\"breadcrumb\":{\"@id\":\"https:\/\/www.riyadelcadi.com\/fr\/vacances-a-marrakech\/sight-jogging\/#breadcrumb\"},\"inLanguage\":\"fr-FR\",\"potentialAction\":[{\"@type\":\"ReadAction\",\"target\":[\"https:\/\/www.riyadelcadi.com\/fr\/vacances-a-marrakech\/sight-jogging\/\"]}]},{\"@type\":\"ImageObject\",\"inLanguage\":\"fr-FR\",\"@id\":\"https:\/\/www.riyadelcadi.com\/fr\/vacances-a-marrakech\/sight-jogging\/#primaryimage\",\"url\":\"https:\/\/www.riyadelcadi.com\/wp-content\/uploads\/2019\/01\/jogging-marrakech.jpg\",\"contentUrl\":\"https:\/\/www.riyadelcadi.com\/wp-content\/uploads\/2019\/01\/jogging-marrakech.jpg\",\"width\":711,\"height\":400,\"caption\":\"jogging marrakesh\"},{\"@type\":\"BreadcrumbList\",\"@id\":\"https:\/\/www.riyadelcadi.com\/fr\/vacances-a-marrakech\/sight-jogging\/#breadcrumb\",\"itemListElement\":[{\"@type\":\"ListItem\",\"position\":1,\"name\":\"Accueil\",\"item\":\"https:\/\/www.riyadelcadi.com\/fr\/\"},{\"@type\":\"ListItem\",\"position\":2,\"name\":\"Marrakech: d\u00e9couvrez la ville rose comme les locaux\",\"item\":\"https:\/\/www.riyadelcadi.com\/fr\/vacances-a-marrakech\/\"},{\"@type\":\"ListItem\",\"position\":3,\"name\":\"Visite de la ville: d\u00e9crouvrez le charme de Marrakech\",\"item\":\"https:\/\/www.riyadelcadi.com\/fr\/vacances-a-marrakech\/visite-de-la-ville\/\"},{\"@type\":\"ListItem\",\"position\":4,\"name\":\"Sight-Jogging\"}]},{\"@type\":\"WebSite\",\"@id\":\"https:\/\/www.riyadelcadi.com\/fr\/#website\",\"url\":\"https:\/\/www.riyadelcadi.com\/fr\/\",\"name\":\"Riyad El Cadi\",\"description\":\"Riad avec du style in Marrakech\",\"potentialAction\":[{\"@type\":\"SearchAction\",\"target\":{\"@type\":\"EntryPoint\",\"urlTemplate\":\"https:\/\/www.riyadelcadi.com\/fr\/?s={search_term_string}\"},\"query-input\":{\"@type\":\"PropertyValueSpecification\",\"valueRequired\":true,\"valueName\":\"search_term_string\"}}],\"inLanguage\":\"fr-FR\"}]}<\/script>\n<!-- \/ Yoast SEO plugin. -->","yoast_head_json":{"title":"Sight-Jogging - Riyad El Cadi","robots":{"index":"index","follow":"follow","max-snippet":"max-snippet:-1","max-image-preview":"max-image-preview:large","max-video-preview":"max-video-preview:-1"},"canonical":"https:\/\/www.riyadelcadi.com\/fr\/vacances-a-marrakech\/sight-jogging\/","og_locale":"fr_FR","og_type":"article","og_title":"Sight-Jogging - Riyad El Cadi","og_description":"Visite de ville en courant: nous vous offrons une visite de ville en faisant du sport. Les tours de 9.3 km peuvent \u00eatre r\u00e9serv\u00e9s individuellement. Le prix par pour une tour de 60 minutes sight-jogging sera 50 EUR pour 1-5 personnes.","og_url":"https:\/\/www.riyadelcadi.com\/fr\/vacances-a-marrakech\/sight-jogging\/","og_site_name":"Riyad El Cadi","article_publisher":"https:\/\/www.facebook.com\/RiyadElCadi\/","article_modified_time":"2017-10-27T13:38:36+00:00","og_image":[{"url":"https:\/\/www.riyadelcadi.com\/wp-content\/uploads\/2011\/08\/Marathon-Website-400x400.jpg","type":"","width":"","height":""}],"twitter_card":"summary_large_image","schema":{"@context":"https:\/\/schema.org","@graph":[{"@type":"WebPage","@id":"https:\/\/www.riyadelcadi.com\/fr\/vacances-a-marrakech\/sight-jogging\/","url":"https:\/\/www.riyadelcadi.com\/fr\/vacances-a-marrakech\/sight-jogging\/","name":"Sight-Jogging - Riyad El Cadi","isPartOf":{"@id":"https:\/\/www.riyadelcadi.com\/fr\/#website"},"primaryImageOfPage":{"@id":"https:\/\/www.riyadelcadi.com\/fr\/vacances-a-marrakech\/sight-jogging\/#primaryimage"},"image":{"@id":"https:\/\/www.riyadelcadi.com\/fr\/vacances-a-marrakech\/sight-jogging\/#primaryimage"},"thumbnailUrl":"https:\/\/www.riyadelcadi.com\/wp-content\/uploads\/2019\/01\/jogging-marrakech.jpg","datePublished":"2011-08-09T17:07:10+00:00","dateModified":"2017-10-27T13:38:36+00:00","breadcrumb":{"@id":"https:\/\/www.riyadelcadi.com\/fr\/vacances-a-marrakech\/sight-jogging\/#breadcrumb"},"inLanguage":"fr-FR","potentialAction":[{"@type":"ReadAction","target":["https:\/\/www.riyadelcadi.com\/fr\/vacances-a-marrakech\/sight-jogging\/"]}]},{"@type":"ImageObject","inLanguage":"fr-FR","@id":"https:\/\/www.riyadelcadi.com\/fr\/vacances-a-marrakech\/sight-jogging\/#primaryimage","url":"https:\/\/www.riyadelcadi.com\/wp-content\/uploads\/2019\/01\/jogging-marrakech.jpg","contentUrl":"https:\/\/www.riyadelcadi.com\/wp-content\/uploads\/2019\/01\/jogging-marrakech.jpg","width":711,"height":400,"caption":"jogging marrakesh"},{"@type":"BreadcrumbList","@id":"https:\/\/www.riyadelcadi.com\/fr\/vacances-a-marrakech\/sight-jogging\/#breadcrumb","itemListElement":[{"@type":"ListItem","position":1,"name":"Accueil","item":"https:\/\/www.riyadelcadi.com\/fr\/"},{"@type":"ListItem","position":2,"name":"Marrakech: d\u00e9couvrez la ville rose comme les locaux","item":"https:\/\/www.riyadelcadi.com\/fr\/vacances-a-marrakech\/"},{"@type":"ListItem","position":3,"name":"Visite de la ville: d\u00e9crouvrez le charme de Marrakech","item":"https:\/\/www.riyadelcadi.com\/fr\/vacances-a-marrakech\/visite-de-la-ville\/"},{"@type":"ListItem","position":4,"name":"Sight-Jogging"}]},{"@type":"WebSite","@id":"https:\/\/www.riyadelcadi.com\/fr\/#website","url":"https:\/\/www.riyadelcadi.com\/fr\/","name":"Riyad El Cadi","description":"Riad avec du style in Marrakech","potentialAction":[{"@type":"SearchAction","target":{"@type":"EntryPoint","urlTemplate":"https:\/\/www.riyadelcadi.com\/fr\/?s={search_term_string}"},"query-input":{"@type":"PropertyValueSpecification","valueRequired":true,"valueName":"search_term_string"}}],"inLanguage":"fr-FR"}]}},"_links":{"self":[{"href":"https:\/\/www.riyadelcadi.com\/fr\/wp-json\/wp\/v2\/pages\/17096"}],"collection":[{"href":"https:\/\/www.riyadelcadi.com\/fr\/wp-json\/wp\/v2\/pages"}],"about":[{"href":"https:\/\/www.riyadelcadi.com\/fr\/wp-json\/wp\/v2\/types\/page"}],"author":[{"embeddable":true,"href":"https:\/\/www.riyadelcadi.com\/fr\/wp-json\/wp\/v2\/users\/4"}],"replies":[{"embeddable":true,"href":"https:\/\/www.riyadelcadi.com\/fr\/wp-json\/wp\/v2\/comments?post=17096"}],"version-history":[{"count":0,"href":"https:\/\/www.riyadelcadi.com\/fr\/wp-json\/wp\/v2\/pages\/17096\/revisions"}],"up":[{"embeddable":true,"href":"https:\/\/www.riyadelcadi.com\/fr\/wp-json\/wp\/v2\/pages\/17024"}],"wp:featuredmedia":[{"embeddable":true,"href":"https:\/\/www.riyadelcadi.com\/fr\/wp-json\/wp\/v2\/media\/22480"}],"wp:attachment":[{"href":"https:\/\/www.riyadelcadi.com\/fr\/wp-json\/wp\/v2\/media?parent=17096"}],"curies":[{"name":"wp","href":"https:\/\/api.w.org\/{rel}","templated":true}]}}