{"id":17074,"date":"2011-08-09T19:05:14","date_gmt":"2011-08-09T17:05:14","guid":{"rendered":"http:\/\/www.riyadelcadi.com\/?page_id=17074&#038;lang=fr"},"modified":"2024-01-26T19:54:50","modified_gmt":"2024-01-26T18:54:50","slug":"cours-de-cuisine","status":"publish","type":"page","link":"https:\/\/www.riyadelcadi.com\/fr\/offres\/cours-de-cuisine\/","title":{"rendered":"Cours de cuisine &#8211; pr\u00e9parez votre propre tagine"},"content":{"rendered":"<div class=\"wpb-content-wrapper\"><p>[vc_section][vc_row][vc_column][vc_column_text]<\/p>\n<h2><strong>D\u00e9sirez-vous savourez un Tagine \u00e0 la Marocaine fait par vos propres mains ?<\/strong><\/h2>\n<div id=\"textr\">\n<div id=\"textr\">\n<p>Des herbes fines, y ajouter quelques portions fra\u00eeches de viandes ou de poulet, et des l\u00e9gumes soigneusement choisis \u2026 et tandis que vous buvez votre th\u00e9 \u00e0 la menthe frais, une d\u00e9lice marocaine prends son temps l\u00e9ger pour \u00eatre d\u00e9licieusement pr\u00eate! Riyad El Cadi va rendre votre r\u00eave une r\u00e9alit\u00e9. Avec l\u2019aide d\u2019un cuisinier marocain professionnel, vous allez entrer dans le monde myst\u00e9rieux de la Cuisine Marocaine en pr\u00e9parant un d\u00e9jeuner d\u00e9licieux, savourez votre plat avec un bon vin marocain, et vous relaxer juste apr\u00e8s comme \u00e0 l\u2019accoutum\u00e9e des traditions marocaines : avec un bon th\u00e9 \u00e0 la menthe et de la p\u00e2tisserie marocaines.<\/p>\n<\/div>\n<\/div>\n<p>[\/vc_column_text][\/vc_column][\/vc_row][vc_row][vc_column width=\u00a0\u00bb1\/2&Prime;][vc_column_text]<\/p>\n<h3>INCLUS:<\/h3>\n<ul>\n<li>Prix: 70 EUR \/ 770 DH par personne<\/li>\n<li>Cours de cuisine, d\u00e9jeuner<\/li>\n<li>Pr\u00e9paration d&rsquo;une s\u00e9lection de salades et 2 Tajines<\/li>\n<li>Recettes<\/li>\n<\/ul>\n<p>[\/vc_column_text]<div class=\"ut-btn-group  ut-btn-group-left ut-btn-group-tablet-left ut-btn-group-mobile-center clearfix\"><style type=\"text\/css\">#bklyn_btn_69e1fa07d48f1 .bklyn-btn { color:#ffffff !important; background-color:#193d38 !important; }#bklyn_btn_69e1fa07d48f1 .bklyn-btn:hover{ color:#ffffff !important; background-color:#46635f !important; }#bklyn_btn_69e1fa07d48f1 .bklyn-btn:focus{ color:#ffffff !important; background-color:#46635f !important; }#bklyn_btn_69e1fa07d48f1 .bklyn-btn:active { color:#ffffff !important; background-color:#46635f !important; }<\/style><div id=\"bklyn_btn_69e1fa07d48f1\" class=\"bklyn-btn-holder btn-green bklyn-btn-first bklyn-btn-center bklyn-btn-tablet-center bklyn-btn-mobile-center\"><a title=\"\"   href=\"mailto:info@riyadelcadi.com\" target=\"_self\" class=\"bklyn-btn  bklyn-btn-small\" ><span class=\"ut-btn-text\">Contact<\/span><\/a><\/div><style type=\"text\/css\">#bklyn_btn_69e1fa07d49ec .bklyn-btn { color:#ffffff !important; background-color:#eca65c !important; }#bklyn_btn_69e1fa07d49ec .bklyn-btn:hover{ color:#ffffff !important; background-color:#efb273 !important; }#bklyn_btn_69e1fa07d49ec .bklyn-btn:focus{ color:#ffffff !important; background-color:#efb273 !important; }#bklyn_btn_69e1fa07d49ec .bklyn-btn:active { color:#ffffff !important; background-color:#efb273 !important; }<\/style><div id=\"bklyn_btn_69e1fa07d49ec\" class=\"bklyn-btn-holder  bklyn-btn-last bklyn-btn-center bklyn-btn-tablet-center bklyn-btn-mobile-center\"><a title=\"\"   href=\"https:\/\/www.riyadelcadi.com\/fr\/reservation\/reservation-cours-de-cuisine\/\" target=\"_self\" class=\"bklyn-btn  bklyn-btn-small\" ><span class=\"ut-btn-text\">Reservation<\/span><\/a><\/div><\/div>[\/vc_column][vc_column width=\u00a0\u00bb1\/2&Prime; css=\u00a0\u00bb.vc_custom_1549562713070{border-left-width: 1px !important;padding-left: 60px !important;border-left-color: #b7b7b7 !important;border-left-style: solid !important;border-radius: 2px !important;}\u00a0\u00bb][vc_column_text]Les cours sont limit\u00e9s \u00e0 2-8 pax (minimum de <strong>2 participants<\/strong>). La r\u00e9servation d&rsquo;un cours de cuisine d\u00e9pend de la disponibilit\u00e9.<\/p>\n<p>Dur\u00e9e: 11:00 H &#8211; 14\/15:00 H.<\/p>\n<p>Langues: Fran\u00e7ais \/ Anglais \/ Allemand[\/vc_column_text][\/vc_column][\/vc_row][vc_row][vc_column][vc_column_text]Pour ceux, qui voudraient conna\u00eetre les <strong>march\u00e9s locaux<\/strong>, nous serons ravis d\u2019\u00eatre votre guide dans les souqs apr\u00e8s\u00a0le cours de cuisine: nous vous r\u00e9v\u00e9lons les secrets des march\u00e9s, comment sentir et go\u00fbter les ingr\u00e9dients \u2013 huile d\u2019argan, citron confits, Smen and les \u00e9pices typiquement marocain indispensables aux d\u00e9lices marocaines. Le \u201c<strong>tour culinaire<\/strong>\u201d commence\u00a0avec une c\u00e9r\u00e9monie du th\u00e9 et un petit snack. <strong>Charge: 15 EUR par personne<\/strong>, min. 2 personnes.[\/vc_column_text][\/vc_column][\/vc_row][vc_row][vc_column]<div id=\"ut_cf7_colors_69e1fa07d4a73\" class=\"wpb_content_element  \"><div class=\"cf7sg-container\"><div id=\"cf7sg-form-cooking-reservation-fr\" class=\"cf7-smart-grid has-grid has-date key_cooking-reservation-fr\">\n<div class=\"wpcf7 no-js\" id=\"wpcf7-f29324-o1\" lang=\"en-US\" dir=\"ltr\">\n<div class=\"screen-reader-response\"><p role=\"status\" aria-live=\"polite\" aria-atomic=\"true\"><\/p> <ul><\/ul><\/div>\n<form action=\"\/fr\/wp-json\/wp\/v2\/pages\/17074#wpcf7-f29324-o1\" method=\"post\" class=\"wpcf7-form init\" aria-label=\"Contact form\" novalidate=\"novalidate\" data-status=\"init\">\n<div style=\"display: none;\">\n<input type=\"hidden\" name=\"_wpcf7\" value=\"29324\" \/>\n<input type=\"hidden\" name=\"_wpcf7_version\" value=\"5.8.6\" \/>\n<input type=\"hidden\" name=\"_wpcf7_locale\" value=\"en_US\" \/>\n<input type=\"hidden\" name=\"_wpcf7_unit_tag\" value=\"wpcf7-f29324-o1\" \/>\n<input type=\"hidden\" name=\"_wpcf7_container_post\" value=\"0\" \/>\n<input type=\"hidden\" name=\"_wpcf7_posted_data_hash\" value=\"\" \/>\n<input type=\"hidden\" name=\"redirect_nonce\" value=\"331ac149f6\" \/>\n<input type=\"hidden\" name=\"wpcf7cfpdf_hidden_name\" value=\"Cooking-Class-RiyadElCadi-17april2026\" \/>\n<input type=\"hidden\" name=\"wpcf7cfpdf_hidden_reference\" value=\"ba480ab2\" \/>\n<input type=\"hidden\" name=\"wpcf7cfpdf_hidden_date\" value=\"17.April2026\" \/>\n<input type=\"hidden\" name=\"_wpcf7_key\" value=\"cooking-reservation-fr\" \/>\n<input type=\"hidden\" name=\"_cf7sg_toggles\" value=\"\" \/>\n<input type=\"hidden\" name=\"_cf7sg_version\" value=\"4.15.8\" \/>\n<input type=\"hidden\" name=\"_wpnonce\" value=\"686cc8e392\" \/>\n<\/div>\n<div class=\"cf7sg-external-form\" data-form=\"contact-details-eng_copy-2\">\n  <div class=\"cf7sg-external-form-content\"><\/div>\n<\/div>\n<div class=\"container\">\n  <div class=\"container-menugang\">\n    <div class=\"row\">\n      <div class=\"columns two-thirds\">\n        <div class=\"container\">\n          <div class=\"row\">\n            <div class=\"columns full\">\n              <div class=\"field checkbox\"><label for=\"\"><b>Choisissez les \u00e9l\u00e9ments de votre classe :<\/b><br><br><\/label><span class=\"wpcf7-form-control-wrap\" data-name=\"your-tour\"><span class=\"wpcf7-form-control wpcf7-checkbox\"><span class=\"wpcf7-list-item first last\"><label><input type=\"checkbox\" name=\"your-tour[]\" value=\"Cours de cuisine avec notre chef exp\u00e9riment\u00e9\" \/><span class=\"wpcf7-list-item-label\">Cours de cuisine avec notre chef exp\u00e9riment\u00e9<\/span><\/label><\/span><\/span><\/span> Inclus: D\u00e9jeuner, vin local et th\u00e9 \u00e0 la menthe fra\u00eeche.\n                <p class=\"info-tip\"><span class=\"info-tip-3\">75 EUR par personne<\/span><\/p>\n              <\/div>\n            <\/div>\n          <\/div>\n          <div class=\"container\">\n            <div class=\"row\">\n              <div class=\"columns full\">\n                <div class=\"field\">\n                  <label><\/label><span class=\"wpcf7-form-control-wrap\" data-name=\"your-souk\"><span class=\"wpcf7-form-control wpcf7-checkbox\"><span class=\"wpcf7-list-item first last\"><label><input type=\"checkbox\" name=\"your-souk[]\" value=\"Tour culinaire\" \/><span class=\"wpcf7-list-item-label\">Tour culinaire<\/span><\/label><\/span><\/span><\/span> aux march\u00e9s locaux, aux boulangeries et aux magasins d'\u00e9pices. C\u00e9r\u00e9monie du th\u00e9 et snack.\n                  <p class=\"info-tip\"><span class=\"info-tip-3\">15 EUR par personne<\/span><\/p>\n                <\/div>\n              <\/div>\n            <\/div>\n          <\/div>\n          <div class=\"container\">\n            <div class=\"row\">\n              <div class=\"columns full\">\n                <div class=\"field checkbox\"><label for=\"\">Langue du cours:<\/label><span class=\"wpcf7-form-control-wrap\" data-name=\"checkbox-languages\"><span class=\"wpcf7-form-control wpcf7-checkbox\"><span class=\"wpcf7-list-item first\"><label><input type=\"checkbox\" name=\"checkbox-languages[]\" value=\"Francais\" checked=\"checked\" \/><span class=\"wpcf7-list-item-label\">Francais<\/span><\/label><\/span><span class=\"wpcf7-list-item last\"><label><input type=\"checkbox\" name=\"checkbox-languages[]\" value=\"Anglais\" \/><span class=\"wpcf7-list-item-label\">Anglais<\/span><\/label><\/span><\/span><\/span>\n                  <p class=\"info-tip\"><span class=\"info-tip-3\">Veuillez nous faire savoir dans quelles langues, \u00e0 part le fran\u00e7ais, nous pouvons vous proposer le cours<\/span><\/p>\n                <\/div>\n              <\/div>\n            <\/div>\n          <\/div>\n        <\/div>\n      <\/div>\n      <div class=\"columns one-third\">\n        <div class=\"field\"><label for=\"\">Pour nos cours de cuisine, nous avons besoin d'un minimum de deux participants. Pour les personnes seules, nous essaierons de trouver un cours existant, \u00e9ventuellement \u00e0 une autre date.<br><br>Veuillez r\u00e9server votre cours au moins 24 heures \u00e0 l'avance. Pour les r\u00e9servations de derni\u00e8re minute, nous vous prions de r\u00e9server par t\u00e9l\u00e9phone.<\/label>\n          <p class=\"info-tip\">T\u00e9l: +212 524 378655<br>WhatsApp: +212 661 408803<\/p>\n        <\/div>\n      <\/div>\n    <\/div>\n  <\/div>\n  <div class=\"container\">\n    <div class=\"row\">\n      <div class=\"columns full\">\n        <div class=\"field\">\n          <label>Souhaits particuliers (r\u00e9gimes alimentaires, plats sp\u00e9ciaux, etc.) ...<\/label><span class=\"wpcf7-form-control-wrap\" data-name=\"your-message\"><textarea cols=\"40\" rows=\"5\" class=\"wpcf7-form-control wpcf7-textarea\" aria-invalid=\"false\" name=\"your-message\"><\/textarea><\/span>\n          <p class=\"info-tip\"><\/p>\n        <\/div>\n      <\/div>\n    <\/div>\n  <\/div>\n<\/div>\n<div class=\"container\">\n  <div class=\"row\">\n    <div class=\"columns full\" style=\"font-size: 0.9em\">\n      <div class=\"field\">\n        <label><b>Newsletter<\/b><\/label><span class=\"wpcf7-form-control-wrap\" data-name=\"checkbox-News\"><span class=\"wpcf7-form-control wpcf7-checkbox\"><span class=\"wpcf7-list-item first last\"><label><input type=\"checkbox\" name=\"checkbox-News[]\" value=\"Je suis int\u00e9ress\u00e9 \u00e0 \u00eatre inform\u00e9 sur les nouvelles de Riyad El Cadi (max. 4 par an).\" \/><span class=\"wpcf7-list-item-label\">Je suis int\u00e9ress\u00e9 \u00e0 \u00eatre inform\u00e9 sur les nouvelles de Riyad El Cadi (max. 4 par an).<\/span><\/label><\/span><\/span><\/span>\n        <p class=\"info-tip\"><\/p>\n      <\/div>\n    <\/div>\n  <\/div>\n<\/div>\n<div class=\"container\">\n  <div class=\"row\">\n    <div class=\"columns full\" style=\"font-size: 0.9em\">\n      <div class=\"field\">\n        <label><b>accord RGPD de l'UE:<\/b>:<\/label><span class=\"wpcf7-form-control-wrap\" data-name=\"acceptance-DSGVO\"><span class=\"wpcf7-form-control wpcf7-acceptance\"><span class=\"wpcf7-list-item\"><label><input type=\"checkbox\" name=\"acceptance-DSGVO\" value=\"1\" aria-invalid=\"false\" \/><span class=\"wpcf7-list-item-label\">J'ai lu la <a href=\"https:\/\/www.riyadelcadi.com\/contact-us\/privacy-policy\/\">politique de confidentialit\u00e9<\/a>.<\/span><\/label><\/span><\/span><\/span>\n        <p class=\"info-tip\">J'accepte que ce site web sauvegarde et traite mes donn\u00e9es soumises afin qu'ils puissent r\u00e9pondre \u00e0 ma demande. Mes donn\u00e9es seront utilis\u00e9es par Riyad El Cadi uniquement pour r\u00e9pondre \u00e0 la demande.<\/p>\n      <\/div>\n    <\/div>\n  <\/div>\n<\/div>\n<div class=\"container\">\n  <div class=\"row\">\n    <div class=\"columns full\">\n      <div class=\"field hidden-input\">\n        <label><\/label><input class=\"wpcf7-form-control wpcf7-hidden\" value=\"French\" type=\"hidden\" name=\"text\" \/>\n        <p class=\"info-tip\"><\/p>\n      <\/div>\n    <\/div>\n  <\/div>\n<\/div>\n<div class=\"container\">\n  <div class=\"row\">\n    <div class=\"columns one-fourth\">\n      <div class=\"field\">\n        <label><\/label><input class=\"wpcf7-form-control wpcf7-submit has-spinner\" type=\"submit\" value=\"Envoyer\" \/>\n        <p class=\"info-tip\"><\/p>\n      <\/div>\n    <\/div>\n  <\/div>\n<\/div>\n<div class=\"container\">\n  <div class=\"row\">\n    <div class=\"columns full\">\n      <div class=\"field\">\n        <label> Vous recevrez un mail vous demandant de confirmer le cours de cuisine en retournant un formulaire de r\u00e9servation. La r\u00e9servation du cours de cuisine est consid\u00e9r\u00e9e comme confirm\u00e9e d\u00e8s que nous recevons la confirmation finale avec le formulaire de r\u00e9servation.  Dans le cas o\u00f9 vous devriez \u00eatre int\u00e9ress\u00e9 par un cours de cuisine pour le lendemain, s'il vous pla\u00eet \u00eatre si aimable et nous donner un appel (+ 212 524 378 655) ou bien un message <a href=\"https:\/\/wa.me\/message\/LPUHU3VUQN24D1\">Whatsapp<\/a>.<\/label>\n        <p class=\"info-tip\"><\/p>\n      <\/div>\n    <\/div>\n  <\/div>\n<\/div><div class=\"wpcf7-response-output\" aria-hidden=\"true\"><\/div>\n<\/form>\n<\/div>\n<\/div><\/div><\/div>[\/vc_column][\/vc_row][\/vc_section]<\/p>\n<\/div>","protected":false},"excerpt":{"rendered":"<p>[vc_section][vc_row][vc_column][vc_column_text] D\u00e9sirez-vous savourez un Tagine \u00e0 la Marocaine fait par vos propres mains ? Des herbes fines, y ajouter quelques portions fra\u00eeches de viandes ou de poulet, et des l\u00e9gumes soigneusement choisis \u2026 et tandis que vous buvez votre th\u00e9 \u00e0 la menthe frais, une d\u00e9lice marocaine prends son temps l\u00e9ger pour \u00eatre d\u00e9licieusement pr\u00eate! [&hellip;]<\/p>\n","protected":false},"author":4,"featured_media":20583,"parent":26045,"menu_order":7,"comment_status":"closed","ping_status":"closed","template":"","meta":{"footnotes":""},"yoast_head":"<!-- This site is optimized with the Yoast SEO plugin v24.5 - https:\/\/yoast.com\/wordpress\/plugins\/seo\/ -->\n<title>Cours de cuisine - pr\u00e9parez votre propre tagine - Riyad El Cadi<\/title>\n<meta name=\"robots\" content=\"index, follow, max-snippet:-1, max-image-preview:large, max-video-preview:-1\" \/>\n<link rel=\"canonical\" href=\"https:\/\/www.riyadelcadi.com\/fr\/offres\/cours-de-cuisine\/\" \/>\n<meta property=\"og:locale\" content=\"fr_FR\" \/>\n<meta property=\"og:type\" content=\"article\" \/>\n<meta property=\"og:title\" content=\"Cours de cuisine - pr\u00e9parez votre propre tagine - Riyad El Cadi\" \/>\n<meta property=\"og:description\" content=\"[vc_section][vc_row][vc_column][vc_column_text] D\u00e9sirez-vous savourez un Tagine \u00e0 la Marocaine fait par vos propres mains ? Des herbes fines, y ajouter quelques portions fra\u00eeches de viandes ou de poulet, et des l\u00e9gumes soigneusement choisis \u2026 et tandis que vous buvez votre th\u00e9 \u00e0 la menthe frais, une d\u00e9lice marocaine prends son temps l\u00e9ger pour \u00eatre d\u00e9licieusement pr\u00eate! [&hellip;]\" \/>\n<meta property=\"og:url\" content=\"https:\/\/www.riyadelcadi.com\/fr\/offres\/cours-de-cuisine\/\" \/>\n<meta property=\"og:site_name\" content=\"Riyad El Cadi\" \/>\n<meta property=\"article:publisher\" content=\"https:\/\/www.facebook.com\/RiyadElCadi\/\" \/>\n<meta property=\"article:modified_time\" content=\"2024-01-26T18:54:50+00:00\" \/>\n<meta property=\"og:image\" content=\"https:\/\/www.riyadelcadi.com\/wp-content\/uploads\/2011\/08\/Cooking-Class-by-Martina-Braun_8338.jpg\" \/>\n\t<meta property=\"og:image:width\" content=\"2048\" \/>\n\t<meta property=\"og:image:height\" content=\"1366\" \/>\n\t<meta property=\"og:image:type\" content=\"image\/jpeg\" \/>\n<meta name=\"twitter:card\" content=\"summary_large_image\" \/>\n<meta name=\"twitter:label1\" content=\"Dur\u00e9e de lecture estim\u00e9e\" \/>\n\t<meta name=\"twitter:data1\" content=\"2 minutes\" \/>\n<script type=\"application\/ld+json\" class=\"yoast-schema-graph\">{\"@context\":\"https:\/\/schema.org\",\"@graph\":[{\"@type\":\"WebPage\",\"@id\":\"https:\/\/www.riyadelcadi.com\/fr\/offres\/cours-de-cuisine\/\",\"url\":\"https:\/\/www.riyadelcadi.com\/fr\/offres\/cours-de-cuisine\/\",\"name\":\"Cours de cuisine - pr\u00e9parez votre propre tagine - Riyad El Cadi\",\"isPartOf\":{\"@id\":\"https:\/\/www.riyadelcadi.com\/fr\/#website\"},\"primaryImageOfPage\":{\"@id\":\"https:\/\/www.riyadelcadi.com\/fr\/offres\/cours-de-cuisine\/#primaryimage\"},\"image\":{\"@id\":\"https:\/\/www.riyadelcadi.com\/fr\/offres\/cours-de-cuisine\/#primaryimage\"},\"thumbnailUrl\":\"https:\/\/www.riyadelcadi.com\/wp-content\/uploads\/2011\/08\/Cooking-Class-by-Martina-Braun_8338.jpg\",\"datePublished\":\"2011-08-09T17:05:14+00:00\",\"dateModified\":\"2024-01-26T18:54:50+00:00\",\"breadcrumb\":{\"@id\":\"https:\/\/www.riyadelcadi.com\/fr\/offres\/cours-de-cuisine\/#breadcrumb\"},\"inLanguage\":\"fr-FR\",\"potentialAction\":[{\"@type\":\"ReadAction\",\"target\":[\"https:\/\/www.riyadelcadi.com\/fr\/offres\/cours-de-cuisine\/\"]}]},{\"@type\":\"ImageObject\",\"inLanguage\":\"fr-FR\",\"@id\":\"https:\/\/www.riyadelcadi.com\/fr\/offres\/cours-de-cuisine\/#primaryimage\",\"url\":\"https:\/\/www.riyadelcadi.com\/wp-content\/uploads\/2011\/08\/Cooking-Class-by-Martina-Braun_8338.jpg\",\"contentUrl\":\"https:\/\/www.riyadelcadi.com\/wp-content\/uploads\/2011\/08\/Cooking-Class-by-Martina-Braun_8338.jpg\",\"width\":2048,\"height\":1366},{\"@type\":\"BreadcrumbList\",\"@id\":\"https:\/\/www.riyadelcadi.com\/fr\/offres\/cours-de-cuisine\/#breadcrumb\",\"itemListElement\":[{\"@type\":\"ListItem\",\"position\":1,\"name\":\"Accueil\",\"item\":\"https:\/\/www.riyadelcadi.com\/fr\/\"},{\"@type\":\"ListItem\",\"position\":2,\"name\":\"Offres\",\"item\":\"https:\/\/www.riyadelcadi.com\/fr\/offres\/\"},{\"@type\":\"ListItem\",\"position\":3,\"name\":\"Cours de cuisine &#8211; pr\u00e9parez votre propre tagine\"}]},{\"@type\":\"WebSite\",\"@id\":\"https:\/\/www.riyadelcadi.com\/fr\/#website\",\"url\":\"https:\/\/www.riyadelcadi.com\/fr\/\",\"name\":\"Riyad El Cadi\",\"description\":\"Riad avec du style in Marrakech\",\"potentialAction\":[{\"@type\":\"SearchAction\",\"target\":{\"@type\":\"EntryPoint\",\"urlTemplate\":\"https:\/\/www.riyadelcadi.com\/fr\/?s={search_term_string}\"},\"query-input\":{\"@type\":\"PropertyValueSpecification\",\"valueRequired\":true,\"valueName\":\"search_term_string\"}}],\"inLanguage\":\"fr-FR\"}]}<\/script>\n<!-- \/ Yoast SEO plugin. -->","yoast_head_json":{"title":"Cours de cuisine - pr\u00e9parez votre propre tagine - Riyad El Cadi","robots":{"index":"index","follow":"follow","max-snippet":"max-snippet:-1","max-image-preview":"max-image-preview:large","max-video-preview":"max-video-preview:-1"},"canonical":"https:\/\/www.riyadelcadi.com\/fr\/offres\/cours-de-cuisine\/","og_locale":"fr_FR","og_type":"article","og_title":"Cours de cuisine - pr\u00e9parez votre propre tagine - Riyad El Cadi","og_description":"[vc_section][vc_row][vc_column][vc_column_text] D\u00e9sirez-vous savourez un Tagine \u00e0 la Marocaine fait par vos propres mains ? Des herbes fines, y ajouter quelques portions fra\u00eeches de viandes ou de poulet, et des l\u00e9gumes soigneusement choisis \u2026 et tandis que vous buvez votre th\u00e9 \u00e0 la menthe frais, une d\u00e9lice marocaine prends son temps l\u00e9ger pour \u00eatre d\u00e9licieusement pr\u00eate! [&hellip;]","og_url":"https:\/\/www.riyadelcadi.com\/fr\/offres\/cours-de-cuisine\/","og_site_name":"Riyad El Cadi","article_publisher":"https:\/\/www.facebook.com\/RiyadElCadi\/","article_modified_time":"2024-01-26T18:54:50+00:00","og_image":[{"width":2048,"height":1366,"url":"https:\/\/www.riyadelcadi.com\/wp-content\/uploads\/2011\/08\/Cooking-Class-by-Martina-Braun_8338.jpg","type":"image\/jpeg"}],"twitter_card":"summary_large_image","twitter_misc":{"Dur\u00e9e de lecture estim\u00e9e":"2 minutes"},"schema":{"@context":"https:\/\/schema.org","@graph":[{"@type":"WebPage","@id":"https:\/\/www.riyadelcadi.com\/fr\/offres\/cours-de-cuisine\/","url":"https:\/\/www.riyadelcadi.com\/fr\/offres\/cours-de-cuisine\/","name":"Cours de cuisine - pr\u00e9parez votre propre tagine - Riyad El Cadi","isPartOf":{"@id":"https:\/\/www.riyadelcadi.com\/fr\/#website"},"primaryImageOfPage":{"@id":"https:\/\/www.riyadelcadi.com\/fr\/offres\/cours-de-cuisine\/#primaryimage"},"image":{"@id":"https:\/\/www.riyadelcadi.com\/fr\/offres\/cours-de-cuisine\/#primaryimage"},"thumbnailUrl":"https:\/\/www.riyadelcadi.com\/wp-content\/uploads\/2011\/08\/Cooking-Class-by-Martina-Braun_8338.jpg","datePublished":"2011-08-09T17:05:14+00:00","dateModified":"2024-01-26T18:54:50+00:00","breadcrumb":{"@id":"https:\/\/www.riyadelcadi.com\/fr\/offres\/cours-de-cuisine\/#breadcrumb"},"inLanguage":"fr-FR","potentialAction":[{"@type":"ReadAction","target":["https:\/\/www.riyadelcadi.com\/fr\/offres\/cours-de-cuisine\/"]}]},{"@type":"ImageObject","inLanguage":"fr-FR","@id":"https:\/\/www.riyadelcadi.com\/fr\/offres\/cours-de-cuisine\/#primaryimage","url":"https:\/\/www.riyadelcadi.com\/wp-content\/uploads\/2011\/08\/Cooking-Class-by-Martina-Braun_8338.jpg","contentUrl":"https:\/\/www.riyadelcadi.com\/wp-content\/uploads\/2011\/08\/Cooking-Class-by-Martina-Braun_8338.jpg","width":2048,"height":1366},{"@type":"BreadcrumbList","@id":"https:\/\/www.riyadelcadi.com\/fr\/offres\/cours-de-cuisine\/#breadcrumb","itemListElement":[{"@type":"ListItem","position":1,"name":"Accueil","item":"https:\/\/www.riyadelcadi.com\/fr\/"},{"@type":"ListItem","position":2,"name":"Offres","item":"https:\/\/www.riyadelcadi.com\/fr\/offres\/"},{"@type":"ListItem","position":3,"name":"Cours de cuisine &#8211; pr\u00e9parez votre propre tagine"}]},{"@type":"WebSite","@id":"https:\/\/www.riyadelcadi.com\/fr\/#website","url":"https:\/\/www.riyadelcadi.com\/fr\/","name":"Riyad El Cadi","description":"Riad avec du style in Marrakech","potentialAction":[{"@type":"SearchAction","target":{"@type":"EntryPoint","urlTemplate":"https:\/\/www.riyadelcadi.com\/fr\/?s={search_term_string}"},"query-input":{"@type":"PropertyValueSpecification","valueRequired":true,"valueName":"search_term_string"}}],"inLanguage":"fr-FR"}]}},"_links":{"self":[{"href":"https:\/\/www.riyadelcadi.com\/fr\/wp-json\/wp\/v2\/pages\/17074"}],"collection":[{"href":"https:\/\/www.riyadelcadi.com\/fr\/wp-json\/wp\/v2\/pages"}],"about":[{"href":"https:\/\/www.riyadelcadi.com\/fr\/wp-json\/wp\/v2\/types\/page"}],"author":[{"embeddable":true,"href":"https:\/\/www.riyadelcadi.com\/fr\/wp-json\/wp\/v2\/users\/4"}],"replies":[{"embeddable":true,"href":"https:\/\/www.riyadelcadi.com\/fr\/wp-json\/wp\/v2\/comments?post=17074"}],"version-history":[{"count":2,"href":"https:\/\/www.riyadelcadi.com\/fr\/wp-json\/wp\/v2\/pages\/17074\/revisions"}],"predecessor-version":[{"id":33405,"href":"https:\/\/www.riyadelcadi.com\/fr\/wp-json\/wp\/v2\/pages\/17074\/revisions\/33405"}],"up":[{"embeddable":true,"href":"https:\/\/www.riyadelcadi.com\/fr\/wp-json\/wp\/v2\/pages\/26045"}],"wp:featuredmedia":[{"embeddable":true,"href":"https:\/\/www.riyadelcadi.com\/fr\/wp-json\/wp\/v2\/media\/20583"}],"wp:attachment":[{"href":"https:\/\/www.riyadelcadi.com\/fr\/wp-json\/wp\/v2\/media?parent=17074"}],"curies":[{"name":"wp","href":"https:\/\/api.w.org\/{rel}","templated":true}]}}