{"id":17061,"date":"2011-07-30T22:27:48","date_gmt":"2011-07-30T20:27:48","guid":{"rendered":"http:\/\/www.riyadelcadi.com\/?page_id=17061&#038;lang=fr"},"modified":"2019-05-23T13:11:53","modified_gmt":"2019-05-23T11:11:53","slug":"golf","status":"publish","type":"page","link":"https:\/\/www.riyadelcadi.com\/fr\/vacances-a-marrakech\/golf\/","title":{"rendered":"Golf"},"content":{"rendered":"<div class=\"wpb-content-wrapper\"><p>[vc_section full_width=\u00a0\u00bb\u00a0\u00bb css=\u00a0\u00bb.vc_custom_1548677146325{padding-bottom: 1px !important;}\u00a0\u00bb][vc_row full_width=\u00a0\u00bb\u00a0\u00bb content_placement=\u00a0\u00bbmiddle\u00a0\u00bb][vc_column width=\u00a0\u00bb1\/2&Prime;][vc_column_text]<\/p>\n<h2><strong>Marrakech est le paradis pour le golf avec plusieurs parcours.<\/strong><\/h2>\n<p>Les temps presque toujours bons, avec une vue formidable sur les montagne d&rsquo;Atlas, le golf \u00e0 Marrakech est superbe.<strong><br \/>\n<\/strong><\/p>\n<p>Nous somme heureux de faire toutes les r\u00e9servations necessaires pour vous.[\/vc_column_text]<style type=\"text\/css\">#bklyn_btn_69ef70e6d43d2 .bklyn-btn { color:#ffffff !important; background-color:#eca65c !important; }#bklyn_btn_69ef70e6d43d2 .bklyn-btn:hover{ color:#ffffff !important; background-color:#efb273 !important; }#bklyn_btn_69ef70e6d43d2 .bklyn-btn:focus{ color:#ffffff !important; background-color:#efb273 !important; }#bklyn_btn_69ef70e6d43d2 .bklyn-btn:active { color:#ffffff !important; background-color:#efb273 !important; }<\/style><div id=\"bklyn_btn_69ef70e6d43d2\" class=\"bklyn-btn-holder  bklyn-btn-center bklyn-btn-tablet-center bklyn-btn-mobile-center\"><a title=\"\"   href=\"https:\/\/www.riyadelcadi.com\/fr\/reservation\/\" target=\"_self\" class=\"bklyn-btn  bklyn-btn-normal\" ><span class=\"ut-btn-text\">Reservation<\/span><\/a><\/div>[\/vc_column][vc_column width=\u00a0\u00bb1\/2&Prime;]<div  class=\"wpb_content_element   clearfix\"><style type=\"text\/css\">#ut_am_69ef70e6d5048 { opacity: 1; }#ut_am_wrap_69ef70e6d5049 { text-align: left; }@media (min-width: 768px) and (max-width: 1024px) { #ut_am_wrap_69ef70e6d5049 { text-align: left !important; } }@media (max-width: 767px) { #ut_am_wrap_69ef70e6d5049 { text-align: center !important; } }<\/style><div id=\"ut_am_wrap_69ef70e6d5049\" class=\"ut-image-gallery-image \"><div id=\"ut_reveal_69ef70e6d504b\"  data-appear-top-offset=\"auto\" class=\"ut-animated-image-item ut-image-gallery-item ut-animation-done \"><a class=\"ut-deactivated-link\" href=\"#\"><div class=\"ut-animated-image-zoom\">\r\n        <div class=\"ut-element-glitch-wrap\">\r\n\r\n            \r\n        <style type=\"text\/css\">\r\n\r\n                        \r\n        @media (min-width: 1025px) {\r\n\r\n        #ut-element-glitch-69ef70e6d509b246902961-6394 .ut-glitch-single-element {\r\n                                            \r\n                }\r\n        }\r\n\r\n        @media (min-width: 768px) and (max-width: 1024px) {\r\n\r\n        #ut-element-glitch-69ef70e6d509b246902961-6394 .ut-glitch-single-element {\r\n                                                \r\n                    }\r\n        }\r\n\r\n        @media (max-width: 767px) {\r\n\r\n        #ut-element-glitch-69ef70e6d509b246902961-6394 .ut-glitch-single-element {\r\n                                                \r\n                    }\r\n        }\r\n\r\n        \r\n        <\/style>\r\n\r\n        \r\n            <div id=\"ut-element-glitch-69ef70e6d509b246902961-6394\" class=\" ut-element-glitch ut-glitch-none ut-element-glitch-permanent\">\r\n                <div class=\"ut-glitch-single-element ut-lozad skip-lazy\" data-background-image=\"https:\/\/www.riyadelcadi.com\/wp-content\/uploads\/2013\/01\/Golfcourse-e1546691088236-1280x854.jpg\"><\/div>\r\n                <div class=\"ut-glitch-single-element ut-lozad skip-lazy\" data-background-image=\"https:\/\/www.riyadelcadi.com\/wp-content\/uploads\/2013\/01\/Golfcourse-e1546691088236-1280x854.jpg\"><\/div>\r\n                <div class=\"ut-glitch-single-element ut-lozad skip-lazy\" data-background-image=\"https:\/\/www.riyadelcadi.com\/wp-content\/uploads\/2013\/01\/Golfcourse-e1546691088236-1280x854.jpg\"><\/div>\r\n                <div class=\"ut-glitch-single-element ut-lozad skip-lazy\" data-background-image=\"https:\/\/www.riyadelcadi.com\/wp-content\/uploads\/2013\/01\/Golfcourse-e1546691088236-1280x854.jpg\"><\/div>\r\n                <div class=\"ut-glitch-single-element ut-lozad skip-lazy\" data-background-image=\"https:\/\/www.riyadelcadi.com\/wp-content\/uploads\/2013\/01\/Golfcourse-e1546691088236-1280x854.jpg\"><\/div>\r\n            <\/div>\r\n\r\n        <\/div>\r\n\r\n        <img decoding=\"async\" class=\"ut-lazy skip-lazy ut-animated-image \"  id=\"ut_am_69ef70e6d5048\" src=\"data:image\/svg+xml;charset=utf-8,%3Csvg xmlns%3D'http%3A%2F%2Fwww.w3.org%2F2000%2Fsvg' viewBox%3D'0 0 1180 787'%2F%3E\" data-src=\"https:\/\/www.riyadelcadi.com\/wp-content\/uploads\/2013\/01\/Golfcourse-e1546691088236-1280x854.jpg\" width=\"1180\" height=\"787\" alt=\"\"\/><\/div><\/a><\/div><\/div><\/div>[\/vc_column][\/vc_row][vc_row full_width=\u00a0\u00bbstretch_row_content\u00a0\u00bb content_placement=\u00a0\u00bbmiddle\u00a0\u00bb bklyn_overlay=\u00a0\u00bbtrue\u00a0\u00bb background_attachment=\u00a0\u00bbfixed\u00a0\u00bb css=\u00a0\u00bb.vc_custom_1553279724989{background-image: url(https:\/\/www.riyadelcadi.com\/wp-content\/uploads\/2019\/02\/fond-assoufid-9.jpg?id=23061) !important;background-position: center !important;background-repeat: no-repeat !important;background-size: cover !important;}\u00a0\u00bb bklyn_overlay_color=\u00a0\u00bbrgba(20, 22, 24, 0.5)\u00a0\u00bb][vc_column][vc_row_inner equal_height=\u00a0\u00bbyes\u00a0\u00bb content_placement=\u00a0\u00bbmiddle\u00a0\u00bb css=\u00a0\u00bb.vc_custom_1553279769318{padding-top: 20px !important;padding-right: 20px !important;padding-bottom: 20px !important;padding-left: 20px !important;background-color: rgba(245, 245, 245, 0.8) !important;*background-color: rgba(245,245, 245, 0.8) !important;}\u00a0\u00bb][vc_column_inner width=\u00a0\u00bb2\/3&Prime;][vc_column_text]<\/p>\n<h2><strong>Offre Special: Golf Holidays<\/strong><\/h2>\n<p><strong>7 jors \u00e0 Marrakech, 3 parcours de golf , 5 d\u00eeners et 1 visite de ville \u00e0 un prix sp\u00e9cial<\/strong><strong>.<br \/>\n<\/strong>Valide: <strong>23.11-20.12<\/strong> et <strong>06.01-31.01.<\/strong><br \/>\nDouble: <strong>876 EUR<\/strong> par personne au lieu de <strong>1040 EUR<\/strong><br \/>\nJunior Suite: <strong>1048 EUR <\/strong>par personne au lieu de<strong> 1285 EUR<br \/>\n<\/strong>Des autre parcours de golf sur demande.[\/vc_column_text][\/vc_column_inner][vc_column_inner width=\u00a0\u00bb1\/3&Prime; background_position=\u00a0\u00bbcenter bottom\u00a0\u00bb]<style type=\"text\/css\">#bklyn_btn_69ef70e6d5193 .bklyn-btn { color:#ffffff !important; background-color:#eca65c !important; }#bklyn_btn_69ef70e6d5193 .bklyn-btn:hover{ color:#ffffff !important; background-color:#efb273 !important; }#bklyn_btn_69ef70e6d5193 .bklyn-btn:focus{ color:#ffffff !important; background-color:#efb273 !important; }#bklyn_btn_69ef70e6d5193 .bklyn-btn:active { color:#ffffff !important; background-color:#efb273 !important; }<\/style><div id=\"bklyn_btn_69ef70e6d5193\" class=\"bklyn-btn-holder  bklyn-btn-center bklyn-btn-tablet-center bklyn-btn-mobile-center\"><a title=\"\"   href=\"https:\/\/www.riyadelcadi.com\/special-offers\/golf-holidays-in-marrakech-with-riyad-el-cadi\/\" target=\"_self\" class=\"bklyn-btn  bklyn-btn-normal\" ><span class=\"ut-btn-text\">ENCORE<\/span><\/a><\/div>[\/vc_column_inner][\/vc_row_inner][\/vc_column][\/vc_row][vc_row][vc_column][vc_column_text]<\/p>\n<h3><strong>Les Golfs:<\/strong><\/h3>\n<h5><strong>Le Royal Golf de Marrakech (18 trous, Par 72, 5658 m)<\/strong><\/h5>\n<p>Construit dans les 1920s par le Pasha de Marrakech.\u00a0 Le <a href=\"http:\/\/www.royalgolfmarrakech.com\/\">Royal Golf<\/a> est le cours favoris\u00e9 de la famille royale. Traditionel.<\/p>\n<h5><strong>Golf d\u00b4Amelkis (18 trous, Par 72, 6657 m)<\/strong><\/h5>\n<p>Golf d\u2019Amelkis, plus moderne, d\u00e9sing\u00e9 par le designer Cabbel B. Robinson avec 3 cours de 9 trous \u00e0 combiner en groupes.<\/p>\n<h5><strong>Club de la Palmeraie (18 trous, Par 72, 6205 m)<\/strong><\/h5>\n<p>Con\u00e7u par Trent Jones Senior avec une palmeraie et 7 petits lacs.<\/p>\n<p>&nbsp;<\/p>\n<p><strong><a href=\"http:\/\/www.almaaden.golf\">Al Maadan Golf<\/a> (18 trous, Par 72, 6644 m)<\/strong> &#8211; parmi les plus nouveaux<\/p>\n<p><a title=\"Samanah Country Club\" href=\"http:\/\/www.golf-samanah.com\/\"><strong>Samanah Golf <\/strong><\/a>(<strong>18 trous, Par 72, 6735 m)<\/strong><\/p>\n<p><strong>Atlas Golf Club (9 holes, Par 32, 2299 m)<\/strong> &#8211; Design Alain Prat<\/p>\n<p><strong>Assoufid Golf Resort (18 trous) &#8211; <\/strong>beacoup de palmiers[\/vc_column_text][\/vc_column][\/vc_row][\/vc_section]<\/p>\n<\/div>","protected":false},"excerpt":{"rendered":"<p>[vc_section full_width=\u00a0\u00bb\u00a0\u00bb css=\u00a0\u00bb.vc_custom_1548677146325{padding-bottom: 1px !important;}\u00a0\u00bb][vc_row full_width=\u00a0\u00bb\u00a0\u00bb content_placement=\u00a0\u00bbmiddle\u00a0\u00bb][vc_column width=\u00a0\u00bb1\/2&Prime;][vc_column_text] Marrakech est le paradis pour le golf avec plusieurs parcours. Les temps presque toujours bons, avec une vue formidable sur les montagne d&rsquo;Atlas, le golf \u00e0 Marrakech est superbe. Nous somme heureux de faire toutes les r\u00e9servations necessaires pour vous.[\/vc_column_text][\/vc_column][vc_column width=\u00a0\u00bb1\/2&Prime;][\/vc_column][\/vc_row][vc_row full_width=\u00a0\u00bbstretch_row_content\u00a0\u00bb content_placement=\u00a0\u00bbmiddle\u00a0\u00bb bklyn_overlay=\u00a0\u00bbtrue\u00a0\u00bb background_attachment=\u00a0\u00bbfixed\u00a0\u00bb css=\u00a0\u00bb.vc_custom_1553279724989{background-image: url(https:\/\/www.riyadelcadi.com\/wp-content\/uploads\/2019\/02\/fond-assoufid-9.jpg?id=23061) [&hellip;]<\/p>\n","protected":false},"author":4,"featured_media":26274,"parent":17024,"menu_order":4,"comment_status":"closed","ping_status":"closed","template":"","meta":{"footnotes":""},"yoast_head":"<!-- This site is optimized with the Yoast SEO plugin v24.5 - https:\/\/yoast.com\/wordpress\/plugins\/seo\/ -->\n<title>Golf - Riyad El Cadi<\/title>\n<meta name=\"robots\" content=\"index, follow, max-snippet:-1, max-image-preview:large, max-video-preview:-1\" \/>\n<link rel=\"canonical\" href=\"https:\/\/www.riyadelcadi.com\/fr\/vacances-a-marrakech\/golf\/\" \/>\n<meta property=\"og:locale\" content=\"fr_FR\" \/>\n<meta property=\"og:type\" content=\"article\" \/>\n<meta property=\"og:title\" content=\"Golf - Riyad El Cadi\" \/>\n<meta property=\"og:description\" content=\"[vc_section full_width=\u00a0\u00bb\u00a0\u00bb css=\u00a0\u00bb.vc_custom_1548677146325{padding-bottom: 1px !important;}\u00a0\u00bb][vc_row full_width=\u00a0\u00bb\u00a0\u00bb content_placement=\u00a0\u00bbmiddle\u00a0\u00bb][vc_column width=\u00a0\u00bb1\/2&Prime;][vc_column_text] Marrakech est le paradis pour le golf avec plusieurs parcours. Les temps presque toujours bons, avec une vue formidable sur les montagne d&rsquo;Atlas, le golf \u00e0 Marrakech est superbe. Nous somme heureux de faire toutes les r\u00e9servations necessaires pour vous.[\/vc_column_text][\/vc_column][vc_column width=\u00a0\u00bb1\/2&Prime;][\/vc_column][\/vc_row][vc_row full_width=\u00a0\u00bbstretch_row_content\u00a0\u00bb content_placement=\u00a0\u00bbmiddle\u00a0\u00bb bklyn_overlay=\u00a0\u00bbtrue\u00a0\u00bb background_attachment=\u00a0\u00bbfixed\u00a0\u00bb css=\u00a0\u00bb.vc_custom_1553279724989{background-image: url(https:\/\/www.riyadelcadi.com\/wp-content\/uploads\/2019\/02\/fond-assoufid-9.jpg?id=23061) [&hellip;]\" \/>\n<meta property=\"og:url\" content=\"https:\/\/www.riyadelcadi.com\/fr\/vacances-a-marrakech\/golf\/\" \/>\n<meta property=\"og:site_name\" content=\"Riyad El Cadi\" \/>\n<meta property=\"article:publisher\" content=\"https:\/\/www.facebook.com\/RiyadElCadi\/\" \/>\n<meta property=\"article:modified_time\" content=\"2019-05-23T11:11:53+00:00\" \/>\n<meta property=\"og:image\" content=\"https:\/\/www.riyadelcadi.com\/wp-content\/uploads\/2019\/03\/GOLF-david-goldsbury-382924-unsplash.jpg\" \/>\n\t<meta property=\"og:image:width\" content=\"1280\" \/>\n\t<meta property=\"og:image:height\" content=\"960\" \/>\n\t<meta property=\"og:image:type\" content=\"image\/jpeg\" \/>\n<meta name=\"twitter:card\" content=\"summary_large_image\" \/>\n<meta name=\"twitter:label1\" content=\"Dur\u00e9e de lecture estim\u00e9e\" \/>\n\t<meta name=\"twitter:data1\" content=\"2 minutes\" \/>\n<script type=\"application\/ld+json\" class=\"yoast-schema-graph\">{\"@context\":\"https:\/\/schema.org\",\"@graph\":[{\"@type\":\"WebPage\",\"@id\":\"https:\/\/www.riyadelcadi.com\/fr\/vacances-a-marrakech\/golf\/\",\"url\":\"https:\/\/www.riyadelcadi.com\/fr\/vacances-a-marrakech\/golf\/\",\"name\":\"Golf - Riyad El Cadi\",\"isPartOf\":{\"@id\":\"https:\/\/www.riyadelcadi.com\/fr\/#website\"},\"primaryImageOfPage\":{\"@id\":\"https:\/\/www.riyadelcadi.com\/fr\/vacances-a-marrakech\/golf\/#primaryimage\"},\"image\":{\"@id\":\"https:\/\/www.riyadelcadi.com\/fr\/vacances-a-marrakech\/golf\/#primaryimage\"},\"thumbnailUrl\":\"https:\/\/www.riyadelcadi.com\/wp-content\/uploads\/2019\/03\/GOLF-david-goldsbury-382924-unsplash.jpg\",\"datePublished\":\"2011-07-30T20:27:48+00:00\",\"dateModified\":\"2019-05-23T11:11:53+00:00\",\"breadcrumb\":{\"@id\":\"https:\/\/www.riyadelcadi.com\/fr\/vacances-a-marrakech\/golf\/#breadcrumb\"},\"inLanguage\":\"fr-FR\",\"potentialAction\":[{\"@type\":\"ReadAction\",\"target\":[\"https:\/\/www.riyadelcadi.com\/fr\/vacances-a-marrakech\/golf\/\"]}]},{\"@type\":\"ImageObject\",\"inLanguage\":\"fr-FR\",\"@id\":\"https:\/\/www.riyadelcadi.com\/fr\/vacances-a-marrakech\/golf\/#primaryimage\",\"url\":\"https:\/\/www.riyadelcadi.com\/wp-content\/uploads\/2019\/03\/GOLF-david-goldsbury-382924-unsplash.jpg\",\"contentUrl\":\"https:\/\/www.riyadelcadi.com\/wp-content\/uploads\/2019\/03\/GOLF-david-goldsbury-382924-unsplash.jpg\",\"width\":1280,\"height\":960},{\"@type\":\"BreadcrumbList\",\"@id\":\"https:\/\/www.riyadelcadi.com\/fr\/vacances-a-marrakech\/golf\/#breadcrumb\",\"itemListElement\":[{\"@type\":\"ListItem\",\"position\":1,\"name\":\"Accueil\",\"item\":\"https:\/\/www.riyadelcadi.com\/fr\/\"},{\"@type\":\"ListItem\",\"position\":2,\"name\":\"Marrakech: d\u00e9couvrez la ville rose comme les locaux\",\"item\":\"https:\/\/www.riyadelcadi.com\/fr\/vacances-a-marrakech\/\"},{\"@type\":\"ListItem\",\"position\":3,\"name\":\"Golf\"}]},{\"@type\":\"WebSite\",\"@id\":\"https:\/\/www.riyadelcadi.com\/fr\/#website\",\"url\":\"https:\/\/www.riyadelcadi.com\/fr\/\",\"name\":\"Riyad El Cadi\",\"description\":\"Riad avec du style in Marrakech\",\"potentialAction\":[{\"@type\":\"SearchAction\",\"target\":{\"@type\":\"EntryPoint\",\"urlTemplate\":\"https:\/\/www.riyadelcadi.com\/fr\/?s={search_term_string}\"},\"query-input\":{\"@type\":\"PropertyValueSpecification\",\"valueRequired\":true,\"valueName\":\"search_term_string\"}}],\"inLanguage\":\"fr-FR\"}]}<\/script>\n<!-- \/ Yoast SEO plugin. -->","yoast_head_json":{"title":"Golf - Riyad El Cadi","robots":{"index":"index","follow":"follow","max-snippet":"max-snippet:-1","max-image-preview":"max-image-preview:large","max-video-preview":"max-video-preview:-1"},"canonical":"https:\/\/www.riyadelcadi.com\/fr\/vacances-a-marrakech\/golf\/","og_locale":"fr_FR","og_type":"article","og_title":"Golf - Riyad El Cadi","og_description":"[vc_section full_width=\u00a0\u00bb\u00a0\u00bb css=\u00a0\u00bb.vc_custom_1548677146325{padding-bottom: 1px !important;}\u00a0\u00bb][vc_row full_width=\u00a0\u00bb\u00a0\u00bb content_placement=\u00a0\u00bbmiddle\u00a0\u00bb][vc_column width=\u00a0\u00bb1\/2&Prime;][vc_column_text] Marrakech est le paradis pour le golf avec plusieurs parcours. Les temps presque toujours bons, avec une vue formidable sur les montagne d&rsquo;Atlas, le golf \u00e0 Marrakech est superbe. Nous somme heureux de faire toutes les r\u00e9servations necessaires pour vous.[\/vc_column_text][\/vc_column][vc_column width=\u00a0\u00bb1\/2&Prime;][\/vc_column][\/vc_row][vc_row full_width=\u00a0\u00bbstretch_row_content\u00a0\u00bb content_placement=\u00a0\u00bbmiddle\u00a0\u00bb bklyn_overlay=\u00a0\u00bbtrue\u00a0\u00bb background_attachment=\u00a0\u00bbfixed\u00a0\u00bb css=\u00a0\u00bb.vc_custom_1553279724989{background-image: url(https:\/\/www.riyadelcadi.com\/wp-content\/uploads\/2019\/02\/fond-assoufid-9.jpg?id=23061) [&hellip;]","og_url":"https:\/\/www.riyadelcadi.com\/fr\/vacances-a-marrakech\/golf\/","og_site_name":"Riyad El Cadi","article_publisher":"https:\/\/www.facebook.com\/RiyadElCadi\/","article_modified_time":"2019-05-23T11:11:53+00:00","og_image":[{"width":1280,"height":960,"url":"https:\/\/www.riyadelcadi.com\/wp-content\/uploads\/2019\/03\/GOLF-david-goldsbury-382924-unsplash.jpg","type":"image\/jpeg"}],"twitter_card":"summary_large_image","twitter_misc":{"Dur\u00e9e de lecture estim\u00e9e":"2 minutes"},"schema":{"@context":"https:\/\/schema.org","@graph":[{"@type":"WebPage","@id":"https:\/\/www.riyadelcadi.com\/fr\/vacances-a-marrakech\/golf\/","url":"https:\/\/www.riyadelcadi.com\/fr\/vacances-a-marrakech\/golf\/","name":"Golf - Riyad El Cadi","isPartOf":{"@id":"https:\/\/www.riyadelcadi.com\/fr\/#website"},"primaryImageOfPage":{"@id":"https:\/\/www.riyadelcadi.com\/fr\/vacances-a-marrakech\/golf\/#primaryimage"},"image":{"@id":"https:\/\/www.riyadelcadi.com\/fr\/vacances-a-marrakech\/golf\/#primaryimage"},"thumbnailUrl":"https:\/\/www.riyadelcadi.com\/wp-content\/uploads\/2019\/03\/GOLF-david-goldsbury-382924-unsplash.jpg","datePublished":"2011-07-30T20:27:48+00:00","dateModified":"2019-05-23T11:11:53+00:00","breadcrumb":{"@id":"https:\/\/www.riyadelcadi.com\/fr\/vacances-a-marrakech\/golf\/#breadcrumb"},"inLanguage":"fr-FR","potentialAction":[{"@type":"ReadAction","target":["https:\/\/www.riyadelcadi.com\/fr\/vacances-a-marrakech\/golf\/"]}]},{"@type":"ImageObject","inLanguage":"fr-FR","@id":"https:\/\/www.riyadelcadi.com\/fr\/vacances-a-marrakech\/golf\/#primaryimage","url":"https:\/\/www.riyadelcadi.com\/wp-content\/uploads\/2019\/03\/GOLF-david-goldsbury-382924-unsplash.jpg","contentUrl":"https:\/\/www.riyadelcadi.com\/wp-content\/uploads\/2019\/03\/GOLF-david-goldsbury-382924-unsplash.jpg","width":1280,"height":960},{"@type":"BreadcrumbList","@id":"https:\/\/www.riyadelcadi.com\/fr\/vacances-a-marrakech\/golf\/#breadcrumb","itemListElement":[{"@type":"ListItem","position":1,"name":"Accueil","item":"https:\/\/www.riyadelcadi.com\/fr\/"},{"@type":"ListItem","position":2,"name":"Marrakech: d\u00e9couvrez la ville rose comme les locaux","item":"https:\/\/www.riyadelcadi.com\/fr\/vacances-a-marrakech\/"},{"@type":"ListItem","position":3,"name":"Golf"}]},{"@type":"WebSite","@id":"https:\/\/www.riyadelcadi.com\/fr\/#website","url":"https:\/\/www.riyadelcadi.com\/fr\/","name":"Riyad El Cadi","description":"Riad avec du style in Marrakech","potentialAction":[{"@type":"SearchAction","target":{"@type":"EntryPoint","urlTemplate":"https:\/\/www.riyadelcadi.com\/fr\/?s={search_term_string}"},"query-input":{"@type":"PropertyValueSpecification","valueRequired":true,"valueName":"search_term_string"}}],"inLanguage":"fr-FR"}]}},"_links":{"self":[{"href":"https:\/\/www.riyadelcadi.com\/fr\/wp-json\/wp\/v2\/pages\/17061"}],"collection":[{"href":"https:\/\/www.riyadelcadi.com\/fr\/wp-json\/wp\/v2\/pages"}],"about":[{"href":"https:\/\/www.riyadelcadi.com\/fr\/wp-json\/wp\/v2\/types\/page"}],"author":[{"embeddable":true,"href":"https:\/\/www.riyadelcadi.com\/fr\/wp-json\/wp\/v2\/users\/4"}],"replies":[{"embeddable":true,"href":"https:\/\/www.riyadelcadi.com\/fr\/wp-json\/wp\/v2\/comments?post=17061"}],"version-history":[{"count":0,"href":"https:\/\/www.riyadelcadi.com\/fr\/wp-json\/wp\/v2\/pages\/17061\/revisions"}],"up":[{"embeddable":true,"href":"https:\/\/www.riyadelcadi.com\/fr\/wp-json\/wp\/v2\/pages\/17024"}],"wp:featuredmedia":[{"embeddable":true,"href":"https:\/\/www.riyadelcadi.com\/fr\/wp-json\/wp\/v2\/media\/26274"}],"wp:attachment":[{"href":"https:\/\/www.riyadelcadi.com\/fr\/wp-json\/wp\/v2\/media?parent=17061"}],"curies":[{"name":"wp","href":"https:\/\/api.w.org\/{rel}","templated":true}]}}