{"id":17046,"date":"2011-08-09T18:59:44","date_gmt":"2011-08-09T16:59:44","guid":{"rendered":"http:\/\/www.riyadelcadi.com\/?page_id=17046&#038;lang=fr"},"modified":"2022-12-04T15:35:03","modified_gmt":"2022-12-04T14:35:03","slug":"holiday-package","status":"publish","type":"page","link":"https:\/\/www.riyadelcadi.com\/fr\/offres\/holiday-package\/","title":{"rendered":"Holiday Package &#8211; Marrakech \u00e0 d\u00e9couvrir"},"content":{"rendered":"<div class=\"wpb-content-wrapper\"><p>[vc_section][vc_row][vc_column][vc_column_text]<\/p>\n<h2 style=\"text-align: center;\">Pour un s\u00e9jour longue et relaxant&#8230;<\/h2>\n<p>[\/vc_column_text][\/vc_column][\/vc_row][vc_row equal_height=\u00a0\u00bbyes\u00a0\u00bb][vc_column width=\u00a0\u00bb1\/2&Prime;][vc_column_text]<\/p>\n<h3>INCLUS DANS LE HOLIDAY PACKAGE :<\/h3>\n<ul>\n<li><strong>Quatre nuits<\/strong> dans une suite ou une chambre double<\/li>\n<li><strong>Tour de ville<\/strong> (3 heures) avec un guide certifi\u00e9<\/li>\n<li>Hammam pour 2 personnes<\/li>\n<li>Petit d\u00e9jeuner continental sur les terrasses<\/li>\n<li><strong>Bouteille de vin<\/strong> Marocain dans votre chambre<\/li>\n<li>Boisson de bien venue par personne<\/li>\n<li>Eau min\u00e9rale pendant tout le s\u00e9jour<\/li>\n<li>Th\u00e9 ou caf\u00e9 les apr\u00e8s midis<\/li>\n<\/ul>\n<p>[\/vc_column_text]<div class=\"ut-btn-group  ut-btn-group-center ut-btn-group-tablet-center ut-btn-group-mobile-center clearfix\"><style type=\"text\/css\">#bklyn_btn_69ef70dfb125b .bklyn-btn { color:#ffffff !important; background-color:#193d38 !important; }#bklyn_btn_69ef70dfb125b .bklyn-btn:hover{ color:#ffffff !important; background-color:#46635f !important; }#bklyn_btn_69ef70dfb125b .bklyn-btn:focus{ color:#ffffff !important; background-color:#46635f !important; }#bklyn_btn_69ef70dfb125b .bklyn-btn:active { color:#ffffff !important; background-color:#46635f !important; }<\/style><div id=\"bklyn_btn_69ef70dfb125b\" class=\"bklyn-btn-holder btn-green bklyn-btn-first bklyn-btn-center bklyn-btn-tablet-center bklyn-btn-mobile-center\"><a title=\"\"   href=\"mailto:info@riyadelcadi.com\" target=\"_self\" class=\"bklyn-btn  bklyn-btn-small\" ><span class=\"ut-btn-text\">Contact<\/span><\/a><\/div><style type=\"text\/css\">#bklyn_btn_69ef70dfb1331 .bklyn-btn { color:#ffffff !important; background-color:#eca65c !important; }#bklyn_btn_69ef70dfb1331 .bklyn-btn:hover{ color:#ffffff !important; background-color:#efb273 !important; }#bklyn_btn_69ef70dfb1331 .bklyn-btn:focus{ color:#ffffff !important; background-color:#efb273 !important; }#bklyn_btn_69ef70dfb1331 .bklyn-btn:active { color:#ffffff !important; background-color:#efb273 !important; }<\/style><div id=\"bklyn_btn_69ef70dfb1331\" class=\"bklyn-btn-holder  bklyn-btn-last bklyn-btn-center bklyn-btn-tablet-center bklyn-btn-mobile-center\"><a title=\"\"   href=\"https:\/\/direct-book.com\/properties\/riyadelcadidirect?number_nights=4&#038;number_adults=2&#038;promotion_code=Special&#038;locale=fr\" target=\"_blank\" class=\"bklyn-btn  bklyn-btn-small\" ><span class=\"ut-btn-text\">Reservation<\/span><\/a><\/div><\/div>[\/vc_column][vc_column width=\u00a0\u00bb1\/2&Prime; css=\u00a0\u00bb.vc_custom_1549562713070{border-left-width: 1px !important;padding-left: 60px !important;border-left-color: #b7b7b7 !important;border-left-style: solid !important;border-radius: 2px !important;}\u00a0\u00bb][vc_column_text]<\/p>\n<h3><strong>Prix de package:<\/strong><\/h3>\n<p>Les <strong>chambres doubles<\/strong> \u00e0 partir de <strong>775 euros<\/strong> (saison basse : \u00e0 partir de 715 euros).<br \/>\nLes <strong>suites<\/strong> \u00e0 partir de<strong> 1205 euros<\/strong> (saison basse : \u00e0 partir de 1105 euros).<\/p>\n<p>Holiday Package peut \u00eatre combin\u00e9 avec des autres offres..<\/p>\n<p>Restez plus longtemps chez <strong>Hotel Riyad El Cadi<\/strong>: Nous vous offrons des extra nuits au prix sp\u00e9cial.<\/p>\n<p>Le package est disponible toute l&rsquo;ann\u00e9e.[\/vc_column_text][\/vc_column][\/vc_row][\/vc_section][vc_row][vc_column][vc_column_text]<\/p>\n<p>[\/vc_column_text][\/vc_column][\/vc_row]<\/p>\n<\/div>","protected":false},"excerpt":{"rendered":"<p>[vc_section][vc_row][vc_column][vc_column_text] Pour un s\u00e9jour longue et relaxant&#8230; [\/vc_column_text][\/vc_column][\/vc_row][vc_row equal_height=\u00a0\u00bbyes\u00a0\u00bb][vc_column width=\u00a0\u00bb1\/2&Prime;][vc_column_text] INCLUS DANS LE HOLIDAY PACKAGE : Quatre nuits dans une suite ou une chambre double Tour de ville (3 heures) avec un guide certifi\u00e9 Hammam pour 2 personnes Petit d\u00e9jeuner continental sur les terrasses Bouteille de vin Marocain dans votre chambre Boisson de bien venue [&hellip;]<\/p>\n","protected":false},"author":4,"featured_media":19168,"parent":26045,"menu_order":4,"comment_status":"closed","ping_status":"closed","template":"","meta":{"footnotes":""},"yoast_head":"<!-- This site is optimized with the Yoast SEO plugin v24.5 - https:\/\/yoast.com\/wordpress\/plugins\/seo\/ -->\n<title>Holiday Package - Marrakech \u00e0 d\u00e9couvrir - Riyad El Cadi<\/title>\n<meta name=\"robots\" content=\"index, follow, max-snippet:-1, max-image-preview:large, max-video-preview:-1\" \/>\n<link rel=\"canonical\" href=\"https:\/\/www.riyadelcadi.com\/fr\/offres\/holiday-package\/\" \/>\n<meta property=\"og:locale\" content=\"fr_FR\" \/>\n<meta property=\"og:type\" content=\"article\" \/>\n<meta property=\"og:title\" content=\"Holiday Package - Marrakech \u00e0 d\u00e9couvrir - Riyad El Cadi\" \/>\n<meta property=\"og:description\" content=\"[vc_section][vc_row][vc_column][vc_column_text] Pour un s\u00e9jour longue et relaxant&#8230; [\/vc_column_text][\/vc_column][\/vc_row][vc_row equal_height=\u00a0\u00bbyes\u00a0\u00bb][vc_column width=\u00a0\u00bb1\/2&Prime;][vc_column_text] INCLUS DANS LE HOLIDAY PACKAGE : Quatre nuits dans une suite ou une chambre double Tour de ville (3 heures) avec un guide certifi\u00e9 Hammam pour 2 personnes Petit d\u00e9jeuner continental sur les terrasses Bouteille de vin Marocain dans votre chambre Boisson de bien venue [&hellip;]\" \/>\n<meta property=\"og:url\" content=\"https:\/\/www.riyadelcadi.com\/fr\/offres\/holiday-package\/\" \/>\n<meta property=\"og:site_name\" content=\"Riyad El Cadi\" \/>\n<meta property=\"article:publisher\" content=\"https:\/\/www.facebook.com\/RiyadElCadi\/\" \/>\n<meta property=\"article:modified_time\" content=\"2022-12-04T14:35:03+00:00\" \/>\n<meta property=\"og:image\" content=\"https:\/\/www.riyadelcadi.com\/wp-content\/uploads\/2016\/03\/Ottoman-Bassin_jed.kaoru_.share_.jpg\" \/>\n\t<meta property=\"og:image:width\" content=\"1280\" \/>\n\t<meta property=\"og:image:height\" content=\"853\" \/>\n\t<meta property=\"og:image:type\" content=\"image\/jpeg\" \/>\n<meta name=\"twitter:card\" content=\"summary_large_image\" \/>\n<meta name=\"twitter:label1\" content=\"Dur\u00e9e de lecture estim\u00e9e\" \/>\n\t<meta name=\"twitter:data1\" content=\"1 minute\" \/>\n<script type=\"application\/ld+json\" class=\"yoast-schema-graph\">{\"@context\":\"https:\/\/schema.org\",\"@graph\":[{\"@type\":\"WebPage\",\"@id\":\"https:\/\/www.riyadelcadi.com\/fr\/offres\/holiday-package\/\",\"url\":\"https:\/\/www.riyadelcadi.com\/fr\/offres\/holiday-package\/\",\"name\":\"Holiday Package - Marrakech \u00e0 d\u00e9couvrir - Riyad El Cadi\",\"isPartOf\":{\"@id\":\"https:\/\/www.riyadelcadi.com\/fr\/#website\"},\"primaryImageOfPage\":{\"@id\":\"https:\/\/www.riyadelcadi.com\/fr\/offres\/holiday-package\/#primaryimage\"},\"image\":{\"@id\":\"https:\/\/www.riyadelcadi.com\/fr\/offres\/holiday-package\/#primaryimage\"},\"thumbnailUrl\":\"https:\/\/www.riyadelcadi.com\/wp-content\/uploads\/2016\/03\/Ottoman-Bassin_jed.kaoru_.share_.jpg\",\"datePublished\":\"2011-08-09T16:59:44+00:00\",\"dateModified\":\"2022-12-04T14:35:03+00:00\",\"breadcrumb\":{\"@id\":\"https:\/\/www.riyadelcadi.com\/fr\/offres\/holiday-package\/#breadcrumb\"},\"inLanguage\":\"fr-FR\",\"potentialAction\":[{\"@type\":\"ReadAction\",\"target\":[\"https:\/\/www.riyadelcadi.com\/fr\/offres\/holiday-package\/\"]}]},{\"@type\":\"ImageObject\",\"inLanguage\":\"fr-FR\",\"@id\":\"https:\/\/www.riyadelcadi.com\/fr\/offres\/holiday-package\/#primaryimage\",\"url\":\"https:\/\/www.riyadelcadi.com\/wp-content\/uploads\/2016\/03\/Ottoman-Bassin_jed.kaoru_.share_.jpg\",\"contentUrl\":\"https:\/\/www.riyadelcadi.com\/wp-content\/uploads\/2016\/03\/Ottoman-Bassin_jed.kaoru_.share_.jpg\",\"width\":1280,\"height\":853,\"caption\":\"Detail\"},{\"@type\":\"BreadcrumbList\",\"@id\":\"https:\/\/www.riyadelcadi.com\/fr\/offres\/holiday-package\/#breadcrumb\",\"itemListElement\":[{\"@type\":\"ListItem\",\"position\":1,\"name\":\"Accueil\",\"item\":\"https:\/\/www.riyadelcadi.com\/fr\/\"},{\"@type\":\"ListItem\",\"position\":2,\"name\":\"Offres\",\"item\":\"https:\/\/www.riyadelcadi.com\/fr\/offres\/\"},{\"@type\":\"ListItem\",\"position\":3,\"name\":\"Holiday Package &#8211; Marrakech \u00e0 d\u00e9couvrir\"}]},{\"@type\":\"WebSite\",\"@id\":\"https:\/\/www.riyadelcadi.com\/fr\/#website\",\"url\":\"https:\/\/www.riyadelcadi.com\/fr\/\",\"name\":\"Riyad El Cadi\",\"description\":\"Riad avec du style in Marrakech\",\"potentialAction\":[{\"@type\":\"SearchAction\",\"target\":{\"@type\":\"EntryPoint\",\"urlTemplate\":\"https:\/\/www.riyadelcadi.com\/fr\/?s={search_term_string}\"},\"query-input\":{\"@type\":\"PropertyValueSpecification\",\"valueRequired\":true,\"valueName\":\"search_term_string\"}}],\"inLanguage\":\"fr-FR\"}]}<\/script>\n<!-- \/ Yoast SEO plugin. -->","yoast_head_json":{"title":"Holiday Package - Marrakech \u00e0 d\u00e9couvrir - Riyad El Cadi","robots":{"index":"index","follow":"follow","max-snippet":"max-snippet:-1","max-image-preview":"max-image-preview:large","max-video-preview":"max-video-preview:-1"},"canonical":"https:\/\/www.riyadelcadi.com\/fr\/offres\/holiday-package\/","og_locale":"fr_FR","og_type":"article","og_title":"Holiday Package - Marrakech \u00e0 d\u00e9couvrir - Riyad El Cadi","og_description":"[vc_section][vc_row][vc_column][vc_column_text] Pour un s\u00e9jour longue et relaxant&#8230; [\/vc_column_text][\/vc_column][\/vc_row][vc_row equal_height=\u00a0\u00bbyes\u00a0\u00bb][vc_column width=\u00a0\u00bb1\/2&Prime;][vc_column_text] INCLUS DANS LE HOLIDAY PACKAGE : Quatre nuits dans une suite ou une chambre double Tour de ville (3 heures) avec un guide certifi\u00e9 Hammam pour 2 personnes Petit d\u00e9jeuner continental sur les terrasses Bouteille de vin Marocain dans votre chambre Boisson de bien venue [&hellip;]","og_url":"https:\/\/www.riyadelcadi.com\/fr\/offres\/holiday-package\/","og_site_name":"Riyad El Cadi","article_publisher":"https:\/\/www.facebook.com\/RiyadElCadi\/","article_modified_time":"2022-12-04T14:35:03+00:00","og_image":[{"width":1280,"height":853,"url":"https:\/\/www.riyadelcadi.com\/wp-content\/uploads\/2016\/03\/Ottoman-Bassin_jed.kaoru_.share_.jpg","type":"image\/jpeg"}],"twitter_card":"summary_large_image","twitter_misc":{"Dur\u00e9e de lecture estim\u00e9e":"1 minute"},"schema":{"@context":"https:\/\/schema.org","@graph":[{"@type":"WebPage","@id":"https:\/\/www.riyadelcadi.com\/fr\/offres\/holiday-package\/","url":"https:\/\/www.riyadelcadi.com\/fr\/offres\/holiday-package\/","name":"Holiday Package - Marrakech \u00e0 d\u00e9couvrir - Riyad El Cadi","isPartOf":{"@id":"https:\/\/www.riyadelcadi.com\/fr\/#website"},"primaryImageOfPage":{"@id":"https:\/\/www.riyadelcadi.com\/fr\/offres\/holiday-package\/#primaryimage"},"image":{"@id":"https:\/\/www.riyadelcadi.com\/fr\/offres\/holiday-package\/#primaryimage"},"thumbnailUrl":"https:\/\/www.riyadelcadi.com\/wp-content\/uploads\/2016\/03\/Ottoman-Bassin_jed.kaoru_.share_.jpg","datePublished":"2011-08-09T16:59:44+00:00","dateModified":"2022-12-04T14:35:03+00:00","breadcrumb":{"@id":"https:\/\/www.riyadelcadi.com\/fr\/offres\/holiday-package\/#breadcrumb"},"inLanguage":"fr-FR","potentialAction":[{"@type":"ReadAction","target":["https:\/\/www.riyadelcadi.com\/fr\/offres\/holiday-package\/"]}]},{"@type":"ImageObject","inLanguage":"fr-FR","@id":"https:\/\/www.riyadelcadi.com\/fr\/offres\/holiday-package\/#primaryimage","url":"https:\/\/www.riyadelcadi.com\/wp-content\/uploads\/2016\/03\/Ottoman-Bassin_jed.kaoru_.share_.jpg","contentUrl":"https:\/\/www.riyadelcadi.com\/wp-content\/uploads\/2016\/03\/Ottoman-Bassin_jed.kaoru_.share_.jpg","width":1280,"height":853,"caption":"Detail"},{"@type":"BreadcrumbList","@id":"https:\/\/www.riyadelcadi.com\/fr\/offres\/holiday-package\/#breadcrumb","itemListElement":[{"@type":"ListItem","position":1,"name":"Accueil","item":"https:\/\/www.riyadelcadi.com\/fr\/"},{"@type":"ListItem","position":2,"name":"Offres","item":"https:\/\/www.riyadelcadi.com\/fr\/offres\/"},{"@type":"ListItem","position":3,"name":"Holiday Package &#8211; Marrakech \u00e0 d\u00e9couvrir"}]},{"@type":"WebSite","@id":"https:\/\/www.riyadelcadi.com\/fr\/#website","url":"https:\/\/www.riyadelcadi.com\/fr\/","name":"Riyad El Cadi","description":"Riad avec du style in Marrakech","potentialAction":[{"@type":"SearchAction","target":{"@type":"EntryPoint","urlTemplate":"https:\/\/www.riyadelcadi.com\/fr\/?s={search_term_string}"},"query-input":{"@type":"PropertyValueSpecification","valueRequired":true,"valueName":"search_term_string"}}],"inLanguage":"fr-FR"}]}},"_links":{"self":[{"href":"https:\/\/www.riyadelcadi.com\/fr\/wp-json\/wp\/v2\/pages\/17046"}],"collection":[{"href":"https:\/\/www.riyadelcadi.com\/fr\/wp-json\/wp\/v2\/pages"}],"about":[{"href":"https:\/\/www.riyadelcadi.com\/fr\/wp-json\/wp\/v2\/types\/page"}],"author":[{"embeddable":true,"href":"https:\/\/www.riyadelcadi.com\/fr\/wp-json\/wp\/v2\/users\/4"}],"replies":[{"embeddable":true,"href":"https:\/\/www.riyadelcadi.com\/fr\/wp-json\/wp\/v2\/comments?post=17046"}],"version-history":[{"count":0,"href":"https:\/\/www.riyadelcadi.com\/fr\/wp-json\/wp\/v2\/pages\/17046\/revisions"}],"up":[{"embeddable":true,"href":"https:\/\/www.riyadelcadi.com\/fr\/wp-json\/wp\/v2\/pages\/26045"}],"wp:featuredmedia":[{"embeddable":true,"href":"https:\/\/www.riyadelcadi.com\/fr\/wp-json\/wp\/v2\/media\/19168"}],"wp:attachment":[{"href":"https:\/\/www.riyadelcadi.com\/fr\/wp-json\/wp\/v2\/media?parent=17046"}],"curies":[{"name":"wp","href":"https:\/\/api.w.org\/{rel}","templated":true}]}}