{"id":17036,"date":"2011-08-23T14:57:31","date_gmt":"2011-08-23T12:57:31","guid":{"rendered":"http:\/\/www.riyadelcadi.com\/?page_id=17036&#038;lang=fr"},"modified":"2019-03-22T23:31:51","modified_gmt":"2019-03-22T22:31:51","slug":"shopping","status":"publish","type":"page","link":"https:\/\/www.riyadelcadi.com\/fr\/vacances-a-marrakech\/shopping\/","title":{"rendered":"Shopping"},"content":{"rendered":"<div class=\"wpb-content-wrapper\"><p>[vc_section full_width=\u00a0\u00bb\u00a0\u00bb][vc_row content_placement=\u00a0\u00bbmiddle\u00a0\u00bb css=\u00a0\u00bb.vc_custom_1548686111421{border-bottom-width: 0px !important;border-bottom-style: solid !important;}\u00a0\u00bb][vc_column width=\u00a0\u00bb1\/2&Prime;]<div  class=\"wpb_content_element   clearfix\"><style type=\"text\/css\">#ut_am_69f2e59051bbd { opacity: 1; }#ut_am_wrap_69f2e59051bbf { text-align: left; }@media (min-width: 768px) and (max-width: 1024px) { #ut_am_wrap_69f2e59051bbf { text-align: left !important; } }@media (max-width: 767px) { #ut_am_wrap_69f2e59051bbf { text-align: center !important; } }<\/style><div id=\"ut_am_wrap_69f2e59051bbf\" class=\"ut-image-gallery-image \"><div id=\"ut_reveal_69f2e59051bc1\"  data-appear-top-offset=\"auto\" class=\"ut-animated-image-item ut-image-gallery-item ut-animation-done \"><a class=\"ut-deactivated-link\" href=\"#\"><div class=\"ut-animated-image-zoom\">\r\n        <div class=\"ut-element-glitch-wrap\">\r\n\r\n            \r\n        <style type=\"text\/css\">\r\n\r\n                        \r\n        @media (min-width: 1025px) {\r\n\r\n        #ut-element-glitch-69f2e59051c12317883554-18028 .ut-glitch-single-element {\r\n                                            \r\n                }\r\n        }\r\n\r\n        @media (min-width: 768px) and (max-width: 1024px) {\r\n\r\n        #ut-element-glitch-69f2e59051c12317883554-18028 .ut-glitch-single-element {\r\n                                                \r\n                    }\r\n        }\r\n\r\n        @media (max-width: 767px) {\r\n\r\n        #ut-element-glitch-69f2e59051c12317883554-18028 .ut-glitch-single-element {\r\n                                                \r\n                    }\r\n        }\r\n\r\n        \r\n        <\/style>\r\n\r\n        \r\n            <div id=\"ut-element-glitch-69f2e59051c12317883554-18028\" class=\" ut-element-glitch ut-glitch-none ut-element-glitch-permanent\">\r\n                <div class=\"ut-glitch-single-element ut-lozad skip-lazy\" data-background-image=\"https:\/\/www.riyadelcadi.com\/wp-content\/uploads\/2015\/12\/Marrakech-2011_79-1280x806.jpg\"><\/div>\r\n                <div class=\"ut-glitch-single-element ut-lozad skip-lazy\" data-background-image=\"https:\/\/www.riyadelcadi.com\/wp-content\/uploads\/2015\/12\/Marrakech-2011_79-1280x806.jpg\"><\/div>\r\n                <div class=\"ut-glitch-single-element ut-lozad skip-lazy\" data-background-image=\"https:\/\/www.riyadelcadi.com\/wp-content\/uploads\/2015\/12\/Marrakech-2011_79-1280x806.jpg\"><\/div>\r\n                <div class=\"ut-glitch-single-element ut-lozad skip-lazy\" data-background-image=\"https:\/\/www.riyadelcadi.com\/wp-content\/uploads\/2015\/12\/Marrakech-2011_79-1280x806.jpg\"><\/div>\r\n                <div class=\"ut-glitch-single-element ut-lozad skip-lazy\" data-background-image=\"https:\/\/www.riyadelcadi.com\/wp-content\/uploads\/2015\/12\/Marrakech-2011_79-1280x806.jpg\"><\/div>\r\n            <\/div>\r\n\r\n        <\/div>\r\n\r\n        <img decoding=\"async\" class=\"ut-lazy skip-lazy ut-animated-image \"  id=\"ut_am_69f2e59051bbd\" src=\"data:image\/svg+xml;charset=utf-8,%3Csvg xmlns%3D'http%3A%2F%2Fwww.w3.org%2F2000%2Fsvg' viewBox%3D'0 0 1180 743'%2F%3E\" data-src=\"https:\/\/www.riyadelcadi.com\/wp-content\/uploads\/2015\/12\/Marrakech-2011_79-1280x806.jpg\" width=\"1180\" height=\"743\" alt=\"\"\/><\/div><\/a><\/div><\/div><\/div>[\/vc_column][vc_column width=\u00a0\u00bb1\/2&Prime; background_position=\u00a0\u00bbcenter center\u00a0\u00bb][vc_column_text]<\/p>\n<h2><strong>Nos recommendations pour un shopping \u00e0 Marrakech:<\/strong><\/h2>\n<p>Marrakech est le paradis pour le shopping. Les march\u00e9s vastes ne sont pas loin, seulement quelques pas&#8230;[\/vc_column_text][\/vc_column][\/vc_row][vc_row full_width=\u00a0\u00bb\u00a0\u00bb content_placement=\u00a0\u00bbmiddle\u00a0\u00bb][vc_column width=\u00a0\u00bb1\/2&Prime;][vc_column_text]<\/p>\n<h2>Les magasins de tradition:<\/h2>\n<ul>\n<li>Tapis: Les fr\u00e8res Lamdaghri du Bazar du Sud (117, Souk des Tapis)<\/li>\n<li>L\u2019Art du Bois (37, Souk el Kebir) pour votre cuisine<\/li>\n<li>L\u2019\u00e9checs en style l\u2019Art D\u00e9co chez Mohammed dans le Souk el Badine<\/li>\n<li>Fil D\u2019Or (10, Souk Semmarine) pour vos vestes de feutrine \u00e0 la Marocaine!<\/li>\n<\/ul>\n<p>[\/vc_column_text][\/vc_column][vc_column width=\u00a0\u00bb1\/2&Prime;]<div  class=\"wpb_content_element   clearfix\"><style type=\"text\/css\">#ut_am_69f2e5905275e { opacity: 1; }#ut_am_wrap_69f2e5905275f { text-align: left; }@media (min-width: 768px) and (max-width: 1024px) { #ut_am_wrap_69f2e5905275f { text-align: left !important; } }@media (max-width: 767px) { #ut_am_wrap_69f2e5905275f { text-align: center !important; } }<\/style><div id=\"ut_am_wrap_69f2e5905275f\" class=\"ut-image-gallery-image \"><div id=\"ut_reveal_69f2e59052760\"  data-appear-top-offset=\"auto\" class=\"ut-animated-image-item ut-image-gallery-item ut-animation-done \"><a class=\"ut-deactivated-link\" href=\"#\"><div class=\"ut-animated-image-zoom\">\r\n        <div class=\"ut-element-glitch-wrap\">\r\n\r\n            \r\n        <style type=\"text\/css\">\r\n\r\n                        \r\n        @media (min-width: 1025px) {\r\n\r\n        #ut-element-glitch-69f2e5905277b046965898-19222 .ut-glitch-single-element {\r\n                                            \r\n                }\r\n        }\r\n\r\n        @media (min-width: 768px) and (max-width: 1024px) {\r\n\r\n        #ut-element-glitch-69f2e5905277b046965898-19222 .ut-glitch-single-element {\r\n                                                \r\n                    }\r\n        }\r\n\r\n        @media (max-width: 767px) {\r\n\r\n        #ut-element-glitch-69f2e5905277b046965898-19222 .ut-glitch-single-element {\r\n                                                \r\n                    }\r\n        }\r\n\r\n        \r\n        <\/style>\r\n\r\n        \r\n            <div id=\"ut-element-glitch-69f2e5905277b046965898-19222\" class=\" ut-element-glitch ut-glitch-none ut-element-glitch-permanent\">\r\n                <div class=\"ut-glitch-single-element ut-lozad skip-lazy\" data-background-image=\"https:\/\/www.riyadelcadi.com\/wp-content\/uploads\/2016\/03\/Marrakech-2011_Carpet-Souq-_-Niels-Bitsch.jpg\"><\/div>\r\n                <div class=\"ut-glitch-single-element ut-lozad skip-lazy\" data-background-image=\"https:\/\/www.riyadelcadi.com\/wp-content\/uploads\/2016\/03\/Marrakech-2011_Carpet-Souq-_-Niels-Bitsch.jpg\"><\/div>\r\n                <div class=\"ut-glitch-single-element ut-lozad skip-lazy\" data-background-image=\"https:\/\/www.riyadelcadi.com\/wp-content\/uploads\/2016\/03\/Marrakech-2011_Carpet-Souq-_-Niels-Bitsch.jpg\"><\/div>\r\n                <div class=\"ut-glitch-single-element ut-lozad skip-lazy\" data-background-image=\"https:\/\/www.riyadelcadi.com\/wp-content\/uploads\/2016\/03\/Marrakech-2011_Carpet-Souq-_-Niels-Bitsch.jpg\"><\/div>\r\n                <div class=\"ut-glitch-single-element ut-lozad skip-lazy\" data-background-image=\"https:\/\/www.riyadelcadi.com\/wp-content\/uploads\/2016\/03\/Marrakech-2011_Carpet-Souq-_-Niels-Bitsch.jpg\"><\/div>\r\n            <\/div>\r\n\r\n        <\/div>\r\n\r\n        <img decoding=\"async\" class=\"ut-lazy skip-lazy ut-animated-image \"  id=\"ut_am_69f2e5905275e\" src=\"data:image\/svg+xml;charset=utf-8,%3Csvg xmlns%3D'http%3A%2F%2Fwww.w3.org%2F2000%2Fsvg' viewBox%3D'0 0 627 960'%2F%3E\" data-src=\"https:\/\/www.riyadelcadi.com\/wp-content\/uploads\/2016\/03\/Marrakech-2011_Carpet-Souq-_-Niels-Bitsch.jpg\" width=\"627\" height=\"960\" alt=\"\"\/><\/div><\/a><\/div><\/div><\/div>[\/vc_column][\/vc_row][vc_row full_width=\u00a0\u00bb\u00a0\u00bb content_placement=\u00a0\u00bbmiddle\u00a0\u00bb][vc_column width=\u00a0\u00bb1\/2&Prime;]<div  class=\"wpb_content_element   clearfix\"><style type=\"text\/css\">#ut_am_69f2e59053243 { opacity: 1; }#ut_am_wrap_69f2e59053244 { text-align: left; }@media (min-width: 768px) and (max-width: 1024px) { #ut_am_wrap_69f2e59053244 { text-align: left !important; } }@media (max-width: 767px) { #ut_am_wrap_69f2e59053244 { text-align: center !important; } }<\/style><div id=\"ut_am_wrap_69f2e59053244\" class=\"ut-image-gallery-image \"><div id=\"ut_reveal_69f2e59053245\"  data-appear-top-offset=\"auto\" class=\"ut-animated-image-item ut-image-gallery-item ut-animation-done \"><a class=\"ut-deactivated-link\" href=\"#\"><div class=\"ut-animated-image-zoom\">\r\n        <div class=\"ut-element-glitch-wrap\">\r\n\r\n            \r\n        <style type=\"text\/css\">\r\n\r\n                        \r\n        @media (min-width: 1025px) {\r\n\r\n        #ut-element-glitch-69f2e5905325b687456763-23049 .ut-glitch-single-element {\r\n                                            \r\n                }\r\n        }\r\n\r\n        @media (min-width: 768px) and (max-width: 1024px) {\r\n\r\n        #ut-element-glitch-69f2e5905325b687456763-23049 .ut-glitch-single-element {\r\n                                                \r\n                    }\r\n        }\r\n\r\n        @media (max-width: 767px) {\r\n\r\n        #ut-element-glitch-69f2e5905325b687456763-23049 .ut-glitch-single-element {\r\n                                                \r\n                    }\r\n        }\r\n\r\n        \r\n        <\/style>\r\n\r\n        \r\n            <div id=\"ut-element-glitch-69f2e5905325b687456763-23049\" class=\" ut-element-glitch ut-glitch-none ut-element-glitch-permanent\">\r\n                <div class=\"ut-glitch-single-element ut-lozad skip-lazy\" data-background-image=\"https:\/\/www.riyadelcadi.com\/wp-content\/uploads\/2019\/02\/DSC_3589-1-print.jpg\"><\/div>\r\n                <div class=\"ut-glitch-single-element ut-lozad skip-lazy\" data-background-image=\"https:\/\/www.riyadelcadi.com\/wp-content\/uploads\/2019\/02\/DSC_3589-1-print.jpg\"><\/div>\r\n                <div class=\"ut-glitch-single-element ut-lozad skip-lazy\" data-background-image=\"https:\/\/www.riyadelcadi.com\/wp-content\/uploads\/2019\/02\/DSC_3589-1-print.jpg\"><\/div>\r\n                <div class=\"ut-glitch-single-element ut-lozad skip-lazy\" data-background-image=\"https:\/\/www.riyadelcadi.com\/wp-content\/uploads\/2019\/02\/DSC_3589-1-print.jpg\"><\/div>\r\n                <div class=\"ut-glitch-single-element ut-lozad skip-lazy\" data-background-image=\"https:\/\/www.riyadelcadi.com\/wp-content\/uploads\/2019\/02\/DSC_3589-1-print.jpg\"><\/div>\r\n            <\/div>\r\n\r\n        <\/div>\r\n\r\n        <img decoding=\"async\" class=\"ut-lazy skip-lazy ut-animated-image \"  id=\"ut_am_69f2e59053243\" src=\"data:image\/svg+xml;charset=utf-8,%3Csvg xmlns%3D'http%3A%2F%2Fwww.w3.org%2F2000%2Fsvg' viewBox%3D'0 0 681 1024'%2F%3E\" data-src=\"https:\/\/www.riyadelcadi.com\/wp-content\/uploads\/2019\/02\/DSC_3589-1-print.jpg\" width=\"681\" height=\"1024\" alt=\"\"\/><\/div><\/a><\/div><\/div><\/div>[\/vc_column][vc_column width=\u00a0\u00bb1\/2&Prime;][vc_column_text]<\/p>\n<h2>Design-Shopping dans les Souqs<\/h2>\n<ul>\n<li>Shopping de luxe dans la boutique Akbar Delights au Bab Fteuh<\/li>\n<li><strong>Design<\/strong> de <strong>Marrakech<\/strong> dans les boutiques dans la gal\u00e9rie au 1\u00e8re \u00e9tage sous le restaurant \u201cTerrasses des Epices\u201d, Souq Cherifia<\/li>\n<li>Boutique Akbar Delights pour des kaftans, des coussins les plus beaux (Place Bab Fteuh).<\/li>\n<\/ul>\n<p>[\/vc_column_text][\/vc_column][\/vc_row][vc_row full_width=\u00a0\u00bb\u00a0\u00bb][vc_column css=\u00a0\u00bb.vc_custom_1553093570657{background-color: #faf8f4 !important;}\u00a0\u00bb][vc_column_text]<\/p>\n<h3 style=\"text-align: center;\">Pour d\u2019autres recommendations, demandez-nous!<\/h3>\n<p>[\/vc_column_text]<style type=\"text\/css\">#bklyn_btn_69f2e59053307 .bklyn-btn { color:#ffffff !important; background-color:#193d38 !important; }#bklyn_btn_69f2e59053307 .bklyn-btn:hover{ color:#ffffff !important; background-color:#46635f !important; }#bklyn_btn_69f2e59053307 .bklyn-btn:focus{ color:#ffffff !important; background-color:#46635f !important; }#bklyn_btn_69f2e59053307 .bklyn-btn:active { color:#ffffff !important; background-color:#46635f !important; }<\/style><div id=\"bklyn_btn_69f2e59053307\" class=\"bklyn-btn-holder btn-green bklyn-btn-center bklyn-btn-tablet-center bklyn-btn-mobile-center\"><a title=\"\"   href=\"mailto:info@riyadelcadi.com\" target=\"_self\" class=\"bklyn-btn  bklyn-btn-normal\" ><span class=\"ut-btn-text\">Contact<\/span><\/a><\/div>[\/vc_column][\/vc_row][vc_row][vc_column][vc_empty_space][\/vc_column][\/vc_row][\/vc_section][vc_row][vc_column][vc_column_text]<\/p>\n<p>[\/vc_column_text][\/vc_column][\/vc_row]<\/p>\n<\/div>","protected":false},"excerpt":{"rendered":"<p>[vc_section full_width=\u00a0\u00bb\u00a0\u00bb][vc_row content_placement=\u00a0\u00bbmiddle\u00a0\u00bb css=\u00a0\u00bb.vc_custom_1548686111421{border-bottom-width: 0px !important;border-bottom-style: solid !important;}\u00a0\u00bb][vc_column width=\u00a0\u00bb1\/2&Prime;][\/vc_column][vc_column width=\u00a0\u00bb1\/2&Prime; background_position=\u00a0\u00bbcenter center\u00a0\u00bb][vc_column_text] Nos recommendations pour un shopping \u00e0 Marrakech: Marrakech est le paradis pour le shopping. Les march\u00e9s vastes ne sont pas loin, seulement quelques pas&#8230;[\/vc_column_text][\/vc_column][\/vc_row][vc_row full_width=\u00a0\u00bb\u00a0\u00bb content_placement=\u00a0\u00bbmiddle\u00a0\u00bb][vc_column width=\u00a0\u00bb1\/2&Prime;][vc_column_text] Les magasins de tradition: Tapis: Les fr\u00e8res Lamdaghri du Bazar du Sud (117, Souk des Tapis) [&hellip;]<\/p>\n","protected":false},"author":4,"featured_media":23019,"parent":17024,"menu_order":0,"comment_status":"closed","ping_status":"closed","template":"","meta":{"footnotes":""},"yoast_head":"<!-- This site is optimized with the Yoast SEO plugin v24.5 - https:\/\/yoast.com\/wordpress\/plugins\/seo\/ -->\n<title>Shopping - Riyad El Cadi<\/title>\n<meta name=\"robots\" content=\"index, follow, max-snippet:-1, max-image-preview:large, max-video-preview:-1\" \/>\n<link rel=\"canonical\" href=\"https:\/\/www.riyadelcadi.com\/fr\/vacances-a-marrakech\/shopping\/\" \/>\n<meta property=\"og:locale\" content=\"fr_FR\" \/>\n<meta property=\"og:type\" content=\"article\" \/>\n<meta property=\"og:title\" content=\"Shopping - Riyad El Cadi\" \/>\n<meta property=\"og:description\" content=\"[vc_section full_width=\u00a0\u00bb\u00a0\u00bb][vc_row content_placement=\u00a0\u00bbmiddle\u00a0\u00bb css=\u00a0\u00bb.vc_custom_1548686111421{border-bottom-width: 0px !important;border-bottom-style: solid !important;}\u00a0\u00bb][vc_column width=\u00a0\u00bb1\/2&Prime;][\/vc_column][vc_column width=\u00a0\u00bb1\/2&Prime; background_position=\u00a0\u00bbcenter center\u00a0\u00bb][vc_column_text] Nos recommendations pour un shopping \u00e0 Marrakech: Marrakech est le paradis pour le shopping. Les march\u00e9s vastes ne sont pas loin, seulement quelques pas&#8230;[\/vc_column_text][\/vc_column][\/vc_row][vc_row full_width=\u00a0\u00bb\u00a0\u00bb content_placement=\u00a0\u00bbmiddle\u00a0\u00bb][vc_column width=\u00a0\u00bb1\/2&Prime;][vc_column_text] Les magasins de tradition: Tapis: Les fr\u00e8res Lamdaghri du Bazar du Sud (117, Souk des Tapis) [&hellip;]\" \/>\n<meta property=\"og:url\" content=\"https:\/\/www.riyadelcadi.com\/fr\/vacances-a-marrakech\/shopping\/\" \/>\n<meta property=\"og:site_name\" content=\"Riyad El Cadi\" \/>\n<meta property=\"article:publisher\" content=\"https:\/\/www.facebook.com\/RiyadElCadi\/\" \/>\n<meta property=\"article:modified_time\" content=\"2019-03-22T22:31:51+00:00\" \/>\n<meta property=\"og:image\" content=\"https:\/\/www.riyadelcadi.com\/wp-content\/uploads\/2019\/02\/Marrakech-People-Souq-wei-pan-128228-unsplash.jpg\" \/>\n\t<meta property=\"og:image:width\" content=\"1280\" \/>\n\t<meta property=\"og:image:height\" content=\"848\" \/>\n\t<meta property=\"og:image:type\" content=\"image\/jpeg\" \/>\n<meta name=\"twitter:card\" content=\"summary_large_image\" \/>\n<meta name=\"twitter:label1\" content=\"Dur\u00e9e de lecture estim\u00e9e\" \/>\n\t<meta name=\"twitter:data1\" content=\"2 minutes\" \/>\n<script type=\"application\/ld+json\" class=\"yoast-schema-graph\">{\"@context\":\"https:\/\/schema.org\",\"@graph\":[{\"@type\":\"WebPage\",\"@id\":\"https:\/\/www.riyadelcadi.com\/fr\/vacances-a-marrakech\/shopping\/\",\"url\":\"https:\/\/www.riyadelcadi.com\/fr\/vacances-a-marrakech\/shopping\/\",\"name\":\"Shopping - Riyad El Cadi\",\"isPartOf\":{\"@id\":\"https:\/\/www.riyadelcadi.com\/fr\/#website\"},\"primaryImageOfPage\":{\"@id\":\"https:\/\/www.riyadelcadi.com\/fr\/vacances-a-marrakech\/shopping\/#primaryimage\"},\"image\":{\"@id\":\"https:\/\/www.riyadelcadi.com\/fr\/vacances-a-marrakech\/shopping\/#primaryimage\"},\"thumbnailUrl\":\"https:\/\/www.riyadelcadi.com\/wp-content\/uploads\/2019\/02\/Marrakech-People-Souq-wei-pan-128228-unsplash.jpg\",\"datePublished\":\"2011-08-23T12:57:31+00:00\",\"dateModified\":\"2019-03-22T22:31:51+00:00\",\"breadcrumb\":{\"@id\":\"https:\/\/www.riyadelcadi.com\/fr\/vacances-a-marrakech\/shopping\/#breadcrumb\"},\"inLanguage\":\"fr-FR\",\"potentialAction\":[{\"@type\":\"ReadAction\",\"target\":[\"https:\/\/www.riyadelcadi.com\/fr\/vacances-a-marrakech\/shopping\/\"]}]},{\"@type\":\"ImageObject\",\"inLanguage\":\"fr-FR\",\"@id\":\"https:\/\/www.riyadelcadi.com\/fr\/vacances-a-marrakech\/shopping\/#primaryimage\",\"url\":\"https:\/\/www.riyadelcadi.com\/wp-content\/uploads\/2019\/02\/Marrakech-People-Souq-wei-pan-128228-unsplash.jpg\",\"contentUrl\":\"https:\/\/www.riyadelcadi.com\/wp-content\/uploads\/2019\/02\/Marrakech-People-Souq-wei-pan-128228-unsplash.jpg\",\"width\":1280,\"height\":848,\"caption\":\"Souk Medina Stadtf\u00fchrung\"},{\"@type\":\"BreadcrumbList\",\"@id\":\"https:\/\/www.riyadelcadi.com\/fr\/vacances-a-marrakech\/shopping\/#breadcrumb\",\"itemListElement\":[{\"@type\":\"ListItem\",\"position\":1,\"name\":\"Accueil\",\"item\":\"https:\/\/www.riyadelcadi.com\/fr\/\"},{\"@type\":\"ListItem\",\"position\":2,\"name\":\"Marrakech: d\u00e9couvrez la ville rose comme les locaux\",\"item\":\"https:\/\/www.riyadelcadi.com\/fr\/vacances-a-marrakech\/\"},{\"@type\":\"ListItem\",\"position\":3,\"name\":\"Shopping\"}]},{\"@type\":\"WebSite\",\"@id\":\"https:\/\/www.riyadelcadi.com\/fr\/#website\",\"url\":\"https:\/\/www.riyadelcadi.com\/fr\/\",\"name\":\"Riyad El Cadi\",\"description\":\"Riad avec du style in Marrakech\",\"potentialAction\":[{\"@type\":\"SearchAction\",\"target\":{\"@type\":\"EntryPoint\",\"urlTemplate\":\"https:\/\/www.riyadelcadi.com\/fr\/?s={search_term_string}\"},\"query-input\":{\"@type\":\"PropertyValueSpecification\",\"valueRequired\":true,\"valueName\":\"search_term_string\"}}],\"inLanguage\":\"fr-FR\"}]}<\/script>\n<!-- \/ Yoast SEO plugin. -->","yoast_head_json":{"title":"Shopping - Riyad El Cadi","robots":{"index":"index","follow":"follow","max-snippet":"max-snippet:-1","max-image-preview":"max-image-preview:large","max-video-preview":"max-video-preview:-1"},"canonical":"https:\/\/www.riyadelcadi.com\/fr\/vacances-a-marrakech\/shopping\/","og_locale":"fr_FR","og_type":"article","og_title":"Shopping - Riyad El Cadi","og_description":"[vc_section full_width=\u00a0\u00bb\u00a0\u00bb][vc_row content_placement=\u00a0\u00bbmiddle\u00a0\u00bb css=\u00a0\u00bb.vc_custom_1548686111421{border-bottom-width: 0px !important;border-bottom-style: solid !important;}\u00a0\u00bb][vc_column width=\u00a0\u00bb1\/2&Prime;][\/vc_column][vc_column width=\u00a0\u00bb1\/2&Prime; background_position=\u00a0\u00bbcenter center\u00a0\u00bb][vc_column_text] Nos recommendations pour un shopping \u00e0 Marrakech: Marrakech est le paradis pour le shopping. Les march\u00e9s vastes ne sont pas loin, seulement quelques pas&#8230;[\/vc_column_text][\/vc_column][\/vc_row][vc_row full_width=\u00a0\u00bb\u00a0\u00bb content_placement=\u00a0\u00bbmiddle\u00a0\u00bb][vc_column width=\u00a0\u00bb1\/2&Prime;][vc_column_text] Les magasins de tradition: Tapis: Les fr\u00e8res Lamdaghri du Bazar du Sud (117, Souk des Tapis) [&hellip;]","og_url":"https:\/\/www.riyadelcadi.com\/fr\/vacances-a-marrakech\/shopping\/","og_site_name":"Riyad El Cadi","article_publisher":"https:\/\/www.facebook.com\/RiyadElCadi\/","article_modified_time":"2019-03-22T22:31:51+00:00","og_image":[{"width":1280,"height":848,"url":"https:\/\/www.riyadelcadi.com\/wp-content\/uploads\/2019\/02\/Marrakech-People-Souq-wei-pan-128228-unsplash.jpg","type":"image\/jpeg"}],"twitter_card":"summary_large_image","twitter_misc":{"Dur\u00e9e de lecture estim\u00e9e":"2 minutes"},"schema":{"@context":"https:\/\/schema.org","@graph":[{"@type":"WebPage","@id":"https:\/\/www.riyadelcadi.com\/fr\/vacances-a-marrakech\/shopping\/","url":"https:\/\/www.riyadelcadi.com\/fr\/vacances-a-marrakech\/shopping\/","name":"Shopping - Riyad El Cadi","isPartOf":{"@id":"https:\/\/www.riyadelcadi.com\/fr\/#website"},"primaryImageOfPage":{"@id":"https:\/\/www.riyadelcadi.com\/fr\/vacances-a-marrakech\/shopping\/#primaryimage"},"image":{"@id":"https:\/\/www.riyadelcadi.com\/fr\/vacances-a-marrakech\/shopping\/#primaryimage"},"thumbnailUrl":"https:\/\/www.riyadelcadi.com\/wp-content\/uploads\/2019\/02\/Marrakech-People-Souq-wei-pan-128228-unsplash.jpg","datePublished":"2011-08-23T12:57:31+00:00","dateModified":"2019-03-22T22:31:51+00:00","breadcrumb":{"@id":"https:\/\/www.riyadelcadi.com\/fr\/vacances-a-marrakech\/shopping\/#breadcrumb"},"inLanguage":"fr-FR","potentialAction":[{"@type":"ReadAction","target":["https:\/\/www.riyadelcadi.com\/fr\/vacances-a-marrakech\/shopping\/"]}]},{"@type":"ImageObject","inLanguage":"fr-FR","@id":"https:\/\/www.riyadelcadi.com\/fr\/vacances-a-marrakech\/shopping\/#primaryimage","url":"https:\/\/www.riyadelcadi.com\/wp-content\/uploads\/2019\/02\/Marrakech-People-Souq-wei-pan-128228-unsplash.jpg","contentUrl":"https:\/\/www.riyadelcadi.com\/wp-content\/uploads\/2019\/02\/Marrakech-People-Souq-wei-pan-128228-unsplash.jpg","width":1280,"height":848,"caption":"Souk Medina Stadtf\u00fchrung"},{"@type":"BreadcrumbList","@id":"https:\/\/www.riyadelcadi.com\/fr\/vacances-a-marrakech\/shopping\/#breadcrumb","itemListElement":[{"@type":"ListItem","position":1,"name":"Accueil","item":"https:\/\/www.riyadelcadi.com\/fr\/"},{"@type":"ListItem","position":2,"name":"Marrakech: d\u00e9couvrez la ville rose comme les locaux","item":"https:\/\/www.riyadelcadi.com\/fr\/vacances-a-marrakech\/"},{"@type":"ListItem","position":3,"name":"Shopping"}]},{"@type":"WebSite","@id":"https:\/\/www.riyadelcadi.com\/fr\/#website","url":"https:\/\/www.riyadelcadi.com\/fr\/","name":"Riyad El Cadi","description":"Riad avec du style in Marrakech","potentialAction":[{"@type":"SearchAction","target":{"@type":"EntryPoint","urlTemplate":"https:\/\/www.riyadelcadi.com\/fr\/?s={search_term_string}"},"query-input":{"@type":"PropertyValueSpecification","valueRequired":true,"valueName":"search_term_string"}}],"inLanguage":"fr-FR"}]}},"_links":{"self":[{"href":"https:\/\/www.riyadelcadi.com\/fr\/wp-json\/wp\/v2\/pages\/17036"}],"collection":[{"href":"https:\/\/www.riyadelcadi.com\/fr\/wp-json\/wp\/v2\/pages"}],"about":[{"href":"https:\/\/www.riyadelcadi.com\/fr\/wp-json\/wp\/v2\/types\/page"}],"author":[{"embeddable":true,"href":"https:\/\/www.riyadelcadi.com\/fr\/wp-json\/wp\/v2\/users\/4"}],"replies":[{"embeddable":true,"href":"https:\/\/www.riyadelcadi.com\/fr\/wp-json\/wp\/v2\/comments?post=17036"}],"version-history":[{"count":0,"href":"https:\/\/www.riyadelcadi.com\/fr\/wp-json\/wp\/v2\/pages\/17036\/revisions"}],"up":[{"embeddable":true,"href":"https:\/\/www.riyadelcadi.com\/fr\/wp-json\/wp\/v2\/pages\/17024"}],"wp:featuredmedia":[{"embeddable":true,"href":"https:\/\/www.riyadelcadi.com\/fr\/wp-json\/wp\/v2\/media\/23019"}],"wp:attachment":[{"href":"https:\/\/www.riyadelcadi.com\/fr\/wp-json\/wp\/v2\/media?parent=17036"}],"curies":[{"name":"wp","href":"https:\/\/api.w.org\/{rel}","templated":true}]}}