{"id":17014,"date":"2011-07-30T23:41:43","date_gmt":"2011-07-30T21:41:43","guid":{"rendered":"http:\/\/www.riyadelcadi.com\/?page_id=17014&#038;lang=fr"},"modified":"2022-09-05T18:44:55","modified_gmt":"2022-09-05T16:44:55","slug":"conditions-generales","status":"publish","type":"page","link":"https:\/\/www.riyadelcadi.com\/fr\/conditions-generales\/","title":{"rendered":"Conditions G\u00e9n\u00e9rales"},"content":{"rendered":"<h2><strong>Pour toutes les chambres, le prix est par chambre et par nuit, en occupation simple ou double et il comprend:<\/strong><\/h2>\n<ul>\n<li>Petit-d\u00e9jeuner continentale (carte disponible)<\/li>\n<li>\u00ab\u00a0Welcome Drink\u00a0\u00bb \u00e0 l&rsquo;arriv\u00e9e<\/li>\n<li>Eau min\u00e9rale dans la chambre<\/li>\n<\/ul>\n<p>Prix net. Tarifs sujets \u00e0 modifications.<\/p>\n<p>&nbsp;<\/p>\n<h2><strong>Garantie de la r\u00e9servation<\/strong><\/h2>\n<p>Pour une confirmation compl\u00e8te, il est indispensable au Maroc de garantir la r\u00e9servation d&rsquo;un h\u00f4tel avec un document portant les d\u00e9tails de la carte de cr\u00e9dit\u00a0(VISA\/MasterCard)\u00a0ainsi que la signature du titulaire de la carte. Si aucune r\u00e9ponse n&rsquo;est faite jusqu&rsquo;\u00e0 3 jours apr\u00e8s la confirmation, votre r\u00e9servation est consid\u00e9r\u00e9 annul\u00e9e. Pour finaliser la r\u00e9servation, <strong>un acompte de 30%<\/strong> de la somme totale est obligatoire qui sera charg\u00e9 de votre carte de cr\u00e9dit. Paiement par transfert bancaire pourra remplacer la garantie avec carte de cr\u00e9dit si le paiement totale de la r\u00e9servation est fait juste apr\u00e8s la confirmation \u00e9crite. Apr\u00e8s 3 jours de d\u00e9lais la r\u00e9servation est consid\u00e9r\u00e9 annul\u00e9e.<\/p>\n<p>&nbsp;<\/p>\n<h2><strong>Conditions d&rsquo;annulation<\/strong><\/h2>\n<p>En cas d&rsquo;annulation tardive, des indemnit\u00e9s seront demand\u00e9es:<br \/>\nPlus de 14 jours = sans frais, moins de 15 jours = 100 % de la totalit\u00e9 du s\u00e9jour. Non venue ou d\u00e9part pr\u00e9coce: 100% de la totalit\u00e9 du s\u00e9jour. Nous vous recommandons de conclure une assurance-annulation.<\/p>\n<p>&nbsp;<\/p>\n<h2><strong>Enfants<\/strong><\/h2>\n<p>Enfants jusqu&rsquo;\u00e0 12 ans dans la chambre des parents: gratuit. Nous disposons de berceaux pour les b\u00e9b\u00e9s. Les lits suppl\u00e9mentaires pour les enfants de plus de 12 ans: 45 EUR<\/p>\n<p>&nbsp;<\/p>\n<h2><strong>Dur\u00e9e de s\u00e9jour minimum<\/strong><\/h2>\n<p>3 nuit\u00e9es. A P\u00e2ques, No\u00ebl et Nouvel An: 4 nuit\u00e9es.<\/p>\n<p>&nbsp;<\/p>\n<h2><strong>Check-in, Check-out<\/strong><\/h2>\n<p>Les chambres sont disponibles \u00e0 partir de 14 heures, et doivent \u00eatre lib\u00e9r\u00e9es au plus tard \u00e0 midi le jour du d\u00e9part.<\/p>\n","protected":false},"excerpt":{"rendered":"<p>Pour toutes les chambres, le prix est par chambre et par nuit, en occupation simple ou double et il comprend: Petit-d\u00e9jeuner continentale (carte disponible) \u00ab\u00a0Welcome Drink\u00a0\u00bb \u00e0 l&rsquo;arriv\u00e9e Eau min\u00e9rale dans la chambre Prix net. Tarifs sujets \u00e0 modifications. &nbsp; Garantie de la r\u00e9servation Pour une confirmation compl\u00e8te, il est indispensable au Maroc de garantir [&hellip;]<\/p>\n","protected":false},"author":4,"featured_media":19132,"parent":0,"menu_order":0,"comment_status":"closed","ping_status":"closed","template":"","meta":{"footnotes":""},"yoast_head":"<!-- This site is optimized with the Yoast SEO plugin v24.5 - https:\/\/yoast.com\/wordpress\/plugins\/seo\/ -->\n<title>Conditions G\u00e9n\u00e9rales - Riyad El Cadi<\/title>\n<meta name=\"robots\" content=\"index, follow, max-snippet:-1, max-image-preview:large, max-video-preview:-1\" \/>\n<link rel=\"canonical\" href=\"https:\/\/www.riyadelcadi.com\/fr\/conditions-generales\/\" \/>\n<meta property=\"og:locale\" content=\"fr_FR\" \/>\n<meta property=\"og:type\" content=\"article\" \/>\n<meta property=\"og:title\" content=\"Conditions G\u00e9n\u00e9rales - Riyad El Cadi\" \/>\n<meta property=\"og:description\" content=\"Pour toutes les chambres, le prix est par chambre et par nuit, en occupation simple ou double et il comprend: Petit-d\u00e9jeuner continentale (carte disponible) \u00ab\u00a0Welcome Drink\u00a0\u00bb \u00e0 l&rsquo;arriv\u00e9e Eau min\u00e9rale dans la chambre Prix net. Tarifs sujets \u00e0 modifications. &nbsp; Garantie de la r\u00e9servation Pour une confirmation compl\u00e8te, il est indispensable au Maroc de garantir [&hellip;]\" \/>\n<meta property=\"og:url\" content=\"https:\/\/www.riyadelcadi.com\/fr\/conditions-generales\/\" \/>\n<meta property=\"og:site_name\" content=\"Riyad El Cadi\" \/>\n<meta property=\"article:publisher\" content=\"https:\/\/www.facebook.com\/RiyadElCadi\/\" \/>\n<meta property=\"article:modified_time\" content=\"2022-09-05T16:44:55+00:00\" \/>\n<meta property=\"og:image\" content=\"https:\/\/www.riyadelcadi.com\/wp-content\/uploads\/2016\/03\/Door-Pattern-1_jed.kaoru_.share_.jpg\" \/>\n\t<meta property=\"og:image:width\" content=\"1280\" \/>\n\t<meta property=\"og:image:height\" content=\"853\" \/>\n\t<meta property=\"og:image:type\" content=\"image\/jpeg\" \/>\n<meta name=\"twitter:card\" content=\"summary_large_image\" \/>\n<meta name=\"twitter:label1\" content=\"Dur\u00e9e de lecture estim\u00e9e\" \/>\n\t<meta name=\"twitter:data1\" content=\"1 minute\" \/>\n<script type=\"application\/ld+json\" class=\"yoast-schema-graph\">{\"@context\":\"https:\/\/schema.org\",\"@graph\":[{\"@type\":[\"WebPage\",\"FAQPage\"],\"@id\":\"https:\/\/www.riyadelcadi.com\/fr\/conditions-generales\/\",\"url\":\"https:\/\/www.riyadelcadi.com\/fr\/conditions-generales\/\",\"name\":\"Conditions G\u00e9n\u00e9rales - Riyad El Cadi\",\"isPartOf\":{\"@id\":\"https:\/\/www.riyadelcadi.com\/fr\/#website\"},\"primaryImageOfPage\":{\"@id\":\"https:\/\/www.riyadelcadi.com\/fr\/conditions-generales\/#primaryimage\"},\"image\":{\"@id\":\"https:\/\/www.riyadelcadi.com\/fr\/conditions-generales\/#primaryimage\"},\"thumbnailUrl\":\"https:\/\/www.riyadelcadi.com\/wp-content\/uploads\/2016\/03\/Door-Pattern-1_jed.kaoru_.share_.jpg\",\"datePublished\":\"2011-07-30T21:41:43+00:00\",\"dateModified\":\"2022-09-05T16:44:55+00:00\",\"breadcrumb\":{\"@id\":\"https:\/\/www.riyadelcadi.com\/fr\/conditions-generales\/#breadcrumb\"},\"inLanguage\":\"fr-FR\",\"potentialAction\":[{\"@type\":\"ReadAction\",\"target\":[\"https:\/\/www.riyadelcadi.com\/fr\/conditions-generales\/\"]}]},{\"@type\":\"ImageObject\",\"inLanguage\":\"fr-FR\",\"@id\":\"https:\/\/www.riyadelcadi.com\/fr\/conditions-generales\/#primaryimage\",\"url\":\"https:\/\/www.riyadelcadi.com\/wp-content\/uploads\/2016\/03\/Door-Pattern-1_jed.kaoru_.share_.jpg\",\"contentUrl\":\"https:\/\/www.riyadelcadi.com\/wp-content\/uploads\/2016\/03\/Door-Pattern-1_jed.kaoru_.share_.jpg\",\"width\":1280,\"height\":853,\"caption\":\"Detail\"},{\"@type\":\"BreadcrumbList\",\"@id\":\"https:\/\/www.riyadelcadi.com\/fr\/conditions-generales\/#breadcrumb\",\"itemListElement\":[{\"@type\":\"ListItem\",\"position\":1,\"name\":\"Accueil\",\"item\":\"https:\/\/www.riyadelcadi.com\/fr\/\"},{\"@type\":\"ListItem\",\"position\":2,\"name\":\"Conditions G\u00e9n\u00e9rales\"}]},{\"@type\":\"WebSite\",\"@id\":\"https:\/\/www.riyadelcadi.com\/fr\/#website\",\"url\":\"https:\/\/www.riyadelcadi.com\/fr\/\",\"name\":\"Riyad El Cadi\",\"description\":\"Riad avec du style in Marrakech\",\"potentialAction\":[{\"@type\":\"SearchAction\",\"target\":{\"@type\":\"EntryPoint\",\"urlTemplate\":\"https:\/\/www.riyadelcadi.com\/fr\/?s={search_term_string}\"},\"query-input\":{\"@type\":\"PropertyValueSpecification\",\"valueRequired\":true,\"valueName\":\"search_term_string\"}}],\"inLanguage\":\"fr-FR\"}]}<\/script>\n<!-- \/ Yoast SEO plugin. -->","yoast_head_json":{"title":"Conditions G\u00e9n\u00e9rales - Riyad El Cadi","robots":{"index":"index","follow":"follow","max-snippet":"max-snippet:-1","max-image-preview":"max-image-preview:large","max-video-preview":"max-video-preview:-1"},"canonical":"https:\/\/www.riyadelcadi.com\/fr\/conditions-generales\/","og_locale":"fr_FR","og_type":"article","og_title":"Conditions G\u00e9n\u00e9rales - Riyad El Cadi","og_description":"Pour toutes les chambres, le prix est par chambre et par nuit, en occupation simple ou double et il comprend: Petit-d\u00e9jeuner continentale (carte disponible) \u00ab\u00a0Welcome Drink\u00a0\u00bb \u00e0 l&rsquo;arriv\u00e9e Eau min\u00e9rale dans la chambre Prix net. Tarifs sujets \u00e0 modifications. &nbsp; Garantie de la r\u00e9servation Pour une confirmation compl\u00e8te, il est indispensable au Maroc de garantir [&hellip;]","og_url":"https:\/\/www.riyadelcadi.com\/fr\/conditions-generales\/","og_site_name":"Riyad El Cadi","article_publisher":"https:\/\/www.facebook.com\/RiyadElCadi\/","article_modified_time":"2022-09-05T16:44:55+00:00","og_image":[{"width":1280,"height":853,"url":"https:\/\/www.riyadelcadi.com\/wp-content\/uploads\/2016\/03\/Door-Pattern-1_jed.kaoru_.share_.jpg","type":"image\/jpeg"}],"twitter_card":"summary_large_image","twitter_misc":{"Dur\u00e9e de lecture estim\u00e9e":"1 minute"},"schema":{"@context":"https:\/\/schema.org","@graph":[{"@type":["WebPage","FAQPage"],"@id":"https:\/\/www.riyadelcadi.com\/fr\/conditions-generales\/","url":"https:\/\/www.riyadelcadi.com\/fr\/conditions-generales\/","name":"Conditions G\u00e9n\u00e9rales - Riyad El Cadi","isPartOf":{"@id":"https:\/\/www.riyadelcadi.com\/fr\/#website"},"primaryImageOfPage":{"@id":"https:\/\/www.riyadelcadi.com\/fr\/conditions-generales\/#primaryimage"},"image":{"@id":"https:\/\/www.riyadelcadi.com\/fr\/conditions-generales\/#primaryimage"},"thumbnailUrl":"https:\/\/www.riyadelcadi.com\/wp-content\/uploads\/2016\/03\/Door-Pattern-1_jed.kaoru_.share_.jpg","datePublished":"2011-07-30T21:41:43+00:00","dateModified":"2022-09-05T16:44:55+00:00","breadcrumb":{"@id":"https:\/\/www.riyadelcadi.com\/fr\/conditions-generales\/#breadcrumb"},"inLanguage":"fr-FR","potentialAction":[{"@type":"ReadAction","target":["https:\/\/www.riyadelcadi.com\/fr\/conditions-generales\/"]}]},{"@type":"ImageObject","inLanguage":"fr-FR","@id":"https:\/\/www.riyadelcadi.com\/fr\/conditions-generales\/#primaryimage","url":"https:\/\/www.riyadelcadi.com\/wp-content\/uploads\/2016\/03\/Door-Pattern-1_jed.kaoru_.share_.jpg","contentUrl":"https:\/\/www.riyadelcadi.com\/wp-content\/uploads\/2016\/03\/Door-Pattern-1_jed.kaoru_.share_.jpg","width":1280,"height":853,"caption":"Detail"},{"@type":"BreadcrumbList","@id":"https:\/\/www.riyadelcadi.com\/fr\/conditions-generales\/#breadcrumb","itemListElement":[{"@type":"ListItem","position":1,"name":"Accueil","item":"https:\/\/www.riyadelcadi.com\/fr\/"},{"@type":"ListItem","position":2,"name":"Conditions G\u00e9n\u00e9rales"}]},{"@type":"WebSite","@id":"https:\/\/www.riyadelcadi.com\/fr\/#website","url":"https:\/\/www.riyadelcadi.com\/fr\/","name":"Riyad El Cadi","description":"Riad avec du style in Marrakech","potentialAction":[{"@type":"SearchAction","target":{"@type":"EntryPoint","urlTemplate":"https:\/\/www.riyadelcadi.com\/fr\/?s={search_term_string}"},"query-input":{"@type":"PropertyValueSpecification","valueRequired":true,"valueName":"search_term_string"}}],"inLanguage":"fr-FR"}]}},"_links":{"self":[{"href":"https:\/\/www.riyadelcadi.com\/fr\/wp-json\/wp\/v2\/pages\/17014"}],"collection":[{"href":"https:\/\/www.riyadelcadi.com\/fr\/wp-json\/wp\/v2\/pages"}],"about":[{"href":"https:\/\/www.riyadelcadi.com\/fr\/wp-json\/wp\/v2\/types\/page"}],"author":[{"embeddable":true,"href":"https:\/\/www.riyadelcadi.com\/fr\/wp-json\/wp\/v2\/users\/4"}],"replies":[{"embeddable":true,"href":"https:\/\/www.riyadelcadi.com\/fr\/wp-json\/wp\/v2\/comments?post=17014"}],"version-history":[{"count":0,"href":"https:\/\/www.riyadelcadi.com\/fr\/wp-json\/wp\/v2\/pages\/17014\/revisions"}],"wp:featuredmedia":[{"embeddable":true,"href":"https:\/\/www.riyadelcadi.com\/fr\/wp-json\/wp\/v2\/media\/19132"}],"wp:attachment":[{"href":"https:\/\/www.riyadelcadi.com\/fr\/wp-json\/wp\/v2\/media?parent=17014"}],"curies":[{"name":"wp","href":"https:\/\/api.w.org\/{rel}","templated":true}]}}