{"id":32510,"date":"2023-05-21T18:39:34","date_gmt":"2023-05-21T16:39:34","guid":{"rendered":"https:\/\/www.riyadelcadi.com\/darija-course-language\/"},"modified":"2023-06-16T14:39:15","modified_gmt":"2023-06-16T12:39:15","slug":"darija-sprachkurs","status":"publish","type":"page","link":"https:\/\/www.riyadelcadi.com\/de\/darija-sprachkurs\/","title":{"rendered":"Arabisch prechen wie die Marokkaner: unser Darija Sprachkurs"},"content":{"rendered":"<div class=\"wpb-content-wrapper\"><p>[vc_section][vc_row][vc_column width=&#8220;1\/4&#8243;][vc_column_text]<strong>Details:<\/strong><\/p>\n<ul>\n<li>Darija Sprachkurs f\u00fcr 1-4 Teilnehmer<\/li>\n<li>Unterrichtssprache: Englisch \/ Franz\u00f6sisch<\/li>\n<li>Nach Vereinbarung, zwischen 09:00 und 13:00 Uhr<\/li>\n<li>min. 1 Stunde<\/li>\n<li>Kinder willkommen<\/li>\n<li>Auch virtueller Unterricht m\u00f6glich<\/li>\n<\/ul>\n<p>[\/vc_column_text]<div  class=\"wpb_content_element   clearfix\"><style type=\"text\/css\">#ut_am_69ef9785ad67f { opacity: 1; }#ut_am_wrap_69ef9785ad680 .ut-image-gallery-item.ut-animation-done:hover .ut-image-gallery-image-caption, #ut_am_wrap_69ef9785ad680 .ut-image-gallery-item.ut-element-is-animating:hover .ut-image-gallery-image-caption { background: rgba(66, 66, 66, 0.28); }#ut_am_wrap_69ef9785ad680 .ut-image-gallery-item .ut-image-gallery-image-caption-style-2 { background: rgba(66, 66, 66, 0.28); }#ut_am_wrap_69ef9785ad680 .ut-image-gallery-item-caption-title h3 { letter-spacing: 0em; }#ut_am_wrap_69ef9785ad680 .ut-gallery-slider-caption { font-weight: bold; }#ut_am_wrap_69ef9785ad680 { text-align: left; }@media (min-width: 768px) and (max-width: 1024px) { #ut_am_wrap_69ef9785ad680 { text-align: left !important; } }@media (max-width: 767px) { #ut_am_wrap_69ef9785ad680 { text-align: center !important; } }<\/style><div id=\"ut_am_wrap_69ef9785ad680\" class=\"ut-image-gallery-image \"><div id=\"ut_reveal_69ef9785ad681\"  data-appear-top-offset=\"auto\" class=\"ut-animated-image-item ut-image-gallery-item ut-animation-done \"><a class=\"ut-deactivated-link\" href=\"#\"><div class=\"ut-animated-image-zoom\"><img decoding=\"async\" class=\"ut-lazy skip-lazy ut-animated-image \"  id=\"ut_am_69ef9785ad67f\" src=\"data:image\/svg+xml;charset=utf-8,%3Csvg xmlns%3D'http%3A%2F%2Fwww.w3.org%2F2000%2Fsvg' viewBox%3D'0 0 650 433'%2F%3E\" data-src=\"https:\/\/www.riyadelcadi.com\/wp-content\/uploads\/2023\/05\/Sara-Mouhy-650x433.jpeg\" width=\"650\" height=\"433\" alt=\"Language Teacher Sara - Darija\"\/><\/div><div data-image-caption class=\"ut-image-gallery-image-caption\"><div class=\"ut-image-gallery-item-caption-title\"><h3>Sara Mouhy<\/h3><\/div><\/div><\/a><\/div><\/div><\/div><style type=\"text\/css\">#bklyn_btn_69ef9785ad75b .bklyn-btn { color:#ffffff !important; background-color:#193d38 !important; }#bklyn_btn_69ef9785ad75b .bklyn-btn:hover{ color:#ffffff !important; background-color:#46635f !important; }#bklyn_btn_69ef9785ad75b .bklyn-btn:focus{ color:#ffffff !important; background-color:#46635f !important; }#bklyn_btn_69ef9785ad75b .bklyn-btn:active { color:#ffffff !important; background-color:#46635f !important; }<\/style><div id=\"bklyn_btn_69ef9785ad75b\" class=\"bklyn-btn-holder  bklyn-btn-center bklyn-btn-tablet-center bklyn-btn-mobile-center\"><a title=\"\"   href=\"mailto:info@riyadelcadi.com?subject=Request%20for%20Darija%20Lessons&#038;body=I%20am%20interested%20in%20Darija%20lessons%20for%20the%20following%20dates:%20\" target=\"_self\" class=\"bklyn-btn  bklyn-btn-icon-left bklyn-btn-normal\" ><i class=\"fa fa-envelope\"><\/i><span class=\"ut-btn-text\">Kontakt f\u00fcr Informationen und Buchung<\/span><\/a><\/div>[\/vc_column][vc_column width=&#8220;3\/4&#8243; css=&#8220;.vc_custom_1684834580906{border-left-width: 1px !important;border-left-color: #b7b7b7 !important;border-left-style: solid !important;}&#8220;][vc_column_text]<\/p>\n<h2>Darija Sprachkurse im Riyad El Cadi<\/h2>\n<p>Verstehen Sie die Menschen, denen Sie begegnen: Die Marokkaner sind warmherzig, kommunikationsfreudig und immer f\u00fcr einen Spa\u00df zu haben. Die meisten von ihnen sprechen Franz\u00f6sisch, viele auch Englisch. Die h\u00e4ufigste Sprache ist jedoch Darija &#8211; der lokale Dialekt. Der ideale Eisbrecher und damit der Start f\u00fcr eine gute Begegnung ist es, zumindest einige S\u00e4tze des lokalen Dialekts Darija zu kennen. Sie lernen marokkanische Kultur und Mentalit\u00e4t kennen, wenn Sie wissen, wie die Marokkaner sich begr\u00fc\u00dfen (sie verbringen seeeehr viel Zeit mit der Begr\u00fc\u00dfung&#8230;), wie sie sich gegenseitig Komplimente machen und was sie f\u00fcr wichtig halten. Wenn Sie ein paar Brocken Darija sprechen, werden Sie sich in Marrakesch noch wohler f\u00fchlen.<\/p>\n<p><strong>Wir bieten private Sprachkurse an:<\/strong><\/p>\n<p>Sara, unsere erfahrene Lehrerin, wird Sie mit viel Enthusiasmus in den lokalen Dialekt des Darija einf\u00fchren. Sie werden die Gelegenheit haben, <strong>Begr\u00fc\u00dfungen<\/strong>, einige <strong>grundlegende Fragen<\/strong>, <strong>Zahlen<\/strong> und allgemeine <strong>Redewendungen<\/strong> zu lernen. Sie lernen S\u00e4tze f\u00fcr das erfolgreiche Handeln im Souk lernen, oder wie man sich bei jemandem bedankt, der einen zum Freitags-Couscous eingeladen hat. In ihrem Darija Sprachkurs f\u00fchrt Zahra Sie durch die <strong>Aussprache<\/strong> und den kulturellen Kontext der Sprache und vermittelt Ihnen ein tieferes Verst\u00e4ndnis f\u00fcr das marokanische Miteinander.<\/p>\n<p>Das <strong>marokkanische Darija<\/strong> ist die am weitesten verbreitete Sprache in Marokko und wird in allt\u00e4glichen Gespr\u00e4chen verwendet (zusammen mit den vielen Berberdialekten). Darija ist kein modernes Standardarabisch, sondern ein spezieller Dialekt des Arabischen in Marokko. Wer das Arabisch des Nahen Ostens spricht, versteht das marokkanische Darija in der Regel nicht. Unser Unterricht wird in dem lokalen Dialekt Darija erteilt. Wenn Sie es vorziehen, Unterricht in <strong>klassischem<\/strong> oder <strong>modernem Standardarabisch<\/strong> zu nehmen, bieten wir auch das an.<\/p>\n<p>Ihre Lehrerin kommt zu Ihnen ins Riad und passt den Privatunterricht an Ihre Bed\u00fcrfnisse und Kenntnisse an. <strong>Kinder<\/strong> sind herzlich willkommen.[\/vc_column_text][\/vc_column][\/vc_row][\/vc_section]<\/p>\n<\/div>","protected":false},"excerpt":{"rendered":"<p>[vc_section][vc_row][vc_column width=&#8220;1\/4&#8243;][vc_column_text]Details: Darija Sprachkurs f\u00fcr 1-4 Teilnehmer Unterrichtssprache: Englisch \/ Franz\u00f6sisch Nach Vereinbarung, zwischen 09:00 und 13:00 Uhr min. 1 Stunde Kinder willkommen Auch virtueller Unterricht m\u00f6glich [\/vc_column_text][\/vc_column][vc_column width=&#8220;3\/4&#8243; css=&#8220;.vc_custom_1684834580906{border-left-width: 1px !important;border-left-color: #b7b7b7 !important;border-left-style: solid !important;}&#8220;][vc_column_text] Darija Sprachkurse im Riyad El Cadi Verstehen Sie die Menschen, denen Sie begegnen: Die Marokkaner sind warmherzig, kommunikationsfreudig und [&hellip;]<\/p>\n","protected":false},"author":4,"featured_media":19275,"parent":0,"menu_order":0,"comment_status":"closed","ping_status":"closed","template":"","meta":{"footnotes":""},"yoast_head":"<!-- This site is optimized with the Yoast SEO plugin v24.5 - https:\/\/yoast.com\/wordpress\/plugins\/seo\/ -->\n<title>Darija Sprachkurs - Modernes Arabisch Unterricht- Riyad El Cadi<\/title>\n<meta name=\"description\" content=\"Lernen Sie marokkanisches Arabisch in unserem Darija Sprachkurs. Privatunterricht. Sprachkurse in Darija und Arabisch.- Riyad El Cadi\" \/>\n<meta name=\"robots\" content=\"index, follow, max-snippet:-1, max-image-preview:large, max-video-preview:-1\" \/>\n<link rel=\"canonical\" href=\"https:\/\/www.riyadelcadi.com\/de\/darija-sprachkurs\/\" \/>\n<meta property=\"og:locale\" content=\"de_DE\" \/>\n<meta property=\"og:type\" content=\"article\" \/>\n<meta property=\"og:title\" content=\"Darija Sprachkurs - Modernes Arabisch Unterricht- Riyad El Cadi\" \/>\n<meta property=\"og:description\" content=\"Lernen Sie marokkanisches Arabisch in unserem Darija Sprachkurs. Privatunterricht. Sprachkurse in Darija und Arabisch.- Riyad El Cadi\" \/>\n<meta property=\"og:url\" content=\"https:\/\/www.riyadelcadi.com\/de\/darija-sprachkurs\/\" \/>\n<meta property=\"og:site_name\" content=\"Riyad El Cadi\" \/>\n<meta property=\"article:publisher\" content=\"https:\/\/www.facebook.com\/RiyadElCadi\/\" \/>\n<meta property=\"article:modified_time\" content=\"2023-06-16T12:39:15+00:00\" \/>\n<meta property=\"og:image\" content=\"https:\/\/www.riyadelcadi.com\/wp-content\/uploads\/2016\/03\/Marrakech-2011_Spice-Market-_-Niels-Bitsch.jpg\" \/>\n\t<meta property=\"og:image:width\" content=\"1639\" \/>\n\t<meta property=\"og:image:height\" content=\"960\" \/>\n\t<meta property=\"og:image:type\" content=\"image\/jpeg\" \/>\n<meta name=\"twitter:card\" content=\"summary_large_image\" \/>\n<meta name=\"twitter:label1\" content=\"Gesch\u00e4tzte Lesezeit\" \/>\n\t<meta name=\"twitter:data1\" content=\"3\u00a0Minuten\" \/>\n<script type=\"application\/ld+json\" class=\"yoast-schema-graph\">{\"@context\":\"https:\/\/schema.org\",\"@graph\":[{\"@type\":\"WebPage\",\"@id\":\"https:\/\/www.riyadelcadi.com\/de\/darija-sprachkurs\/\",\"url\":\"https:\/\/www.riyadelcadi.com\/de\/darija-sprachkurs\/\",\"name\":\"Darija Sprachkurs - Modernes Arabisch Unterricht- Riyad El Cadi\",\"isPartOf\":{\"@id\":\"https:\/\/www.riyadelcadi.com\/de\/#website\"},\"primaryImageOfPage\":{\"@id\":\"https:\/\/www.riyadelcadi.com\/de\/darija-sprachkurs\/#primaryimage\"},\"image\":{\"@id\":\"https:\/\/www.riyadelcadi.com\/de\/darija-sprachkurs\/#primaryimage\"},\"thumbnailUrl\":\"https:\/\/www.riyadelcadi.com\/wp-content\/uploads\/2016\/03\/Marrakech-2011_Spice-Market-_-Niels-Bitsch.jpg\",\"datePublished\":\"2023-05-21T16:39:34+00:00\",\"dateModified\":\"2023-06-16T12:39:15+00:00\",\"description\":\"Lernen Sie marokkanisches Arabisch in unserem Darija Sprachkurs. Privatunterricht. Sprachkurse in Darija und Arabisch.- Riyad El Cadi\",\"breadcrumb\":{\"@id\":\"https:\/\/www.riyadelcadi.com\/de\/darija-sprachkurs\/#breadcrumb\"},\"inLanguage\":\"de\",\"potentialAction\":[{\"@type\":\"ReadAction\",\"target\":[\"https:\/\/www.riyadelcadi.com\/de\/darija-sprachkurs\/\"]}]},{\"@type\":\"ImageObject\",\"inLanguage\":\"de\",\"@id\":\"https:\/\/www.riyadelcadi.com\/de\/darija-sprachkurs\/#primaryimage\",\"url\":\"https:\/\/www.riyadelcadi.com\/wp-content\/uploads\/2016\/03\/Marrakech-2011_Spice-Market-_-Niels-Bitsch.jpg\",\"contentUrl\":\"https:\/\/www.riyadelcadi.com\/wp-content\/uploads\/2016\/03\/Marrakech-2011_Spice-Market-_-Niels-Bitsch.jpg\",\"width\":1639,\"height\":960},{\"@type\":\"BreadcrumbList\",\"@id\":\"https:\/\/www.riyadelcadi.com\/de\/darija-sprachkurs\/#breadcrumb\",\"itemListElement\":[{\"@type\":\"ListItem\",\"position\":1,\"name\":\"Startseite\",\"item\":\"https:\/\/www.riyadelcadi.com\/de\/\"},{\"@type\":\"ListItem\",\"position\":2,\"name\":\"Arabisch prechen wie die Marokkaner: unser Darija Sprachkurs\"}]},{\"@type\":\"WebSite\",\"@id\":\"https:\/\/www.riyadelcadi.com\/de\/#website\",\"url\":\"https:\/\/www.riyadelcadi.com\/de\/\",\"name\":\"Riyad El Cadi\",\"description\":\"Riad mit Stil in Marrakesch\",\"potentialAction\":[{\"@type\":\"SearchAction\",\"target\":{\"@type\":\"EntryPoint\",\"urlTemplate\":\"https:\/\/www.riyadelcadi.com\/de\/?s={search_term_string}\"},\"query-input\":{\"@type\":\"PropertyValueSpecification\",\"valueRequired\":true,\"valueName\":\"search_term_string\"}}],\"inLanguage\":\"de\"}]}<\/script>\n<!-- \/ Yoast SEO plugin. -->","yoast_head_json":{"title":"Darija Sprachkurs - Modernes Arabisch Unterricht- Riyad El Cadi","description":"Lernen Sie marokkanisches Arabisch in unserem Darija Sprachkurs. Privatunterricht. Sprachkurse in Darija und Arabisch.- Riyad El Cadi","robots":{"index":"index","follow":"follow","max-snippet":"max-snippet:-1","max-image-preview":"max-image-preview:large","max-video-preview":"max-video-preview:-1"},"canonical":"https:\/\/www.riyadelcadi.com\/de\/darija-sprachkurs\/","og_locale":"de_DE","og_type":"article","og_title":"Darija Sprachkurs - Modernes Arabisch Unterricht- Riyad El Cadi","og_description":"Lernen Sie marokkanisches Arabisch in unserem Darija Sprachkurs. Privatunterricht. Sprachkurse in Darija und Arabisch.- Riyad El Cadi","og_url":"https:\/\/www.riyadelcadi.com\/de\/darija-sprachkurs\/","og_site_name":"Riyad El Cadi","article_publisher":"https:\/\/www.facebook.com\/RiyadElCadi\/","article_modified_time":"2023-06-16T12:39:15+00:00","og_image":[{"width":1639,"height":960,"url":"https:\/\/www.riyadelcadi.com\/wp-content\/uploads\/2016\/03\/Marrakech-2011_Spice-Market-_-Niels-Bitsch.jpg","type":"image\/jpeg"}],"twitter_card":"summary_large_image","twitter_misc":{"Gesch\u00e4tzte Lesezeit":"3\u00a0Minuten"},"schema":{"@context":"https:\/\/schema.org","@graph":[{"@type":"WebPage","@id":"https:\/\/www.riyadelcadi.com\/de\/darija-sprachkurs\/","url":"https:\/\/www.riyadelcadi.com\/de\/darija-sprachkurs\/","name":"Darija Sprachkurs - Modernes Arabisch Unterricht- Riyad El Cadi","isPartOf":{"@id":"https:\/\/www.riyadelcadi.com\/de\/#website"},"primaryImageOfPage":{"@id":"https:\/\/www.riyadelcadi.com\/de\/darija-sprachkurs\/#primaryimage"},"image":{"@id":"https:\/\/www.riyadelcadi.com\/de\/darija-sprachkurs\/#primaryimage"},"thumbnailUrl":"https:\/\/www.riyadelcadi.com\/wp-content\/uploads\/2016\/03\/Marrakech-2011_Spice-Market-_-Niels-Bitsch.jpg","datePublished":"2023-05-21T16:39:34+00:00","dateModified":"2023-06-16T12:39:15+00:00","description":"Lernen Sie marokkanisches Arabisch in unserem Darija Sprachkurs. Privatunterricht. Sprachkurse in Darija und Arabisch.- Riyad El Cadi","breadcrumb":{"@id":"https:\/\/www.riyadelcadi.com\/de\/darija-sprachkurs\/#breadcrumb"},"inLanguage":"de","potentialAction":[{"@type":"ReadAction","target":["https:\/\/www.riyadelcadi.com\/de\/darija-sprachkurs\/"]}]},{"@type":"ImageObject","inLanguage":"de","@id":"https:\/\/www.riyadelcadi.com\/de\/darija-sprachkurs\/#primaryimage","url":"https:\/\/www.riyadelcadi.com\/wp-content\/uploads\/2016\/03\/Marrakech-2011_Spice-Market-_-Niels-Bitsch.jpg","contentUrl":"https:\/\/www.riyadelcadi.com\/wp-content\/uploads\/2016\/03\/Marrakech-2011_Spice-Market-_-Niels-Bitsch.jpg","width":1639,"height":960},{"@type":"BreadcrumbList","@id":"https:\/\/www.riyadelcadi.com\/de\/darija-sprachkurs\/#breadcrumb","itemListElement":[{"@type":"ListItem","position":1,"name":"Startseite","item":"https:\/\/www.riyadelcadi.com\/de\/"},{"@type":"ListItem","position":2,"name":"Arabisch prechen wie die Marokkaner: unser Darija Sprachkurs"}]},{"@type":"WebSite","@id":"https:\/\/www.riyadelcadi.com\/de\/#website","url":"https:\/\/www.riyadelcadi.com\/de\/","name":"Riyad El Cadi","description":"Riad mit Stil in Marrakesch","potentialAction":[{"@type":"SearchAction","target":{"@type":"EntryPoint","urlTemplate":"https:\/\/www.riyadelcadi.com\/de\/?s={search_term_string}"},"query-input":{"@type":"PropertyValueSpecification","valueRequired":true,"valueName":"search_term_string"}}],"inLanguage":"de"}]}},"_links":{"self":[{"href":"https:\/\/www.riyadelcadi.com\/de\/wp-json\/wp\/v2\/pages\/32510"}],"collection":[{"href":"https:\/\/www.riyadelcadi.com\/de\/wp-json\/wp\/v2\/pages"}],"about":[{"href":"https:\/\/www.riyadelcadi.com\/de\/wp-json\/wp\/v2\/types\/page"}],"author":[{"embeddable":true,"href":"https:\/\/www.riyadelcadi.com\/de\/wp-json\/wp\/v2\/users\/4"}],"replies":[{"embeddable":true,"href":"https:\/\/www.riyadelcadi.com\/de\/wp-json\/wp\/v2\/comments?post=32510"}],"version-history":[{"count":10,"href":"https:\/\/www.riyadelcadi.com\/de\/wp-json\/wp\/v2\/pages\/32510\/revisions"}],"predecessor-version":[{"id":32601,"href":"https:\/\/www.riyadelcadi.com\/de\/wp-json\/wp\/v2\/pages\/32510\/revisions\/32601"}],"wp:featuredmedia":[{"embeddable":true,"href":"https:\/\/www.riyadelcadi.com\/de\/wp-json\/wp\/v2\/media\/19275"}],"wp:attachment":[{"href":"https:\/\/www.riyadelcadi.com\/de\/wp-json\/wp\/v2\/media?parent=32510"}],"curies":[{"name":"wp","href":"https:\/\/api.w.org\/{rel}","templated":true}]}}