{"id":22606,"date":"2019-01-05T15:26:39","date_gmt":"2019-01-05T14:26:39","guid":{"rendered":"http:\/\/www.riyadelcadi.com\/?page_id=22606"},"modified":"2022-09-23T09:57:27","modified_gmt":"2022-09-23T07:57:27","slug":"freunde-von-riyad-el-cadi","status":"publish","type":"page","link":"https:\/\/www.riyadelcadi.com\/de\/sonderangebote\/freunde-von-riyad-el-cadi\/","title":{"rendered":"Freunde von Riyad El Cadi"},"content":{"rendered":"<div class=\"wpb-content-wrapper\"><p>[vc_section][vc_row][vc_column][vc_column_text]<\/p>\n<h2>Als Freund des Riyad El Cadi erhalten Sie einen Nachlass auf alle unsere Zimmerraten von 10 EUR pro Nacht.<\/h2>\n<p>[\/vc_column_text][\/vc_column][\/vc_row][vc_row][vc_column width=&#8220;1\/2&#8243;][vc_column_text]<\/p>\n<div>\n<h3>DIE FREUNDE VON RIYAD EL CADI RATE SCHLIE\u00dfT EIN:<\/h3>\n<ul>\n<li>10 EUR Erm\u00e4\u00dfigung auf alle <strong>online buchbaren Raten<\/strong>\u00a0(auch Sonderangebote)<\/li>\n<li>\u00dcbernachtung f\u00fcr 2 Personen<\/li>\n<li>Kontinentalen Fr\u00fchst\u00fcck auf den Dachterrassen mit Blick \u00fcber die D\u00e4cher von Marrakech.<\/li>\n<li>Willkommensdrink im Hof oder auf der Dachterrasse.<\/li>\n<li>Kostenfreies W-LAN<\/li>\n<li>Abholung durch unseren Tr\u00e4ger vom zentralen Platz von Marrakesch, der Djemaa el Fna. Es ist nicht einfach, mit einem Koffer durch die Gassen der Medina zu gehen. Unser Tr\u00e4ger bringt Ihnen Ihr Gep\u00e4ck zum Hotel.<\/li>\n<li>Verbindliche Buchung<\/li>\n<\/ul>\n<\/div>\n<p>[\/vc_column_text]<div class=\"ut-btn-group  ut-btn-group-center ut-btn-group-tablet-center ut-btn-group-mobile-center clearfix\"><style type=\"text\/css\">#bklyn_btn_69e1134860e45 .bklyn-btn { color:#ffffff !important; background-color:#193d38 !important; }#bklyn_btn_69e1134860e45 .bklyn-btn:hover{ color:#ffffff !important; background-color:#46635f !important; }#bklyn_btn_69e1134860e45 .bklyn-btn:focus{ color:#ffffff !important; background-color:#46635f !important; }#bklyn_btn_69e1134860e45 .bklyn-btn:active { color:#ffffff !important; background-color:#46635f !important; }<\/style><div id=\"bklyn_btn_69e1134860e45\" class=\"bklyn-btn-holder btn-green bklyn-btn-first bklyn-btn-center bklyn-btn-tablet-center bklyn-btn-mobile-center\"><a title=\"\"   href=\"mailto:info@riyadelcadi.com\" target=\"_self\" class=\"bklyn-btn  bklyn-btn-small\" ><span class=\"ut-btn-text\">Kontakt<\/span><\/a><\/div><style type=\"text\/css\">#bklyn_btn_69e1134860fa1 .bklyn-btn { color:#ffffff !important; background-color:#eca65c !important; }#bklyn_btn_69e1134860fa1 .bklyn-btn:hover{ color:#ffffff !important; background-color:#efb273 !important; }#bklyn_btn_69e1134860fa1 .bklyn-btn:focus{ color:#ffffff !important; background-color:#efb273 !important; }#bklyn_btn_69e1134860fa1 .bklyn-btn:active { color:#ffffff !important; background-color:#efb273 !important; }<\/style><div id=\"bklyn_btn_69e1134860fa1\" class=\"bklyn-btn-holder  bklyn-btn-last bklyn-btn-center bklyn-btn-tablet-center bklyn-btn-mobile-center\"><a title=\"\"   href=\"https:\/\/direct-book.com\/properties\/riyadelcadidirect?number_nights=3&#038;number_adults=2&#038;promotion_code=Special&#038;locale=de\" target=\"_blank\" class=\"bklyn-btn  bklyn-btn-small\" ><span class=\"ut-btn-text\">Reservierung<\/span><\/a><\/div><\/div>[\/vc_column][vc_column width=&#8220;1\/2&#8243; css=&#8220;.vc_custom_1549562713070{border-left-width: 1px !important;padding-left: 60px !important;border-left-color: #b7b7b7 !important;border-left-style: solid !important;border-radius: 2px !important;}&#8220;][vc_column_text]Nur f\u00fcr <strong>online Reservierungen<\/strong> (diese Rate wird bei Emailanfragen oder bei Anfragen \u00fcber das Websiteformular automatisch ber\u00fccksichtigt).<br \/>\nSie erhalten unseren Newsletter (nicht h\u00e4ufiger als 4 mal im Jahr).<br \/>\nAnwendbar auf alle Zimmer mit Ausnahme des <strong>Flexiblen Zimmers<\/strong>.<br \/>\nDie Rate kann mit anderen Sonderpreisen kombiniert werden.[\/vc_column_text][\/vc_column][\/vc_row][vc_row][vc_column][vc_column_text]Sonderraten sind in begrenzter Menge verf\u00fcgbar. Buchungen mit einer Sonderrate sind verbindlich und nicht \u00e4nderbar (no-refund). Vorauszahlung der Gesamtsumme bei Buchung.<\/p>\n<p><strong>Sonderangebote<\/strong> k\u00f6nnen nicht miteinander kombiniert werden. Sonderangebote k\u00f6nnen aber mit Packages kombiniert werden.[\/vc_column_text][\/vc_column][\/vc_row][\/vc_section]<\/p>\n<\/div>","protected":false},"excerpt":{"rendered":"<p>[vc_section][vc_row][vc_column][vc_column_text] Als Freund des Riyad El Cadi erhalten Sie einen Nachlass auf alle unsere Zimmerraten von 10 EUR pro Nacht. [\/vc_column_text][\/vc_column][\/vc_row][vc_row][vc_column width=&#8220;1\/2&#8243;][vc_column_text] DIE FREUNDE VON RIYAD EL CADI RATE SCHLIE\u00dfT EIN: 10 EUR Erm\u00e4\u00dfigung auf alle online buchbaren Raten\u00a0(auch Sonderangebote) \u00dcbernachtung f\u00fcr 2 Personen Kontinentalen Fr\u00fchst\u00fcck auf den Dachterrassen mit Blick \u00fcber die D\u00e4cher von [&hellip;]<\/p>\n","protected":false},"author":4,"featured_media":19133,"parent":22475,"menu_order":0,"comment_status":"closed","ping_status":"closed","template":"","meta":{"footnotes":""},"yoast_head":"<!-- This site is optimized with the Yoast SEO plugin v24.5 - https:\/\/yoast.com\/wordpress\/plugins\/seo\/ -->\n<title>Freunde von Riyad El Cadi - Riyad El Cadi<\/title>\n<meta name=\"robots\" content=\"index, follow, max-snippet:-1, max-image-preview:large, max-video-preview:-1\" \/>\n<link rel=\"canonical\" href=\"https:\/\/www.riyadelcadi.com\/de\/sonderangebote\/freunde-von-riyad-el-cadi\/\" \/>\n<meta property=\"og:locale\" content=\"de_DE\" \/>\n<meta property=\"og:type\" content=\"article\" \/>\n<meta property=\"og:title\" content=\"Freunde von Riyad El Cadi - Riyad El Cadi\" \/>\n<meta property=\"og:description\" content=\"[vc_section][vc_row][vc_column][vc_column_text] Als Freund des Riyad El Cadi erhalten Sie einen Nachlass auf alle unsere Zimmerraten von 10 EUR pro Nacht. [\/vc_column_text][\/vc_column][\/vc_row][vc_row][vc_column width=&#8220;1\/2&#8243;][vc_column_text] DIE FREUNDE VON RIYAD EL CADI RATE SCHLIE\u00dfT EIN: 10 EUR Erm\u00e4\u00dfigung auf alle online buchbaren Raten\u00a0(auch Sonderangebote) \u00dcbernachtung f\u00fcr 2 Personen Kontinentalen Fr\u00fchst\u00fcck auf den Dachterrassen mit Blick \u00fcber die D\u00e4cher von [&hellip;]\" \/>\n<meta property=\"og:url\" content=\"https:\/\/www.riyadelcadi.com\/de\/sonderangebote\/freunde-von-riyad-el-cadi\/\" \/>\n<meta property=\"og:site_name\" content=\"Riyad El Cadi\" \/>\n<meta property=\"article:publisher\" content=\"https:\/\/www.facebook.com\/RiyadElCadi\/\" \/>\n<meta property=\"article:modified_time\" content=\"2022-09-23T07:57:27+00:00\" \/>\n<meta property=\"og:image\" content=\"https:\/\/www.riyadelcadi.com\/wp-content\/uploads\/2016\/03\/Door-Pattern-1_jed.kaoru_.share_.jpg\" \/>\n\t<meta property=\"og:image:width\" content=\"1280\" \/>\n\t<meta property=\"og:image:height\" content=\"853\" \/>\n\t<meta property=\"og:image:type\" content=\"image\/jpeg\" \/>\n<meta name=\"twitter:card\" content=\"summary_large_image\" \/>\n<meta name=\"twitter:label1\" content=\"Gesch\u00e4tzte Lesezeit\" \/>\n\t<meta name=\"twitter:data1\" content=\"2\u00a0Minuten\" \/>\n<script type=\"application\/ld+json\" class=\"yoast-schema-graph\">{\"@context\":\"https:\/\/schema.org\",\"@graph\":[{\"@type\":\"WebPage\",\"@id\":\"https:\/\/www.riyadelcadi.com\/de\/sonderangebote\/freunde-von-riyad-el-cadi\/\",\"url\":\"https:\/\/www.riyadelcadi.com\/de\/sonderangebote\/freunde-von-riyad-el-cadi\/\",\"name\":\"Freunde von Riyad El Cadi - Riyad El Cadi\",\"isPartOf\":{\"@id\":\"https:\/\/www.riyadelcadi.com\/de\/#website\"},\"primaryImageOfPage\":{\"@id\":\"https:\/\/www.riyadelcadi.com\/de\/sonderangebote\/freunde-von-riyad-el-cadi\/#primaryimage\"},\"image\":{\"@id\":\"https:\/\/www.riyadelcadi.com\/de\/sonderangebote\/freunde-von-riyad-el-cadi\/#primaryimage\"},\"thumbnailUrl\":\"https:\/\/www.riyadelcadi.com\/wp-content\/uploads\/2016\/03\/Door-Pattern-1_jed.kaoru_.share_.jpg\",\"datePublished\":\"2019-01-05T14:26:39+00:00\",\"dateModified\":\"2022-09-23T07:57:27+00:00\",\"breadcrumb\":{\"@id\":\"https:\/\/www.riyadelcadi.com\/de\/sonderangebote\/freunde-von-riyad-el-cadi\/#breadcrumb\"},\"inLanguage\":\"de\",\"potentialAction\":[{\"@type\":\"ReadAction\",\"target\":[\"https:\/\/www.riyadelcadi.com\/de\/sonderangebote\/freunde-von-riyad-el-cadi\/\"]}]},{\"@type\":\"ImageObject\",\"inLanguage\":\"de\",\"@id\":\"https:\/\/www.riyadelcadi.com\/de\/sonderangebote\/freunde-von-riyad-el-cadi\/#primaryimage\",\"url\":\"https:\/\/www.riyadelcadi.com\/wp-content\/uploads\/2016\/03\/Door-Pattern-1_jed.kaoru_.share_.jpg\",\"contentUrl\":\"https:\/\/www.riyadelcadi.com\/wp-content\/uploads\/2016\/03\/Door-Pattern-1_jed.kaoru_.share_.jpg\",\"width\":1280,\"height\":853,\"caption\":\"Detail\"},{\"@type\":\"BreadcrumbList\",\"@id\":\"https:\/\/www.riyadelcadi.com\/de\/sonderangebote\/freunde-von-riyad-el-cadi\/#breadcrumb\",\"itemListElement\":[{\"@type\":\"ListItem\",\"position\":1,\"name\":\"Startseite\",\"item\":\"https:\/\/www.riyadelcadi.com\/de\/\"},{\"@type\":\"ListItem\",\"position\":2,\"name\":\"Sonderangebote\",\"item\":\"https:\/\/www.riyadelcadi.com\/de\/sonderangebote\/\"},{\"@type\":\"ListItem\",\"position\":3,\"name\":\"Freunde von Riyad El Cadi\"}]},{\"@type\":\"WebSite\",\"@id\":\"https:\/\/www.riyadelcadi.com\/de\/#website\",\"url\":\"https:\/\/www.riyadelcadi.com\/de\/\",\"name\":\"Riyad El Cadi\",\"description\":\"Riad mit Stil in Marrakesch\",\"potentialAction\":[{\"@type\":\"SearchAction\",\"target\":{\"@type\":\"EntryPoint\",\"urlTemplate\":\"https:\/\/www.riyadelcadi.com\/de\/?s={search_term_string}\"},\"query-input\":{\"@type\":\"PropertyValueSpecification\",\"valueRequired\":true,\"valueName\":\"search_term_string\"}}],\"inLanguage\":\"de\"}]}<\/script>\n<!-- \/ Yoast SEO plugin. -->","yoast_head_json":{"title":"Freunde von Riyad El Cadi - Riyad El Cadi","robots":{"index":"index","follow":"follow","max-snippet":"max-snippet:-1","max-image-preview":"max-image-preview:large","max-video-preview":"max-video-preview:-1"},"canonical":"https:\/\/www.riyadelcadi.com\/de\/sonderangebote\/freunde-von-riyad-el-cadi\/","og_locale":"de_DE","og_type":"article","og_title":"Freunde von Riyad El Cadi - Riyad El Cadi","og_description":"[vc_section][vc_row][vc_column][vc_column_text] Als Freund des Riyad El Cadi erhalten Sie einen Nachlass auf alle unsere Zimmerraten von 10 EUR pro Nacht. [\/vc_column_text][\/vc_column][\/vc_row][vc_row][vc_column width=&#8220;1\/2&#8243;][vc_column_text] DIE FREUNDE VON RIYAD EL CADI RATE SCHLIE\u00dfT EIN: 10 EUR Erm\u00e4\u00dfigung auf alle online buchbaren Raten\u00a0(auch Sonderangebote) \u00dcbernachtung f\u00fcr 2 Personen Kontinentalen Fr\u00fchst\u00fcck auf den Dachterrassen mit Blick \u00fcber die D\u00e4cher von [&hellip;]","og_url":"https:\/\/www.riyadelcadi.com\/de\/sonderangebote\/freunde-von-riyad-el-cadi\/","og_site_name":"Riyad El Cadi","article_publisher":"https:\/\/www.facebook.com\/RiyadElCadi\/","article_modified_time":"2022-09-23T07:57:27+00:00","og_image":[{"width":1280,"height":853,"url":"https:\/\/www.riyadelcadi.com\/wp-content\/uploads\/2016\/03\/Door-Pattern-1_jed.kaoru_.share_.jpg","type":"image\/jpeg"}],"twitter_card":"summary_large_image","twitter_misc":{"Gesch\u00e4tzte Lesezeit":"2\u00a0Minuten"},"schema":{"@context":"https:\/\/schema.org","@graph":[{"@type":"WebPage","@id":"https:\/\/www.riyadelcadi.com\/de\/sonderangebote\/freunde-von-riyad-el-cadi\/","url":"https:\/\/www.riyadelcadi.com\/de\/sonderangebote\/freunde-von-riyad-el-cadi\/","name":"Freunde von Riyad El Cadi - Riyad El Cadi","isPartOf":{"@id":"https:\/\/www.riyadelcadi.com\/de\/#website"},"primaryImageOfPage":{"@id":"https:\/\/www.riyadelcadi.com\/de\/sonderangebote\/freunde-von-riyad-el-cadi\/#primaryimage"},"image":{"@id":"https:\/\/www.riyadelcadi.com\/de\/sonderangebote\/freunde-von-riyad-el-cadi\/#primaryimage"},"thumbnailUrl":"https:\/\/www.riyadelcadi.com\/wp-content\/uploads\/2016\/03\/Door-Pattern-1_jed.kaoru_.share_.jpg","datePublished":"2019-01-05T14:26:39+00:00","dateModified":"2022-09-23T07:57:27+00:00","breadcrumb":{"@id":"https:\/\/www.riyadelcadi.com\/de\/sonderangebote\/freunde-von-riyad-el-cadi\/#breadcrumb"},"inLanguage":"de","potentialAction":[{"@type":"ReadAction","target":["https:\/\/www.riyadelcadi.com\/de\/sonderangebote\/freunde-von-riyad-el-cadi\/"]}]},{"@type":"ImageObject","inLanguage":"de","@id":"https:\/\/www.riyadelcadi.com\/de\/sonderangebote\/freunde-von-riyad-el-cadi\/#primaryimage","url":"https:\/\/www.riyadelcadi.com\/wp-content\/uploads\/2016\/03\/Door-Pattern-1_jed.kaoru_.share_.jpg","contentUrl":"https:\/\/www.riyadelcadi.com\/wp-content\/uploads\/2016\/03\/Door-Pattern-1_jed.kaoru_.share_.jpg","width":1280,"height":853,"caption":"Detail"},{"@type":"BreadcrumbList","@id":"https:\/\/www.riyadelcadi.com\/de\/sonderangebote\/freunde-von-riyad-el-cadi\/#breadcrumb","itemListElement":[{"@type":"ListItem","position":1,"name":"Startseite","item":"https:\/\/www.riyadelcadi.com\/de\/"},{"@type":"ListItem","position":2,"name":"Sonderangebote","item":"https:\/\/www.riyadelcadi.com\/de\/sonderangebote\/"},{"@type":"ListItem","position":3,"name":"Freunde von Riyad El Cadi"}]},{"@type":"WebSite","@id":"https:\/\/www.riyadelcadi.com\/de\/#website","url":"https:\/\/www.riyadelcadi.com\/de\/","name":"Riyad El Cadi","description":"Riad mit Stil in Marrakesch","potentialAction":[{"@type":"SearchAction","target":{"@type":"EntryPoint","urlTemplate":"https:\/\/www.riyadelcadi.com\/de\/?s={search_term_string}"},"query-input":{"@type":"PropertyValueSpecification","valueRequired":true,"valueName":"search_term_string"}}],"inLanguage":"de"}]}},"_links":{"self":[{"href":"https:\/\/www.riyadelcadi.com\/de\/wp-json\/wp\/v2\/pages\/22606"}],"collection":[{"href":"https:\/\/www.riyadelcadi.com\/de\/wp-json\/wp\/v2\/pages"}],"about":[{"href":"https:\/\/www.riyadelcadi.com\/de\/wp-json\/wp\/v2\/types\/page"}],"author":[{"embeddable":true,"href":"https:\/\/www.riyadelcadi.com\/de\/wp-json\/wp\/v2\/users\/4"}],"replies":[{"embeddable":true,"href":"https:\/\/www.riyadelcadi.com\/de\/wp-json\/wp\/v2\/comments?post=22606"}],"version-history":[{"count":0,"href":"https:\/\/www.riyadelcadi.com\/de\/wp-json\/wp\/v2\/pages\/22606\/revisions"}],"up":[{"embeddable":true,"href":"https:\/\/www.riyadelcadi.com\/de\/wp-json\/wp\/v2\/pages\/22475"}],"wp:featuredmedia":[{"embeddable":true,"href":"https:\/\/www.riyadelcadi.com\/de\/wp-json\/wp\/v2\/media\/19133"}],"wp:attachment":[{"href":"https:\/\/www.riyadelcadi.com\/de\/wp-json\/wp\/v2\/media?parent=22606"}],"curies":[{"name":"wp","href":"https:\/\/api.w.org\/{rel}","templated":true}]}}