{"id":17233,"date":"2011-08-09T19:02:28","date_gmt":"2011-08-09T17:02:28","guid":{"rendered":"http:\/\/www.riyadelcadi.com\/?page_id=17233&#038;lang=de"},"modified":"2022-09-23T09:54:15","modified_gmt":"2022-09-23T07:54:15","slug":"vip-package","status":"publish","type":"page","link":"https:\/\/www.riyadelcadi.com\/de\/sonderangebote\/vip-package\/","title":{"rendered":"VIP Package mit luxuri\u00f6sen Extras"},"content":{"rendered":"<div class=\"wpb-content-wrapper\"><p>[vc_section][vc_row][vc_column][vc_column_text]<\/p>\n<h2><strong>Lassen Sie sich wie ein VIP vom Riyad El Cadi umsorgen: unser Exklusiv-VIP-Package<\/strong><\/h2>\n<p>Wir gestalten Ihnen Ihren Aufenthalt in Marrakesch so angenehm wie m\u00f6glich: Sie n\u00e4chtigen in einer unseren <strong>Suiten<\/strong>, liebevoll hergerichtet mit einem <strong>Willkommensgru\u00df<\/strong> exklusiv f\u00fcr Sie, genie\u00dfen ein k\u00f6stliches <strong>Abendessen<\/strong> zubereitet nach Ihren W\u00fcnschen. Eine <strong>Stadtf\u00fchrung<\/strong> mit einem unserer Guides f\u00fchrt Sie in die Kultur und Geschichte der Stadt ein. Doch auch ansonsten sorgen wir f\u00fcr Ihr Wohlergehen, mit einer guten Portion <strong>Wellness<\/strong>.[\/vc_column_text][\/vc_column][\/vc_row][vc_row][vc_column width=&#8220;1\/2&#8243;][vc_column_text]<\/p>\n<h3><strong>DAS VIP-PACKAGE UMFASST FOLGENDE LEISTUNGEN:<br \/>\n<\/strong><\/h3>\n<ul>\n<li>Drei N\u00e4chte in einer unserer luxuri\u00f6sen Suiten<\/li>\n<li>VIP Abholservice vom\/zum Flughafen Marrakesch in einer Limousine mit privatem Fahrer<\/li>\n<li>Frische Rosen und ein Fr\u00fcchtekorb als ein Willkommensgru\u00df in Ihrem Zimmer<\/li>\n<li>VIP Empfang mit frisch gepresstem Orangensaft<\/li>\n<li>Stadtf\u00fchrung durch die Altstadt von Marrakesch mit qualifiziertem F\u00fchrer und nach Ihren pers\u00f6nlichen Vorstellungen (3 Stunden)<\/li>\n<li>Wellness f\u00fcr Sie: Ein Besuch unseres Hammam f\u00fcr 2 Personen inklusive Behandlung (Gommage) sowie einer anschlie\u00dfenden Massage f\u00fcr Sie beide.<\/li>\n<li>Ein Abendessen im Hof unter Zitrusb\u00e4umen. Wir verw\u00f6hnen Sie mit einem 3 oder 4-G\u00e4nge-Men\u00fc (nach Wahl des K\u00fcchenchefs).<\/li>\n<li>Mineralwasser, Nachmittagstee und\/oder Kaffee w\u00e4hrend Ihres gesamten Aufenthaltes<\/li>\n<li>Fr\u00fchst\u00fcck auf den Dachterrassen<\/li>\n<li>Touristentaxe inklusive<\/li>\n<\/ul>\n<p>[\/vc_column_text]<div class=\"ut-btn-group  ut-btn-group-center ut-btn-group-tablet-center ut-btn-group-mobile-center clearfix\"><style type=\"text\/css\">#bklyn_btn_69ef70994bbf7 .bklyn-btn { color:#ffffff !important; background-color:#193d38 !important; }#bklyn_btn_69ef70994bbf7 .bklyn-btn:hover{ color:#ffffff !important; background-color:#46635f !important; }#bklyn_btn_69ef70994bbf7 .bklyn-btn:focus{ color:#ffffff !important; background-color:#46635f !important; }#bklyn_btn_69ef70994bbf7 .bklyn-btn:active { color:#ffffff !important; background-color:#46635f !important; }<\/style><div id=\"bklyn_btn_69ef70994bbf7\" class=\"bklyn-btn-holder btn-green bklyn-btn-first bklyn-btn-center bklyn-btn-tablet-center bklyn-btn-mobile-center\"><a title=\"\"   href=\"mailto:info@riyadelcadi.com\" target=\"_self\" class=\"bklyn-btn  bklyn-btn-small\" ><span class=\"ut-btn-text\">Kontakt<\/span><\/a><\/div><style type=\"text\/css\">#bklyn_btn_69ef70994bca5 .bklyn-btn { color:#ffffff !important; background-color:#eca65c !important; }#bklyn_btn_69ef70994bca5 .bklyn-btn:hover{ color:#ffffff !important; background-color:#efb273 !important; }#bklyn_btn_69ef70994bca5 .bklyn-btn:focus{ color:#ffffff !important; background-color:#efb273 !important; }#bklyn_btn_69ef70994bca5 .bklyn-btn:active { color:#ffffff !important; background-color:#efb273 !important; }<\/style><div id=\"bklyn_btn_69ef70994bca5\" class=\"bklyn-btn-holder  bklyn-btn-last bklyn-btn-center bklyn-btn-tablet-center bklyn-btn-mobile-center\"><a title=\"\"   href=\"https:\/\/direct-book.com\/properties\/riyadelcadidirect?locale=de&#038;items%5B0%5D%5Badults%5D=2&#038;items%5B0%5D%5Bchildren%5D=0&#038;items%5B0%5D%5Binfants%5D=0&#038;currency=EUR&#038;trackPage=yes\" target=\"_self\" class=\"bklyn-btn  bklyn-btn-small\" ><span class=\"ut-btn-text\">Reservierung<\/span><\/a><\/div><\/div>[\/vc_column][vc_column width=&#8220;1\/2&#8243; css=&#8220;.vc_custom_1549562713070{border-left-width: 1px !important;padding-left: 60px !important;border-left-color: #b7b7b7 !important;border-left-style: solid !important;border-radius: 2px !important;}&#8220;][vc_column_text]<\/p>\n<h2><strong>VIP-Zimmerraten:<\/strong><\/h2>\n<p>Saison Normal: Junior Suite 1020 EUR, Senior Suite 1155 EUR<br \/>\nSaison Hoch: Junior Suite 1095 EUR, Senior Suite 1245 EUR<br \/>\nSaison Tief: Junior Suite 915 EUR, Senior Suite 1020 EUR<\/p>\n<p>M\u00f6chten Sie l\u00e4nger bleiben? Wir bieten Ihnen auf Verl\u00e4ngerungen Verg\u00fcnstigungen. Fragen Sie uns.<\/p>\n<p>Das VIP-Angebot ist das gesamte Jahr \u00fcber g\u00fcltig und mit <strong>Sonderangeboten<\/strong> wie Last Minute und Fr\u00fchbucherrabatt kombinierbar.[\/vc_column_text][\/vc_column][\/vc_row][vc_row][vc_column][vc_column_text]Unsere Angebote sind in begrenzter Menge verf\u00fcgbar. F\u00fcr Buchungen mit nicht reduzierten Preisen erbitten wir eine Vorauszahlung von 30%. Zimmerraten k\u00f6nnen variieren je nach Zeitpunkt der Buchung.[\/vc_column_text][\/vc_column][\/vc_row][\/vc_section][vc_row][vc_column][vc_column_text]<\/p>\n<p>[\/vc_column_text][\/vc_column][\/vc_row]<\/p>\n<\/div>","protected":false},"excerpt":{"rendered":"<p>[vc_section][vc_row][vc_column][vc_column_text] Lassen Sie sich wie ein VIP vom Riyad El Cadi umsorgen: unser Exklusiv-VIP-Package Wir gestalten Ihnen Ihren Aufenthalt in Marrakesch so angenehm wie m\u00f6glich: Sie n\u00e4chtigen in einer unseren Suiten, liebevoll hergerichtet mit einem Willkommensgru\u00df exklusiv f\u00fcr Sie, genie\u00dfen ein k\u00f6stliches Abendessen zubereitet nach Ihren W\u00fcnschen. Eine Stadtf\u00fchrung mit einem unserer Guides f\u00fchrt Sie [&hellip;]<\/p>\n","protected":false},"author":4,"featured_media":23608,"parent":22475,"menu_order":5,"comment_status":"closed","ping_status":"closed","template":"","meta":{"footnotes":""},"yoast_head":"<!-- This site is optimized with the Yoast SEO plugin v24.5 - https:\/\/yoast.com\/wordpress\/plugins\/seo\/ -->\n<title>VIP Package mit luxuri\u00f6sen Extras - Riyad El Cadi<\/title>\n<meta name=\"robots\" content=\"index, follow, max-snippet:-1, max-image-preview:large, max-video-preview:-1\" \/>\n<link rel=\"canonical\" href=\"https:\/\/www.riyadelcadi.com\/de\/sonderangebote\/vip-package\/\" \/>\n<meta property=\"og:locale\" content=\"de_DE\" \/>\n<meta property=\"og:type\" content=\"article\" \/>\n<meta property=\"og:title\" content=\"VIP Package mit luxuri\u00f6sen Extras - Riyad El Cadi\" \/>\n<meta property=\"og:description\" content=\"[vc_section][vc_row][vc_column][vc_column_text] Lassen Sie sich wie ein VIP vom Riyad El Cadi umsorgen: unser Exklusiv-VIP-Package Wir gestalten Ihnen Ihren Aufenthalt in Marrakesch so angenehm wie m\u00f6glich: Sie n\u00e4chtigen in einer unseren Suiten, liebevoll hergerichtet mit einem Willkommensgru\u00df exklusiv f\u00fcr Sie, genie\u00dfen ein k\u00f6stliches Abendessen zubereitet nach Ihren W\u00fcnschen. Eine Stadtf\u00fchrung mit einem unserer Guides f\u00fchrt Sie [&hellip;]\" \/>\n<meta property=\"og:url\" content=\"https:\/\/www.riyadelcadi.com\/de\/sonderangebote\/vip-package\/\" \/>\n<meta property=\"og:site_name\" content=\"Riyad El Cadi\" \/>\n<meta property=\"article:publisher\" content=\"https:\/\/www.facebook.com\/RiyadElCadi\/\" \/>\n<meta property=\"article:modified_time\" content=\"2022-09-23T07:54:15+00:00\" \/>\n<meta property=\"og:image\" content=\"https:\/\/www.riyadelcadi.com\/wp-content\/uploads\/2019\/02\/Curtain-Pattern_jed.kaoru_.share_.jpg\" \/>\n\t<meta property=\"og:image:width\" content=\"1280\" \/>\n\t<meta property=\"og:image:height\" content=\"853\" \/>\n\t<meta property=\"og:image:type\" content=\"image\/jpeg\" \/>\n<meta name=\"twitter:card\" content=\"summary_large_image\" \/>\n<meta name=\"twitter:label1\" content=\"Gesch\u00e4tzte Lesezeit\" \/>\n\t<meta name=\"twitter:data1\" content=\"2\u00a0Minuten\" \/>\n<script type=\"application\/ld+json\" class=\"yoast-schema-graph\">{\"@context\":\"https:\/\/schema.org\",\"@graph\":[{\"@type\":\"WebPage\",\"@id\":\"https:\/\/www.riyadelcadi.com\/de\/sonderangebote\/vip-package\/\",\"url\":\"https:\/\/www.riyadelcadi.com\/de\/sonderangebote\/vip-package\/\",\"name\":\"VIP Package mit luxuri\u00f6sen Extras - Riyad El Cadi\",\"isPartOf\":{\"@id\":\"https:\/\/www.riyadelcadi.com\/de\/#website\"},\"primaryImageOfPage\":{\"@id\":\"https:\/\/www.riyadelcadi.com\/de\/sonderangebote\/vip-package\/#primaryimage\"},\"image\":{\"@id\":\"https:\/\/www.riyadelcadi.com\/de\/sonderangebote\/vip-package\/#primaryimage\"},\"thumbnailUrl\":\"https:\/\/www.riyadelcadi.com\/wp-content\/uploads\/2019\/02\/Curtain-Pattern_jed.kaoru_.share_.jpg\",\"datePublished\":\"2011-08-09T17:02:28+00:00\",\"dateModified\":\"2022-09-23T07:54:15+00:00\",\"breadcrumb\":{\"@id\":\"https:\/\/www.riyadelcadi.com\/de\/sonderangebote\/vip-package\/#breadcrumb\"},\"inLanguage\":\"de\",\"potentialAction\":[{\"@type\":\"ReadAction\",\"target\":[\"https:\/\/www.riyadelcadi.com\/de\/sonderangebote\/vip-package\/\"]}]},{\"@type\":\"ImageObject\",\"inLanguage\":\"de\",\"@id\":\"https:\/\/www.riyadelcadi.com\/de\/sonderangebote\/vip-package\/#primaryimage\",\"url\":\"https:\/\/www.riyadelcadi.com\/wp-content\/uploads\/2019\/02\/Curtain-Pattern_jed.kaoru_.share_.jpg\",\"contentUrl\":\"https:\/\/www.riyadelcadi.com\/wp-content\/uploads\/2019\/02\/Curtain-Pattern_jed.kaoru_.share_.jpg\",\"width\":1280,\"height\":853},{\"@type\":\"BreadcrumbList\",\"@id\":\"https:\/\/www.riyadelcadi.com\/de\/sonderangebote\/vip-package\/#breadcrumb\",\"itemListElement\":[{\"@type\":\"ListItem\",\"position\":1,\"name\":\"Startseite\",\"item\":\"https:\/\/www.riyadelcadi.com\/de\/\"},{\"@type\":\"ListItem\",\"position\":2,\"name\":\"Sonderangebote\",\"item\":\"https:\/\/www.riyadelcadi.com\/de\/sonderangebote\/\"},{\"@type\":\"ListItem\",\"position\":3,\"name\":\"VIP Package mit luxuri\u00f6sen Extras\"}]},{\"@type\":\"WebSite\",\"@id\":\"https:\/\/www.riyadelcadi.com\/de\/#website\",\"url\":\"https:\/\/www.riyadelcadi.com\/de\/\",\"name\":\"Riyad El Cadi\",\"description\":\"Riad mit Stil in Marrakesch\",\"potentialAction\":[{\"@type\":\"SearchAction\",\"target\":{\"@type\":\"EntryPoint\",\"urlTemplate\":\"https:\/\/www.riyadelcadi.com\/de\/?s={search_term_string}\"},\"query-input\":{\"@type\":\"PropertyValueSpecification\",\"valueRequired\":true,\"valueName\":\"search_term_string\"}}],\"inLanguage\":\"de\"}]}<\/script>\n<!-- \/ Yoast SEO plugin. -->","yoast_head_json":{"title":"VIP Package mit luxuri\u00f6sen Extras - Riyad El Cadi","robots":{"index":"index","follow":"follow","max-snippet":"max-snippet:-1","max-image-preview":"max-image-preview:large","max-video-preview":"max-video-preview:-1"},"canonical":"https:\/\/www.riyadelcadi.com\/de\/sonderangebote\/vip-package\/","og_locale":"de_DE","og_type":"article","og_title":"VIP Package mit luxuri\u00f6sen Extras - Riyad El Cadi","og_description":"[vc_section][vc_row][vc_column][vc_column_text] Lassen Sie sich wie ein VIP vom Riyad El Cadi umsorgen: unser Exklusiv-VIP-Package Wir gestalten Ihnen Ihren Aufenthalt in Marrakesch so angenehm wie m\u00f6glich: Sie n\u00e4chtigen in einer unseren Suiten, liebevoll hergerichtet mit einem Willkommensgru\u00df exklusiv f\u00fcr Sie, genie\u00dfen ein k\u00f6stliches Abendessen zubereitet nach Ihren W\u00fcnschen. Eine Stadtf\u00fchrung mit einem unserer Guides f\u00fchrt Sie [&hellip;]","og_url":"https:\/\/www.riyadelcadi.com\/de\/sonderangebote\/vip-package\/","og_site_name":"Riyad El Cadi","article_publisher":"https:\/\/www.facebook.com\/RiyadElCadi\/","article_modified_time":"2022-09-23T07:54:15+00:00","og_image":[{"width":1280,"height":853,"url":"https:\/\/www.riyadelcadi.com\/wp-content\/uploads\/2019\/02\/Curtain-Pattern_jed.kaoru_.share_.jpg","type":"image\/jpeg"}],"twitter_card":"summary_large_image","twitter_misc":{"Gesch\u00e4tzte Lesezeit":"2\u00a0Minuten"},"schema":{"@context":"https:\/\/schema.org","@graph":[{"@type":"WebPage","@id":"https:\/\/www.riyadelcadi.com\/de\/sonderangebote\/vip-package\/","url":"https:\/\/www.riyadelcadi.com\/de\/sonderangebote\/vip-package\/","name":"VIP Package mit luxuri\u00f6sen Extras - Riyad El Cadi","isPartOf":{"@id":"https:\/\/www.riyadelcadi.com\/de\/#website"},"primaryImageOfPage":{"@id":"https:\/\/www.riyadelcadi.com\/de\/sonderangebote\/vip-package\/#primaryimage"},"image":{"@id":"https:\/\/www.riyadelcadi.com\/de\/sonderangebote\/vip-package\/#primaryimage"},"thumbnailUrl":"https:\/\/www.riyadelcadi.com\/wp-content\/uploads\/2019\/02\/Curtain-Pattern_jed.kaoru_.share_.jpg","datePublished":"2011-08-09T17:02:28+00:00","dateModified":"2022-09-23T07:54:15+00:00","breadcrumb":{"@id":"https:\/\/www.riyadelcadi.com\/de\/sonderangebote\/vip-package\/#breadcrumb"},"inLanguage":"de","potentialAction":[{"@type":"ReadAction","target":["https:\/\/www.riyadelcadi.com\/de\/sonderangebote\/vip-package\/"]}]},{"@type":"ImageObject","inLanguage":"de","@id":"https:\/\/www.riyadelcadi.com\/de\/sonderangebote\/vip-package\/#primaryimage","url":"https:\/\/www.riyadelcadi.com\/wp-content\/uploads\/2019\/02\/Curtain-Pattern_jed.kaoru_.share_.jpg","contentUrl":"https:\/\/www.riyadelcadi.com\/wp-content\/uploads\/2019\/02\/Curtain-Pattern_jed.kaoru_.share_.jpg","width":1280,"height":853},{"@type":"BreadcrumbList","@id":"https:\/\/www.riyadelcadi.com\/de\/sonderangebote\/vip-package\/#breadcrumb","itemListElement":[{"@type":"ListItem","position":1,"name":"Startseite","item":"https:\/\/www.riyadelcadi.com\/de\/"},{"@type":"ListItem","position":2,"name":"Sonderangebote","item":"https:\/\/www.riyadelcadi.com\/de\/sonderangebote\/"},{"@type":"ListItem","position":3,"name":"VIP Package mit luxuri\u00f6sen Extras"}]},{"@type":"WebSite","@id":"https:\/\/www.riyadelcadi.com\/de\/#website","url":"https:\/\/www.riyadelcadi.com\/de\/","name":"Riyad El Cadi","description":"Riad mit Stil in Marrakesch","potentialAction":[{"@type":"SearchAction","target":{"@type":"EntryPoint","urlTemplate":"https:\/\/www.riyadelcadi.com\/de\/?s={search_term_string}"},"query-input":{"@type":"PropertyValueSpecification","valueRequired":true,"valueName":"search_term_string"}}],"inLanguage":"de"}]}},"_links":{"self":[{"href":"https:\/\/www.riyadelcadi.com\/de\/wp-json\/wp\/v2\/pages\/17233"}],"collection":[{"href":"https:\/\/www.riyadelcadi.com\/de\/wp-json\/wp\/v2\/pages"}],"about":[{"href":"https:\/\/www.riyadelcadi.com\/de\/wp-json\/wp\/v2\/types\/page"}],"author":[{"embeddable":true,"href":"https:\/\/www.riyadelcadi.com\/de\/wp-json\/wp\/v2\/users\/4"}],"replies":[{"embeddable":true,"href":"https:\/\/www.riyadelcadi.com\/de\/wp-json\/wp\/v2\/comments?post=17233"}],"version-history":[{"count":0,"href":"https:\/\/www.riyadelcadi.com\/de\/wp-json\/wp\/v2\/pages\/17233\/revisions"}],"up":[{"embeddable":true,"href":"https:\/\/www.riyadelcadi.com\/de\/wp-json\/wp\/v2\/pages\/22475"}],"wp:featuredmedia":[{"embeddable":true,"href":"https:\/\/www.riyadelcadi.com\/de\/wp-json\/wp\/v2\/media\/23608"}],"wp:attachment":[{"href":"https:\/\/www.riyadelcadi.com\/de\/wp-json\/wp\/v2\/media?parent=17233"}],"curies":[{"name":"wp","href":"https:\/\/api.w.org\/{rel}","templated":true}]}}