{"id":17226,"date":"2012-06-13T09:05:22","date_gmt":"2012-06-13T07:05:22","guid":{"rendered":"http:\/\/www.riyadelcadi.com\/?page_id=17226&#038;lang=de"},"modified":"2017-11-01T13:32:54","modified_gmt":"2017-11-01T12:32:54","slug":"sommer-in-der-stadt-25-rabatt-auf-unsere-klimatisierten-suiten","status":"publish","type":"page","link":"https:\/\/www.riyadelcadi.com\/de\/sonderangebote\/sommer-in-der-stadt-25-rabatt-auf-unsere-klimatisierten-suiten\/","title":{"rendered":"Herbst in der Roten Stadt: 30% Rabatt auf unsere Zimmerpreise"},"content":{"rendered":"<h2><strong>Genie\u00dfen Sie einen langen und ruhigen Aufenthalt in unseren Suiten und Doppelzimmern w\u00e4hrend im warmen Herbst\u00a0von Marrakesch:<\/strong><\/h2>\n<ul>\n<li>Wir offerieren einen <strong>Rabatt von 30%<\/strong> auf die Zimmerrate unserer Suiten und Doppelzimmer<\/li>\n<li><strong>Mindestaufenthalt<\/strong> von 4 N\u00e4chten.<\/li>\n<li>Das Sonderangebot ist <strong>nicht \u00e4nderbar oder stornierbar<\/strong>.<\/li>\n<li>Reservieren Sie Ihr Zimmer \u00fcber diese Website: <a title=\"Reservierung\" href=\"https:\/\/www.riyadelcadi.com\/de\/reservierung\/reservierung-sonderangebot\/\">Reservierung<\/a><\/li>\n<li>Nur auf Neubuchungen\u00a0anwendbar.<\/li>\n<\/ul>\n<p>Das Angebot ist g\u00fcltig f\u00fcr Aufenthalte vom <strong>25.09-10.11.2017 and 16.11-20.12.2017.<\/strong><\/p>\n<p>[lambdaslider id=&#8220;9&#8243;]<\/p>\n<h2><strong>In dem Sonderangebot sind enthalten:<\/strong><\/h2>\n<ul>\n<li>Kontinental-Fr\u00fchst\u00fcck auf der Dachterrasse mit Blick auf die D\u00e4cher von Marrakesch<br \/>\nBegr\u00fc\u00dfungsdrink im Hof oder der Dachterrasse von unserem Riad<\/li>\n<li>Gep\u00e4ckservice: unser Tr\u00e4ger bringt Ihr Gep\u00e4ck vom zentralen Platz von Marrakesch, der Djemaa el Fna zum Riad<\/li>\n<li>In dem Sonderangebot sind Extraleistungen sowie die Touristentaxe <strong>nicht<\/strong> enthalten.<\/li>\n<li>Das Sonderangebot ist mit anderen Raten nicht kombinierbar.<\/li>\n<li>Alle Suiten sind mit Klimaanlage ausgestattet.<\/li>\n<\/ul>\n<p><noscript><\/p>\n<h2><strong>Sommer in der Stadt &#8211; Zimmerraten:<\/strong><\/h2>\n<p>Juli und August:<\/p>\n<table width=\"622\" border=\"1\" cellspacing=\"0\" cellpadding=\"0\">\n<tbody>\n<tr>\n<td valign=\"top\" width=\"153\">Junior Suite<\/td>\n<td valign=\"top\" width=\"153\">161,25 EUR<\/td>\n<\/tr>\n<tr>\n<td valign=\"top\" width=\"153\">Senior Suite<\/td>\n<td valign=\"top\" width=\"153\">187,50 EUR<\/td>\n<\/tr>\n<tr>\n<td valign=\"top\" width=\"153\">Master Suite<\/td>\n<td valign=\"top\" width=\"153\">243,75 EUR<\/td>\n<\/tr>\n<\/tbody>\n<\/table>\n<p>September bis 03. Oktober:<\/p>\n<table width=\"622\" border=\"1\" cellspacing=\"0\" cellpadding=\"0\">\n<tbody>\n<tr>\n<td valign=\"top\" width=\"153\">Junior Suite<\/td>\n<td valign=\"top\" width=\"153\">187,50 EUR<\/td>\n<\/tr>\n<tr>\n<td valign=\"top\" width=\"153\">Senior Suite<\/td>\n<td valign=\"top\" width=\"153\">221,25 EUR<\/td>\n<\/tr>\n<tr>\n<td valign=\"top\" width=\"153\">Master Suite<\/td>\n<td valign=\"top\" width=\"153\">285,00 EUR<\/td>\n<\/tr>\n<\/tbody>\n<\/table>\n<p>&nbsp;<\/p>\n<p><\/noscript>Gerne sind wir im <strong>Riad<\/strong> auch im \u00dcbrigen bei der Organisation Ihres Sommer-Urlaubs behilflich: ben\u00f6tigen Sie einen <strong>Transfer<\/strong> vom Flughafen zum Riad, w\u00fcnschen Sie ein <strong>Abendessen<\/strong> nach Ihrer Ankunft in unserem Hotel? Zur Erleichterung Ihrer Planung k\u00f6nnen wir Ihnen auch einen Programmvorschlag f\u00fcr Ihren Marrakesch-Aufenthalt unterbreiten. Sollten Sie eine Weiterreise planen, helfen wir Ihnen auch gerne mit Tips f\u00fcr Ihren weiteren Urlaub oder Ihr n\u00e4chstes Hotel.<\/p>\n","protected":false},"excerpt":{"rendered":"<p>Genie\u00dfen Sie einen langen und ruhigen Aufenthalt in unseren Suiten und Doppelzimmern w\u00e4hrend im warmen Herbst\u00a0von Marrakesch: Wir offerieren einen Rabatt von 30% auf die Zimmerrate unserer Suiten und Doppelzimmer Mindestaufenthalt von 4 N\u00e4chten. Das Sonderangebot ist nicht \u00e4nderbar oder stornierbar. Reservieren Sie Ihr Zimmer \u00fcber diese Website: Reservierung Nur auf Neubuchungen\u00a0anwendbar. Das Angebot ist [&hellip;]<\/p>\n","protected":false},"author":4,"featured_media":19109,"parent":22475,"menu_order":0,"comment_status":"closed","ping_status":"closed","template":"","meta":{"footnotes":""},"yoast_head":"<!-- This site is optimized with the Yoast SEO plugin v24.5 - https:\/\/yoast.com\/wordpress\/plugins\/seo\/ -->\n<title>Herbst in der Roten Stadt: 30% Rabatt auf unsere Zimmerpreise - Riyad El Cadi<\/title>\n<meta name=\"robots\" content=\"index, follow, max-snippet:-1, max-image-preview:large, max-video-preview:-1\" \/>\n<link rel=\"canonical\" href=\"https:\/\/www.riyadelcadi.com\/de\/sonderangebote\/sommer-in-der-stadt-25-rabatt-auf-unsere-klimatisierten-suiten\/\" \/>\n<meta property=\"og:locale\" content=\"de_DE\" \/>\n<meta property=\"og:type\" content=\"article\" \/>\n<meta property=\"og:title\" content=\"Herbst in der Roten Stadt: 30% Rabatt auf unsere Zimmerpreise - Riyad El Cadi\" \/>\n<meta property=\"og:description\" content=\"Genie\u00dfen Sie einen langen und ruhigen Aufenthalt in unseren Suiten und Doppelzimmern w\u00e4hrend im warmen Herbst\u00a0von Marrakesch: Wir offerieren einen Rabatt von 30% auf die Zimmerrate unserer Suiten und Doppelzimmer Mindestaufenthalt von 4 N\u00e4chten. Das Sonderangebot ist nicht \u00e4nderbar oder stornierbar. Reservieren Sie Ihr Zimmer \u00fcber diese Website: Reservierung Nur auf Neubuchungen\u00a0anwendbar. Das Angebot ist [&hellip;]\" \/>\n<meta property=\"og:url\" content=\"https:\/\/www.riyadelcadi.com\/de\/sonderangebote\/sommer-in-der-stadt-25-rabatt-auf-unsere-klimatisierten-suiten\/\" \/>\n<meta property=\"og:site_name\" content=\"Riyad El Cadi\" \/>\n<meta property=\"article:publisher\" content=\"https:\/\/www.facebook.com\/RiyadElCadi\/\" \/>\n<meta property=\"article:modified_time\" content=\"2017-11-01T12:32:54+00:00\" \/>\n<meta property=\"og:image\" content=\"https:\/\/www.riyadelcadi.com\/wp-content\/uploads\/2016\/03\/Curtain-Pattern_jed.kaoru_.share_.jpg\" \/>\n\t<meta property=\"og:image:width\" content=\"1280\" \/>\n\t<meta property=\"og:image:height\" content=\"853\" \/>\n\t<meta property=\"og:image:type\" content=\"image\/jpeg\" \/>\n<meta name=\"twitter:card\" content=\"summary_large_image\" \/>\n<meta name=\"twitter:label1\" content=\"Gesch\u00e4tzte Lesezeit\" \/>\n\t<meta name=\"twitter:data1\" content=\"1\u00a0Minute\" \/>\n<script type=\"application\/ld+json\" class=\"yoast-schema-graph\">{\"@context\":\"https:\/\/schema.org\",\"@graph\":[{\"@type\":\"WebPage\",\"@id\":\"https:\/\/www.riyadelcadi.com\/de\/sonderangebote\/sommer-in-der-stadt-25-rabatt-auf-unsere-klimatisierten-suiten\/\",\"url\":\"https:\/\/www.riyadelcadi.com\/de\/sonderangebote\/sommer-in-der-stadt-25-rabatt-auf-unsere-klimatisierten-suiten\/\",\"name\":\"Herbst in der Roten Stadt: 30% Rabatt auf unsere Zimmerpreise - Riyad El Cadi\",\"isPartOf\":{\"@id\":\"https:\/\/www.riyadelcadi.com\/de\/#website\"},\"primaryImageOfPage\":{\"@id\":\"https:\/\/www.riyadelcadi.com\/de\/sonderangebote\/sommer-in-der-stadt-25-rabatt-auf-unsere-klimatisierten-suiten\/#primaryimage\"},\"image\":{\"@id\":\"https:\/\/www.riyadelcadi.com\/de\/sonderangebote\/sommer-in-der-stadt-25-rabatt-auf-unsere-klimatisierten-suiten\/#primaryimage\"},\"thumbnailUrl\":\"https:\/\/www.riyadelcadi.com\/wp-content\/uploads\/2016\/03\/Curtain-Pattern_jed.kaoru_.share_.jpg\",\"datePublished\":\"2012-06-13T07:05:22+00:00\",\"dateModified\":\"2017-11-01T12:32:54+00:00\",\"breadcrumb\":{\"@id\":\"https:\/\/www.riyadelcadi.com\/de\/sonderangebote\/sommer-in-der-stadt-25-rabatt-auf-unsere-klimatisierten-suiten\/#breadcrumb\"},\"inLanguage\":\"de\",\"potentialAction\":[{\"@type\":\"ReadAction\",\"target\":[\"https:\/\/www.riyadelcadi.com\/de\/sonderangebote\/sommer-in-der-stadt-25-rabatt-auf-unsere-klimatisierten-suiten\/\"]}]},{\"@type\":\"ImageObject\",\"inLanguage\":\"de\",\"@id\":\"https:\/\/www.riyadelcadi.com\/de\/sonderangebote\/sommer-in-der-stadt-25-rabatt-auf-unsere-klimatisierten-suiten\/#primaryimage\",\"url\":\"https:\/\/www.riyadelcadi.com\/wp-content\/uploads\/2016\/03\/Curtain-Pattern_jed.kaoru_.share_.jpg\",\"contentUrl\":\"https:\/\/www.riyadelcadi.com\/wp-content\/uploads\/2016\/03\/Curtain-Pattern_jed.kaoru_.share_.jpg\",\"width\":1280,\"height\":853,\"caption\":\"Detail\"},{\"@type\":\"BreadcrumbList\",\"@id\":\"https:\/\/www.riyadelcadi.com\/de\/sonderangebote\/sommer-in-der-stadt-25-rabatt-auf-unsere-klimatisierten-suiten\/#breadcrumb\",\"itemListElement\":[{\"@type\":\"ListItem\",\"position\":1,\"name\":\"Startseite\",\"item\":\"https:\/\/www.riyadelcadi.com\/de\/\"},{\"@type\":\"ListItem\",\"position\":2,\"name\":\"Sonderangebote\",\"item\":\"https:\/\/www.riyadelcadi.com\/de\/sonderangebote\/\"},{\"@type\":\"ListItem\",\"position\":3,\"name\":\"Herbst in der Roten Stadt: 30% Rabatt auf unsere Zimmerpreise\"}]},{\"@type\":\"WebSite\",\"@id\":\"https:\/\/www.riyadelcadi.com\/de\/#website\",\"url\":\"https:\/\/www.riyadelcadi.com\/de\/\",\"name\":\"Riyad El Cadi\",\"description\":\"Riad mit Stil in Marrakesch\",\"potentialAction\":[{\"@type\":\"SearchAction\",\"target\":{\"@type\":\"EntryPoint\",\"urlTemplate\":\"https:\/\/www.riyadelcadi.com\/de\/?s={search_term_string}\"},\"query-input\":{\"@type\":\"PropertyValueSpecification\",\"valueRequired\":true,\"valueName\":\"search_term_string\"}}],\"inLanguage\":\"de\"}]}<\/script>\n<!-- \/ Yoast SEO plugin. -->","yoast_head_json":{"title":"Herbst in der Roten Stadt: 30% Rabatt auf unsere Zimmerpreise - Riyad El Cadi","robots":{"index":"index","follow":"follow","max-snippet":"max-snippet:-1","max-image-preview":"max-image-preview:large","max-video-preview":"max-video-preview:-1"},"canonical":"https:\/\/www.riyadelcadi.com\/de\/sonderangebote\/sommer-in-der-stadt-25-rabatt-auf-unsere-klimatisierten-suiten\/","og_locale":"de_DE","og_type":"article","og_title":"Herbst in der Roten Stadt: 30% Rabatt auf unsere Zimmerpreise - Riyad El Cadi","og_description":"Genie\u00dfen Sie einen langen und ruhigen Aufenthalt in unseren Suiten und Doppelzimmern w\u00e4hrend im warmen Herbst\u00a0von Marrakesch: Wir offerieren einen Rabatt von 30% auf die Zimmerrate unserer Suiten und Doppelzimmer Mindestaufenthalt von 4 N\u00e4chten. Das Sonderangebot ist nicht \u00e4nderbar oder stornierbar. Reservieren Sie Ihr Zimmer \u00fcber diese Website: Reservierung Nur auf Neubuchungen\u00a0anwendbar. Das Angebot ist [&hellip;]","og_url":"https:\/\/www.riyadelcadi.com\/de\/sonderangebote\/sommer-in-der-stadt-25-rabatt-auf-unsere-klimatisierten-suiten\/","og_site_name":"Riyad El Cadi","article_publisher":"https:\/\/www.facebook.com\/RiyadElCadi\/","article_modified_time":"2017-11-01T12:32:54+00:00","og_image":[{"width":1280,"height":853,"url":"https:\/\/www.riyadelcadi.com\/wp-content\/uploads\/2016\/03\/Curtain-Pattern_jed.kaoru_.share_.jpg","type":"image\/jpeg"}],"twitter_card":"summary_large_image","twitter_misc":{"Gesch\u00e4tzte Lesezeit":"1\u00a0Minute"},"schema":{"@context":"https:\/\/schema.org","@graph":[{"@type":"WebPage","@id":"https:\/\/www.riyadelcadi.com\/de\/sonderangebote\/sommer-in-der-stadt-25-rabatt-auf-unsere-klimatisierten-suiten\/","url":"https:\/\/www.riyadelcadi.com\/de\/sonderangebote\/sommer-in-der-stadt-25-rabatt-auf-unsere-klimatisierten-suiten\/","name":"Herbst in der Roten Stadt: 30% Rabatt auf unsere Zimmerpreise - Riyad El Cadi","isPartOf":{"@id":"https:\/\/www.riyadelcadi.com\/de\/#website"},"primaryImageOfPage":{"@id":"https:\/\/www.riyadelcadi.com\/de\/sonderangebote\/sommer-in-der-stadt-25-rabatt-auf-unsere-klimatisierten-suiten\/#primaryimage"},"image":{"@id":"https:\/\/www.riyadelcadi.com\/de\/sonderangebote\/sommer-in-der-stadt-25-rabatt-auf-unsere-klimatisierten-suiten\/#primaryimage"},"thumbnailUrl":"https:\/\/www.riyadelcadi.com\/wp-content\/uploads\/2016\/03\/Curtain-Pattern_jed.kaoru_.share_.jpg","datePublished":"2012-06-13T07:05:22+00:00","dateModified":"2017-11-01T12:32:54+00:00","breadcrumb":{"@id":"https:\/\/www.riyadelcadi.com\/de\/sonderangebote\/sommer-in-der-stadt-25-rabatt-auf-unsere-klimatisierten-suiten\/#breadcrumb"},"inLanguage":"de","potentialAction":[{"@type":"ReadAction","target":["https:\/\/www.riyadelcadi.com\/de\/sonderangebote\/sommer-in-der-stadt-25-rabatt-auf-unsere-klimatisierten-suiten\/"]}]},{"@type":"ImageObject","inLanguage":"de","@id":"https:\/\/www.riyadelcadi.com\/de\/sonderangebote\/sommer-in-der-stadt-25-rabatt-auf-unsere-klimatisierten-suiten\/#primaryimage","url":"https:\/\/www.riyadelcadi.com\/wp-content\/uploads\/2016\/03\/Curtain-Pattern_jed.kaoru_.share_.jpg","contentUrl":"https:\/\/www.riyadelcadi.com\/wp-content\/uploads\/2016\/03\/Curtain-Pattern_jed.kaoru_.share_.jpg","width":1280,"height":853,"caption":"Detail"},{"@type":"BreadcrumbList","@id":"https:\/\/www.riyadelcadi.com\/de\/sonderangebote\/sommer-in-der-stadt-25-rabatt-auf-unsere-klimatisierten-suiten\/#breadcrumb","itemListElement":[{"@type":"ListItem","position":1,"name":"Startseite","item":"https:\/\/www.riyadelcadi.com\/de\/"},{"@type":"ListItem","position":2,"name":"Sonderangebote","item":"https:\/\/www.riyadelcadi.com\/de\/sonderangebote\/"},{"@type":"ListItem","position":3,"name":"Herbst in der Roten Stadt: 30% Rabatt auf unsere Zimmerpreise"}]},{"@type":"WebSite","@id":"https:\/\/www.riyadelcadi.com\/de\/#website","url":"https:\/\/www.riyadelcadi.com\/de\/","name":"Riyad El Cadi","description":"Riad mit Stil in Marrakesch","potentialAction":[{"@type":"SearchAction","target":{"@type":"EntryPoint","urlTemplate":"https:\/\/www.riyadelcadi.com\/de\/?s={search_term_string}"},"query-input":{"@type":"PropertyValueSpecification","valueRequired":true,"valueName":"search_term_string"}}],"inLanguage":"de"}]}},"_links":{"self":[{"href":"https:\/\/www.riyadelcadi.com\/de\/wp-json\/wp\/v2\/pages\/17226"}],"collection":[{"href":"https:\/\/www.riyadelcadi.com\/de\/wp-json\/wp\/v2\/pages"}],"about":[{"href":"https:\/\/www.riyadelcadi.com\/de\/wp-json\/wp\/v2\/types\/page"}],"author":[{"embeddable":true,"href":"https:\/\/www.riyadelcadi.com\/de\/wp-json\/wp\/v2\/users\/4"}],"replies":[{"embeddable":true,"href":"https:\/\/www.riyadelcadi.com\/de\/wp-json\/wp\/v2\/comments?post=17226"}],"version-history":[{"count":0,"href":"https:\/\/www.riyadelcadi.com\/de\/wp-json\/wp\/v2\/pages\/17226\/revisions"}],"up":[{"embeddable":true,"href":"https:\/\/www.riyadelcadi.com\/de\/wp-json\/wp\/v2\/pages\/22475"}],"wp:featuredmedia":[{"embeddable":true,"href":"https:\/\/www.riyadelcadi.com\/de\/wp-json\/wp\/v2\/media\/19109"}],"wp:attachment":[{"href":"https:\/\/www.riyadelcadi.com\/de\/wp-json\/wp\/v2\/media?parent=17226"}],"curies":[{"name":"wp","href":"https:\/\/api.w.org\/{rel}","templated":true}]}}