{"id":17209,"date":"2011-08-09T18:56:34","date_gmt":"2011-08-09T16:56:34","guid":{"rendered":"http:\/\/www.riyadelcadi.com\/?page_id=17209&#038;lang=de"},"modified":"2022-09-23T09:59:10","modified_gmt":"2022-09-23T07:59:10","slug":"fruehbucherrabatt","status":"publish","type":"page","link":"https:\/\/www.riyadelcadi.com\/de\/sonderangebote\/fruehbucherrabatt\/","title":{"rendered":"Fr\u00fchbucherrabatt: bis zu 20% f\u00fcr Early Birds"},"content":{"rendered":"<div class=\"wpb-content-wrapper\"><p>[vc_section][vc_row][vc_column][vc_column_text]<\/p>\n<h2><strong>Sie planen Ihre Reisen gerne fr\u00fchzeitig? Profitieren Sie von unserem Fr\u00fchbucher-Rabatt<\/strong><\/h2>\n<p>Das Riyad El Cadi belohnt Fr\u00fchentschlossene mit einem gro\u00dfz\u00fcgigem Rabatt: Genie\u00dfen Sie einen spannenden Urlaub in unserem Riad in Marrakesch mit einem Preisvorteil. Wenn Sie Ihren Aufenthalt bei uns mindestens drei Monate vor Ihrer Ankunft buchen, erhalten Sie einen Fr\u00fchbucher-Rabatt von bis zu 20% auf die Rate eines Zimmers oder einer Suite in unserem Hotel.[\/vc_column_text][\/vc_column][\/vc_row][vc_row][vc_column width=&#8220;1\/2&#8243;][vc_column_text]<\/p>\n<h3>IN DER FR\u00dcHBUCHER-RATE SIND ENTHALTEN:<\/h3>\n<ul>\n<li>Bis zu 20% Erm\u00e4\u00dfigung auf unsere Zimmerraten (Ausnahme: Blaues Haus, Flexibles Zimmer)<\/li>\n<li>Mindestens drei N\u00e4chte in einem Doppelzimmer, Suite oder Einzelzimmer<\/li>\n<li>Kontinental-Fr\u00fchst\u00fcck auf der Dachterrasse mit Blick auf die D\u00e4cher von Marrakesch<\/li>\n<li>Begr\u00fc\u00dfungsdrink im Hof oder der Dachterrasse von unserem Riad<\/li>\n<li>Kostenfreies W-LAN<\/li>\n<li>Abholung durch unseren Tr\u00e4ger vom zentralen Platz von Marrakesch, der Djemaa el Fna. Es ist nicht einfach, mit einem Koffer durch die Gassen der Medina zu gehen. Unser Tr\u00e4ger bringt Ihnen Ihr Gep\u00e4ck zum Hotel.<\/li>\n<\/ul>\n<p>[\/vc_column_text]<div class=\"ut-btn-group  ut-btn-group-center ut-btn-group-tablet-center ut-btn-group-mobile-center clearfix\"><style type=\"text\/css\">#bklyn_btn_69cffd0580f3f .bklyn-btn { color:#ffffff !important; background-color:#193d38 !important; }#bklyn_btn_69cffd0580f3f .bklyn-btn:hover{ color:#ffffff !important; background-color:#46635f !important; }#bklyn_btn_69cffd0580f3f .bklyn-btn:focus{ color:#ffffff !important; background-color:#46635f !important; }#bklyn_btn_69cffd0580f3f .bklyn-btn:active { color:#ffffff !important; background-color:#46635f !important; }<\/style><div id=\"bklyn_btn_69cffd0580f3f\" class=\"bklyn-btn-holder btn-green bklyn-btn-first bklyn-btn-center bklyn-btn-tablet-center bklyn-btn-mobile-center\"><a title=\"\"   href=\"mailto:info@riyadelcadi.com\" target=\"_self\" class=\"bklyn-btn  bklyn-btn-small\" ><span class=\"ut-btn-text\">Kontakt<\/span><\/a><\/div><style type=\"text\/css\">#bklyn_btn_69cffd0581058 .bklyn-btn { color:#ffffff !important; background-color:#eca65c !important; }#bklyn_btn_69cffd0581058 .bklyn-btn:hover{ color:#ffffff !important; background-color:#efb273 !important; }#bklyn_btn_69cffd0581058 .bklyn-btn:focus{ color:#ffffff !important; background-color:#efb273 !important; }#bklyn_btn_69cffd0581058 .bklyn-btn:active { color:#ffffff !important; background-color:#efb273 !important; }<\/style><div id=\"bklyn_btn_69cffd0581058\" class=\"bklyn-btn-holder  bklyn-btn-last bklyn-btn-center bklyn-btn-tablet-center bklyn-btn-mobile-center\"><a title=\"\"   href=\"https:\/\/direct-book.com\/properties\/riyadelcadidirect?number_nights=3&#038;number_adults=2&#038;promotion_code=Special\" target=\"_blank\" class=\"bklyn-btn  bklyn-btn-small\" ><span class=\"ut-btn-text\">Reservierung<\/span><\/a><\/div><\/div>[\/vc_column][vc_column width=&#8220;1\/2&#8243; css=&#8220;.vc_custom_1549562713070{border-left-width: 1px !important;padding-left: 60px !important;border-left-color: #b7b7b7 !important;border-left-style: solid !important;border-radius: 2px !important;}&#8220;][vc_column_text]Rabatt anwendbar auf Zimmer und Suiten mit <strong>Ausnahme<\/strong> des <strong>Blauen Hauses und des Flexiblen Zimmers<\/strong>.\u00a0Buchen Sie ein Zimmer in unserem Riad mindestens 3 Monate vor Ihrer Ankunft.\u00a0Es ist ein <strong>Mindestaufenthalt<\/strong> von drei N\u00e4chten in unserem Hotel erforderlich.\u00a0Zur Best\u00e4tigung der Buchung wird Ihre Kreditkarte mit Gesamtpreis f\u00fcr den Aufenthalt im Riad im Voraus belastet.\u00a0Die Reservierung kann <strong>nicht ge\u00e4ndert oder storniert werden<\/strong>.\u00a0Der Rabatt f\u00fcr Fr\u00fchbucher ist nicht anwendbar auf Buchungen innerhalb der Hochsaison (Weihnachten, Neujahr, Ostern) und gilt nicht f\u00fcr bereits bestehende Buchungen.\u00a0Der Fr\u00fchbucher-Rabatt ist nicht mit einem anderen Rabatt kombinierbar. In dem Rabatt sind Extraleistungen sowie die Touristentaxe nicht enthalten.[\/vc_column_text][\/vc_column][\/vc_row][vc_row][vc_column][vc_column_text]Sonderraten sind in begrenzter Menge verf\u00fcgbar. Buchungen mit einer Sonderrate sind verbindlich und nicht \u00e4nderbar (no-refund). Vorauszahlung der Gesamtsumme bei Buchung. <strong>Sonderangebote<\/strong> k\u00f6nnen nicht miteinander kombiniert werden. Sonderangebote k\u00f6nnen aber mit Packages kombiniert werden.[\/vc_column_text][\/vc_column][\/vc_row][\/vc_section]<\/p>\n<\/div>","protected":false},"excerpt":{"rendered":"<p>[vc_section][vc_row][vc_column][vc_column_text] Sie planen Ihre Reisen gerne fr\u00fchzeitig? Profitieren Sie von unserem Fr\u00fchbucher-Rabatt Das Riyad El Cadi belohnt Fr\u00fchentschlossene mit einem gro\u00dfz\u00fcgigem Rabatt: Genie\u00dfen Sie einen spannenden Urlaub in unserem Riad in Marrakesch mit einem Preisvorteil. Wenn Sie Ihren Aufenthalt bei uns mindestens drei Monate vor Ihrer Ankunft buchen, erhalten Sie einen Fr\u00fchbucher-Rabatt von bis zu [&hellip;]<\/p>\n","protected":false},"author":4,"featured_media":23005,"parent":22475,"menu_order":3,"comment_status":"closed","ping_status":"closed","template":"","meta":{"footnotes":""},"yoast_head":"<!-- This site is optimized with the Yoast SEO plugin v24.5 - https:\/\/yoast.com\/wordpress\/plugins\/seo\/ -->\n<title>Fr\u00fchbucherrabatt: bis zu 20% f\u00fcr Early Birds - Riyad El Cadi<\/title>\n<meta name=\"robots\" content=\"index, follow, max-snippet:-1, max-image-preview:large, max-video-preview:-1\" \/>\n<link rel=\"canonical\" href=\"https:\/\/www.riyadelcadi.com\/de\/sonderangebote\/fruehbucherrabatt\/\" \/>\n<meta property=\"og:locale\" content=\"de_DE\" \/>\n<meta property=\"og:type\" content=\"article\" \/>\n<meta property=\"og:title\" content=\"Fr\u00fchbucherrabatt: bis zu 20% f\u00fcr Early Birds - Riyad El Cadi\" \/>\n<meta property=\"og:description\" content=\"[vc_section][vc_row][vc_column][vc_column_text] Sie planen Ihre Reisen gerne fr\u00fchzeitig? Profitieren Sie von unserem Fr\u00fchbucher-Rabatt Das Riyad El Cadi belohnt Fr\u00fchentschlossene mit einem gro\u00dfz\u00fcgigem Rabatt: Genie\u00dfen Sie einen spannenden Urlaub in unserem Riad in Marrakesch mit einem Preisvorteil. Wenn Sie Ihren Aufenthalt bei uns mindestens drei Monate vor Ihrer Ankunft buchen, erhalten Sie einen Fr\u00fchbucher-Rabatt von bis zu [&hellip;]\" \/>\n<meta property=\"og:url\" content=\"https:\/\/www.riyadelcadi.com\/de\/sonderangebote\/fruehbucherrabatt\/\" \/>\n<meta property=\"og:site_name\" content=\"Riyad El Cadi\" \/>\n<meta property=\"article:publisher\" content=\"https:\/\/www.facebook.com\/RiyadElCadi\/\" \/>\n<meta property=\"article:modified_time\" content=\"2022-09-23T07:59:10+00:00\" \/>\n<meta property=\"og:image\" content=\"https:\/\/www.riyadelcadi.com\/wp-content\/uploads\/2019\/02\/Marrakech-Koutoubia-annie-spratt-542955-unsplash.jpg\" \/>\n\t<meta property=\"og:image:width\" content=\"1280\" \/>\n\t<meta property=\"og:image:height\" content=\"943\" \/>\n\t<meta property=\"og:image:type\" content=\"image\/jpeg\" \/>\n<meta name=\"twitter:card\" content=\"summary_large_image\" \/>\n<meta name=\"twitter:label1\" content=\"Gesch\u00e4tzte Lesezeit\" \/>\n\t<meta name=\"twitter:data1\" content=\"2\u00a0Minuten\" \/>\n<script type=\"application\/ld+json\" class=\"yoast-schema-graph\">{\"@context\":\"https:\/\/schema.org\",\"@graph\":[{\"@type\":\"WebPage\",\"@id\":\"https:\/\/www.riyadelcadi.com\/de\/sonderangebote\/fruehbucherrabatt\/\",\"url\":\"https:\/\/www.riyadelcadi.com\/de\/sonderangebote\/fruehbucherrabatt\/\",\"name\":\"Fr\u00fchbucherrabatt: bis zu 20% f\u00fcr Early Birds - Riyad El Cadi\",\"isPartOf\":{\"@id\":\"https:\/\/www.riyadelcadi.com\/de\/#website\"},\"primaryImageOfPage\":{\"@id\":\"https:\/\/www.riyadelcadi.com\/de\/sonderangebote\/fruehbucherrabatt\/#primaryimage\"},\"image\":{\"@id\":\"https:\/\/www.riyadelcadi.com\/de\/sonderangebote\/fruehbucherrabatt\/#primaryimage\"},\"thumbnailUrl\":\"https:\/\/www.riyadelcadi.com\/wp-content\/uploads\/2019\/02\/Marrakech-Koutoubia-annie-spratt-542955-unsplash.jpg\",\"datePublished\":\"2011-08-09T16:56:34+00:00\",\"dateModified\":\"2022-09-23T07:59:10+00:00\",\"breadcrumb\":{\"@id\":\"https:\/\/www.riyadelcadi.com\/de\/sonderangebote\/fruehbucherrabatt\/#breadcrumb\"},\"inLanguage\":\"de\",\"potentialAction\":[{\"@type\":\"ReadAction\",\"target\":[\"https:\/\/www.riyadelcadi.com\/de\/sonderangebote\/fruehbucherrabatt\/\"]}]},{\"@type\":\"ImageObject\",\"inLanguage\":\"de\",\"@id\":\"https:\/\/www.riyadelcadi.com\/de\/sonderangebote\/fruehbucherrabatt\/#primaryimage\",\"url\":\"https:\/\/www.riyadelcadi.com\/wp-content\/uploads\/2019\/02\/Marrakech-Koutoubia-annie-spratt-542955-unsplash.jpg\",\"contentUrl\":\"https:\/\/www.riyadelcadi.com\/wp-content\/uploads\/2019\/02\/Marrakech-Koutoubia-annie-spratt-542955-unsplash.jpg\",\"width\":1280,\"height\":943},{\"@type\":\"BreadcrumbList\",\"@id\":\"https:\/\/www.riyadelcadi.com\/de\/sonderangebote\/fruehbucherrabatt\/#breadcrumb\",\"itemListElement\":[{\"@type\":\"ListItem\",\"position\":1,\"name\":\"Startseite\",\"item\":\"https:\/\/www.riyadelcadi.com\/de\/\"},{\"@type\":\"ListItem\",\"position\":2,\"name\":\"Sonderangebote\",\"item\":\"https:\/\/www.riyadelcadi.com\/de\/sonderangebote\/\"},{\"@type\":\"ListItem\",\"position\":3,\"name\":\"Fr\u00fchbucherrabatt: bis zu 20% f\u00fcr Early Birds\"}]},{\"@type\":\"WebSite\",\"@id\":\"https:\/\/www.riyadelcadi.com\/de\/#website\",\"url\":\"https:\/\/www.riyadelcadi.com\/de\/\",\"name\":\"Riyad El Cadi\",\"description\":\"Riad mit Stil in Marrakesch\",\"potentialAction\":[{\"@type\":\"SearchAction\",\"target\":{\"@type\":\"EntryPoint\",\"urlTemplate\":\"https:\/\/www.riyadelcadi.com\/de\/?s={search_term_string}\"},\"query-input\":{\"@type\":\"PropertyValueSpecification\",\"valueRequired\":true,\"valueName\":\"search_term_string\"}}],\"inLanguage\":\"de\"}]}<\/script>\n<!-- \/ Yoast SEO plugin. -->","yoast_head_json":{"title":"Fr\u00fchbucherrabatt: bis zu 20% f\u00fcr Early Birds - Riyad El Cadi","robots":{"index":"index","follow":"follow","max-snippet":"max-snippet:-1","max-image-preview":"max-image-preview:large","max-video-preview":"max-video-preview:-1"},"canonical":"https:\/\/www.riyadelcadi.com\/de\/sonderangebote\/fruehbucherrabatt\/","og_locale":"de_DE","og_type":"article","og_title":"Fr\u00fchbucherrabatt: bis zu 20% f\u00fcr Early Birds - Riyad El Cadi","og_description":"[vc_section][vc_row][vc_column][vc_column_text] Sie planen Ihre Reisen gerne fr\u00fchzeitig? Profitieren Sie von unserem Fr\u00fchbucher-Rabatt Das Riyad El Cadi belohnt Fr\u00fchentschlossene mit einem gro\u00dfz\u00fcgigem Rabatt: Genie\u00dfen Sie einen spannenden Urlaub in unserem Riad in Marrakesch mit einem Preisvorteil. Wenn Sie Ihren Aufenthalt bei uns mindestens drei Monate vor Ihrer Ankunft buchen, erhalten Sie einen Fr\u00fchbucher-Rabatt von bis zu [&hellip;]","og_url":"https:\/\/www.riyadelcadi.com\/de\/sonderangebote\/fruehbucherrabatt\/","og_site_name":"Riyad El Cadi","article_publisher":"https:\/\/www.facebook.com\/RiyadElCadi\/","article_modified_time":"2022-09-23T07:59:10+00:00","og_image":[{"width":1280,"height":943,"url":"https:\/\/www.riyadelcadi.com\/wp-content\/uploads\/2019\/02\/Marrakech-Koutoubia-annie-spratt-542955-unsplash.jpg","type":"image\/jpeg"}],"twitter_card":"summary_large_image","twitter_misc":{"Gesch\u00e4tzte Lesezeit":"2\u00a0Minuten"},"schema":{"@context":"https:\/\/schema.org","@graph":[{"@type":"WebPage","@id":"https:\/\/www.riyadelcadi.com\/de\/sonderangebote\/fruehbucherrabatt\/","url":"https:\/\/www.riyadelcadi.com\/de\/sonderangebote\/fruehbucherrabatt\/","name":"Fr\u00fchbucherrabatt: bis zu 20% f\u00fcr Early Birds - Riyad El Cadi","isPartOf":{"@id":"https:\/\/www.riyadelcadi.com\/de\/#website"},"primaryImageOfPage":{"@id":"https:\/\/www.riyadelcadi.com\/de\/sonderangebote\/fruehbucherrabatt\/#primaryimage"},"image":{"@id":"https:\/\/www.riyadelcadi.com\/de\/sonderangebote\/fruehbucherrabatt\/#primaryimage"},"thumbnailUrl":"https:\/\/www.riyadelcadi.com\/wp-content\/uploads\/2019\/02\/Marrakech-Koutoubia-annie-spratt-542955-unsplash.jpg","datePublished":"2011-08-09T16:56:34+00:00","dateModified":"2022-09-23T07:59:10+00:00","breadcrumb":{"@id":"https:\/\/www.riyadelcadi.com\/de\/sonderangebote\/fruehbucherrabatt\/#breadcrumb"},"inLanguage":"de","potentialAction":[{"@type":"ReadAction","target":["https:\/\/www.riyadelcadi.com\/de\/sonderangebote\/fruehbucherrabatt\/"]}]},{"@type":"ImageObject","inLanguage":"de","@id":"https:\/\/www.riyadelcadi.com\/de\/sonderangebote\/fruehbucherrabatt\/#primaryimage","url":"https:\/\/www.riyadelcadi.com\/wp-content\/uploads\/2019\/02\/Marrakech-Koutoubia-annie-spratt-542955-unsplash.jpg","contentUrl":"https:\/\/www.riyadelcadi.com\/wp-content\/uploads\/2019\/02\/Marrakech-Koutoubia-annie-spratt-542955-unsplash.jpg","width":1280,"height":943},{"@type":"BreadcrumbList","@id":"https:\/\/www.riyadelcadi.com\/de\/sonderangebote\/fruehbucherrabatt\/#breadcrumb","itemListElement":[{"@type":"ListItem","position":1,"name":"Startseite","item":"https:\/\/www.riyadelcadi.com\/de\/"},{"@type":"ListItem","position":2,"name":"Sonderangebote","item":"https:\/\/www.riyadelcadi.com\/de\/sonderangebote\/"},{"@type":"ListItem","position":3,"name":"Fr\u00fchbucherrabatt: bis zu 20% f\u00fcr Early Birds"}]},{"@type":"WebSite","@id":"https:\/\/www.riyadelcadi.com\/de\/#website","url":"https:\/\/www.riyadelcadi.com\/de\/","name":"Riyad El Cadi","description":"Riad mit Stil in Marrakesch","potentialAction":[{"@type":"SearchAction","target":{"@type":"EntryPoint","urlTemplate":"https:\/\/www.riyadelcadi.com\/de\/?s={search_term_string}"},"query-input":{"@type":"PropertyValueSpecification","valueRequired":true,"valueName":"search_term_string"}}],"inLanguage":"de"}]}},"_links":{"self":[{"href":"https:\/\/www.riyadelcadi.com\/de\/wp-json\/wp\/v2\/pages\/17209"}],"collection":[{"href":"https:\/\/www.riyadelcadi.com\/de\/wp-json\/wp\/v2\/pages"}],"about":[{"href":"https:\/\/www.riyadelcadi.com\/de\/wp-json\/wp\/v2\/types\/page"}],"author":[{"embeddable":true,"href":"https:\/\/www.riyadelcadi.com\/de\/wp-json\/wp\/v2\/users\/4"}],"replies":[{"embeddable":true,"href":"https:\/\/www.riyadelcadi.com\/de\/wp-json\/wp\/v2\/comments?post=17209"}],"version-history":[{"count":0,"href":"https:\/\/www.riyadelcadi.com\/de\/wp-json\/wp\/v2\/pages\/17209\/revisions"}],"up":[{"embeddable":true,"href":"https:\/\/www.riyadelcadi.com\/de\/wp-json\/wp\/v2\/pages\/22475"}],"wp:featuredmedia":[{"embeddable":true,"href":"https:\/\/www.riyadelcadi.com\/de\/wp-json\/wp\/v2\/media\/23005"}],"wp:attachment":[{"href":"https:\/\/www.riyadelcadi.com\/de\/wp-json\/wp\/v2\/media?parent=17209"}],"curies":[{"name":"wp","href":"https:\/\/api.w.org\/{rel}","templated":true}]}}