{"id":17193,"date":"2011-10-13T18:11:11","date_gmt":"2011-10-13T16:11:11","guid":{"rendered":"http:\/\/www.riyadelcadi.com\/?page_id=17193&#038;lang=de"},"modified":"2022-10-12T19:49:27","modified_gmt":"2022-10-12T17:49:27","slug":"packages-arrangements","status":"publish","type":"page","link":"https:\/\/www.riyadelcadi.com\/de\/sonderangebote\/packages-arrangements\/","title":{"rendered":"Packages &#8211; Arrangements"},"content":{"rendered":"<div class=\"wpb-content-wrapper\"><p>[vc_section full_width=&#8220;&#8220; full_height=&#8220;yes&#8220; content_placement=&#8220;middle&#8220;][vc_row][vc_column][vc_column_text]<\/p>\n<h2>Wir haben einen sch\u00f6nes Angebot an attraktiven Arrangements f\u00fcr Ihren <strong>Urlaub in Marrakesch<\/strong> zusammen gestellt:<\/h2>\n<p>Lassen Sie sich inspirieren von unseren <strong>Packages<\/strong> zum Thema Kultur, romantische Kurzurlaube, Wellness oder kulinarische Entdeckungen. Bitte fragen Sie uns nach <strong>Vorzugsraten<\/strong> f\u00fcr zu dem Package hinzu gebuchten N\u00e4chten.[\/vc_column_text][\/vc_column][\/vc_row][vc_row equal_height=&#8220;yes&#8220; content_placement=&#8220;middle&#8220; css=&#8220;.vc_custom_1553349781472{border-radius: 1px !important;}&#8220;][vc_column width=&#8220;1\/3&#8243; css=&#8220;.vc_custom_1553349757217{padding-top: 160px !important;padding-bottom: 160px !important;background-image: url(https:\/\/www.riyadelcadi.com\/wp-content\/uploads\/2016\/03\/Door-Pattern-1_jed.kaoru_.share_.jpg?id=19133) !important;background-position: center !important;background-repeat: no-repeat !important;background-size: cover !important;}&#8220;][\/vc_column][vc_column width=&#8220;2\/3&#8243; css=&#8220;.vc_custom_1553349772163{background-color: #faf8f4 !important;}&#8220;][vc_column_text]<\/p>\n<h3 style=\"text-align: center;\"><strong><a title=\"Staying fit in Marrakech\" href=\"https:\/\/www.riyadelcadi.com\/de\/sonderangebote\/holiday-package-marrakesch-entdecken\/\">HOLIDAY PACKAGE<\/a><\/strong><\/h3>\n<p style=\"text-align: left;\">Wenn Sie sich nicht um die Einzelheiten Ihres Urlaubs k\u00fcmmern m\u00f6chten, ist das Holiday Package eine gute Wahl f\u00fcr Sie \u2013 Ihr gesamter Urlaub in Marrakesch ist schon so gut wie geplant: Lernen Sie Marrakesch von seiner besten Seite kennen: <strong>4 N\u00e4chte<\/strong> inklusive <strong>Stadtf\u00fchrung<\/strong> und <strong>Besuch des Hammams<\/strong> in unserem Riad. Die Sonderangebote k\u00f6nnen mit diesem Package kombiniert werden.<\/p>\n<p>[\/vc_column_text]<div class=\"ut-btn-group  ut-btn-group-center ut-btn-group-tablet-center ut-btn-group-mobile-center clearfix\"><style type=\"text\/css\">#bklyn_btn_69f1bb89cdd8d .bklyn-btn { color:#ffffff !important; background-color:#193d38 !important; }#bklyn_btn_69f1bb89cdd8d .bklyn-btn:hover{ color:#ffffff !important; background-color:#46635f !important; }#bklyn_btn_69f1bb89cdd8d .bklyn-btn:focus{ color:#ffffff !important; background-color:#46635f !important; }#bklyn_btn_69f1bb89cdd8d .bklyn-btn:active { color:#ffffff !important; background-color:#46635f !important; }#bklyn_btn_69f1bb89cdd8d a.bklyn-btn { font-weight:500 !important; }#bklyn_btn_69f1bb89cdd8d.bklyn-btn-header a.bklyn-btn { font-weight:500 !important; }#bklyn_btn_69f1bb89cdd8d.bklyn-btn-header a.bklyn-btn span { font-weight:500 !important; }#bklyn_btn_69f1bb89cdd8d a.bklyn-btn { font-family:inherit !important; }<\/style><div id=\"bklyn_btn_69f1bb89cdd8d\" class=\"bklyn-btn-holder btn-green bklyn-btn-first bklyn-btn-center bklyn-btn-tablet-center bklyn-btn-mobile-center\"><a title=\"\"   href=\"https:\/\/www.riyadelcadi.com\/de\/sonderangebote\/holiday-package-marrakesch-entdecken\/\" target=\"_self\" class=\"bklyn-btn  bklyn-btn-normal\" ><span class=\"ut-btn-text\">PACKAGE DETAILS<\/span><\/a><\/div><style type=\"text\/css\">#bklyn_btn_69f1bb89cde30 .bklyn-btn { color:#ffffff !important; background-color:#eca65c !important; }#bklyn_btn_69f1bb89cde30 .bklyn-btn:hover{ color:#ffffff !important; background-color:#efb273 !important; }#bklyn_btn_69f1bb89cde30 .bklyn-btn:focus{ color:#ffffff !important; background-color:#efb273 !important; }#bklyn_btn_69f1bb89cde30 .bklyn-btn:active { color:#ffffff !important; background-color:#efb273 !important; }#bklyn_btn_69f1bb89cde30 a.bklyn-btn { font-weight:500 !important; }#bklyn_btn_69f1bb89cde30.bklyn-btn-header a.bklyn-btn { font-weight:500 !important; }#bklyn_btn_69f1bb89cde30.bklyn-btn-header a.bklyn-btn span { font-weight:500 !important; }#bklyn_btn_69f1bb89cde30 a.bklyn-btn { text-transform:uppercase !important; }<\/style><div id=\"bklyn_btn_69f1bb89cde30\" class=\"bklyn-btn-holder  bklyn-btn-last bklyn-btn-center bklyn-btn-tablet-center bklyn-btn-mobile-center\"><a title=\"\"   href=\"https:\/\/direct-book.com\/properties\/riyadelcadidirect?number_nights=4&#038;number_adults=2&#038;promotion_code=Special&#038;locale=de\" target=\"_self\" class=\"bklyn-btn  bklyn-btn-normal\" ><span class=\"ut-btn-text\">Reservierung<\/span><\/a><\/div><\/div>[\/vc_column][\/vc_row][vc_row equal_height=&#8220;yes&#8220; content_placement=&#8220;middle&#8220; css=&#8220;.vc_custom_1553349787754{margin-top: 40px !important;border-radius: 1px !important;}&#8220;][vc_column width=&#8220;1\/3&#8243; css=&#8220;.vc_custom_1553349695721{padding-top: 160px !important;padding-bottom: 160px !important;background-image: url(https:\/\/www.riyadelcadi.com\/wp-content\/uploads\/2016\/03\/Ottoman-Bassin_jed.kaoru_.share_.jpg?id=19169) !important;background-position: center !important;background-repeat: no-repeat !important;background-size: cover !important;}&#8220;][\/vc_column][vc_column width=&#8220;2\/3&#8243; css=&#8220;.vc_custom_1553349712594{background-color: #faf8f4 !important;}&#8220;][vc_column_text]<\/p>\n<h3 style=\"text-align: center;\"><strong><a title=\"Staying fit in Marrakech\" href=\"https:\/\/www.riyadelcadi.com\/de\/sonderangebote\/flitterwochen-package\/\">HONEYMOON PACKAGE<\/a><\/strong><\/h3>\n<p style=\"text-align: left;\">Verbringen Sie genussvolle und erholsame Flitterwochen in einem romantischen Riad in Marrakesch: ein <strong>Candle Light Dinner<\/strong> ganz f\u00fcr Sie allein, <strong>Champagner<\/strong> und ein <strong>romantisch dekoriertes Zimmer<\/strong> zu Ihrer Begr\u00fc\u00dfung. Die <strong>Abholung<\/strong> vom Flughafen, ein Besuch unseres <strong>Hammams<\/strong> sowie eine <strong>Stadtf\u00fchrung<\/strong> sind nat\u00fcrlich auch mit dabei. Die Sonderangebote k\u00f6nnen mit diesem Package kombiniert werden.<\/p>\n<p>[\/vc_column_text]<div class=\"ut-btn-group  ut-btn-group-center ut-btn-group-tablet-center ut-btn-group-mobile-center clearfix\"><style type=\"text\/css\">#bklyn_btn_69f1bb89cded7 .bklyn-btn { color:#ffffff !important; background-color:#193d38 !important; }#bklyn_btn_69f1bb89cded7 .bklyn-btn:hover{ color:#ffffff !important; background-color:#46635f !important; }#bklyn_btn_69f1bb89cded7 .bklyn-btn:focus{ color:#ffffff !important; background-color:#46635f !important; }#bklyn_btn_69f1bb89cded7 .bklyn-btn:active { color:#ffffff !important; background-color:#46635f !important; }#bklyn_btn_69f1bb89cded7 a.bklyn-btn { font-weight:500 !important; }#bklyn_btn_69f1bb89cded7.bklyn-btn-header a.bklyn-btn { font-weight:500 !important; }#bklyn_btn_69f1bb89cded7.bklyn-btn-header a.bklyn-btn span { font-weight:500 !important; }#bklyn_btn_69f1bb89cded7 a.bklyn-btn { font-family:inherit !important; }<\/style><div id=\"bklyn_btn_69f1bb89cded7\" class=\"bklyn-btn-holder  bklyn-btn-first bklyn-btn-center bklyn-btn-tablet-center bklyn-btn-mobile-center\"><a title=\"\"   href=\"https:\/\/www.riyadelcadi.com\/de\/sonderangebote\/flitterwochen-package\/\" target=\"_self\" class=\"bklyn-btn  bklyn-btn-normal\" ><span class=\"ut-btn-text\">PACKAGE DETAILS<\/span><\/a><\/div><style type=\"text\/css\">#bklyn_btn_69f1bb89cdf29 .bklyn-btn { color:#ffffff !important; background-color:#eca65c !important; }#bklyn_btn_69f1bb89cdf29 .bklyn-btn:hover{ color:#ffffff !important; background-color:#efb273 !important; }#bklyn_btn_69f1bb89cdf29 .bklyn-btn:focus{ color:#ffffff !important; background-color:#efb273 !important; }#bklyn_btn_69f1bb89cdf29 .bklyn-btn:active { color:#ffffff !important; background-color:#efb273 !important; }#bklyn_btn_69f1bb89cdf29 a.bklyn-btn { font-weight:500 !important; }#bklyn_btn_69f1bb89cdf29.bklyn-btn-header a.bklyn-btn { font-weight:500 !important; }#bklyn_btn_69f1bb89cdf29.bklyn-btn-header a.bklyn-btn span { font-weight:500 !important; }#bklyn_btn_69f1bb89cdf29 a.bklyn-btn { text-transform:uppercase !important; }<\/style><div id=\"bklyn_btn_69f1bb89cdf29\" class=\"bklyn-btn-holder  bklyn-btn-last bklyn-btn-center bklyn-btn-tablet-center bklyn-btn-mobile-center\"><a title=\"\"   href=\"https:\/\/www.riyadelcadi.com\/reservation\/\" target=\"_self\" class=\"bklyn-btn  bklyn-btn-normal\" ><span class=\"ut-btn-text\">Reservierung<\/span><\/a><\/div><\/div>[\/vc_column][\/vc_row][vc_row equal_height=&#8220;yes&#8220; css=&#8220;.vc_custom_1553349793770{margin-top: 40px !important;}&#8220;][vc_column width=&#8220;1\/3&#8243; css=&#8220;.vc_custom_1553349720137{border-bottom-width: 160px !important;padding-top: 160px !important;background-image: url(https:\/\/www.riyadelcadi.com\/wp-content\/uploads\/2019\/02\/Curtain-Pattern_jed.kaoru_.share_.jpg?id=23608) !important;background-position: center !important;background-repeat: no-repeat !important;background-size: cover !important;}&#8220;][\/vc_column][vc_column width=&#8220;2\/3&#8243; css=&#8220;.vc_custom_1553349664131{background-color: #faf8f4 !important;}&#8220;][vc_column_text]<\/p>\n<h3 style=\"text-align: center;\"><strong><a title=\"Staying fit in Marrakech\" href=\"https:\/\/www.riyadelcadi.com\/de\/sonderangebote\/vip-package\/\">VIP PACKAGE<\/a><\/strong><\/h3>\n<p style=\"text-align: left;\">Lassen Sie sich in Marrakesch wie ein VIP verw\u00f6hnen. Wir bieten Ihnen ein Rundum-Sorglos-Paket an (VIP Package). Wir vom Riad erf\u00fcllen Ihnen jeden Wunsch: eine <strong>komfortable Suite<\/strong>, <strong>Abholung vom Flughafen<\/strong> in einer privaten Limousine, ein k\u00f6stliches <strong>Abendessen<\/strong> im Patio des Riads und <strong>frische Rosen<\/strong> zur Begr\u00fc\u00dfung sowie eine <strong>Flasche lokalen Wein<\/strong>. In der Rate sind Nachmittagstee und \u2013Kaffee inbegriffen, au\u00dferdem noch freies Mineralwasser. Die Sonderangebote k\u00f6nnen mit diesem Package kombiniert werden.<\/p>\n<p>[\/vc_column_text]<div class=\"ut-btn-group  ut-btn-group-center ut-btn-group-tablet-center ut-btn-group-mobile-center clearfix\"><style type=\"text\/css\">#bklyn_btn_69f1bb89cdfc2 .bklyn-btn { color:#ffffff !important; background-color:#193d38 !important; }#bklyn_btn_69f1bb89cdfc2 .bklyn-btn:hover{ color:#ffffff !important; background-color:#46635f !important; }#bklyn_btn_69f1bb89cdfc2 .bklyn-btn:focus{ color:#ffffff !important; background-color:#46635f !important; }#bklyn_btn_69f1bb89cdfc2 .bklyn-btn:active { color:#ffffff !important; background-color:#46635f !important; }#bklyn_btn_69f1bb89cdfc2 a.bklyn-btn { font-weight:500 !important; }#bklyn_btn_69f1bb89cdfc2.bklyn-btn-header a.bklyn-btn { font-weight:500 !important; }#bklyn_btn_69f1bb89cdfc2.bklyn-btn-header a.bklyn-btn span { font-weight:500 !important; }#bklyn_btn_69f1bb89cdfc2 a.bklyn-btn { font-family:inherit !important; }<\/style><div id=\"bklyn_btn_69f1bb89cdfc2\" class=\"bklyn-btn-holder btn-green bklyn-btn-first bklyn-btn-center bklyn-btn-tablet-center bklyn-btn-mobile-center\"><a title=\"\"   href=\"https:\/\/www.riyadelcadi.com\/de\/sonderangebote\/vip-package\/\" target=\"_self\" class=\"bklyn-btn  bklyn-btn-normal\" ><span class=\"ut-btn-text\">PACKAGE DETAILS<\/span><\/a><\/div><style type=\"text\/css\">#bklyn_btn_69f1bb89ce019 .bklyn-btn { color:#ffffff !important; background-color:#eca65c !important; }#bklyn_btn_69f1bb89ce019 .bklyn-btn:hover{ color:#ffffff !important; background-color:#efb273 !important; }#bklyn_btn_69f1bb89ce019 .bklyn-btn:focus{ color:#ffffff !important; background-color:#efb273 !important; }#bklyn_btn_69f1bb89ce019 .bklyn-btn:active { color:#ffffff !important; background-color:#efb273 !important; }#bklyn_btn_69f1bb89ce019 a.bklyn-btn { font-weight:500 !important; }#bklyn_btn_69f1bb89ce019.bklyn-btn-header a.bklyn-btn { font-weight:500 !important; }#bklyn_btn_69f1bb89ce019.bklyn-btn-header a.bklyn-btn span { font-weight:500 !important; }#bklyn_btn_69f1bb89ce019 a.bklyn-btn { text-transform:uppercase !important; }<\/style><div id=\"bklyn_btn_69f1bb89ce019\" class=\"bklyn-btn-holder  bklyn-btn-last bklyn-btn-center bklyn-btn-tablet-center bklyn-btn-mobile-center\"><a title=\"\"   href=\"https:\/\/direct-book.com\/properties\/riyadelcadidirect?number_nights=3&#038;number_adults=2&#038;promotion_code=Special&#038;locale=de\" target=\"_self\" class=\"bklyn-btn  bklyn-btn-normal\" ><span class=\"ut-btn-text\">Reservierung<\/span><\/a><\/div><\/div>[\/vc_column][\/vc_row][vc_row][vc_column][vc_column_text]<strong>Packages <\/strong>k\u00f6nnen mit <strong>Sonderangeboten <\/strong>kombiniert werden. Der Rabatt bezieht sich dabei auf den Zimmerpreis.[\/vc_column_text][\/vc_column][\/vc_row][\/vc_section][vc_row][vc_column][vc_column_text][\/vc_column_text][\/vc_column][\/vc_row]<\/p>\n<\/div>","protected":false},"excerpt":{"rendered":"<p>[vc_section full_width=&#8220;&#8220; full_height=&#8220;yes&#8220; content_placement=&#8220;middle&#8220;][vc_row][vc_column][vc_column_text] Wir haben einen sch\u00f6nes Angebot an attraktiven Arrangements f\u00fcr Ihren Urlaub in Marrakesch zusammen gestellt: Lassen Sie sich inspirieren von unseren Packages zum Thema Kultur, romantische Kurzurlaube, Wellness oder kulinarische Entdeckungen. Bitte fragen Sie uns nach Vorzugsraten f\u00fcr zu dem Package hinzu gebuchten N\u00e4chten.[\/vc_column_text][\/vc_column][\/vc_row][vc_row equal_height=&#8220;yes&#8220; content_placement=&#8220;middle&#8220; css=&#8220;.vc_custom_1553349781472{border-radius: 1px !important;}&#8220;][vc_column width=&#8220;1\/3&#8243; css=&#8220;.vc_custom_1553349757217{padding-top: [&hellip;]<\/p>\n","protected":false},"author":4,"featured_media":23152,"parent":22475,"menu_order":0,"comment_status":"closed","ping_status":"closed","template":"","meta":{"footnotes":""},"yoast_head":"<!-- This site is optimized with the Yoast SEO plugin v24.5 - https:\/\/yoast.com\/wordpress\/plugins\/seo\/ -->\n<title>Packages - Arrangements - Riyad El Cadi<\/title>\n<meta name=\"robots\" content=\"index, follow, max-snippet:-1, max-image-preview:large, max-video-preview:-1\" \/>\n<link rel=\"canonical\" href=\"https:\/\/www.riyadelcadi.com\/de\/sonderangebote\/packages-arrangements\/\" \/>\n<meta property=\"og:locale\" content=\"de_DE\" \/>\n<meta property=\"og:type\" content=\"article\" \/>\n<meta property=\"og:title\" content=\"Packages - Arrangements - Riyad El Cadi\" \/>\n<meta property=\"og:description\" content=\"[vc_section full_width=&#8220;&#8220; full_height=&#8220;yes&#8220; content_placement=&#8220;middle&#8220;][vc_row][vc_column][vc_column_text] Wir haben einen sch\u00f6nes Angebot an attraktiven Arrangements f\u00fcr Ihren Urlaub in Marrakesch zusammen gestellt: Lassen Sie sich inspirieren von unseren Packages zum Thema Kultur, romantische Kurzurlaube, Wellness oder kulinarische Entdeckungen. Bitte fragen Sie uns nach Vorzugsraten f\u00fcr zu dem Package hinzu gebuchten N\u00e4chten.[\/vc_column_text][\/vc_column][\/vc_row][vc_row equal_height=&#8220;yes&#8220; content_placement=&#8220;middle&#8220; css=&#8220;.vc_custom_1553349781472{border-radius: 1px !important;}&#8220;][vc_column width=&#8220;1\/3&#8243; css=&#8220;.vc_custom_1553349757217{padding-top: [&hellip;]\" \/>\n<meta property=\"og:url\" content=\"https:\/\/www.riyadelcadi.com\/de\/sonderangebote\/packages-arrangements\/\" \/>\n<meta property=\"og:site_name\" content=\"Riyad El Cadi\" \/>\n<meta property=\"article:publisher\" content=\"https:\/\/www.facebook.com\/RiyadElCadi\/\" \/>\n<meta property=\"article:modified_time\" content=\"2022-10-12T17:49:27+00:00\" \/>\n<meta property=\"og:image\" content=\"https:\/\/www.riyadelcadi.com\/wp-content\/uploads\/2019\/02\/MG_4745.jpg\" \/>\n\t<meta property=\"og:image:width\" content=\"1280\" \/>\n\t<meta property=\"og:image:height\" content=\"853\" \/>\n\t<meta property=\"og:image:type\" content=\"image\/jpeg\" \/>\n<meta name=\"twitter:card\" content=\"summary_large_image\" \/>\n<meta name=\"twitter:label1\" content=\"Gesch\u00e4tzte Lesezeit\" \/>\n\t<meta name=\"twitter:data1\" content=\"3\u00a0Minuten\" \/>\n<script type=\"application\/ld+json\" class=\"yoast-schema-graph\">{\"@context\":\"https:\/\/schema.org\",\"@graph\":[{\"@type\":\"WebPage\",\"@id\":\"https:\/\/www.riyadelcadi.com\/de\/sonderangebote\/packages-arrangements\/\",\"url\":\"https:\/\/www.riyadelcadi.com\/de\/sonderangebote\/packages-arrangements\/\",\"name\":\"Packages - Arrangements - Riyad El Cadi\",\"isPartOf\":{\"@id\":\"https:\/\/www.riyadelcadi.com\/de\/#website\"},\"primaryImageOfPage\":{\"@id\":\"https:\/\/www.riyadelcadi.com\/de\/sonderangebote\/packages-arrangements\/#primaryimage\"},\"image\":{\"@id\":\"https:\/\/www.riyadelcadi.com\/de\/sonderangebote\/packages-arrangements\/#primaryimage\"},\"thumbnailUrl\":\"https:\/\/www.riyadelcadi.com\/wp-content\/uploads\/2019\/02\/MG_4745.jpg\",\"datePublished\":\"2011-10-13T16:11:11+00:00\",\"dateModified\":\"2022-10-12T17:49:27+00:00\",\"breadcrumb\":{\"@id\":\"https:\/\/www.riyadelcadi.com\/de\/sonderangebote\/packages-arrangements\/#breadcrumb\"},\"inLanguage\":\"de\",\"potentialAction\":[{\"@type\":\"ReadAction\",\"target\":[\"https:\/\/www.riyadelcadi.com\/de\/sonderangebote\/packages-arrangements\/\"]}]},{\"@type\":\"ImageObject\",\"inLanguage\":\"de\",\"@id\":\"https:\/\/www.riyadelcadi.com\/de\/sonderangebote\/packages-arrangements\/#primaryimage\",\"url\":\"https:\/\/www.riyadelcadi.com\/wp-content\/uploads\/2019\/02\/MG_4745.jpg\",\"contentUrl\":\"https:\/\/www.riyadelcadi.com\/wp-content\/uploads\/2019\/02\/MG_4745.jpg\",\"width\":1280,\"height\":853},{\"@type\":\"BreadcrumbList\",\"@id\":\"https:\/\/www.riyadelcadi.com\/de\/sonderangebote\/packages-arrangements\/#breadcrumb\",\"itemListElement\":[{\"@type\":\"ListItem\",\"position\":1,\"name\":\"Startseite\",\"item\":\"https:\/\/www.riyadelcadi.com\/de\/\"},{\"@type\":\"ListItem\",\"position\":2,\"name\":\"Sonderangebote\",\"item\":\"https:\/\/www.riyadelcadi.com\/de\/sonderangebote\/\"},{\"@type\":\"ListItem\",\"position\":3,\"name\":\"Packages &#8211; Arrangements\"}]},{\"@type\":\"WebSite\",\"@id\":\"https:\/\/www.riyadelcadi.com\/de\/#website\",\"url\":\"https:\/\/www.riyadelcadi.com\/de\/\",\"name\":\"Riyad El Cadi\",\"description\":\"Riad mit Stil in Marrakesch\",\"potentialAction\":[{\"@type\":\"SearchAction\",\"target\":{\"@type\":\"EntryPoint\",\"urlTemplate\":\"https:\/\/www.riyadelcadi.com\/de\/?s={search_term_string}\"},\"query-input\":{\"@type\":\"PropertyValueSpecification\",\"valueRequired\":true,\"valueName\":\"search_term_string\"}}],\"inLanguage\":\"de\"}]}<\/script>\n<!-- \/ Yoast SEO plugin. -->","yoast_head_json":{"title":"Packages - Arrangements - Riyad El Cadi","robots":{"index":"index","follow":"follow","max-snippet":"max-snippet:-1","max-image-preview":"max-image-preview:large","max-video-preview":"max-video-preview:-1"},"canonical":"https:\/\/www.riyadelcadi.com\/de\/sonderangebote\/packages-arrangements\/","og_locale":"de_DE","og_type":"article","og_title":"Packages - Arrangements - Riyad El Cadi","og_description":"[vc_section full_width=&#8220;&#8220; full_height=&#8220;yes&#8220; content_placement=&#8220;middle&#8220;][vc_row][vc_column][vc_column_text] Wir haben einen sch\u00f6nes Angebot an attraktiven Arrangements f\u00fcr Ihren Urlaub in Marrakesch zusammen gestellt: Lassen Sie sich inspirieren von unseren Packages zum Thema Kultur, romantische Kurzurlaube, Wellness oder kulinarische Entdeckungen. Bitte fragen Sie uns nach Vorzugsraten f\u00fcr zu dem Package hinzu gebuchten N\u00e4chten.[\/vc_column_text][\/vc_column][\/vc_row][vc_row equal_height=&#8220;yes&#8220; content_placement=&#8220;middle&#8220; css=&#8220;.vc_custom_1553349781472{border-radius: 1px !important;}&#8220;][vc_column width=&#8220;1\/3&#8243; css=&#8220;.vc_custom_1553349757217{padding-top: [&hellip;]","og_url":"https:\/\/www.riyadelcadi.com\/de\/sonderangebote\/packages-arrangements\/","og_site_name":"Riyad El Cadi","article_publisher":"https:\/\/www.facebook.com\/RiyadElCadi\/","article_modified_time":"2022-10-12T17:49:27+00:00","og_image":[{"width":1280,"height":853,"url":"https:\/\/www.riyadelcadi.com\/wp-content\/uploads\/2019\/02\/MG_4745.jpg","type":"image\/jpeg"}],"twitter_card":"summary_large_image","twitter_misc":{"Gesch\u00e4tzte Lesezeit":"3\u00a0Minuten"},"schema":{"@context":"https:\/\/schema.org","@graph":[{"@type":"WebPage","@id":"https:\/\/www.riyadelcadi.com\/de\/sonderangebote\/packages-arrangements\/","url":"https:\/\/www.riyadelcadi.com\/de\/sonderangebote\/packages-arrangements\/","name":"Packages - Arrangements - Riyad El Cadi","isPartOf":{"@id":"https:\/\/www.riyadelcadi.com\/de\/#website"},"primaryImageOfPage":{"@id":"https:\/\/www.riyadelcadi.com\/de\/sonderangebote\/packages-arrangements\/#primaryimage"},"image":{"@id":"https:\/\/www.riyadelcadi.com\/de\/sonderangebote\/packages-arrangements\/#primaryimage"},"thumbnailUrl":"https:\/\/www.riyadelcadi.com\/wp-content\/uploads\/2019\/02\/MG_4745.jpg","datePublished":"2011-10-13T16:11:11+00:00","dateModified":"2022-10-12T17:49:27+00:00","breadcrumb":{"@id":"https:\/\/www.riyadelcadi.com\/de\/sonderangebote\/packages-arrangements\/#breadcrumb"},"inLanguage":"de","potentialAction":[{"@type":"ReadAction","target":["https:\/\/www.riyadelcadi.com\/de\/sonderangebote\/packages-arrangements\/"]}]},{"@type":"ImageObject","inLanguage":"de","@id":"https:\/\/www.riyadelcadi.com\/de\/sonderangebote\/packages-arrangements\/#primaryimage","url":"https:\/\/www.riyadelcadi.com\/wp-content\/uploads\/2019\/02\/MG_4745.jpg","contentUrl":"https:\/\/www.riyadelcadi.com\/wp-content\/uploads\/2019\/02\/MG_4745.jpg","width":1280,"height":853},{"@type":"BreadcrumbList","@id":"https:\/\/www.riyadelcadi.com\/de\/sonderangebote\/packages-arrangements\/#breadcrumb","itemListElement":[{"@type":"ListItem","position":1,"name":"Startseite","item":"https:\/\/www.riyadelcadi.com\/de\/"},{"@type":"ListItem","position":2,"name":"Sonderangebote","item":"https:\/\/www.riyadelcadi.com\/de\/sonderangebote\/"},{"@type":"ListItem","position":3,"name":"Packages &#8211; Arrangements"}]},{"@type":"WebSite","@id":"https:\/\/www.riyadelcadi.com\/de\/#website","url":"https:\/\/www.riyadelcadi.com\/de\/","name":"Riyad El Cadi","description":"Riad mit Stil in Marrakesch","potentialAction":[{"@type":"SearchAction","target":{"@type":"EntryPoint","urlTemplate":"https:\/\/www.riyadelcadi.com\/de\/?s={search_term_string}"},"query-input":{"@type":"PropertyValueSpecification","valueRequired":true,"valueName":"search_term_string"}}],"inLanguage":"de"}]}},"_links":{"self":[{"href":"https:\/\/www.riyadelcadi.com\/de\/wp-json\/wp\/v2\/pages\/17193"}],"collection":[{"href":"https:\/\/www.riyadelcadi.com\/de\/wp-json\/wp\/v2\/pages"}],"about":[{"href":"https:\/\/www.riyadelcadi.com\/de\/wp-json\/wp\/v2\/types\/page"}],"author":[{"embeddable":true,"href":"https:\/\/www.riyadelcadi.com\/de\/wp-json\/wp\/v2\/users\/4"}],"replies":[{"embeddable":true,"href":"https:\/\/www.riyadelcadi.com\/de\/wp-json\/wp\/v2\/comments?post=17193"}],"version-history":[{"count":0,"href":"https:\/\/www.riyadelcadi.com\/de\/wp-json\/wp\/v2\/pages\/17193\/revisions"}],"up":[{"embeddable":true,"href":"https:\/\/www.riyadelcadi.com\/de\/wp-json\/wp\/v2\/pages\/22475"}],"wp:featuredmedia":[{"embeddable":true,"href":"https:\/\/www.riyadelcadi.com\/de\/wp-json\/wp\/v2\/media\/23152"}],"wp:attachment":[{"href":"https:\/\/www.riyadelcadi.com\/de\/wp-json\/wp\/v2\/media?parent=17193"}],"curies":[{"name":"wp","href":"https:\/\/api.w.org\/{rel}","templated":true}]}}