{"id":17137,"date":"2011-07-30T22:48:19","date_gmt":"2011-07-30T20:48:19","guid":{"rendered":"http:\/\/www.riyadelcadi.com\/?page_id=17137&#038;lang=de"},"modified":"2019-04-01T12:23:11","modified_gmt":"2019-04-01T10:23:11","slug":"concierge-tipps-fuer-marrakesch","status":"publish","type":"page","link":"https:\/\/www.riyadelcadi.com\/de\/riad-2\/team\/concierge-tipps-fuer-marrakesch\/","title":{"rendered":"Concierge Tipps f\u00fcr Marrakesch"},"content":{"rendered":"<div class=\"wpb-content-wrapper\"><p>[vc_section][vc_row][vc_column][vc_column_text]<\/p>\n<h2><strong>Unsere Concierges Khadija und Karim\u00a0helfen Ihnen mit vielen Tipps f\u00fcr Marrakesch aus<\/strong><\/h2>\n<p>Unser Concierge Team in der Rezeption &#8211; bestehend aus Khadija und Karim\u00a0&#8211; sind jederzeit bereit, mit einem gro\u00dfen L\u00e4cheln bei der Organisation Ihres Urlaubs zu helfen. Ihr Motto entspricht ganz dem marokkanischen Charakter: <strong>Alles ist machbar<\/strong>.<\/p>\n<p>Ben\u00f6tigen Sie eine Reservierung eines Tischs in einem Restaurant, m\u00f6chten Sie einen Ausflug in die Berge machen, k\u00f6nnen wir Ihnen einen Kochkurs organisieren oder einen Flug mit einem Hei\u00dfluftballon? Oder vielleicht suchen Sie nur nach dem echten Safran? Unsere beiden Concierges im Riad helfen Ihnen bei der Buchung, geben Tipps und viele Informationen zu Land und Leuten.<\/p>\n<p>&nbsp;<\/p>\n<h2><strong>Khadijas Tipps f\u00fcr einen sch\u00f6nen Aufenthalt in Marrakesch:<\/strong><\/h2>\n<p>\u201eIch liebe es, einen Ausflug in das Atlasgebirge zu machen, um mir nach der hei\u00dfen Zeit in der staubigen Medina von Marrakesch die frische Luft um die Nase wehen zu lassen. Das Ourika-Tal im Atlas ist das Hauptausflugsziel von den Menschen von Marrakesch: Hier bekommen Sie gleich viel von dem Leben der Marrakchis mit. Wenn Sie einen Fahrer engagieren, kommen Sie entspannt in den Bergen an, k\u00f6nnen in den kleinen Restaurants am Fluss wunderbar essen und gleichzeitig die F\u00fc\u00dfe in das k\u00fchle Wasser stecken. Der Fahrer hilft mit vielen Tipps weiter, zum Beispiel wo man gutes Oliven\u00f6l bekommt, welchen F\u00fchrer man f\u00fcr seine Wandertour nehmen kann und welches Restaurant das beste ist. Sobald von dem Ausflug wieder nach Marrakesch ins Riad zur\u00fcckgekehrt, w\u00fcrde ich unbedingt den Besuch des Hammams empfehlen: Ein intensives K\u00f6rperpeeling und eine beruhigende Packung mit Ghassoul sind zur Erholung nach einer anstrengenden Wanderung genau das richtige.\u201c<\/p>\n<p>&nbsp;<\/p>\n<h2><strong>Karims Tipps f\u00fcr den Abend:<\/strong><\/h2>\n<p>\u201eIch finde, dass man Marrakesch am besten kennen lernen kann, wenn man alle Seiten der Stadt kennenlernt. Das gilt auch f\u00fcr den Abend. Sie k\u00f6nnen das traditionelle Marrakesch kennen lernen und in unserem Riad essen \u2013 in der f\u00fcr Marokko typischen privaten Atmosph\u00e4re. Gehen Sie an einem Abend auf den Platz zu den Gark\u00fcchen: das ist ein riesiges Openair Restaurant voller Comedians! Und lernen Sie schlie\u00dflich noch das schicke Marrakesch kennen mit seinen vielen trendigen Restaurants und Bars. Auch hierzu kann ich Ihnen viele Tipps geben.\u201c<\/p>\n<p>&nbsp;<\/p>\n<h2><strong>Was unsere Concierges unseren Riad-G\u00e4sten in Marrakesch sonst noch empfehlen:<\/strong><\/h2>\n<ul>\n<li>Tipps f\u00fcr Kulturhungrige: Das Museum Dar Si Said zeigt traditionelle Kunst aus Marrakesch.<\/li>\n<li>Tipps f\u00fcr Naturliebhaber: in der N\u00e4he von unserem Riad liegt ein idyllischer Park (Cyber Park) mit ganz alten B\u00e4umen. Wundersch\u00f6n zum Spazieren.<\/li>\n<li>Tipps f\u00fcr Sportliche: unser <a title=\"Sightjogging\" href=\"https:\/\/www.riyadelcadi.com\/de\/marrakesch\/stadttour-besichtigung-von-marrakesch\/sightjogging-in-marrakech\/\">Sightjogging<\/a><\/li>\n<li>Tipps f\u00fcr Wagemutige: Essen Sie in den Gark\u00fcchen auf dem Platz Schafsk\u00f6pfe oder Schnecken \u2013 ein einzigartiger Geschmack!<\/li>\n<li>Tipps f\u00fcr das beste Shopping in Marrakesch finden Sie hier<\/li>\n<\/ul>\n<p>[\/vc_column_text]<style type=\"text\/css\">#bklyn_btn_69f2ea2c4012c .bklyn-btn { color:#ffffff !important; background-color:#193d38 !important; }#bklyn_btn_69f2ea2c4012c .bklyn-btn:hover{ color:#ffffff !important; background-color:#46635f !important; }#bklyn_btn_69f2ea2c4012c .bklyn-btn:focus{ color:#ffffff !important; background-color:#46635f !important; }#bklyn_btn_69f2ea2c4012c .bklyn-btn:active { color:#ffffff !important; background-color:#46635f !important; }<\/style><div id=\"bklyn_btn_69f2ea2c4012c\" class=\"bklyn-btn-holder btn-green bklyn-btn-center bklyn-btn-tablet-center bklyn-btn-mobile-center\"><a title=\"\"   href=\"mailto:info@riyadelcadi.com\" target=\"_self\" class=\"bklyn-btn  bklyn-btn-small\" ><span class=\"ut-btn-text\">Kontakt<\/span><\/a><\/div>[\/vc_column][\/vc_row][\/vc_section]<\/p>\n<\/div>","protected":false},"excerpt":{"rendered":"<p>[vc_section][vc_row][vc_column][vc_column_text] Unsere Concierges Khadija und Karim\u00a0helfen Ihnen mit vielen Tipps f\u00fcr Marrakesch aus Unser Concierge Team in der Rezeption &#8211; bestehend aus Khadija und Karim\u00a0&#8211; sind jederzeit bereit, mit einem gro\u00dfen L\u00e4cheln bei der Organisation Ihres Urlaubs zu helfen. Ihr Motto entspricht ganz dem marokkanischen Charakter: Alles ist machbar. Ben\u00f6tigen Sie eine Reservierung eines Tischs [&hellip;]<\/p>\n","protected":false},"author":4,"featured_media":22999,"parent":18213,"menu_order":2,"comment_status":"closed","ping_status":"closed","template":"","meta":{"footnotes":""},"yoast_head":"<!-- This site is optimized with the Yoast SEO plugin v24.5 - https:\/\/yoast.com\/wordpress\/plugins\/seo\/ -->\n<title>Concierge Tipps f\u00fcr Marrakesch - Riyad El Cadi<\/title>\n<meta name=\"robots\" content=\"index, follow, max-snippet:-1, max-image-preview:large, max-video-preview:-1\" \/>\n<link rel=\"canonical\" href=\"https:\/\/www.riyadelcadi.com\/de\/riad-2\/team\/concierge-tipps-fuer-marrakesch\/\" \/>\n<meta property=\"og:locale\" content=\"de_DE\" \/>\n<meta property=\"og:type\" content=\"article\" \/>\n<meta property=\"og:title\" content=\"Concierge Tipps f\u00fcr Marrakesch - Riyad El Cadi\" \/>\n<meta property=\"og:description\" content=\"[vc_section][vc_row][vc_column][vc_column_text] Unsere Concierges Khadija und Karim\u00a0helfen Ihnen mit vielen Tipps f\u00fcr Marrakesch aus Unser Concierge Team in der Rezeption &#8211; bestehend aus Khadija und Karim\u00a0&#8211; sind jederzeit bereit, mit einem gro\u00dfen L\u00e4cheln bei der Organisation Ihres Urlaubs zu helfen. Ihr Motto entspricht ganz dem marokkanischen Charakter: Alles ist machbar. Ben\u00f6tigen Sie eine Reservierung eines Tischs [&hellip;]\" \/>\n<meta property=\"og:url\" content=\"https:\/\/www.riyadelcadi.com\/de\/riad-2\/team\/concierge-tipps-fuer-marrakesch\/\" \/>\n<meta property=\"og:site_name\" content=\"Riyad El Cadi\" \/>\n<meta property=\"article:publisher\" content=\"https:\/\/www.facebook.com\/RiyadElCadi\/\" \/>\n<meta property=\"article:modified_time\" content=\"2019-04-01T10:23:11+00:00\" \/>\n<meta property=\"og:image\" content=\"https:\/\/www.riyadelcadi.com\/wp-content\/uploads\/2019\/02\/Marrakech-El_Fna-Sign-rodolfo-cuadros-762401-unsplash.jpg\" \/>\n\t<meta property=\"og:image:width\" content=\"1280\" \/>\n\t<meta property=\"og:image:height\" content=\"853\" \/>\n\t<meta property=\"og:image:type\" content=\"image\/jpeg\" \/>\n<meta name=\"twitter:card\" content=\"summary_large_image\" \/>\n<meta name=\"twitter:label1\" content=\"Gesch\u00e4tzte Lesezeit\" \/>\n\t<meta name=\"twitter:data1\" content=\"3\u00a0Minuten\" \/>\n<script type=\"application\/ld+json\" class=\"yoast-schema-graph\">{\"@context\":\"https:\/\/schema.org\",\"@graph\":[{\"@type\":\"WebPage\",\"@id\":\"https:\/\/www.riyadelcadi.com\/de\/riad-2\/team\/concierge-tipps-fuer-marrakesch\/\",\"url\":\"https:\/\/www.riyadelcadi.com\/de\/riad-2\/team\/concierge-tipps-fuer-marrakesch\/\",\"name\":\"Concierge Tipps f\u00fcr Marrakesch - Riyad El Cadi\",\"isPartOf\":{\"@id\":\"https:\/\/www.riyadelcadi.com\/de\/#website\"},\"primaryImageOfPage\":{\"@id\":\"https:\/\/www.riyadelcadi.com\/de\/riad-2\/team\/concierge-tipps-fuer-marrakesch\/#primaryimage\"},\"image\":{\"@id\":\"https:\/\/www.riyadelcadi.com\/de\/riad-2\/team\/concierge-tipps-fuer-marrakesch\/#primaryimage\"},\"thumbnailUrl\":\"https:\/\/www.riyadelcadi.com\/wp-content\/uploads\/2019\/02\/Marrakech-El_Fna-Sign-rodolfo-cuadros-762401-unsplash.jpg\",\"datePublished\":\"2011-07-30T20:48:19+00:00\",\"dateModified\":\"2019-04-01T10:23:11+00:00\",\"breadcrumb\":{\"@id\":\"https:\/\/www.riyadelcadi.com\/de\/riad-2\/team\/concierge-tipps-fuer-marrakesch\/#breadcrumb\"},\"inLanguage\":\"de\",\"potentialAction\":[{\"@type\":\"ReadAction\",\"target\":[\"https:\/\/www.riyadelcadi.com\/de\/riad-2\/team\/concierge-tipps-fuer-marrakesch\/\"]}]},{\"@type\":\"ImageObject\",\"inLanguage\":\"de\",\"@id\":\"https:\/\/www.riyadelcadi.com\/de\/riad-2\/team\/concierge-tipps-fuer-marrakesch\/#primaryimage\",\"url\":\"https:\/\/www.riyadelcadi.com\/wp-content\/uploads\/2019\/02\/Marrakech-El_Fna-Sign-rodolfo-cuadros-762401-unsplash.jpg\",\"contentUrl\":\"https:\/\/www.riyadelcadi.com\/wp-content\/uploads\/2019\/02\/Marrakech-El_Fna-Sign-rodolfo-cuadros-762401-unsplash.jpg\",\"width\":1280,\"height\":853,\"caption\":\"Marrakech Riad- City Tour - Jemaa El Fna\"},{\"@type\":\"BreadcrumbList\",\"@id\":\"https:\/\/www.riyadelcadi.com\/de\/riad-2\/team\/concierge-tipps-fuer-marrakesch\/#breadcrumb\",\"itemListElement\":[{\"@type\":\"ListItem\",\"position\":1,\"name\":\"Startseite\",\"item\":\"https:\/\/www.riyadelcadi.com\/de\/\"},{\"@type\":\"ListItem\",\"position\":2,\"name\":\"Das Riad &#8211; Ihr Zuhause in Marrakech\",\"item\":\"https:\/\/www.riyadelcadi.com\/de\/riad-2\/\"},{\"@type\":\"ListItem\",\"position\":3,\"name\":\"Team: Pers\u00f6nlicher Service in Marrakesch\",\"item\":\"https:\/\/www.riyadelcadi.com\/de\/riad-2\/team\/\"},{\"@type\":\"ListItem\",\"position\":4,\"name\":\"Concierge Tipps f\u00fcr Marrakesch\"}]},{\"@type\":\"WebSite\",\"@id\":\"https:\/\/www.riyadelcadi.com\/de\/#website\",\"url\":\"https:\/\/www.riyadelcadi.com\/de\/\",\"name\":\"Riyad El Cadi\",\"description\":\"Riad mit Stil in Marrakesch\",\"potentialAction\":[{\"@type\":\"SearchAction\",\"target\":{\"@type\":\"EntryPoint\",\"urlTemplate\":\"https:\/\/www.riyadelcadi.com\/de\/?s={search_term_string}\"},\"query-input\":{\"@type\":\"PropertyValueSpecification\",\"valueRequired\":true,\"valueName\":\"search_term_string\"}}],\"inLanguage\":\"de\"}]}<\/script>\n<!-- \/ Yoast SEO plugin. -->","yoast_head_json":{"title":"Concierge Tipps f\u00fcr Marrakesch - Riyad El Cadi","robots":{"index":"index","follow":"follow","max-snippet":"max-snippet:-1","max-image-preview":"max-image-preview:large","max-video-preview":"max-video-preview:-1"},"canonical":"https:\/\/www.riyadelcadi.com\/de\/riad-2\/team\/concierge-tipps-fuer-marrakesch\/","og_locale":"de_DE","og_type":"article","og_title":"Concierge Tipps f\u00fcr Marrakesch - Riyad El Cadi","og_description":"[vc_section][vc_row][vc_column][vc_column_text] Unsere Concierges Khadija und Karim\u00a0helfen Ihnen mit vielen Tipps f\u00fcr Marrakesch aus Unser Concierge Team in der Rezeption &#8211; bestehend aus Khadija und Karim\u00a0&#8211; sind jederzeit bereit, mit einem gro\u00dfen L\u00e4cheln bei der Organisation Ihres Urlaubs zu helfen. Ihr Motto entspricht ganz dem marokkanischen Charakter: Alles ist machbar. Ben\u00f6tigen Sie eine Reservierung eines Tischs [&hellip;]","og_url":"https:\/\/www.riyadelcadi.com\/de\/riad-2\/team\/concierge-tipps-fuer-marrakesch\/","og_site_name":"Riyad El Cadi","article_publisher":"https:\/\/www.facebook.com\/RiyadElCadi\/","article_modified_time":"2019-04-01T10:23:11+00:00","og_image":[{"width":1280,"height":853,"url":"https:\/\/www.riyadelcadi.com\/wp-content\/uploads\/2019\/02\/Marrakech-El_Fna-Sign-rodolfo-cuadros-762401-unsplash.jpg","type":"image\/jpeg"}],"twitter_card":"summary_large_image","twitter_misc":{"Gesch\u00e4tzte Lesezeit":"3\u00a0Minuten"},"schema":{"@context":"https:\/\/schema.org","@graph":[{"@type":"WebPage","@id":"https:\/\/www.riyadelcadi.com\/de\/riad-2\/team\/concierge-tipps-fuer-marrakesch\/","url":"https:\/\/www.riyadelcadi.com\/de\/riad-2\/team\/concierge-tipps-fuer-marrakesch\/","name":"Concierge Tipps f\u00fcr Marrakesch - Riyad El Cadi","isPartOf":{"@id":"https:\/\/www.riyadelcadi.com\/de\/#website"},"primaryImageOfPage":{"@id":"https:\/\/www.riyadelcadi.com\/de\/riad-2\/team\/concierge-tipps-fuer-marrakesch\/#primaryimage"},"image":{"@id":"https:\/\/www.riyadelcadi.com\/de\/riad-2\/team\/concierge-tipps-fuer-marrakesch\/#primaryimage"},"thumbnailUrl":"https:\/\/www.riyadelcadi.com\/wp-content\/uploads\/2019\/02\/Marrakech-El_Fna-Sign-rodolfo-cuadros-762401-unsplash.jpg","datePublished":"2011-07-30T20:48:19+00:00","dateModified":"2019-04-01T10:23:11+00:00","breadcrumb":{"@id":"https:\/\/www.riyadelcadi.com\/de\/riad-2\/team\/concierge-tipps-fuer-marrakesch\/#breadcrumb"},"inLanguage":"de","potentialAction":[{"@type":"ReadAction","target":["https:\/\/www.riyadelcadi.com\/de\/riad-2\/team\/concierge-tipps-fuer-marrakesch\/"]}]},{"@type":"ImageObject","inLanguage":"de","@id":"https:\/\/www.riyadelcadi.com\/de\/riad-2\/team\/concierge-tipps-fuer-marrakesch\/#primaryimage","url":"https:\/\/www.riyadelcadi.com\/wp-content\/uploads\/2019\/02\/Marrakech-El_Fna-Sign-rodolfo-cuadros-762401-unsplash.jpg","contentUrl":"https:\/\/www.riyadelcadi.com\/wp-content\/uploads\/2019\/02\/Marrakech-El_Fna-Sign-rodolfo-cuadros-762401-unsplash.jpg","width":1280,"height":853,"caption":"Marrakech Riad- City Tour - Jemaa El Fna"},{"@type":"BreadcrumbList","@id":"https:\/\/www.riyadelcadi.com\/de\/riad-2\/team\/concierge-tipps-fuer-marrakesch\/#breadcrumb","itemListElement":[{"@type":"ListItem","position":1,"name":"Startseite","item":"https:\/\/www.riyadelcadi.com\/de\/"},{"@type":"ListItem","position":2,"name":"Das Riad &#8211; Ihr Zuhause in Marrakech","item":"https:\/\/www.riyadelcadi.com\/de\/riad-2\/"},{"@type":"ListItem","position":3,"name":"Team: Pers\u00f6nlicher Service in Marrakesch","item":"https:\/\/www.riyadelcadi.com\/de\/riad-2\/team\/"},{"@type":"ListItem","position":4,"name":"Concierge Tipps f\u00fcr Marrakesch"}]},{"@type":"WebSite","@id":"https:\/\/www.riyadelcadi.com\/de\/#website","url":"https:\/\/www.riyadelcadi.com\/de\/","name":"Riyad El Cadi","description":"Riad mit Stil in Marrakesch","potentialAction":[{"@type":"SearchAction","target":{"@type":"EntryPoint","urlTemplate":"https:\/\/www.riyadelcadi.com\/de\/?s={search_term_string}"},"query-input":{"@type":"PropertyValueSpecification","valueRequired":true,"valueName":"search_term_string"}}],"inLanguage":"de"}]}},"_links":{"self":[{"href":"https:\/\/www.riyadelcadi.com\/de\/wp-json\/wp\/v2\/pages\/17137"}],"collection":[{"href":"https:\/\/www.riyadelcadi.com\/de\/wp-json\/wp\/v2\/pages"}],"about":[{"href":"https:\/\/www.riyadelcadi.com\/de\/wp-json\/wp\/v2\/types\/page"}],"author":[{"embeddable":true,"href":"https:\/\/www.riyadelcadi.com\/de\/wp-json\/wp\/v2\/users\/4"}],"replies":[{"embeddable":true,"href":"https:\/\/www.riyadelcadi.com\/de\/wp-json\/wp\/v2\/comments?post=17137"}],"version-history":[{"count":0,"href":"https:\/\/www.riyadelcadi.com\/de\/wp-json\/wp\/v2\/pages\/17137\/revisions"}],"up":[{"embeddable":true,"href":"https:\/\/www.riyadelcadi.com\/de\/wp-json\/wp\/v2\/pages\/18213"}],"wp:featuredmedia":[{"embeddable":true,"href":"https:\/\/www.riyadelcadi.com\/de\/wp-json\/wp\/v2\/media\/22999"}],"wp:attachment":[{"href":"https:\/\/www.riyadelcadi.com\/de\/wp-json\/wp\/v2\/media?parent=17137"}],"curies":[{"name":"wp","href":"https:\/\/api.w.org\/{rel}","templated":true}]}}