{"id":17127,"date":"2012-11-19T20:26:50","date_gmt":"2012-11-19T19:26:50","guid":{"rendered":"http:\/\/www.riyadelcadi.com\/?page_id=17127&#038;lang=de"},"modified":"2022-10-11T16:39:17","modified_gmt":"2022-10-11T14:39:17","slug":"pool-im-riad-erfrischende-kuehle-in-unserem-schwimmbad-nach-der-hitze-von-marrakech","status":"publish","type":"page","link":"https:\/\/www.riyadelcadi.com\/de\/wellness-im-riyad-el-cadi\/pool-im-riad-erfrischende-kuehle-in-unserem-schwimmbad-nach-der-hitze-von-marrakech\/","title":{"rendered":"Pool im Riad: frische K\u00fchle in unserem Schwimmbad"},"content":{"rendered":"<div class=\"wpb-content-wrapper\"><p>[vc_section][vc_row][vc_column width=&#8220;1\/3&#8243;]<div  class=\"wpb_content_element   clearfix\"><style type=\"text\/css\">#ut_am_69dc4673b4ef9 { opacity: 1; }#ut_am_wrap_69dc4673b4efb { text-align: left; }@media (min-width: 768px) and (max-width: 1024px) { #ut_am_wrap_69dc4673b4efb { text-align: left !important; } }@media (max-width: 767px) { #ut_am_wrap_69dc4673b4efb { text-align: center !important; } }<\/style><div id=\"ut_am_wrap_69dc4673b4efb\" class=\"ut-image-gallery-image \"><div id=\"ut_reveal_69dc4673b4efc\"  data-appear-top-offset=\"auto\" class=\"ut-animated-image-item ut-image-gallery-item ut-animation-done \"><a class=\"ut-deactivated-link\" href=\"#\"><div class=\"ut-animated-image-zoom\">\r\n        <div class=\"ut-element-glitch-wrap\">\r\n\r\n            \r\n        <style type=\"text\/css\">\r\n\r\n                        \r\n        @media (min-width: 1025px) {\r\n\r\n        #ut-element-glitch-69dc4673b4f49308215446-17910 .ut-glitch-single-element {\r\n                                            \r\n                }\r\n        }\r\n\r\n        @media (min-width: 768px) and (max-width: 1024px) {\r\n\r\n        #ut-element-glitch-69dc4673b4f49308215446-17910 .ut-glitch-single-element {\r\n                                                \r\n                    }\r\n        }\r\n\r\n        @media (max-width: 767px) {\r\n\r\n        #ut-element-glitch-69dc4673b4f49308215446-17910 .ut-glitch-single-element {\r\n                                                \r\n                    }\r\n        }\r\n\r\n        \r\n        <\/style>\r\n\r\n        \r\n            <div id=\"ut-element-glitch-69dc4673b4f49308215446-17910\" class=\" ut-element-glitch ut-glitch-none ut-element-glitch-permanent\">\r\n                <div class=\"ut-glitch-single-element ut-lozad skip-lazy\" data-background-image=\"https:\/\/www.riyadelcadi.com\/wp-content\/uploads\/2015\/12\/2-Pool-Arcades-c-Keohane-1280x1264.jpg\"><\/div>\r\n                <div class=\"ut-glitch-single-element ut-lozad skip-lazy\" data-background-image=\"https:\/\/www.riyadelcadi.com\/wp-content\/uploads\/2015\/12\/2-Pool-Arcades-c-Keohane-1280x1264.jpg\"><\/div>\r\n                <div class=\"ut-glitch-single-element ut-lozad skip-lazy\" data-background-image=\"https:\/\/www.riyadelcadi.com\/wp-content\/uploads\/2015\/12\/2-Pool-Arcades-c-Keohane-1280x1264.jpg\"><\/div>\r\n                <div class=\"ut-glitch-single-element ut-lozad skip-lazy\" data-background-image=\"https:\/\/www.riyadelcadi.com\/wp-content\/uploads\/2015\/12\/2-Pool-Arcades-c-Keohane-1280x1264.jpg\"><\/div>\r\n                <div class=\"ut-glitch-single-element ut-lozad skip-lazy\" data-background-image=\"https:\/\/www.riyadelcadi.com\/wp-content\/uploads\/2015\/12\/2-Pool-Arcades-c-Keohane-1280x1264.jpg\"><\/div>\r\n            <\/div>\r\n\r\n        <\/div>\r\n\r\n        <img decoding=\"async\" class=\"ut-lazy skip-lazy ut-animated-image \"  id=\"ut_am_69dc4673b4ef9\" src=\"data:image\/svg+xml;charset=utf-8,%3Csvg xmlns%3D'http%3A%2F%2Fwww.w3.org%2F2000%2Fsvg' viewBox%3D'0 0 878 867'%2F%3E\" data-src=\"https:\/\/www.riyadelcadi.com\/wp-content\/uploads\/2015\/12\/2-Pool-Arcades-c-Keohane-1280x1264.jpg\" width=\"878\" height=\"867\" alt=\"\"\/><\/div><\/a><\/div><\/div><\/div>[\/vc_column][vc_column width=&#8220;2\/3&#8243;][vc_column_text]<\/p>\n<h2><strong>Die K\u00fchle genie\u00dfen in unserem Pool:<\/strong><\/h2>\n<p>Unser <strong>Schwimmbad<\/strong> im Pool-Riad hat eine Gr\u00f6\u00dfe von ca 3 mal 5 Metern und bietet damit gen\u00fcgend Raum nicht nur f\u00fcr ein k\u00fchles Bad nach den hei\u00dfen Stunden in der Medina von <a title=\"Urlaub in Marrakesch\" href=\"https:\/\/www.riyadelcadi.com\/de\/marrakesch\/\">Marrakech<\/a>, sondern auch f\u00fcr ein paar Schwimmz\u00fcge. Dank unserer Gegenstromanlage d\u00fcrfen es vielleicht sogar noch ein paar mehr sein&#8230;<\/p>\n<p>Wir laden Sie ein, ein paar erholsame <strong>Nachmittagstunden<\/strong> am <strong>Pool<\/strong> zu verbringen, sich ein paar k\u00f6stliche Sandwiches von unseren <a title=\"Restaurant\" href=\"https:\/\/www.riyadelcadi.com\/de\/riad-2\/restaurant\/\">K\u00fcchenchefs<\/a> zubereiten zu lassen und mit einem k\u00fchlen Drink sich zu entspannen. Ein gelegentlicher Sprung in das blau-graue Schwimmbad bringt Ihnen dann wieder die erw\u00fcnschte Abk\u00fchlung. Unser Schwimmbad hat eine Tiefe von 1,70 Metern. Wir bitten Sie daher, <strong>Kinder am Pool<\/strong> zu beaufsichtigen.[\/vc_column_text][\/vc_column][\/vc_row][\/vc_section][vc_section][vc_row gap=&#8220;15&#8243; equal_height=&#8220;yes&#8220;][vc_column width=&#8220;2\/3&#8243; css=&#8220;.vc_custom_1553355067960{padding-top: 260px !important;padding-bottom: 220px !important;background-image: url(https:\/\/www.riyadelcadi.com\/wp-content\/uploads\/2016\/03\/2-Pool-_-jed.kaoru_.share_.jpg?id=19205) !important;background-position: center !important;background-repeat: no-repeat !important;background-size: cover !important;}&#8220;][\/vc_column][vc_column width=&#8220;1\/3&#8243; css=&#8220;.vc_custom_1553355075649{padding-top: 260px !important;padding-bottom: 220px !important;background-image: url(https:\/\/www.riyadelcadi.com\/wp-content\/uploads\/2015\/12\/1-Pool-c-Krutschke.jpg?id=17907) !important;background-position: center !important;background-repeat: no-repeat !important;background-size: cover !important;}&#8220;][\/vc_column][\/vc_row][\/vc_section]<\/p>\n<\/div>","protected":false},"excerpt":{"rendered":"<p>[vc_section][vc_row][vc_column width=&#8220;1\/3&#8243;][\/vc_column][vc_column width=&#8220;2\/3&#8243;][vc_column_text] Die K\u00fchle genie\u00dfen in unserem Pool: Unser Schwimmbad im Pool-Riad hat eine Gr\u00f6\u00dfe von ca 3 mal 5 Metern und bietet damit gen\u00fcgend Raum nicht nur f\u00fcr ein k\u00fchles Bad nach den hei\u00dfen Stunden in der Medina von Marrakech, sondern auch f\u00fcr ein paar Schwimmz\u00fcge. Dank unserer Gegenstromanlage d\u00fcrfen es vielleicht sogar [&hellip;]<\/p>\n","protected":false},"author":4,"featured_media":17916,"parent":27000,"menu_order":0,"comment_status":"closed","ping_status":"closed","template":"","meta":{"footnotes":""},"yoast_head":"<!-- This site is optimized with the Yoast SEO plugin v24.5 - https:\/\/yoast.com\/wordpress\/plugins\/seo\/ -->\n<title>Pool im Riad: frische K\u00fchle in unserem Schwimmbad - Riyad El Cadi<\/title>\n<meta name=\"robots\" content=\"index, follow, max-snippet:-1, max-image-preview:large, max-video-preview:-1\" \/>\n<link rel=\"canonical\" href=\"https:\/\/www.riyadelcadi.com\/de\/wellness-im-riyad-el-cadi\/pool-im-riad-erfrischende-kuehle-in-unserem-schwimmbad-nach-der-hitze-von-marrakech\/\" \/>\n<meta property=\"og:locale\" content=\"de_DE\" \/>\n<meta property=\"og:type\" content=\"article\" \/>\n<meta property=\"og:title\" content=\"Pool im Riad: frische K\u00fchle in unserem Schwimmbad - Riyad El Cadi\" \/>\n<meta property=\"og:description\" content=\"[vc_section][vc_row][vc_column width=&#8220;1\/3&#8243;][\/vc_column][vc_column width=&#8220;2\/3&#8243;][vc_column_text] Die K\u00fchle genie\u00dfen in unserem Pool: Unser Schwimmbad im Pool-Riad hat eine Gr\u00f6\u00dfe von ca 3 mal 5 Metern und bietet damit gen\u00fcgend Raum nicht nur f\u00fcr ein k\u00fchles Bad nach den hei\u00dfen Stunden in der Medina von Marrakech, sondern auch f\u00fcr ein paar Schwimmz\u00fcge. Dank unserer Gegenstromanlage d\u00fcrfen es vielleicht sogar [&hellip;]\" \/>\n<meta property=\"og:url\" content=\"https:\/\/www.riyadelcadi.com\/de\/wellness-im-riyad-el-cadi\/pool-im-riad-erfrischende-kuehle-in-unserem-schwimmbad-nach-der-hitze-von-marrakech\/\" \/>\n<meta property=\"og:site_name\" content=\"Riyad El Cadi\" \/>\n<meta property=\"article:publisher\" content=\"https:\/\/www.facebook.com\/RiyadElCadi\/\" \/>\n<meta property=\"article:modified_time\" content=\"2022-10-11T14:39:17+00:00\" \/>\n<meta property=\"og:image\" content=\"https:\/\/www.riyadelcadi.com\/wp-content\/uploads\/2015\/12\/5-Pool-Reflection-c-Keohane.jpg\" \/>\n\t<meta property=\"og:image:width\" content=\"1494\" \/>\n\t<meta property=\"og:image:height\" content=\"1507\" \/>\n\t<meta property=\"og:image:type\" content=\"image\/jpeg\" \/>\n<meta name=\"twitter:card\" content=\"summary_large_image\" \/>\n<meta name=\"twitter:label1\" content=\"Gesch\u00e4tzte Lesezeit\" \/>\n\t<meta name=\"twitter:data1\" content=\"1\u00a0Minute\" \/>\n<script type=\"application\/ld+json\" class=\"yoast-schema-graph\">{\"@context\":\"https:\/\/schema.org\",\"@graph\":[{\"@type\":\"WebPage\",\"@id\":\"https:\/\/www.riyadelcadi.com\/de\/wellness-im-riyad-el-cadi\/pool-im-riad-erfrischende-kuehle-in-unserem-schwimmbad-nach-der-hitze-von-marrakech\/\",\"url\":\"https:\/\/www.riyadelcadi.com\/de\/wellness-im-riyad-el-cadi\/pool-im-riad-erfrischende-kuehle-in-unserem-schwimmbad-nach-der-hitze-von-marrakech\/\",\"name\":\"Pool im Riad: frische K\u00fchle in unserem Schwimmbad - Riyad El Cadi\",\"isPartOf\":{\"@id\":\"https:\/\/www.riyadelcadi.com\/de\/#website\"},\"primaryImageOfPage\":{\"@id\":\"https:\/\/www.riyadelcadi.com\/de\/wellness-im-riyad-el-cadi\/pool-im-riad-erfrischende-kuehle-in-unserem-schwimmbad-nach-der-hitze-von-marrakech\/#primaryimage\"},\"image\":{\"@id\":\"https:\/\/www.riyadelcadi.com\/de\/wellness-im-riyad-el-cadi\/pool-im-riad-erfrischende-kuehle-in-unserem-schwimmbad-nach-der-hitze-von-marrakech\/#primaryimage\"},\"thumbnailUrl\":\"https:\/\/www.riyadelcadi.com\/wp-content\/uploads\/2015\/12\/5-Pool-Reflection-c-Keohane.jpg\",\"datePublished\":\"2012-11-19T19:26:50+00:00\",\"dateModified\":\"2022-10-11T14:39:17+00:00\",\"breadcrumb\":{\"@id\":\"https:\/\/www.riyadelcadi.com\/de\/wellness-im-riyad-el-cadi\/pool-im-riad-erfrischende-kuehle-in-unserem-schwimmbad-nach-der-hitze-von-marrakech\/#breadcrumb\"},\"inLanguage\":\"de\",\"potentialAction\":[{\"@type\":\"ReadAction\",\"target\":[\"https:\/\/www.riyadelcadi.com\/de\/wellness-im-riyad-el-cadi\/pool-im-riad-erfrischende-kuehle-in-unserem-schwimmbad-nach-der-hitze-von-marrakech\/\"]}]},{\"@type\":\"ImageObject\",\"inLanguage\":\"de\",\"@id\":\"https:\/\/www.riyadelcadi.com\/de\/wellness-im-riyad-el-cadi\/pool-im-riad-erfrischende-kuehle-in-unserem-schwimmbad-nach-der-hitze-von-marrakech\/#primaryimage\",\"url\":\"https:\/\/www.riyadelcadi.com\/wp-content\/uploads\/2015\/12\/5-Pool-Reflection-c-Keohane.jpg\",\"contentUrl\":\"https:\/\/www.riyadelcadi.com\/wp-content\/uploads\/2015\/12\/5-Pool-Reflection-c-Keohane.jpg\",\"width\":1494,\"height\":1507},{\"@type\":\"BreadcrumbList\",\"@id\":\"https:\/\/www.riyadelcadi.com\/de\/wellness-im-riyad-el-cadi\/pool-im-riad-erfrischende-kuehle-in-unserem-schwimmbad-nach-der-hitze-von-marrakech\/#breadcrumb\",\"itemListElement\":[{\"@type\":\"ListItem\",\"position\":1,\"name\":\"Startseite\",\"item\":\"https:\/\/www.riyadelcadi.com\/de\/\"},{\"@type\":\"ListItem\",\"position\":2,\"name\":\"Das Riad &#8211; Ihr Zuhause in Marrakech\",\"item\":\"https:\/\/www.riyadelcadi.com\/de\/riad-2\/\"},{\"@type\":\"ListItem\",\"position\":3,\"name\":\"Pool im Riad: frische K\u00fchle in unserem Schwimmbad\"}]},{\"@type\":\"WebSite\",\"@id\":\"https:\/\/www.riyadelcadi.com\/de\/#website\",\"url\":\"https:\/\/www.riyadelcadi.com\/de\/\",\"name\":\"Riyad El Cadi\",\"description\":\"Riad mit Stil in Marrakesch\",\"potentialAction\":[{\"@type\":\"SearchAction\",\"target\":{\"@type\":\"EntryPoint\",\"urlTemplate\":\"https:\/\/www.riyadelcadi.com\/de\/?s={search_term_string}\"},\"query-input\":{\"@type\":\"PropertyValueSpecification\",\"valueRequired\":true,\"valueName\":\"search_term_string\"}}],\"inLanguage\":\"de\"}]}<\/script>\n<!-- \/ Yoast SEO plugin. -->","yoast_head_json":{"title":"Pool im Riad: frische K\u00fchle in unserem Schwimmbad - Riyad El Cadi","robots":{"index":"index","follow":"follow","max-snippet":"max-snippet:-1","max-image-preview":"max-image-preview:large","max-video-preview":"max-video-preview:-1"},"canonical":"https:\/\/www.riyadelcadi.com\/de\/wellness-im-riyad-el-cadi\/pool-im-riad-erfrischende-kuehle-in-unserem-schwimmbad-nach-der-hitze-von-marrakech\/","og_locale":"de_DE","og_type":"article","og_title":"Pool im Riad: frische K\u00fchle in unserem Schwimmbad - Riyad El Cadi","og_description":"[vc_section][vc_row][vc_column width=&#8220;1\/3&#8243;][\/vc_column][vc_column width=&#8220;2\/3&#8243;][vc_column_text] Die K\u00fchle genie\u00dfen in unserem Pool: Unser Schwimmbad im Pool-Riad hat eine Gr\u00f6\u00dfe von ca 3 mal 5 Metern und bietet damit gen\u00fcgend Raum nicht nur f\u00fcr ein k\u00fchles Bad nach den hei\u00dfen Stunden in der Medina von Marrakech, sondern auch f\u00fcr ein paar Schwimmz\u00fcge. Dank unserer Gegenstromanlage d\u00fcrfen es vielleicht sogar [&hellip;]","og_url":"https:\/\/www.riyadelcadi.com\/de\/wellness-im-riyad-el-cadi\/pool-im-riad-erfrischende-kuehle-in-unserem-schwimmbad-nach-der-hitze-von-marrakech\/","og_site_name":"Riyad El Cadi","article_publisher":"https:\/\/www.facebook.com\/RiyadElCadi\/","article_modified_time":"2022-10-11T14:39:17+00:00","og_image":[{"width":1494,"height":1507,"url":"https:\/\/www.riyadelcadi.com\/wp-content\/uploads\/2015\/12\/5-Pool-Reflection-c-Keohane.jpg","type":"image\/jpeg"}],"twitter_card":"summary_large_image","twitter_misc":{"Gesch\u00e4tzte Lesezeit":"1\u00a0Minute"},"schema":{"@context":"https:\/\/schema.org","@graph":[{"@type":"WebPage","@id":"https:\/\/www.riyadelcadi.com\/de\/wellness-im-riyad-el-cadi\/pool-im-riad-erfrischende-kuehle-in-unserem-schwimmbad-nach-der-hitze-von-marrakech\/","url":"https:\/\/www.riyadelcadi.com\/de\/wellness-im-riyad-el-cadi\/pool-im-riad-erfrischende-kuehle-in-unserem-schwimmbad-nach-der-hitze-von-marrakech\/","name":"Pool im Riad: frische K\u00fchle in unserem Schwimmbad - Riyad El Cadi","isPartOf":{"@id":"https:\/\/www.riyadelcadi.com\/de\/#website"},"primaryImageOfPage":{"@id":"https:\/\/www.riyadelcadi.com\/de\/wellness-im-riyad-el-cadi\/pool-im-riad-erfrischende-kuehle-in-unserem-schwimmbad-nach-der-hitze-von-marrakech\/#primaryimage"},"image":{"@id":"https:\/\/www.riyadelcadi.com\/de\/wellness-im-riyad-el-cadi\/pool-im-riad-erfrischende-kuehle-in-unserem-schwimmbad-nach-der-hitze-von-marrakech\/#primaryimage"},"thumbnailUrl":"https:\/\/www.riyadelcadi.com\/wp-content\/uploads\/2015\/12\/5-Pool-Reflection-c-Keohane.jpg","datePublished":"2012-11-19T19:26:50+00:00","dateModified":"2022-10-11T14:39:17+00:00","breadcrumb":{"@id":"https:\/\/www.riyadelcadi.com\/de\/wellness-im-riyad-el-cadi\/pool-im-riad-erfrischende-kuehle-in-unserem-schwimmbad-nach-der-hitze-von-marrakech\/#breadcrumb"},"inLanguage":"de","potentialAction":[{"@type":"ReadAction","target":["https:\/\/www.riyadelcadi.com\/de\/wellness-im-riyad-el-cadi\/pool-im-riad-erfrischende-kuehle-in-unserem-schwimmbad-nach-der-hitze-von-marrakech\/"]}]},{"@type":"ImageObject","inLanguage":"de","@id":"https:\/\/www.riyadelcadi.com\/de\/wellness-im-riyad-el-cadi\/pool-im-riad-erfrischende-kuehle-in-unserem-schwimmbad-nach-der-hitze-von-marrakech\/#primaryimage","url":"https:\/\/www.riyadelcadi.com\/wp-content\/uploads\/2015\/12\/5-Pool-Reflection-c-Keohane.jpg","contentUrl":"https:\/\/www.riyadelcadi.com\/wp-content\/uploads\/2015\/12\/5-Pool-Reflection-c-Keohane.jpg","width":1494,"height":1507},{"@type":"BreadcrumbList","@id":"https:\/\/www.riyadelcadi.com\/de\/wellness-im-riyad-el-cadi\/pool-im-riad-erfrischende-kuehle-in-unserem-schwimmbad-nach-der-hitze-von-marrakech\/#breadcrumb","itemListElement":[{"@type":"ListItem","position":1,"name":"Startseite","item":"https:\/\/www.riyadelcadi.com\/de\/"},{"@type":"ListItem","position":2,"name":"Das Riad &#8211; Ihr Zuhause in Marrakech","item":"https:\/\/www.riyadelcadi.com\/de\/riad-2\/"},{"@type":"ListItem","position":3,"name":"Pool im Riad: frische K\u00fchle in unserem Schwimmbad"}]},{"@type":"WebSite","@id":"https:\/\/www.riyadelcadi.com\/de\/#website","url":"https:\/\/www.riyadelcadi.com\/de\/","name":"Riyad El Cadi","description":"Riad mit Stil in Marrakesch","potentialAction":[{"@type":"SearchAction","target":{"@type":"EntryPoint","urlTemplate":"https:\/\/www.riyadelcadi.com\/de\/?s={search_term_string}"},"query-input":{"@type":"PropertyValueSpecification","valueRequired":true,"valueName":"search_term_string"}}],"inLanguage":"de"}]}},"_links":{"self":[{"href":"https:\/\/www.riyadelcadi.com\/de\/wp-json\/wp\/v2\/pages\/17127"}],"collection":[{"href":"https:\/\/www.riyadelcadi.com\/de\/wp-json\/wp\/v2\/pages"}],"about":[{"href":"https:\/\/www.riyadelcadi.com\/de\/wp-json\/wp\/v2\/types\/page"}],"author":[{"embeddable":true,"href":"https:\/\/www.riyadelcadi.com\/de\/wp-json\/wp\/v2\/users\/4"}],"replies":[{"embeddable":true,"href":"https:\/\/www.riyadelcadi.com\/de\/wp-json\/wp\/v2\/comments?post=17127"}],"version-history":[{"count":0,"href":"https:\/\/www.riyadelcadi.com\/de\/wp-json\/wp\/v2\/pages\/17127\/revisions"}],"up":[{"embeddable":true,"href":"https:\/\/www.riyadelcadi.com\/de\/wp-json\/wp\/v2\/pages\/27000"}],"wp:featuredmedia":[{"embeddable":true,"href":"https:\/\/www.riyadelcadi.com\/de\/wp-json\/wp\/v2\/media\/17916"}],"wp:attachment":[{"href":"https:\/\/www.riyadelcadi.com\/de\/wp-json\/wp\/v2\/media?parent=17127"}],"curies":[{"name":"wp","href":"https:\/\/api.w.org\/{rel}","templated":true}]}}