{"id":17103,"date":"2012-12-09T21:42:22","date_gmt":"2012-12-09T20:42:22","guid":{"rendered":"http:\/\/www.riyadelcadi.com\/?page_id=17103&#038;lang=de"},"modified":"2022-10-11T16:46:09","modified_gmt":"2022-10-11T14:46:09","slug":"aktiv-bleiben-und-sport-treiben-in-marrakech","status":"publish","type":"page","link":"https:\/\/www.riyadelcadi.com\/de\/marrakesch\/aktiv-bleiben-und-sport-treiben-in-marrakech\/","title":{"rendered":"Fit und aktiv sein in Marrakesch"},"content":{"rendered":"<div class=\"wpb-content-wrapper\"><p>[vc_section][vc_row][vc_column][vc_column_text]<\/p>\n<h2 style=\"text-align: center;\"><strong>Bleiben Sie fit auch w\u00e4hrend Ihrer Reise \u2013 wir halten eine sch\u00f6ne Auswahl von Workouts f\u00fcr Sie bereit<\/strong>.<\/h2>\n<p style=\"text-align: center;\">Das Riyad El Cadi bietet Ihnen einige M\u00f6glichkeiten, Ihr <strong>Fitnessprogramm<\/strong> auch in Marrakesch weiter fortf\u00fchren und bestens in Form bleiben zu k\u00f6nnen\u2026<\/p>\n<p>[\/vc_column_text][\/vc_column][\/vc_row][\/vc_section][vc_section css=&#8220;.vc_custom_1549560282779{padding-bottom: 1px !important;}&#8220;][vc_row equal_height=&#8220;yes&#8220;][vc_column width=&#8220;1\/3&#8243; css=&#8220;.vc_custom_1553348895711{padding-top: 160px !important;padding-bottom: 160px !important;background-image: url(https:\/\/www.riyadelcadi.com\/wp-content\/uploads\/2019\/01\/jd-mason-757201-unsplash.jpg?id=22484) !important;background-position: center !important;background-repeat: no-repeat !important;background-size: cover !important;}&#8220;][\/vc_column][vc_column width=&#8220;2\/3&#8243; css=&#8220;.vc_custom_1553349082750{background-color: #faf8f4 !important;border-radius: 1px !important;}&#8220;][vc_column_text]<\/p>\n<h2 style=\"text-align: center;\">Workout: Harmonie &amp; Balance oder\u00a0Kraft &amp;\u00a0Form?<\/h2>\n<p style=\"text-align: center;\">Unsere Personal Trainer entwerfen mit Ihnen zusammen ein<strong>\u00a0Workout<\/strong>, das \u00a0Yoga, Tai Chi und Pilates enthalten kann oder auch ein reines Krafttraining beinhaltet. In Marrakech haben Sie gen\u00fcgend Zeit f\u00fcr Ihr <strong>Workout<\/strong>. Ihr Personal Trainer kommt in das Riad zu Ihnen. Workout von 1 Stunde auf unseren Dachterrassen mit Blick auf die D\u00e4cher von Marrakech und den schneebedeckten Atlas oder im Sommer in einen unserer k\u00fchlen Patios. <strong>Kosten: 50 EUR.<\/strong><br \/>\nUnsere Personal Trainer entwickeln gerne ein auf Ihre W\u00fcnsche und Bed\u00fcrfnisse abgestimmtes Workout. Bitte lassen Sie uns Ihre Vorstellungen wissen.<\/p>\n<h3 style=\"text-align: center;\"><strong>\u00a0<\/strong><\/h3>\n<p>[\/vc_column_text]<style type=\"text\/css\">#bklyn_btn_69ef873d164c1 .bklyn-btn { color:#ffffff !important; background-color:#eca65c !important; }#bklyn_btn_69ef873d164c1 .bklyn-btn:hover{ color:#ffffff !important; background-color:#efb273 !important; }#bklyn_btn_69ef873d164c1 .bklyn-btn:focus{ color:#ffffff !important; background-color:#efb273 !important; }#bklyn_btn_69ef873d164c1 .bklyn-btn:active { color:#ffffff !important; background-color:#efb273 !important; }#bklyn_btn_69ef873d164c1 a.bklyn-btn { font-weight:500 !important; }#bklyn_btn_69ef873d164c1.bklyn-btn-header a.bklyn-btn { font-weight:500 !important; }#bklyn_btn_69ef873d164c1.bklyn-btn-header a.bklyn-btn span { font-weight:500 !important; }#bklyn_btn_69ef873d164c1 a.bklyn-btn { text-transform:uppercase !important; }<\/style><div id=\"bklyn_btn_69ef873d164c1\" class=\"bklyn-btn-holder  bklyn-btn-center bklyn-btn-tablet-center bklyn-btn-mobile-center\"><a title=\"\"   href=\"https:\/\/www.riyadelcadi.com\/de\/reservierung\/\" target=\"_self\" class=\"bklyn-btn  bklyn-btn-small\" ><span class=\"ut-btn-text\">Reservierung<\/span><\/a><\/div>[\/vc_column][\/vc_row][vc_row equal_height=&#8220;yes&#8220; content_placement=&#8220;top&#8220; css=&#8220;.vc_custom_1553349409647{margin-top: 40px !important;}&#8220;][vc_column width=&#8220;1\/3&#8243; css=&#8220;.vc_custom_1553348904469{padding-top: 160px !important;padding-bottom: 160px !important;background-image: url(https:\/\/www.riyadelcadi.com\/wp-content\/uploads\/2019\/03\/GOLF-david-goldsbury-382924-unsplash.jpg?id=26276) !important;background-position: center !important;background-repeat: no-repeat !important;background-size: cover !important;}&#8220;][\/vc_column][vc_column width=&#8220;2\/3&#8243; css=&#8220;.vc_custom_1553349049335{background-color: #faf8f4 !important;}&#8220;][vc_column_text]<\/p>\n<h2 style=\"text-align: center;\">Golf<strong><br \/>\n<\/strong><\/h2>\n<p style=\"text-align: center;\">Marrakech ist ein Traum f\u00fcr Golfer: Sie finden zahlreiche und wundersch\u00f6ne <a title=\"Golf\" href=\"https:\/\/www.riyadelcadi.com\/de\/marrakesch\/golf-in-marrakech\/\">Golfpl\u00e4tze<\/a> in Marrakesch, alle mit kunstvollen Gartenanlagen und spektakul\u00e4rem Blick auf den Atlas. <a title=\"Golf\" href=\"https:\/\/www.riyadelcadi.com\/de\/sonderangebote\/golfreisen-nach-marrakech-mit-riyad-el-cadi\/\">Hier<\/a> k\u00f6nnen Sie aufs Beste den Kultur-Urlaub mit dem Golf verbinden. Wir im Riyad El Cadi buchen gerne Abschlagszeiten f\u00fcr Sie.<\/p>\n<p>[\/vc_column_text]<style type=\"text\/css\">#bklyn_btn_69ef873d16562 .bklyn-btn { color:#ffffff !important; background-color:#eca65c !important; }#bklyn_btn_69ef873d16562 .bklyn-btn:hover{ color:#ffffff !important; background-color:#efb273 !important; }#bklyn_btn_69ef873d16562 .bklyn-btn:focus{ color:#ffffff !important; background-color:#efb273 !important; }#bklyn_btn_69ef873d16562 .bklyn-btn:active { color:#ffffff !important; background-color:#efb273 !important; }#bklyn_btn_69ef873d16562 a.bklyn-btn { font-weight:500 !important; }#bklyn_btn_69ef873d16562.bklyn-btn-header a.bklyn-btn { font-weight:500 !important; }#bklyn_btn_69ef873d16562.bklyn-btn-header a.bklyn-btn span { font-weight:500 !important; }#bklyn_btn_69ef873d16562 a.bklyn-btn { text-transform:uppercase !important; }<\/style><div id=\"bklyn_btn_69ef873d16562\" class=\"bklyn-btn-holder  bklyn-btn-center bklyn-btn-tablet-center bklyn-btn-mobile-center\"><a title=\"\"   href=\"https:\/\/www.riyadelcadi.com\/de\/reservierung\/\" target=\"_self\" class=\"bklyn-btn  bklyn-btn-small\" ><span class=\"ut-btn-text\">Reservierung<\/span><\/a><\/div>[\/vc_column][\/vc_row][vc_row equal_height=&#8220;yes&#8220; css=&#8220;.vc_custom_1647021121834{margin-top: 40px !important;}&#8220;][vc_column width=&#8220;1\/3&#8243; css=&#8220;.vc_custom_1553348913520{padding-top: 160px !important;padding-bottom: 160px !important;background-image: url(https:\/\/www.riyadelcadi.com\/wp-content\/uploads\/2019\/01\/jogging-marrakech.jpg?id=22481) !important;background-position: center !important;background-repeat: no-repeat !important;background-size: cover !important;}&#8220;][\/vc_column][vc_column width=&#8220;2\/3&#8243; css=&#8220;.vc_custom_1553349042812{background-color: #faf8f4 !important;}&#8220;][vc_column_text]<\/p>\n<h2 style=\"text-align: center;\">Sight-Jogging<\/h2>\n<p style=\"text-align: center;\">Es gibt keinen Grund, Ihren <strong>Jogging-Rythmus<\/strong> in <strong>Marrakesch<\/strong> zu unterbrechen: Bleiben Sie weiterhin fit und entdecken im Lauf Geheimnisse Marrakeschs. Das Riyad El Cadi ist das erste Hotel, das Sight-Jogging-Touren anbietet. Laufen Sie an einigen Sehensw\u00fcrdigkeiten vorbei, die Sie im \u00fcblichen Sightseeing-Programm m\u00f6glicherweise nicht zu sehen bek\u00e4men. Ein ortskundiger Trainer und Coach f\u00fchrt Sie an Koutoubia, Mamounia, Agdalg\u00e4rten und Stadtmauern vorbei und erz\u00e4hlt Ihnen beim Joggen Wissenswertes aus seiner Stadt.<\/p>\n<p style=\"text-align: center;\"><strong>Kosten<\/strong>: 10 EUR pro Person bei einer Gruppe von 5 oder mehr Personen, sonst 50 EUR.<\/p>\n<p>[\/vc_column_text]<style type=\"text\/css\">#bklyn_btn_69ef873d165d5 .bklyn-btn { color:#ffffff !important; background-color:#eca65c !important; }#bklyn_btn_69ef873d165d5 .bklyn-btn:hover{ color:#ffffff !important; background-color:#efb273 !important; }#bklyn_btn_69ef873d165d5 .bklyn-btn:focus{ color:#ffffff !important; background-color:#efb273 !important; }#bklyn_btn_69ef873d165d5 .bklyn-btn:active { color:#ffffff !important; background-color:#efb273 !important; }#bklyn_btn_69ef873d165d5 a.bklyn-btn { font-weight:500 !important; }#bklyn_btn_69ef873d165d5.bklyn-btn-header a.bklyn-btn { font-weight:500 !important; }#bklyn_btn_69ef873d165d5.bklyn-btn-header a.bklyn-btn span { font-weight:500 !important; }#bklyn_btn_69ef873d165d5 a.bklyn-btn { text-transform:uppercase !important; }<\/style><div id=\"bklyn_btn_69ef873d165d5\" class=\"bklyn-btn-holder  bklyn-btn-center bklyn-btn-tablet-center bklyn-btn-mobile-center\"><a title=\"\"   href=\"https:\/\/www.riyadelcadi.com\/de\/reservierung\/reservierung-stadttour\/\" target=\"_self\" class=\"bklyn-btn  bklyn-btn-small\" ><span class=\"ut-btn-text\">Reservierung<\/span><\/a><\/div>[\/vc_column][\/vc_row][\/vc_section][vc_row][vc_column][vc_empty_space][\/vc_column][\/vc_row]<\/p>\n<\/div>","protected":false},"excerpt":{"rendered":"<p>[vc_section][vc_row][vc_column][vc_column_text] Bleiben Sie fit auch w\u00e4hrend Ihrer Reise \u2013 wir halten eine sch\u00f6ne Auswahl von Workouts f\u00fcr Sie bereit. Das Riyad El Cadi bietet Ihnen einige M\u00f6glichkeiten, Ihr Fitnessprogramm auch in Marrakesch weiter fortf\u00fchren und bestens in Form bleiben zu k\u00f6nnen\u2026 [\/vc_column_text][\/vc_column][\/vc_row][\/vc_section][vc_section css=&#8220;.vc_custom_1549560282779{padding-bottom: 1px !important;}&#8220;][vc_row equal_height=&#8220;yes&#8220;][vc_column width=&#8220;1\/3&#8243; css=&#8220;.vc_custom_1553348895711{padding-top: 160px !important;padding-bottom: 160px !important;background-image: url(https:\/\/www.riyadelcadi.com\/wp-content\/uploads\/2019\/01\/jd-mason-757201-unsplash.jpg?id=22484) !important;background-position: center [&hellip;]<\/p>\n","protected":false},"author":4,"featured_media":23152,"parent":17020,"menu_order":9,"comment_status":"closed","ping_status":"closed","template":"","meta":{"footnotes":""},"yoast_head":"<!-- This site is optimized with the Yoast SEO plugin v24.5 - https:\/\/yoast.com\/wordpress\/plugins\/seo\/ -->\n<title>Fit und aktiv sein in Marrakesch - Riyad El Cadi<\/title>\n<meta name=\"description\" content=\"Fit und aktiv Marrakesch erleben mit Yoga, Golf und Sightjogging. Wir buchen Ihren Sport Coach und Tee Time.\" \/>\n<meta name=\"robots\" content=\"index, follow, max-snippet:-1, max-image-preview:large, max-video-preview:-1\" \/>\n<link rel=\"canonical\" href=\"https:\/\/www.riyadelcadi.com\/de\/marrakesch\/aktiv-bleiben-und-sport-treiben-in-marrakech\/\" \/>\n<meta property=\"og:locale\" content=\"de_DE\" \/>\n<meta property=\"og:type\" content=\"article\" \/>\n<meta property=\"og:title\" content=\"Fit und aktiv sein in Marrakesch - Riyad El Cadi\" \/>\n<meta property=\"og:description\" content=\"Fit und aktiv Marrakesch erleben mit Yoga, Golf und Sightjogging. Wir buchen Ihren Sport Coach und Tee Time.\" \/>\n<meta property=\"og:url\" content=\"https:\/\/www.riyadelcadi.com\/de\/marrakesch\/aktiv-bleiben-und-sport-treiben-in-marrakech\/\" \/>\n<meta property=\"og:site_name\" content=\"Riyad El Cadi\" \/>\n<meta property=\"article:publisher\" content=\"https:\/\/www.facebook.com\/RiyadElCadi\/\" \/>\n<meta property=\"article:modified_time\" content=\"2022-10-11T14:46:09+00:00\" \/>\n<meta property=\"og:image\" content=\"https:\/\/www.riyadelcadi.com\/wp-content\/uploads\/2019\/02\/MG_4745.jpg\" \/>\n\t<meta property=\"og:image:width\" content=\"1280\" \/>\n\t<meta property=\"og:image:height\" content=\"853\" \/>\n\t<meta property=\"og:image:type\" content=\"image\/jpeg\" \/>\n<meta name=\"twitter:card\" content=\"summary_large_image\" \/>\n<meta name=\"twitter:label1\" content=\"Gesch\u00e4tzte Lesezeit\" \/>\n\t<meta name=\"twitter:data1\" content=\"3\u00a0Minuten\" \/>\n<script type=\"application\/ld+json\" class=\"yoast-schema-graph\">{\"@context\":\"https:\/\/schema.org\",\"@graph\":[{\"@type\":\"WebPage\",\"@id\":\"https:\/\/www.riyadelcadi.com\/de\/marrakesch\/aktiv-bleiben-und-sport-treiben-in-marrakech\/\",\"url\":\"https:\/\/www.riyadelcadi.com\/de\/marrakesch\/aktiv-bleiben-und-sport-treiben-in-marrakech\/\",\"name\":\"Fit und aktiv sein in Marrakesch - Riyad El Cadi\",\"isPartOf\":{\"@id\":\"https:\/\/www.riyadelcadi.com\/de\/#website\"},\"primaryImageOfPage\":{\"@id\":\"https:\/\/www.riyadelcadi.com\/de\/marrakesch\/aktiv-bleiben-und-sport-treiben-in-marrakech\/#primaryimage\"},\"image\":{\"@id\":\"https:\/\/www.riyadelcadi.com\/de\/marrakesch\/aktiv-bleiben-und-sport-treiben-in-marrakech\/#primaryimage\"},\"thumbnailUrl\":\"https:\/\/www.riyadelcadi.com\/wp-content\/uploads\/2019\/02\/MG_4745.jpg\",\"datePublished\":\"2012-12-09T20:42:22+00:00\",\"dateModified\":\"2022-10-11T14:46:09+00:00\",\"description\":\"Fit und aktiv Marrakesch erleben mit Yoga, Golf und Sightjogging. Wir buchen Ihren Sport Coach und Tee Time.\",\"breadcrumb\":{\"@id\":\"https:\/\/www.riyadelcadi.com\/de\/marrakesch\/aktiv-bleiben-und-sport-treiben-in-marrakech\/#breadcrumb\"},\"inLanguage\":\"de\",\"potentialAction\":[{\"@type\":\"ReadAction\",\"target\":[\"https:\/\/www.riyadelcadi.com\/de\/marrakesch\/aktiv-bleiben-und-sport-treiben-in-marrakech\/\"]}]},{\"@type\":\"ImageObject\",\"inLanguage\":\"de\",\"@id\":\"https:\/\/www.riyadelcadi.com\/de\/marrakesch\/aktiv-bleiben-und-sport-treiben-in-marrakech\/#primaryimage\",\"url\":\"https:\/\/www.riyadelcadi.com\/wp-content\/uploads\/2019\/02\/MG_4745.jpg\",\"contentUrl\":\"https:\/\/www.riyadelcadi.com\/wp-content\/uploads\/2019\/02\/MG_4745.jpg\",\"width\":1280,\"height\":853},{\"@type\":\"BreadcrumbList\",\"@id\":\"https:\/\/www.riyadelcadi.com\/de\/marrakesch\/aktiv-bleiben-und-sport-treiben-in-marrakech\/#breadcrumb\",\"itemListElement\":[{\"@type\":\"ListItem\",\"position\":1,\"name\":\"Startseite\",\"item\":\"https:\/\/www.riyadelcadi.com\/de\/\"},{\"@type\":\"ListItem\",\"position\":2,\"name\":\"Sonderangebote\",\"item\":\"https:\/\/www.riyadelcadi.com\/de\/sonderangebote\/\"},{\"@type\":\"ListItem\",\"position\":3,\"name\":\"Fit und aktiv sein in Marrakesch\"}]},{\"@type\":\"WebSite\",\"@id\":\"https:\/\/www.riyadelcadi.com\/de\/#website\",\"url\":\"https:\/\/www.riyadelcadi.com\/de\/\",\"name\":\"Riyad El Cadi\",\"description\":\"Riad mit Stil in Marrakesch\",\"potentialAction\":[{\"@type\":\"SearchAction\",\"target\":{\"@type\":\"EntryPoint\",\"urlTemplate\":\"https:\/\/www.riyadelcadi.com\/de\/?s={search_term_string}\"},\"query-input\":{\"@type\":\"PropertyValueSpecification\",\"valueRequired\":true,\"valueName\":\"search_term_string\"}}],\"inLanguage\":\"de\"}]}<\/script>\n<!-- \/ Yoast SEO plugin. -->","yoast_head_json":{"title":"Fit und aktiv sein in Marrakesch - Riyad El Cadi","description":"Fit und aktiv Marrakesch erleben mit Yoga, Golf und Sightjogging. Wir buchen Ihren Sport Coach und Tee Time.","robots":{"index":"index","follow":"follow","max-snippet":"max-snippet:-1","max-image-preview":"max-image-preview:large","max-video-preview":"max-video-preview:-1"},"canonical":"https:\/\/www.riyadelcadi.com\/de\/marrakesch\/aktiv-bleiben-und-sport-treiben-in-marrakech\/","og_locale":"de_DE","og_type":"article","og_title":"Fit und aktiv sein in Marrakesch - Riyad El Cadi","og_description":"Fit und aktiv Marrakesch erleben mit Yoga, Golf und Sightjogging. Wir buchen Ihren Sport Coach und Tee Time.","og_url":"https:\/\/www.riyadelcadi.com\/de\/marrakesch\/aktiv-bleiben-und-sport-treiben-in-marrakech\/","og_site_name":"Riyad El Cadi","article_publisher":"https:\/\/www.facebook.com\/RiyadElCadi\/","article_modified_time":"2022-10-11T14:46:09+00:00","og_image":[{"width":1280,"height":853,"url":"https:\/\/www.riyadelcadi.com\/wp-content\/uploads\/2019\/02\/MG_4745.jpg","type":"image\/jpeg"}],"twitter_card":"summary_large_image","twitter_misc":{"Gesch\u00e4tzte Lesezeit":"3\u00a0Minuten"},"schema":{"@context":"https:\/\/schema.org","@graph":[{"@type":"WebPage","@id":"https:\/\/www.riyadelcadi.com\/de\/marrakesch\/aktiv-bleiben-und-sport-treiben-in-marrakech\/","url":"https:\/\/www.riyadelcadi.com\/de\/marrakesch\/aktiv-bleiben-und-sport-treiben-in-marrakech\/","name":"Fit und aktiv sein in Marrakesch - Riyad El Cadi","isPartOf":{"@id":"https:\/\/www.riyadelcadi.com\/de\/#website"},"primaryImageOfPage":{"@id":"https:\/\/www.riyadelcadi.com\/de\/marrakesch\/aktiv-bleiben-und-sport-treiben-in-marrakech\/#primaryimage"},"image":{"@id":"https:\/\/www.riyadelcadi.com\/de\/marrakesch\/aktiv-bleiben-und-sport-treiben-in-marrakech\/#primaryimage"},"thumbnailUrl":"https:\/\/www.riyadelcadi.com\/wp-content\/uploads\/2019\/02\/MG_4745.jpg","datePublished":"2012-12-09T20:42:22+00:00","dateModified":"2022-10-11T14:46:09+00:00","description":"Fit und aktiv Marrakesch erleben mit Yoga, Golf und Sightjogging. Wir buchen Ihren Sport Coach und Tee Time.","breadcrumb":{"@id":"https:\/\/www.riyadelcadi.com\/de\/marrakesch\/aktiv-bleiben-und-sport-treiben-in-marrakech\/#breadcrumb"},"inLanguage":"de","potentialAction":[{"@type":"ReadAction","target":["https:\/\/www.riyadelcadi.com\/de\/marrakesch\/aktiv-bleiben-und-sport-treiben-in-marrakech\/"]}]},{"@type":"ImageObject","inLanguage":"de","@id":"https:\/\/www.riyadelcadi.com\/de\/marrakesch\/aktiv-bleiben-und-sport-treiben-in-marrakech\/#primaryimage","url":"https:\/\/www.riyadelcadi.com\/wp-content\/uploads\/2019\/02\/MG_4745.jpg","contentUrl":"https:\/\/www.riyadelcadi.com\/wp-content\/uploads\/2019\/02\/MG_4745.jpg","width":1280,"height":853},{"@type":"BreadcrumbList","@id":"https:\/\/www.riyadelcadi.com\/de\/marrakesch\/aktiv-bleiben-und-sport-treiben-in-marrakech\/#breadcrumb","itemListElement":[{"@type":"ListItem","position":1,"name":"Startseite","item":"https:\/\/www.riyadelcadi.com\/de\/"},{"@type":"ListItem","position":2,"name":"Sonderangebote","item":"https:\/\/www.riyadelcadi.com\/de\/sonderangebote\/"},{"@type":"ListItem","position":3,"name":"Fit und aktiv sein in Marrakesch"}]},{"@type":"WebSite","@id":"https:\/\/www.riyadelcadi.com\/de\/#website","url":"https:\/\/www.riyadelcadi.com\/de\/","name":"Riyad El Cadi","description":"Riad mit Stil in Marrakesch","potentialAction":[{"@type":"SearchAction","target":{"@type":"EntryPoint","urlTemplate":"https:\/\/www.riyadelcadi.com\/de\/?s={search_term_string}"},"query-input":{"@type":"PropertyValueSpecification","valueRequired":true,"valueName":"search_term_string"}}],"inLanguage":"de"}]}},"_links":{"self":[{"href":"https:\/\/www.riyadelcadi.com\/de\/wp-json\/wp\/v2\/pages\/17103"}],"collection":[{"href":"https:\/\/www.riyadelcadi.com\/de\/wp-json\/wp\/v2\/pages"}],"about":[{"href":"https:\/\/www.riyadelcadi.com\/de\/wp-json\/wp\/v2\/types\/page"}],"author":[{"embeddable":true,"href":"https:\/\/www.riyadelcadi.com\/de\/wp-json\/wp\/v2\/users\/4"}],"replies":[{"embeddable":true,"href":"https:\/\/www.riyadelcadi.com\/de\/wp-json\/wp\/v2\/comments?post=17103"}],"version-history":[{"count":0,"href":"https:\/\/www.riyadelcadi.com\/de\/wp-json\/wp\/v2\/pages\/17103\/revisions"}],"up":[{"embeddable":true,"href":"https:\/\/www.riyadelcadi.com\/de\/wp-json\/wp\/v2\/pages\/17020"}],"wp:featuredmedia":[{"embeddable":true,"href":"https:\/\/www.riyadelcadi.com\/de\/wp-json\/wp\/v2\/media\/23152"}],"wp:attachment":[{"href":"https:\/\/www.riyadelcadi.com\/de\/wp-json\/wp\/v2\/media?parent=17103"}],"curies":[{"name":"wp","href":"https:\/\/api.w.org\/{rel}","templated":true}]}}