{"id":17095,"date":"2011-08-09T19:07:10","date_gmt":"2011-08-09T17:07:10","guid":{"rendered":"http:\/\/www.riyadelcadi.com\/?page_id=17095&#038;lang=de"},"modified":"2022-10-11T18:14:16","modified_gmt":"2022-10-11T16:14:16","slug":"sightjogging-in-marrakech","status":"publish","type":"page","link":"https:\/\/www.riyadelcadi.com\/de\/marrakesch\/sightjogging-in-marrakech\/","title":{"rendered":"Sightjogging"},"content":{"rendered":"<div class=\"wpb-content-wrapper\"><p>[vc_section][vc_row][vc_column][vc_column_text]<strong><img decoding=\"async\" class=\"alignright\" title=\"Sight Jogging\" src=\"https:\/\/www.riyadelcadi.com\/wp-content\/uploads\/2011\/08\/Marathon-Website-400x4002.jpg\" alt=\"\" width=\"400\" height=\"400\" \/><\/strong><\/p>\n<h2><strong>Neu in Marrakesch: Sightseeing mit Sport<\/strong><\/h2>\n<p>Verbinden Sie das Sightseeing mit dem Sport und entdecken Sie die <strong>Sehensw\u00fcrdigkeiten von Marrakesch<\/strong> im <strong>Lauf<\/strong>. Erstmalig in Marrakesch k\u00f6nnen wir Ihnen Sightjogging anbieten \u2013 eine Kombination aus Sightseeing und Jogging, eine Stadtf\u00fchrung f\u00fcr L\u00e4ufer. Wir vom Riyad El Cadi stellen Ihnen eine Jogging-Route zusammen, bei der Sie gleich wichtige Punkte Ihres Sightseeing Programms erledigen k\u00f6nnen.<\/p>\n<p>Die 9,3 km langen <strong>Sightjogging Touren<\/strong> k\u00f6nnen im Hotel Riyad El Cadi nach individueller Absprache <a title=\"Reservierung \u2013 Stadttour\" href=\"http:\/\/riyadelcadi.com\/de\/reservierung\/reservierung-stadttour\/\">gebucht werden<\/a>. Der Preis pro Person f\u00fcr eine 60 Minuten Sightjogging Tour betr\u00e4gt f\u00fcr bis zu f\u00fcnf Personen 50 Euro. Jede weitere Person kostet 10 EUR.<\/p>\n<p>Wir empfehlen einen fr\u00fchen Start \u2013 Sie werden entdecken, dass Marrakesch in den fr\u00fchen Morgenstunden nicht nur f\u00fcr L\u00e4ufer angenehm ruhig ist, sondern auch eine ganz besondere Atmosph\u00e4re ausstrahlt.<br \/>\nF\u00fcr Buchungen unseres Sightseeing Programms wenden Sie sich bitte an: <a title=\"Reservierung \u2013 Stadttour\" href=\"http:\/\/riyadelcadi.com\/de\/reservierung\/reservierung-stadttour\/\">Reservierung<\/a><\/p>\n<p>&nbsp;<\/p>\n<h2><strong>Sightseeing beim Jogging<\/strong><\/h2>\n<p>Ein kundiger F\u00fchrer l\u00e4\u00dft Sie Marrakesch im Lauf entdecken: Das Sightjogging beginnt im Hotel Riyad el Cadi mit einem ausgebildeten, historisch versierten Guide und f\u00fchrt zun\u00e4chst zur gr\u00f6\u00dften Moschee von Marrakesch, der aus dem 12. Jahrhundert stammenden Koutoubia Moschee. Joggen Sie weiter zum legend\u00e4ren Hotel La Mamounia. Anschlie\u00dfend entdecken die L\u00e4ufer die zauberhafte Natur in den als gr\u00fcne Oasen von Marrakesch bekannten Agdal G\u00e4rten. Weiter geht das Sightseeing im Lauf entlang der Stadtmauer zum einst gr\u00f6\u00dften Palast Marokkos, dem Palais el Badi aus dem 16. Jahrhundert. Von dort geht es durch die Gassen der Altstadt und \u00fcber den ber\u00fchmten Platz Djemaa el Fna zur\u00fcck zum Hotel Riyad El Cadi.<\/p>\n<p>&nbsp;<\/p>\n<h2><strong>Weiterer Sport in Marrakesch \u2013 ohne Sightseeing<\/strong><\/h2>\n<p>Sollte es Ihnen noch nach mehr Sport w\u00e4hrend Ihres Urlaubs in Marrakesch gel\u00fcsten, k\u00f6nnen wir Ihnen gerne noch weitere Empfehlungen geben: z.B. Reiten, Yoga oder Schwimmen. Wir buchen Ihnen einen Personal Trainer im Haus oder eine Trainingsstunde im Fitness-Club. Und schlie\u00dflich k\u00f6nnen wir Ihnen auch alternative Strecken f\u00fcr Ihr privates Jogging empfehlen.<\/p>\n<p>[\/vc_column_text][\/vc_column][\/vc_row][\/vc_section]<\/p>\n<\/div>","protected":false},"excerpt":{"rendered":"<p>[vc_section][vc_row][vc_column][vc_column_text] Neu in Marrakesch: Sightseeing mit Sport Verbinden Sie das Sightseeing mit dem Sport und entdecken Sie die Sehensw\u00fcrdigkeiten von Marrakesch im Lauf. Erstmalig in Marrakesch k\u00f6nnen wir Ihnen Sightjogging anbieten \u2013 eine Kombination aus Sightseeing und Jogging, eine Stadtf\u00fchrung f\u00fcr L\u00e4ufer. Wir vom Riyad El Cadi stellen Ihnen eine Jogging-Route zusammen, bei der Sie [&hellip;]<\/p>\n","protected":false},"author":4,"featured_media":22481,"parent":17020,"menu_order":8,"comment_status":"closed","ping_status":"closed","template":"","meta":{"footnotes":""},"yoast_head":"<!-- This site is optimized with the Yoast SEO plugin v24.5 - https:\/\/yoast.com\/wordpress\/plugins\/seo\/ -->\n<title>Sightjogging - Riyad El Cadi<\/title>\n<meta name=\"robots\" content=\"index, follow, max-snippet:-1, max-image-preview:large, max-video-preview:-1\" \/>\n<link rel=\"canonical\" href=\"https:\/\/www.riyadelcadi.com\/de\/marrakesch\/sightjogging-in-marrakech\/\" \/>\n<meta property=\"og:locale\" content=\"de_DE\" \/>\n<meta property=\"og:type\" content=\"article\" \/>\n<meta property=\"og:title\" content=\"Sightjogging - Riyad El Cadi\" \/>\n<meta property=\"og:description\" content=\"[vc_section][vc_row][vc_column][vc_column_text] Neu in Marrakesch: Sightseeing mit Sport Verbinden Sie das Sightseeing mit dem Sport und entdecken Sie die Sehensw\u00fcrdigkeiten von Marrakesch im Lauf. Erstmalig in Marrakesch k\u00f6nnen wir Ihnen Sightjogging anbieten \u2013 eine Kombination aus Sightseeing und Jogging, eine Stadtf\u00fchrung f\u00fcr L\u00e4ufer. Wir vom Riyad El Cadi stellen Ihnen eine Jogging-Route zusammen, bei der Sie [&hellip;]\" \/>\n<meta property=\"og:url\" content=\"https:\/\/www.riyadelcadi.com\/de\/marrakesch\/sightjogging-in-marrakech\/\" \/>\n<meta property=\"og:site_name\" content=\"Riyad El Cadi\" \/>\n<meta property=\"article:publisher\" content=\"https:\/\/www.facebook.com\/RiyadElCadi\/\" \/>\n<meta property=\"article:modified_time\" content=\"2022-10-11T16:14:16+00:00\" \/>\n<meta property=\"og:image\" content=\"https:\/\/www.riyadelcadi.com\/wp-content\/uploads\/2019\/01\/jogging-marrakech.jpg\" \/>\n\t<meta property=\"og:image:width\" content=\"711\" \/>\n\t<meta property=\"og:image:height\" content=\"400\" \/>\n\t<meta property=\"og:image:type\" content=\"image\/jpeg\" \/>\n<meta name=\"twitter:card\" content=\"summary_large_image\" \/>\n<meta name=\"twitter:label1\" content=\"Gesch\u00e4tzte Lesezeit\" \/>\n\t<meta name=\"twitter:data1\" content=\"2\u00a0Minuten\" \/>\n<script type=\"application\/ld+json\" class=\"yoast-schema-graph\">{\"@context\":\"https:\/\/schema.org\",\"@graph\":[{\"@type\":\"WebPage\",\"@id\":\"https:\/\/www.riyadelcadi.com\/de\/marrakesch\/sightjogging-in-marrakech\/\",\"url\":\"https:\/\/www.riyadelcadi.com\/de\/marrakesch\/sightjogging-in-marrakech\/\",\"name\":\"Sightjogging - Riyad El Cadi\",\"isPartOf\":{\"@id\":\"https:\/\/www.riyadelcadi.com\/de\/#website\"},\"primaryImageOfPage\":{\"@id\":\"https:\/\/www.riyadelcadi.com\/de\/marrakesch\/sightjogging-in-marrakech\/#primaryimage\"},\"image\":{\"@id\":\"https:\/\/www.riyadelcadi.com\/de\/marrakesch\/sightjogging-in-marrakech\/#primaryimage\"},\"thumbnailUrl\":\"https:\/\/www.riyadelcadi.com\/wp-content\/uploads\/2019\/01\/jogging-marrakech.jpg\",\"datePublished\":\"2011-08-09T17:07:10+00:00\",\"dateModified\":\"2022-10-11T16:14:16+00:00\",\"breadcrumb\":{\"@id\":\"https:\/\/www.riyadelcadi.com\/de\/marrakesch\/sightjogging-in-marrakech\/#breadcrumb\"},\"inLanguage\":\"de\",\"potentialAction\":[{\"@type\":\"ReadAction\",\"target\":[\"https:\/\/www.riyadelcadi.com\/de\/marrakesch\/sightjogging-in-marrakech\/\"]}]},{\"@type\":\"ImageObject\",\"inLanguage\":\"de\",\"@id\":\"https:\/\/www.riyadelcadi.com\/de\/marrakesch\/sightjogging-in-marrakech\/#primaryimage\",\"url\":\"https:\/\/www.riyadelcadi.com\/wp-content\/uploads\/2019\/01\/jogging-marrakech.jpg\",\"contentUrl\":\"https:\/\/www.riyadelcadi.com\/wp-content\/uploads\/2019\/01\/jogging-marrakech.jpg\",\"width\":711,\"height\":400,\"caption\":\"jogging marrakesh\"},{\"@type\":\"BreadcrumbList\",\"@id\":\"https:\/\/www.riyadelcadi.com\/de\/marrakesch\/sightjogging-in-marrakech\/#breadcrumb\",\"itemListElement\":[{\"@type\":\"ListItem\",\"position\":1,\"name\":\"Startseite\",\"item\":\"https:\/\/www.riyadelcadi.com\/de\/\"},{\"@type\":\"ListItem\",\"position\":2,\"name\":\"Urlaub in Marrakesch\",\"item\":\"https:\/\/www.riyadelcadi.com\/de\/marrakesch\/\"},{\"@type\":\"ListItem\",\"position\":3,\"name\":\"Sightjogging\"}]},{\"@type\":\"WebSite\",\"@id\":\"https:\/\/www.riyadelcadi.com\/de\/#website\",\"url\":\"https:\/\/www.riyadelcadi.com\/de\/\",\"name\":\"Riyad El Cadi\",\"description\":\"Riad mit Stil in Marrakesch\",\"potentialAction\":[{\"@type\":\"SearchAction\",\"target\":{\"@type\":\"EntryPoint\",\"urlTemplate\":\"https:\/\/www.riyadelcadi.com\/de\/?s={search_term_string}\"},\"query-input\":{\"@type\":\"PropertyValueSpecification\",\"valueRequired\":true,\"valueName\":\"search_term_string\"}}],\"inLanguage\":\"de\"}]}<\/script>\n<!-- \/ Yoast SEO plugin. -->","yoast_head_json":{"title":"Sightjogging - Riyad El Cadi","robots":{"index":"index","follow":"follow","max-snippet":"max-snippet:-1","max-image-preview":"max-image-preview:large","max-video-preview":"max-video-preview:-1"},"canonical":"https:\/\/www.riyadelcadi.com\/de\/marrakesch\/sightjogging-in-marrakech\/","og_locale":"de_DE","og_type":"article","og_title":"Sightjogging - Riyad El Cadi","og_description":"[vc_section][vc_row][vc_column][vc_column_text] Neu in Marrakesch: Sightseeing mit Sport Verbinden Sie das Sightseeing mit dem Sport und entdecken Sie die Sehensw\u00fcrdigkeiten von Marrakesch im Lauf. Erstmalig in Marrakesch k\u00f6nnen wir Ihnen Sightjogging anbieten \u2013 eine Kombination aus Sightseeing und Jogging, eine Stadtf\u00fchrung f\u00fcr L\u00e4ufer. Wir vom Riyad El Cadi stellen Ihnen eine Jogging-Route zusammen, bei der Sie [&hellip;]","og_url":"https:\/\/www.riyadelcadi.com\/de\/marrakesch\/sightjogging-in-marrakech\/","og_site_name":"Riyad El Cadi","article_publisher":"https:\/\/www.facebook.com\/RiyadElCadi\/","article_modified_time":"2022-10-11T16:14:16+00:00","og_image":[{"width":711,"height":400,"url":"https:\/\/www.riyadelcadi.com\/wp-content\/uploads\/2019\/01\/jogging-marrakech.jpg","type":"image\/jpeg"}],"twitter_card":"summary_large_image","twitter_misc":{"Gesch\u00e4tzte Lesezeit":"2\u00a0Minuten"},"schema":{"@context":"https:\/\/schema.org","@graph":[{"@type":"WebPage","@id":"https:\/\/www.riyadelcadi.com\/de\/marrakesch\/sightjogging-in-marrakech\/","url":"https:\/\/www.riyadelcadi.com\/de\/marrakesch\/sightjogging-in-marrakech\/","name":"Sightjogging - Riyad El Cadi","isPartOf":{"@id":"https:\/\/www.riyadelcadi.com\/de\/#website"},"primaryImageOfPage":{"@id":"https:\/\/www.riyadelcadi.com\/de\/marrakesch\/sightjogging-in-marrakech\/#primaryimage"},"image":{"@id":"https:\/\/www.riyadelcadi.com\/de\/marrakesch\/sightjogging-in-marrakech\/#primaryimage"},"thumbnailUrl":"https:\/\/www.riyadelcadi.com\/wp-content\/uploads\/2019\/01\/jogging-marrakech.jpg","datePublished":"2011-08-09T17:07:10+00:00","dateModified":"2022-10-11T16:14:16+00:00","breadcrumb":{"@id":"https:\/\/www.riyadelcadi.com\/de\/marrakesch\/sightjogging-in-marrakech\/#breadcrumb"},"inLanguage":"de","potentialAction":[{"@type":"ReadAction","target":["https:\/\/www.riyadelcadi.com\/de\/marrakesch\/sightjogging-in-marrakech\/"]}]},{"@type":"ImageObject","inLanguage":"de","@id":"https:\/\/www.riyadelcadi.com\/de\/marrakesch\/sightjogging-in-marrakech\/#primaryimage","url":"https:\/\/www.riyadelcadi.com\/wp-content\/uploads\/2019\/01\/jogging-marrakech.jpg","contentUrl":"https:\/\/www.riyadelcadi.com\/wp-content\/uploads\/2019\/01\/jogging-marrakech.jpg","width":711,"height":400,"caption":"jogging marrakesh"},{"@type":"BreadcrumbList","@id":"https:\/\/www.riyadelcadi.com\/de\/marrakesch\/sightjogging-in-marrakech\/#breadcrumb","itemListElement":[{"@type":"ListItem","position":1,"name":"Startseite","item":"https:\/\/www.riyadelcadi.com\/de\/"},{"@type":"ListItem","position":2,"name":"Urlaub in Marrakesch","item":"https:\/\/www.riyadelcadi.com\/de\/marrakesch\/"},{"@type":"ListItem","position":3,"name":"Sightjogging"}]},{"@type":"WebSite","@id":"https:\/\/www.riyadelcadi.com\/de\/#website","url":"https:\/\/www.riyadelcadi.com\/de\/","name":"Riyad El Cadi","description":"Riad mit Stil in Marrakesch","potentialAction":[{"@type":"SearchAction","target":{"@type":"EntryPoint","urlTemplate":"https:\/\/www.riyadelcadi.com\/de\/?s={search_term_string}"},"query-input":{"@type":"PropertyValueSpecification","valueRequired":true,"valueName":"search_term_string"}}],"inLanguage":"de"}]}},"_links":{"self":[{"href":"https:\/\/www.riyadelcadi.com\/de\/wp-json\/wp\/v2\/pages\/17095"}],"collection":[{"href":"https:\/\/www.riyadelcadi.com\/de\/wp-json\/wp\/v2\/pages"}],"about":[{"href":"https:\/\/www.riyadelcadi.com\/de\/wp-json\/wp\/v2\/types\/page"}],"author":[{"embeddable":true,"href":"https:\/\/www.riyadelcadi.com\/de\/wp-json\/wp\/v2\/users\/4"}],"replies":[{"embeddable":true,"href":"https:\/\/www.riyadelcadi.com\/de\/wp-json\/wp\/v2\/comments?post=17095"}],"version-history":[{"count":0,"href":"https:\/\/www.riyadelcadi.com\/de\/wp-json\/wp\/v2\/pages\/17095\/revisions"}],"up":[{"embeddable":true,"href":"https:\/\/www.riyadelcadi.com\/de\/wp-json\/wp\/v2\/pages\/17020"}],"wp:featuredmedia":[{"embeddable":true,"href":"https:\/\/www.riyadelcadi.com\/de\/wp-json\/wp\/v2\/media\/22481"}],"wp:attachment":[{"href":"https:\/\/www.riyadelcadi.com\/de\/wp-json\/wp\/v2\/media?parent=17095"}],"curies":[{"name":"wp","href":"https:\/\/api.w.org\/{rel}","templated":true}]}}