{"id":17065,"date":"2013-02-23T18:35:12","date_gmt":"2013-02-23T17:35:12","guid":{"rendered":"http:\/\/www.riyadelcadi.com\/?page_id=17065&#038;lang=de"},"modified":"2022-09-23T09:55:56","modified_gmt":"2022-09-23T07:55:56","slug":"golfreisen-nach-marrakech-mit-riyad-el-cadi","status":"publish","type":"page","link":"https:\/\/www.riyadelcadi.com\/de\/sonderangebote\/golfreisen-nach-marrakech-mit-riyad-el-cadi\/","title":{"rendered":"Golfreisen nach Marrakech mit Riyad El Cadi"},"content":{"rendered":"<div class=\"wpb-content-wrapper\"><p>[vc_section][vc_row][vc_column][vc_column_text]<\/p>\n<h2 style=\"text-align: center;\"><strong>Golf Package<\/strong><\/h2>\n<p style=\"text-align: center;\">Wir im Hotel Riyad El Cadi bieten f\u00fcr Golfer zu der f\u00fcr das <strong>Golf-Spiel besten Jahreszeit im Herbst und Januar<\/strong> ein Package mit attraktiven Preisen an.<\/p>\n<p>[\/vc_column_text][\/vc_column][\/vc_row][vc_row equal_height=&#8220;yes&#8220; content_placement=&#8220;top&#8220;][vc_column width=&#8220;1\/2&#8243;][vc_column_text]<\/p>\n<h3>DAS GOLF-PACKAGE ENTH\u00c4LT:<\/h3>\n<ul>\n<li>7 \u00dcbernachtungen im Hotel Riyad el Cadi inkl. Fr\u00fchst\u00fcck.<\/li>\n<li>Greenfee auf den <a title=\"Golf\" href=\"https:\/\/www.riyadelcadi.com\/de\/marrakesch\/golf\/\">Golf-Pl\u00e4tzen<\/a> \u201cClub de la Palmeraie Golf\u201d, \u201c<a title=\"Royal Golf Marrakech\" href=\"http:\/\/www.royalgolfmarrakech.com\/\" target=\"_blank\" rel=\"noopener noreferrer\">Royal Golf de Marrakech<\/a>\u201d und \u201c<a title=\"Amelkis Golf\" href=\"http:\/\/www.golf-stage-maroc.com\/\" target=\"_blank\" rel=\"noopener noreferrer\">Golf d\u2019Amelkis<\/a>\u201d mit Ihrem eigenen Caddy.<\/li>\n<li>Transfers zu den Golf-Pl\u00e4tzen.<\/li>\n<li>5 Abendessen im Hotel Riyad el Cadi.<\/li>\n<li>Exklusiver Besuch des hauseigenen Hammam, inkl. Gommage (Peeling mit schwarzer Seife aus Oliven\u00f6l und Handschuh aus Ziegenhaar) sowie anschlie\u00dfender Wellness Massage.<\/li>\n<li>3-st\u00fcndige individuelle Stadtf\u00fchrung zu den Sehensw\u00fcrdigkeiten Marrakechs, wie den Pal\u00e4sten und Saadier Gr\u00e4bern, dem j\u00fcdischen Viertel Mellah oder eine F\u00fchrung durch die labyrinthischen Gassen der Souqs und die Koranschule Medersa Ben Youssef.<\/li>\n<li>VIP Empfang mit frisch gepre\u00dftem Orangensaft und Fingerfood.<\/li>\n<li>Mineralwasser w\u00e4hrend des Aufenthaltes.<\/li>\n<li>Afternoon Tea und Kaffee.<\/li>\n<\/ul>\n<p>[\/vc_column_text]<div class=\"ut-btn-group  ut-btn-group-center ut-btn-group-tablet-center ut-btn-group-mobile-center clearfix\"><style type=\"text\/css\">#bklyn_btn_69ef738d2bf46 .bklyn-btn { color:#ffffff !important; background-color:#193d38 !important; }#bklyn_btn_69ef738d2bf46 .bklyn-btn:hover{ color:#ffffff !important; background-color:#46635f !important; }#bklyn_btn_69ef738d2bf46 .bklyn-btn:focus{ color:#ffffff !important; background-color:#46635f !important; }#bklyn_btn_69ef738d2bf46 .bklyn-btn:active { color:#ffffff !important; background-color:#46635f !important; }<\/style><div id=\"bklyn_btn_69ef738d2bf46\" class=\"bklyn-btn-holder btn-green bklyn-btn-first bklyn-btn-center bklyn-btn-tablet-center bklyn-btn-mobile-center\"><a title=\"\"   href=\"mailto:info@riyadelcadi.com\" target=\"_self\" class=\"bklyn-btn  bklyn-btn-small\" ><span class=\"ut-btn-text\">Kontakt<\/span><\/a><\/div><style type=\"text\/css\">#bklyn_btn_69ef738d2c022 .bklyn-btn { color:#ffffff !important; background-color:#eca65c !important; }#bklyn_btn_69ef738d2c022 .bklyn-btn:hover{ color:#ffffff !important; background-color:#efb273 !important; }#bklyn_btn_69ef738d2c022 .bklyn-btn:focus{ color:#ffffff !important; background-color:#efb273 !important; }#bklyn_btn_69ef738d2c022 .bklyn-btn:active { color:#ffffff !important; background-color:#efb273 !important; }<\/style><div id=\"bklyn_btn_69ef738d2c022\" class=\"bklyn-btn-holder  bklyn-btn-last bklyn-btn-center bklyn-btn-tablet-center bklyn-btn-mobile-center\"><a title=\"\"   href=\"https:\/\/direct-book.com\/properties\/riyadelcadidirect?locale=de&#038;items%5B0%5D%5Badults%5D=2&#038;items%5B0%5D%5Bchildren%5D=0&#038;items%5B0%5D%5Binfants%5D=0&#038;currency=EUR\" target=\"_self\" class=\"bklyn-btn  bklyn-btn-small\" ><span class=\"ut-btn-text\">Reservierung<\/span><\/a><\/div><\/div>[\/vc_column][vc_column width=&#8220;1\/2&#8243; css=&#8220;.vc_custom_1549562713070{border-left-width: 1px !important;padding-left: 60px !important;border-left-color: #b7b7b7 !important;border-left-style: solid !important;border-radius: 2px !important;}&#8220;][vc_column_text]<\/p>\n<div>\n<h3><strong>\u201cGolf Reise Marrakech\u201d\u00a0<\/strong>\u2013 Packagepreis f\u00fcr 7 N\u00e4chte:<\/h3>\n<p>Zeitraum:<strong> 23.11-20.12<\/strong> und <strong>05.01-28.01<\/strong><strong><br \/>\nDoppelzimmer<\/strong>: <strong>894 EUR<\/strong> pro Person statt <strong>1231 EUR<\/strong><br \/>\n<strong>Junior Suite<\/strong>: <strong>1065 EUR<\/strong> pro Person statt <strong>1477 EUR<\/strong><br \/>\nPreise gelten f\u00fcr Zimmer in Doppelbelegung. Dies ist eine Sonderrate. Buchungen sind verbindlich und k\u00f6nnen nicht storniert werden. F\u00fcr Golfreisen von Gruppen (ab 3 Zimmer) gew\u00e4hren wir weitere Rabatte.<\/p>\n<p>Alle Pl\u00e4tze sind nur 15-25 Minuten vom Riad entfernt. Gerne buchen wir Ihnen auch andere\/weitere Golfpl\u00e4tze nach Ihrer Wahl (m\u00f6glicherw. gegen Aufpreis) und beraten Sie hierzu.\u00a0Weitere Golf-Pl\u00e4tze: Al Maaden Golf Resort, Samanah Golf Club<\/p>\n<\/div>\n<p>[\/vc_column_text][\/vc_column][\/vc_row][vc_row gap=&#8220;15&#8243; equal_height=&#8220;yes&#8220;][vc_column width=&#8220;1\/4&#8243; css=&#8220;.vc_custom_1553351144459{background-color: #faf8f4 !important;}&#8220;][vc_column_text]Marokko hat sich in den letzten Jahren immer mehr zu der Destination schlechthin f\u00fcr <strong>Golf<\/strong> entwickelt: Das Wetter ist zuverl\u00e4ssig gut und so entstehen um Marrakech herum mehr traumhafte <strong>Golf-Pl\u00e4tze<\/strong>. Hier finden Sie wundersch\u00f6ne Gartenanlagen, Tees unter Palmen und immer wieder spektakul\u00e4rer Blick auf den schneebedeckten Atlas. Hier k\u00f6nnen Sie aufs Beste den Kultur-Urlaub mit dem <strong>Golf<\/strong> verbinden.[\/vc_column_text][\/vc_column][vc_column width=&#8220;1\/4&#8243; css=&#8220;.vc_custom_1553351276533{background: #faf8f4 url(https:\/\/www.riyadelcadi.com\/wp-content\/uploads\/2011\/08\/Golfcourse-e13128956423565.jpg?id=12038) !important;background-position: center !important;background-repeat: no-repeat !important;background-size: cover !important;}&#8220;][\/vc_column][vc_column width=&#8220;1\/4&#8243; css=&#8220;.vc_custom_1553351155385{background-color: #faf8f4 !important;}&#8220;][vc_column_text]Sie spielen auf den sch\u00f6nsten <a title=\"Golf\" href=\"https:\/\/www.riyadelcadi.com\/de\/marrakesch\/golf\/\">Golf-Pl\u00e4tzen<\/a> der Stadt, erholen sich anschlie\u00dfend auf unseren Terrassen, tauschen sich bei einem Drink unter Orangen \u00fcber Ihr Spiel aus. Bei einer Stadtf\u00fchrung lernen Sie Kultur und Menschen von Marrakech kennen und lassen sich nach einem anstrengenden Tag im Hammam verw\u00f6hnen.[\/vc_column_text][\/vc_column][vc_column width=&#8220;1\/4&#8243; css=&#8220;.vc_custom_1553351160673{background-color: #faf8f4 !important;}&#8220;][vc_column_text]<\/p>\n<div id=\"primary\" class=\"grid-parent grid-100 tablet-grid-100 mobile-grid-100 global \">\n<div id=\"post-17065\" class=\"post-17065 page type-page status-publish hentry\">\n<div class=\"grid-100 mobile-grid-100 tablet-grid-100\">\n<div class=\"entry-content clearfix\">\n<p style=\"text-align: left;\">Unser Team im Riad hilft Ihnen gerne bei der<strong> Organisation Ihres Aufenthaltes<\/strong> und rund um Ihr Golfspiel. Ben\u00f6tigen Sie einen Transfer vom Flughafen zum Riad? W\u00fcnschen Sie ein Abendessen am Tag Ihrer Ankunft? Wir buchen gerne f\u00fcr Sie Stadtf\u00fchrungen, Kochkurse, Restaurants oder Ausfl\u00fcge in das Umland von Marrakech, in die Berge oder ans Meer.<\/p>\n<\/div>\n<\/div>\n<\/div>\n<\/div>\n<p>[\/vc_column_text][\/vc_column][\/vc_row][vc_row][vc_column][\/vc_column][\/vc_row][\/vc_section][vc_row][vc_column][vc_column_text]<\/p>\n<p>[\/vc_column_text][\/vc_column][\/vc_row]<\/p>\n<\/div>","protected":false},"excerpt":{"rendered":"<p>[vc_section][vc_row][vc_column][vc_column_text] Golf Package Wir im Hotel Riyad El Cadi bieten f\u00fcr Golfer zu der f\u00fcr das Golf-Spiel besten Jahreszeit im Herbst und Januar ein Package mit attraktiven Preisen an. [\/vc_column_text][\/vc_column][\/vc_row][vc_row equal_height=&#8220;yes&#8220; content_placement=&#8220;top&#8220;][vc_column width=&#8220;1\/2&#8243;][vc_column_text] DAS GOLF-PACKAGE ENTH\u00c4LT: 7 \u00dcbernachtungen im Hotel Riyad el Cadi inkl. Fr\u00fchst\u00fcck. Greenfee auf den Golf-Pl\u00e4tzen \u201cClub de la Palmeraie Golf\u201d, \u201cRoyal [&hellip;]<\/p>\n","protected":false},"author":4,"featured_media":26276,"parent":22475,"menu_order":0,"comment_status":"closed","ping_status":"closed","template":"","meta":{"footnotes":""},"yoast_head":"<!-- This site is optimized with the Yoast SEO plugin v24.5 - https:\/\/yoast.com\/wordpress\/plugins\/seo\/ -->\n<title>Golfreisen nach Marrakech mit Riyad El Cadi - Riyad El Cadi<\/title>\n<meta name=\"robots\" content=\"index, follow, max-snippet:-1, max-image-preview:large, max-video-preview:-1\" \/>\n<link rel=\"canonical\" href=\"https:\/\/www.riyadelcadi.com\/de\/sonderangebote\/golfreisen-nach-marrakech-mit-riyad-el-cadi\/\" \/>\n<meta property=\"og:locale\" content=\"de_DE\" \/>\n<meta property=\"og:type\" content=\"article\" \/>\n<meta property=\"og:title\" content=\"Golfreisen nach Marrakech mit Riyad El Cadi - Riyad El Cadi\" \/>\n<meta property=\"og:description\" content=\"[vc_section][vc_row][vc_column][vc_column_text] Golf Package Wir im Hotel Riyad El Cadi bieten f\u00fcr Golfer zu der f\u00fcr das Golf-Spiel besten Jahreszeit im Herbst und Januar ein Package mit attraktiven Preisen an. [\/vc_column_text][\/vc_column][\/vc_row][vc_row equal_height=&#8220;yes&#8220; content_placement=&#8220;top&#8220;][vc_column width=&#8220;1\/2&#8243;][vc_column_text] DAS GOLF-PACKAGE ENTH\u00c4LT: 7 \u00dcbernachtungen im Hotel Riyad el Cadi inkl. Fr\u00fchst\u00fcck. Greenfee auf den Golf-Pl\u00e4tzen \u201cClub de la Palmeraie Golf\u201d, \u201cRoyal [&hellip;]\" \/>\n<meta property=\"og:url\" content=\"https:\/\/www.riyadelcadi.com\/de\/sonderangebote\/golfreisen-nach-marrakech-mit-riyad-el-cadi\/\" \/>\n<meta property=\"og:site_name\" content=\"Riyad El Cadi\" \/>\n<meta property=\"article:publisher\" content=\"https:\/\/www.facebook.com\/RiyadElCadi\/\" \/>\n<meta property=\"article:modified_time\" content=\"2022-09-23T07:55:56+00:00\" \/>\n<meta property=\"og:image\" content=\"https:\/\/www.riyadelcadi.com\/wp-content\/uploads\/2019\/03\/GOLF-david-goldsbury-382924-unsplash.jpg\" \/>\n\t<meta property=\"og:image:width\" content=\"1280\" \/>\n\t<meta property=\"og:image:height\" content=\"960\" \/>\n\t<meta property=\"og:image:type\" content=\"image\/jpeg\" \/>\n<meta name=\"twitter:card\" content=\"summary_large_image\" \/>\n<meta name=\"twitter:label1\" content=\"Gesch\u00e4tzte Lesezeit\" \/>\n\t<meta name=\"twitter:data1\" content=\"3\u00a0Minuten\" \/>\n<script type=\"application\/ld+json\" class=\"yoast-schema-graph\">{\"@context\":\"https:\/\/schema.org\",\"@graph\":[{\"@type\":\"WebPage\",\"@id\":\"https:\/\/www.riyadelcadi.com\/de\/sonderangebote\/golfreisen-nach-marrakech-mit-riyad-el-cadi\/\",\"url\":\"https:\/\/www.riyadelcadi.com\/de\/sonderangebote\/golfreisen-nach-marrakech-mit-riyad-el-cadi\/\",\"name\":\"Golfreisen nach Marrakech mit Riyad El Cadi - Riyad El Cadi\",\"isPartOf\":{\"@id\":\"https:\/\/www.riyadelcadi.com\/de\/#website\"},\"primaryImageOfPage\":{\"@id\":\"https:\/\/www.riyadelcadi.com\/de\/sonderangebote\/golfreisen-nach-marrakech-mit-riyad-el-cadi\/#primaryimage\"},\"image\":{\"@id\":\"https:\/\/www.riyadelcadi.com\/de\/sonderangebote\/golfreisen-nach-marrakech-mit-riyad-el-cadi\/#primaryimage\"},\"thumbnailUrl\":\"https:\/\/www.riyadelcadi.com\/wp-content\/uploads\/2019\/03\/GOLF-david-goldsbury-382924-unsplash.jpg\",\"datePublished\":\"2013-02-23T17:35:12+00:00\",\"dateModified\":\"2022-09-23T07:55:56+00:00\",\"breadcrumb\":{\"@id\":\"https:\/\/www.riyadelcadi.com\/de\/sonderangebote\/golfreisen-nach-marrakech-mit-riyad-el-cadi\/#breadcrumb\"},\"inLanguage\":\"de\",\"potentialAction\":[{\"@type\":\"ReadAction\",\"target\":[\"https:\/\/www.riyadelcadi.com\/de\/sonderangebote\/golfreisen-nach-marrakech-mit-riyad-el-cadi\/\"]}]},{\"@type\":\"ImageObject\",\"inLanguage\":\"de\",\"@id\":\"https:\/\/www.riyadelcadi.com\/de\/sonderangebote\/golfreisen-nach-marrakech-mit-riyad-el-cadi\/#primaryimage\",\"url\":\"https:\/\/www.riyadelcadi.com\/wp-content\/uploads\/2019\/03\/GOLF-david-goldsbury-382924-unsplash.jpg\",\"contentUrl\":\"https:\/\/www.riyadelcadi.com\/wp-content\/uploads\/2019\/03\/GOLF-david-goldsbury-382924-unsplash.jpg\",\"width\":1280,\"height\":960},{\"@type\":\"BreadcrumbList\",\"@id\":\"https:\/\/www.riyadelcadi.com\/de\/sonderangebote\/golfreisen-nach-marrakech-mit-riyad-el-cadi\/#breadcrumb\",\"itemListElement\":[{\"@type\":\"ListItem\",\"position\":1,\"name\":\"Startseite\",\"item\":\"https:\/\/www.riyadelcadi.com\/de\/\"},{\"@type\":\"ListItem\",\"position\":2,\"name\":\"Sonderangebote\",\"item\":\"https:\/\/www.riyadelcadi.com\/de\/sonderangebote\/\"},{\"@type\":\"ListItem\",\"position\":3,\"name\":\"Golfreisen nach Marrakech mit Riyad El Cadi\"}]},{\"@type\":\"WebSite\",\"@id\":\"https:\/\/www.riyadelcadi.com\/de\/#website\",\"url\":\"https:\/\/www.riyadelcadi.com\/de\/\",\"name\":\"Riyad El Cadi\",\"description\":\"Riad mit Stil in Marrakesch\",\"potentialAction\":[{\"@type\":\"SearchAction\",\"target\":{\"@type\":\"EntryPoint\",\"urlTemplate\":\"https:\/\/www.riyadelcadi.com\/de\/?s={search_term_string}\"},\"query-input\":{\"@type\":\"PropertyValueSpecification\",\"valueRequired\":true,\"valueName\":\"search_term_string\"}}],\"inLanguage\":\"de\"}]}<\/script>\n<!-- \/ Yoast SEO plugin. -->","yoast_head_json":{"title":"Golfreisen nach Marrakech mit Riyad El Cadi - Riyad El Cadi","robots":{"index":"index","follow":"follow","max-snippet":"max-snippet:-1","max-image-preview":"max-image-preview:large","max-video-preview":"max-video-preview:-1"},"canonical":"https:\/\/www.riyadelcadi.com\/de\/sonderangebote\/golfreisen-nach-marrakech-mit-riyad-el-cadi\/","og_locale":"de_DE","og_type":"article","og_title":"Golfreisen nach Marrakech mit Riyad El Cadi - Riyad El Cadi","og_description":"[vc_section][vc_row][vc_column][vc_column_text] Golf Package Wir im Hotel Riyad El Cadi bieten f\u00fcr Golfer zu der f\u00fcr das Golf-Spiel besten Jahreszeit im Herbst und Januar ein Package mit attraktiven Preisen an. [\/vc_column_text][\/vc_column][\/vc_row][vc_row equal_height=&#8220;yes&#8220; content_placement=&#8220;top&#8220;][vc_column width=&#8220;1\/2&#8243;][vc_column_text] DAS GOLF-PACKAGE ENTH\u00c4LT: 7 \u00dcbernachtungen im Hotel Riyad el Cadi inkl. Fr\u00fchst\u00fcck. Greenfee auf den Golf-Pl\u00e4tzen \u201cClub de la Palmeraie Golf\u201d, \u201cRoyal [&hellip;]","og_url":"https:\/\/www.riyadelcadi.com\/de\/sonderangebote\/golfreisen-nach-marrakech-mit-riyad-el-cadi\/","og_site_name":"Riyad El Cadi","article_publisher":"https:\/\/www.facebook.com\/RiyadElCadi\/","article_modified_time":"2022-09-23T07:55:56+00:00","og_image":[{"width":1280,"height":960,"url":"https:\/\/www.riyadelcadi.com\/wp-content\/uploads\/2019\/03\/GOLF-david-goldsbury-382924-unsplash.jpg","type":"image\/jpeg"}],"twitter_card":"summary_large_image","twitter_misc":{"Gesch\u00e4tzte Lesezeit":"3\u00a0Minuten"},"schema":{"@context":"https:\/\/schema.org","@graph":[{"@type":"WebPage","@id":"https:\/\/www.riyadelcadi.com\/de\/sonderangebote\/golfreisen-nach-marrakech-mit-riyad-el-cadi\/","url":"https:\/\/www.riyadelcadi.com\/de\/sonderangebote\/golfreisen-nach-marrakech-mit-riyad-el-cadi\/","name":"Golfreisen nach Marrakech mit Riyad El Cadi - Riyad El Cadi","isPartOf":{"@id":"https:\/\/www.riyadelcadi.com\/de\/#website"},"primaryImageOfPage":{"@id":"https:\/\/www.riyadelcadi.com\/de\/sonderangebote\/golfreisen-nach-marrakech-mit-riyad-el-cadi\/#primaryimage"},"image":{"@id":"https:\/\/www.riyadelcadi.com\/de\/sonderangebote\/golfreisen-nach-marrakech-mit-riyad-el-cadi\/#primaryimage"},"thumbnailUrl":"https:\/\/www.riyadelcadi.com\/wp-content\/uploads\/2019\/03\/GOLF-david-goldsbury-382924-unsplash.jpg","datePublished":"2013-02-23T17:35:12+00:00","dateModified":"2022-09-23T07:55:56+00:00","breadcrumb":{"@id":"https:\/\/www.riyadelcadi.com\/de\/sonderangebote\/golfreisen-nach-marrakech-mit-riyad-el-cadi\/#breadcrumb"},"inLanguage":"de","potentialAction":[{"@type":"ReadAction","target":["https:\/\/www.riyadelcadi.com\/de\/sonderangebote\/golfreisen-nach-marrakech-mit-riyad-el-cadi\/"]}]},{"@type":"ImageObject","inLanguage":"de","@id":"https:\/\/www.riyadelcadi.com\/de\/sonderangebote\/golfreisen-nach-marrakech-mit-riyad-el-cadi\/#primaryimage","url":"https:\/\/www.riyadelcadi.com\/wp-content\/uploads\/2019\/03\/GOLF-david-goldsbury-382924-unsplash.jpg","contentUrl":"https:\/\/www.riyadelcadi.com\/wp-content\/uploads\/2019\/03\/GOLF-david-goldsbury-382924-unsplash.jpg","width":1280,"height":960},{"@type":"BreadcrumbList","@id":"https:\/\/www.riyadelcadi.com\/de\/sonderangebote\/golfreisen-nach-marrakech-mit-riyad-el-cadi\/#breadcrumb","itemListElement":[{"@type":"ListItem","position":1,"name":"Startseite","item":"https:\/\/www.riyadelcadi.com\/de\/"},{"@type":"ListItem","position":2,"name":"Sonderangebote","item":"https:\/\/www.riyadelcadi.com\/de\/sonderangebote\/"},{"@type":"ListItem","position":3,"name":"Golfreisen nach Marrakech mit Riyad El Cadi"}]},{"@type":"WebSite","@id":"https:\/\/www.riyadelcadi.com\/de\/#website","url":"https:\/\/www.riyadelcadi.com\/de\/","name":"Riyad El Cadi","description":"Riad mit Stil in Marrakesch","potentialAction":[{"@type":"SearchAction","target":{"@type":"EntryPoint","urlTemplate":"https:\/\/www.riyadelcadi.com\/de\/?s={search_term_string}"},"query-input":{"@type":"PropertyValueSpecification","valueRequired":true,"valueName":"search_term_string"}}],"inLanguage":"de"}]}},"_links":{"self":[{"href":"https:\/\/www.riyadelcadi.com\/de\/wp-json\/wp\/v2\/pages\/17065"}],"collection":[{"href":"https:\/\/www.riyadelcadi.com\/de\/wp-json\/wp\/v2\/pages"}],"about":[{"href":"https:\/\/www.riyadelcadi.com\/de\/wp-json\/wp\/v2\/types\/page"}],"author":[{"embeddable":true,"href":"https:\/\/www.riyadelcadi.com\/de\/wp-json\/wp\/v2\/users\/4"}],"replies":[{"embeddable":true,"href":"https:\/\/www.riyadelcadi.com\/de\/wp-json\/wp\/v2\/comments?post=17065"}],"version-history":[{"count":0,"href":"https:\/\/www.riyadelcadi.com\/de\/wp-json\/wp\/v2\/pages\/17065\/revisions"}],"up":[{"embeddable":true,"href":"https:\/\/www.riyadelcadi.com\/de\/wp-json\/wp\/v2\/pages\/22475"}],"wp:featuredmedia":[{"embeddable":true,"href":"https:\/\/www.riyadelcadi.com\/de\/wp-json\/wp\/v2\/media\/26276"}],"wp:attachment":[{"href":"https:\/\/www.riyadelcadi.com\/de\/wp-json\/wp\/v2\/media?parent=17065"}],"curies":[{"name":"wp","href":"https:\/\/api.w.org\/{rel}","templated":true}]}}