{"id":17049,"date":"2011-08-09T18:59:44","date_gmt":"2011-08-09T16:59:44","guid":{"rendered":"http:\/\/www.riyadelcadi.com\/?page_id=17049&#038;lang=de"},"modified":"2023-02-22T08:57:48","modified_gmt":"2023-02-22T07:57:48","slug":"holiday-package-marrakesch-entdecken","status":"publish","type":"page","link":"https:\/\/www.riyadelcadi.com\/de\/sonderangebote\/holiday-package-marrakesch-entdecken\/","title":{"rendered":"Holiday Package: Marrakesch Entdecken"},"content":{"rendered":"<div class=\"wpb-content-wrapper\"><p>[vc_section][vc_row][vc_column][vc_column_text]<\/p>\n<h2><strong>Marrakesch entdecken von seiner besten Seite<\/strong><\/h2>\n<p>Demjenigen, der eine jede Laune der Stadt erfahren und m\u00f6glichst verschiedene Facetten von Marrakesch entdecken will, empfehlen wir einen Aufenthalt von vier N\u00e4chten und bieten das Holiday Package an:<\/p>\n<p>[\/vc_column_text][\/vc_column][\/vc_row][vc_row][vc_column width=&#8220;1\/2&#8243;][vc_column_text]<\/p>\n<h3>IN DEM HOLIDAY PACKAGE SIND ENTHALTEN:<\/h3>\n<ul>\n<li><strong>Vier N\u00e4chte<\/strong> in einem Doppelzimmer oder einer Suite<\/li>\n<li>\u201e<strong>Marrakesch Entdecken<\/strong>\u201c &#8211; <strong>Stadtf\u00fchrung<\/strong> (3 Stunden) mit qualifiziertem F\u00fchrer<\/li>\n<li>Fr\u00fchst\u00fcck auf den Dachterrassen inklusive<\/li>\n<li>eine <strong>Flasche marokkanischer Wein<\/strong> in Ihrem Zimmer<\/li>\n<li>Besuch unseres <strong>Hammam<\/strong><\/li>\n<li>ein Welcome Drink zur Begr\u00fc\u00dfung<\/li>\n<li>inklusive Mineralwasser w\u00e4hrend Ihres gesamten Aufenthaltes<\/li>\n<li>inklusive Nachmittagstee oder Kaffee<\/li>\n<\/ul>\n<p>[\/vc_column_text]<div class=\"ut-btn-group  ut-btn-group-center ut-btn-group-tablet-center ut-btn-group-mobile-center clearfix\"><style type=\"text\/css\">#bklyn_btn_69ef76c51dd9f .bklyn-btn { color:#ffffff !important; background-color:#193d38 !important; }#bklyn_btn_69ef76c51dd9f .bklyn-btn:hover{ color:#ffffff !important; background-color:#46635f !important; }#bklyn_btn_69ef76c51dd9f .bklyn-btn:focus{ color:#ffffff !important; background-color:#46635f !important; }#bklyn_btn_69ef76c51dd9f .bklyn-btn:active { color:#ffffff !important; background-color:#46635f !important; }<\/style><div id=\"bklyn_btn_69ef76c51dd9f\" class=\"bklyn-btn-holder btn-green bklyn-btn-first bklyn-btn-center bklyn-btn-tablet-center bklyn-btn-mobile-center\"><a title=\"\"   href=\"mailto:info@riyadelcadi.com\" target=\"_self\" class=\"bklyn-btn  bklyn-btn-small\" ><span class=\"ut-btn-text\">Kontakt<\/span><\/a><\/div><style type=\"text\/css\">#bklyn_btn_69ef76c51deb3 .bklyn-btn { color:#ffffff !important; background-color:#eca65c !important; }#bklyn_btn_69ef76c51deb3 .bklyn-btn:hover{ color:#ffffff !important; background-color:#efb273 !important; }#bklyn_btn_69ef76c51deb3 .bklyn-btn:focus{ color:#ffffff !important; background-color:#efb273 !important; }#bklyn_btn_69ef76c51deb3 .bklyn-btn:active { color:#ffffff !important; background-color:#efb273 !important; }<\/style><div id=\"bklyn_btn_69ef76c51deb3\" class=\"bklyn-btn-holder  bklyn-btn-last bklyn-btn-center bklyn-btn-tablet-center bklyn-btn-mobile-center\"><a title=\"\"   href=\"https:\/\/direct-book.com\/properties\/riyadelcadidirect?number_nights=4&#038;number_adults=2&#038;promotion_code=Special&#038;locale=de\" target=\"_blank\" class=\"bklyn-btn  bklyn-btn-small\" ><span class=\"ut-btn-text\">Reservierung<\/span><\/a><\/div><\/div>[\/vc_column][vc_column width=&#8220;1\/2&#8243; css=&#8220;.vc_custom_1549562713070{border-left-width: 1px !important;padding-left: 60px !important;border-left-color: #b7b7b7 !important;border-left-style: solid !important;border-radius: 2px !important;}&#8220;][vc_column_text]<strong>Preise:<\/strong><\/p>\n<p><strong>Doppelzimmer<\/strong> ab\u00a0 <strong>775 EUR<\/strong> (Sommer : ab 715 EUR).<br \/>\n<strong>Suiten<\/strong>\u00a0ab\u00a0<strong>1205 EUR<\/strong> (Sommer : ab 1105 EUR)<\/p>\n<p>Ben\u00f6tigen Sie <strong>mehr Tage, um Marrakesch zu entdecke<\/strong>n: Wir bieten Ihnen zus\u00e4tzliche N\u00e4chte zu einem Sonderpreis an.<\/p>\n<p>Das Angebot ist das gesamte Jahr \u00fcber g\u00fcltig.[\/vc_column_text][\/vc_column][\/vc_row][vc_row][vc_column][vc_column_text]<\/p>\n<h3><strong>Tips Marrakech entdecken:<\/strong><\/h3>\n<p>[\/vc_column_text][vc_row_inner equal_height=&#8220;yes&#8220; content_placement=&#8220;top&#8220; gap=&#8220;15&#8243;][vc_column_inner width=&#8220;1\/3&#8243; css=&#8220;.vc_custom_1551358615799{background-color: rgba(250, 248, 244) !important;*background-color: rgba(250,248, 244) !important;}&#8220;][vc_column_text]<\/p>\n<h4>Stadtf\u00fchrung<\/h4>\n<p>Reservieren Sie sich zumindest einen halben Tag f\u00fcr eine ausgiebige Stadtf\u00fchrung (im Package enthalten), die Sie die Kultur von Marrakesch entdecken l\u00e4\u00dft: Alte Pascha-Pal\u00e4ste, eine Koranschule und unz\u00e4hlige Buden mit altem Handwerk.[\/vc_column_text][\/vc_column_inner][vc_column_inner width=&#8220;1\/3&#8243; css=&#8220;.vc_custom_1551358608196{background-color: rgba(250, 248, 244) !important;*background-color: rgba(250,248, 244) !important;}&#8220;][vc_column_text]<\/p>\n<h4>Rechnen Sie mit einem Tag, um durch die Souks zu streifen<\/h4>\n<p>Hier k\u00f6nnen Sie am besten erfahren, was Leben bedeutet in Marrakesch: Entdecken Sie kleine Gassen, archaische Metallwerkst\u00e4tten, verlaufen Sie sich bei den Messerschleifern und finden Sie wieder zur\u00fcck zu den Souks mit den sch\u00f6nen, seidigen Stoffen. Nach dem ausgiebigen Spaziergang k\u00f6nnen Sie sich in unserem Hammam erholen (im Angebot inklusive).[\/vc_column_text][\/vc_column_inner][vc_column_inner width=&#8220;1\/3&#8243; css=&#8220;.vc_custom_1551358586097{background-color: rgba(250, 248, 244) !important;*background-color: rgba(250,248, 244) !important;}&#8220;][vc_column_text]<\/p>\n<h4>Ein weiterer Tag kann dazu dienen, die Umgebung von Marrakesch zu entdecken<\/h4>\n<p>Ein Ausflug in den Atlas: kraxeln Sie an den Wasserf\u00e4llen von Settim Fatma, reiten Sie auf Eseln durch malerische Berberd\u00f6rfer und essen Sie eine frische Tajine umgeben von den hohen Bergen des Atlas. Zieht es Sie eher ans Meer, empfehlen wir Ihnen einen Ausflug nach Essaouira, der malerischen Fischerstadt an der Atlantikk\u00fcste. Vergleichen Sie unsere Ausflugsvorschl\u00e4ge.[\/vc_column_text][\/vc_column_inner][\/vc_row_inner][\/vc_column][\/vc_row][\/vc_section][vc_row][vc_column][vc_column_text]<\/p>\n<p>[\/vc_column_text][\/vc_column][\/vc_row]<\/p>\n<\/div>","protected":false},"excerpt":{"rendered":"<p>[vc_section][vc_row][vc_column][vc_column_text] Marrakesch entdecken von seiner besten Seite Demjenigen, der eine jede Laune der Stadt erfahren und m\u00f6glichst verschiedene Facetten von Marrakesch entdecken will, empfehlen wir einen Aufenthalt von vier N\u00e4chten und bieten das Holiday Package an: [\/vc_column_text][\/vc_column][\/vc_row][vc_row][vc_column width=&#8220;1\/2&#8243;][vc_column_text] IN DEM HOLIDAY PACKAGE SIND ENTHALTEN: Vier N\u00e4chte in einem Doppelzimmer oder einer Suite \u201eMarrakesch Entdecken\u201c &#8211; [&hellip;]<\/p>\n","protected":false},"author":4,"featured_media":19169,"parent":22475,"menu_order":4,"comment_status":"closed","ping_status":"closed","template":"","meta":{"footnotes":""},"yoast_head":"<!-- This site is optimized with the Yoast SEO plugin v24.5 - https:\/\/yoast.com\/wordpress\/plugins\/seo\/ -->\n<title>Holiday Package: Marrakesch Entdecken - Riyad El Cadi<\/title>\n<meta name=\"robots\" content=\"index, follow, max-snippet:-1, max-image-preview:large, max-video-preview:-1\" \/>\n<link rel=\"canonical\" href=\"https:\/\/www.riyadelcadi.com\/de\/sonderangebote\/holiday-package-marrakesch-entdecken\/\" \/>\n<meta property=\"og:locale\" content=\"de_DE\" \/>\n<meta property=\"og:type\" content=\"article\" \/>\n<meta property=\"og:title\" content=\"Holiday Package: Marrakesch Entdecken - Riyad El Cadi\" \/>\n<meta property=\"og:description\" content=\"[vc_section][vc_row][vc_column][vc_column_text] Marrakesch entdecken von seiner besten Seite Demjenigen, der eine jede Laune der Stadt erfahren und m\u00f6glichst verschiedene Facetten von Marrakesch entdecken will, empfehlen wir einen Aufenthalt von vier N\u00e4chten und bieten das Holiday Package an: [\/vc_column_text][\/vc_column][\/vc_row][vc_row][vc_column width=&#8220;1\/2&#8243;][vc_column_text] IN DEM HOLIDAY PACKAGE SIND ENTHALTEN: Vier N\u00e4chte in einem Doppelzimmer oder einer Suite \u201eMarrakesch Entdecken\u201c &#8211; [&hellip;]\" \/>\n<meta property=\"og:url\" content=\"https:\/\/www.riyadelcadi.com\/de\/sonderangebote\/holiday-package-marrakesch-entdecken\/\" \/>\n<meta property=\"og:site_name\" content=\"Riyad El Cadi\" \/>\n<meta property=\"article:publisher\" content=\"https:\/\/www.facebook.com\/RiyadElCadi\/\" \/>\n<meta property=\"article:modified_time\" content=\"2023-02-22T07:57:48+00:00\" \/>\n<meta property=\"og:image\" content=\"https:\/\/www.riyadelcadi.com\/wp-content\/uploads\/2016\/03\/Ottoman-Bassin_jed.kaoru_.share_.jpg\" \/>\n\t<meta property=\"og:image:width\" content=\"1280\" \/>\n\t<meta property=\"og:image:height\" content=\"853\" \/>\n\t<meta property=\"og:image:type\" content=\"image\/jpeg\" \/>\n<meta name=\"twitter:card\" content=\"summary_large_image\" \/>\n<meta name=\"twitter:label1\" content=\"Gesch\u00e4tzte Lesezeit\" \/>\n\t<meta name=\"twitter:data1\" content=\"3\u00a0Minuten\" \/>\n<script type=\"application\/ld+json\" class=\"yoast-schema-graph\">{\"@context\":\"https:\/\/schema.org\",\"@graph\":[{\"@type\":\"WebPage\",\"@id\":\"https:\/\/www.riyadelcadi.com\/de\/sonderangebote\/holiday-package-marrakesch-entdecken\/\",\"url\":\"https:\/\/www.riyadelcadi.com\/de\/sonderangebote\/holiday-package-marrakesch-entdecken\/\",\"name\":\"Holiday Package: Marrakesch Entdecken - Riyad El Cadi\",\"isPartOf\":{\"@id\":\"https:\/\/www.riyadelcadi.com\/de\/#website\"},\"primaryImageOfPage\":{\"@id\":\"https:\/\/www.riyadelcadi.com\/de\/sonderangebote\/holiday-package-marrakesch-entdecken\/#primaryimage\"},\"image\":{\"@id\":\"https:\/\/www.riyadelcadi.com\/de\/sonderangebote\/holiday-package-marrakesch-entdecken\/#primaryimage\"},\"thumbnailUrl\":\"https:\/\/www.riyadelcadi.com\/wp-content\/uploads\/2016\/03\/Ottoman-Bassin_jed.kaoru_.share_.jpg\",\"datePublished\":\"2011-08-09T16:59:44+00:00\",\"dateModified\":\"2023-02-22T07:57:48+00:00\",\"breadcrumb\":{\"@id\":\"https:\/\/www.riyadelcadi.com\/de\/sonderangebote\/holiday-package-marrakesch-entdecken\/#breadcrumb\"},\"inLanguage\":\"de\",\"potentialAction\":[{\"@type\":\"ReadAction\",\"target\":[\"https:\/\/www.riyadelcadi.com\/de\/sonderangebote\/holiday-package-marrakesch-entdecken\/\"]}]},{\"@type\":\"ImageObject\",\"inLanguage\":\"de\",\"@id\":\"https:\/\/www.riyadelcadi.com\/de\/sonderangebote\/holiday-package-marrakesch-entdecken\/#primaryimage\",\"url\":\"https:\/\/www.riyadelcadi.com\/wp-content\/uploads\/2016\/03\/Ottoman-Bassin_jed.kaoru_.share_.jpg\",\"contentUrl\":\"https:\/\/www.riyadelcadi.com\/wp-content\/uploads\/2016\/03\/Ottoman-Bassin_jed.kaoru_.share_.jpg\",\"width\":1280,\"height\":853,\"caption\":\"Detail\"},{\"@type\":\"BreadcrumbList\",\"@id\":\"https:\/\/www.riyadelcadi.com\/de\/sonderangebote\/holiday-package-marrakesch-entdecken\/#breadcrumb\",\"itemListElement\":[{\"@type\":\"ListItem\",\"position\":1,\"name\":\"Startseite\",\"item\":\"https:\/\/www.riyadelcadi.com\/de\/\"},{\"@type\":\"ListItem\",\"position\":2,\"name\":\"Sonderangebote\",\"item\":\"https:\/\/www.riyadelcadi.com\/de\/sonderangebote\/\"},{\"@type\":\"ListItem\",\"position\":3,\"name\":\"Holiday Package: Marrakesch Entdecken\"}]},{\"@type\":\"WebSite\",\"@id\":\"https:\/\/www.riyadelcadi.com\/de\/#website\",\"url\":\"https:\/\/www.riyadelcadi.com\/de\/\",\"name\":\"Riyad El Cadi\",\"description\":\"Riad mit Stil in Marrakesch\",\"potentialAction\":[{\"@type\":\"SearchAction\",\"target\":{\"@type\":\"EntryPoint\",\"urlTemplate\":\"https:\/\/www.riyadelcadi.com\/de\/?s={search_term_string}\"},\"query-input\":{\"@type\":\"PropertyValueSpecification\",\"valueRequired\":true,\"valueName\":\"search_term_string\"}}],\"inLanguage\":\"de\"}]}<\/script>\n<!-- \/ Yoast SEO plugin. -->","yoast_head_json":{"title":"Holiday Package: Marrakesch Entdecken - Riyad El Cadi","robots":{"index":"index","follow":"follow","max-snippet":"max-snippet:-1","max-image-preview":"max-image-preview:large","max-video-preview":"max-video-preview:-1"},"canonical":"https:\/\/www.riyadelcadi.com\/de\/sonderangebote\/holiday-package-marrakesch-entdecken\/","og_locale":"de_DE","og_type":"article","og_title":"Holiday Package: Marrakesch Entdecken - Riyad El Cadi","og_description":"[vc_section][vc_row][vc_column][vc_column_text] Marrakesch entdecken von seiner besten Seite Demjenigen, der eine jede Laune der Stadt erfahren und m\u00f6glichst verschiedene Facetten von Marrakesch entdecken will, empfehlen wir einen Aufenthalt von vier N\u00e4chten und bieten das Holiday Package an: [\/vc_column_text][\/vc_column][\/vc_row][vc_row][vc_column width=&#8220;1\/2&#8243;][vc_column_text] IN DEM HOLIDAY PACKAGE SIND ENTHALTEN: Vier N\u00e4chte in einem Doppelzimmer oder einer Suite \u201eMarrakesch Entdecken\u201c &#8211; [&hellip;]","og_url":"https:\/\/www.riyadelcadi.com\/de\/sonderangebote\/holiday-package-marrakesch-entdecken\/","og_site_name":"Riyad El Cadi","article_publisher":"https:\/\/www.facebook.com\/RiyadElCadi\/","article_modified_time":"2023-02-22T07:57:48+00:00","og_image":[{"width":1280,"height":853,"url":"https:\/\/www.riyadelcadi.com\/wp-content\/uploads\/2016\/03\/Ottoman-Bassin_jed.kaoru_.share_.jpg","type":"image\/jpeg"}],"twitter_card":"summary_large_image","twitter_misc":{"Gesch\u00e4tzte Lesezeit":"3\u00a0Minuten"},"schema":{"@context":"https:\/\/schema.org","@graph":[{"@type":"WebPage","@id":"https:\/\/www.riyadelcadi.com\/de\/sonderangebote\/holiday-package-marrakesch-entdecken\/","url":"https:\/\/www.riyadelcadi.com\/de\/sonderangebote\/holiday-package-marrakesch-entdecken\/","name":"Holiday Package: Marrakesch Entdecken - Riyad El Cadi","isPartOf":{"@id":"https:\/\/www.riyadelcadi.com\/de\/#website"},"primaryImageOfPage":{"@id":"https:\/\/www.riyadelcadi.com\/de\/sonderangebote\/holiday-package-marrakesch-entdecken\/#primaryimage"},"image":{"@id":"https:\/\/www.riyadelcadi.com\/de\/sonderangebote\/holiday-package-marrakesch-entdecken\/#primaryimage"},"thumbnailUrl":"https:\/\/www.riyadelcadi.com\/wp-content\/uploads\/2016\/03\/Ottoman-Bassin_jed.kaoru_.share_.jpg","datePublished":"2011-08-09T16:59:44+00:00","dateModified":"2023-02-22T07:57:48+00:00","breadcrumb":{"@id":"https:\/\/www.riyadelcadi.com\/de\/sonderangebote\/holiday-package-marrakesch-entdecken\/#breadcrumb"},"inLanguage":"de","potentialAction":[{"@type":"ReadAction","target":["https:\/\/www.riyadelcadi.com\/de\/sonderangebote\/holiday-package-marrakesch-entdecken\/"]}]},{"@type":"ImageObject","inLanguage":"de","@id":"https:\/\/www.riyadelcadi.com\/de\/sonderangebote\/holiday-package-marrakesch-entdecken\/#primaryimage","url":"https:\/\/www.riyadelcadi.com\/wp-content\/uploads\/2016\/03\/Ottoman-Bassin_jed.kaoru_.share_.jpg","contentUrl":"https:\/\/www.riyadelcadi.com\/wp-content\/uploads\/2016\/03\/Ottoman-Bassin_jed.kaoru_.share_.jpg","width":1280,"height":853,"caption":"Detail"},{"@type":"BreadcrumbList","@id":"https:\/\/www.riyadelcadi.com\/de\/sonderangebote\/holiday-package-marrakesch-entdecken\/#breadcrumb","itemListElement":[{"@type":"ListItem","position":1,"name":"Startseite","item":"https:\/\/www.riyadelcadi.com\/de\/"},{"@type":"ListItem","position":2,"name":"Sonderangebote","item":"https:\/\/www.riyadelcadi.com\/de\/sonderangebote\/"},{"@type":"ListItem","position":3,"name":"Holiday Package: Marrakesch Entdecken"}]},{"@type":"WebSite","@id":"https:\/\/www.riyadelcadi.com\/de\/#website","url":"https:\/\/www.riyadelcadi.com\/de\/","name":"Riyad El Cadi","description":"Riad mit Stil in Marrakesch","potentialAction":[{"@type":"SearchAction","target":{"@type":"EntryPoint","urlTemplate":"https:\/\/www.riyadelcadi.com\/de\/?s={search_term_string}"},"query-input":{"@type":"PropertyValueSpecification","valueRequired":true,"valueName":"search_term_string"}}],"inLanguage":"de"}]}},"_links":{"self":[{"href":"https:\/\/www.riyadelcadi.com\/de\/wp-json\/wp\/v2\/pages\/17049"}],"collection":[{"href":"https:\/\/www.riyadelcadi.com\/de\/wp-json\/wp\/v2\/pages"}],"about":[{"href":"https:\/\/www.riyadelcadi.com\/de\/wp-json\/wp\/v2\/types\/page"}],"author":[{"embeddable":true,"href":"https:\/\/www.riyadelcadi.com\/de\/wp-json\/wp\/v2\/users\/4"}],"replies":[{"embeddable":true,"href":"https:\/\/www.riyadelcadi.com\/de\/wp-json\/wp\/v2\/comments?post=17049"}],"version-history":[{"count":0,"href":"https:\/\/www.riyadelcadi.com\/de\/wp-json\/wp\/v2\/pages\/17049\/revisions"}],"up":[{"embeddable":true,"href":"https:\/\/www.riyadelcadi.com\/de\/wp-json\/wp\/v2\/pages\/22475"}],"wp:featuredmedia":[{"embeddable":true,"href":"https:\/\/www.riyadelcadi.com\/de\/wp-json\/wp\/v2\/media\/19169"}],"wp:attachment":[{"href":"https:\/\/www.riyadelcadi.com\/de\/wp-json\/wp\/v2\/media?parent=17049"}],"curies":[{"name":"wp","href":"https:\/\/api.w.org\/{rel}","templated":true}]}}